{"id":13878,"date":"2023-02-26T23:49:25","date_gmt":"2023-02-26T22:49:25","guid":{"rendered":"https:\/\/oenobrands.com\/produit\/levure\/les-levures-anchor\/legacy-vin-13\/"},"modified":"2025-11-18T14:00:42","modified_gmt":"2025-11-18T13:00:42","slug":"legacy-vin-13","status":"publish","type":"page","link":"https:\/\/oenobrands.com\/fr\/produit\/levure\/les-levures-anchor\/legacy-vin-13\/","title":{"rendered":"Legacy VIN 13"},"content":{"rendered":"\n<h1 class=\"wp-block-heading has-text-color\" style=\"color:#cab44b\">Legacy VIN 13<\/h1>\n\n<div style=\"height:30px\" aria-hidden=\"true\" class=\"wp-block-spacer\"><\/div>\n\n<h2 class=\"wp-block-heading has-medium-font-size\"><strong>Levure hybride<\/strong> <strong><em>Saccharomyces cerevisiae<\/em> pour l&rsquo;\u00e9laboration de vins<\/strong> <strong>blancs et ros\u00e9s frais et fruit\u00e9s.<\/strong><\/h2>\n\n<div style=\"height:30px\" aria-hidden=\"true\" class=\"wp-block-spacer\"><\/div>\n\n<h3 class=\"wp-block-heading\"><strong>OBJECTIF<\/strong><\/h3>\n\n<p><strong>VIN 13<\/strong> est la premi\u00e8re levure vinique hybride \u00e0 \u00eatre commercialis\u00e9e, avec des performances et une efficacit\u00e9 \u00e9prouv\u00e9es. <strong>VIN 13<\/strong> est une levure forte et rapide en fermentation. VIN 13 permet l\u2019obtention de vins riches en thiols volatils (fruit de la passion, pamplemousse, groseille et goyave) et en esters (fruits tropicaux, fleur).  <\/p>\n\n<p>It is recommended for vinifying Chardonnay, Chenin blanc, Riesling, Semillon, Gew\u00fcrztraminer, Viognier, Pinot gris, Marsanne, Rousanne and all Muscat grape varieties. <strong>VIN 13 <\/strong>is also ideal for the production of aromatic ros\u00e9 from all red grape varieties.<\/p>\n\n<div style=\"height:50px\" aria-hidden=\"true\" class=\"wp-block-spacer\"><\/div>\n\n<div class=\"wp-block-columns is-layout-flex wp-container-core-columns-is-layout-9d6595d7 wp-block-columns-is-layout-flex\">\n<div class=\"wp-block-column is-layout-flow wp-block-column-is-layout-flow\" style=\"flex-basis:45%\">\n<h3 class=\"wp-block-heading has-text-color\" style=\"color:#cab44b\"><strong>D\u00e9gustation<\/strong><\/h3>\n\n\n\n<p><strong>VIN 13 <\/strong>produit des esters et renforce les thiols, ce qui signifie qu&rsquo;elle d\u00e9veloppe des ar\u00f4mes tels que la banane et l&rsquo;ananas, ou encore des notes de salade de fruits tropicaux, de goyave, ainsi que des ar\u00f4mes esters et de confiserie. Dans les vins ros\u00e9s, elle accentue les ar\u00f4mes de fraise, de framboise et de cerise.<\/p>\n\n\n\n<h3 class=\"wp-block-heading has-text-color\" style=\"color:#cab44b\"><strong>Caract\u00e9ristiques du m\u00e9tabolisme<\/strong><\/h3>\n\n\n\n<figure class=\"wp-block-table\"><table><tbody><tr><td>Tol\u00e9rance au froid<\/td><td>10 \u00b0C (50 \u00b0F)<\/td><\/tr><tr><td>Cin\u00e9tique fermentaire<\/td><td>Fermenteur tr\u00e8s puissant \u2013 la fermentation \u00e0 froid est recommand\u00e9e<\/td><\/tr><tr><td>Facteur de conversion<\/td><td>0.58 &#8211; 0.63<\/td><\/tr><tr><td>Tol\u00e9rance \u00e0 l&rsquo;alcool<\/td><td>17 % vol.<\/td><\/tr><tr><td>Plage de temp\u00e9rature<\/td><td>11 &#8211; 28 \u00b0C (51.8 &#8211; 83 \u00b0F);<\/td><\/tr><tr><td>Osmotol\u00e9rance<\/td><td>27 \u00b0Balling\/Brix; 14.9 Baum\u00e9<\/td><\/tr><tr><td>Production de mousse<\/td><td>Basse<\/td><\/tr><\/tbody><\/table><\/figure>\n\n\n\n<h3 class=\"wp-block-heading has-text-color\" style=\"color:#cab44b\"><strong>Propri\u00e9t\u00e9s oenologiques<\/strong><\/h3>\n\n\n\n<figure class=\"wp-block-table\"><table><tbody><tr><td>Production de SO<sub>2<\/sub><\/td><td>Nulle \u00e0 tr\u00e8s faible<\/td><\/tr><tr><td>Production de glyc\u00e9rol<\/td><td>5 &#8211; 7 g\/L<\/td><\/tr><tr><td>Production d&rsquo;acidit\u00e9 volatile<\/td><td>&lt; 0.3 g\/L<\/td><\/tr><tr><td>Besoin en azote<\/td><td>Basse<\/td><\/tr><tr><td>Facteur Killer<\/td><td>Positif<\/td><\/tr><tr><td>Activit\u00e9 cinnamyl d\u00e9carboxylase<\/td><td>N\u00e9gatif (POF-)<\/td><\/tr><\/tbody><\/table><\/figure>\n\n\n\n<h3 class=\"wp-block-heading has-text-color\" style=\"color:#c3c53d\">Origine<\/h3>\n\n\n\n<p>VIN 13 a \u00e9t\u00e9 s\u00e9lectionn\u00e9e g\u00e2ce \u00e0 un programme d\u2019hybridation de levures par le D\u00e9partement de Microbiologie et par l\u2019 Institut de Biotechnologie du Vin, de l\u2019Universit\u00e9 de Stellenbosch, Afrique du Sud.<\/p>\n\n\n\n<p><\/p>\n\n\n\n<p><\/p>\n\n\n\n<p><\/p>\n<\/div>\n\n\n\n<div class=\"wp-block-column is-layout-flow wp-block-column-is-layout-flow\" style=\"flex-basis:6%\"><\/div>\n\n\n\n<div class=\"wp-block-column has-background is-layout-flow wp-block-column-is-layout-flow\" style=\"background-color:#f7f7f7;flex-basis:45%\">\n<div class=\"wp-block-columns is-layout-flex wp-container-core-columns-is-layout-9d6595d7 wp-block-columns-is-layout-flex\">\n<div class=\"wp-block-column is-layout-flow wp-block-column-is-layout-flow\"><div class=\"wp-block-image\">\n<figure class=\"aligncenter size-full\"><img loading=\"lazy\" decoding=\"async\" width=\"250\" height=\"150\" src=\"http:\/\/oenobrands.com\/wp-content\/uploads\/2024\/05\/ANCHOR-yeast-legacy-VIN13-white-wine-logo-1.png\" alt=\"ANCHOR-yeast-legacy-VIN13-white-wine\" class=\"wp-image-6849\"\/><\/figure>\n<\/div><\/div>\n<\/div>\n\n\n\n<div style=\"height:40px\" aria-hidden=\"true\" class=\"wp-block-spacer\"><\/div>\n\n\n\n<div class=\"wp-block-group\"><div class=\"wp-block-group__inner-container is-layout-constrained wp-block-group-is-layout-constrained\">\n<p class=\"has-text-align-center\"><strong>T\u00c9L\u00c9CHARGER LA FICHE D&rsquo;APPLICATION<\/strong><\/p>\n\n\n\n<div class=\"wp-block-columns is-not-stacked-on-mobile is-layout-flex wp-container-core-columns-is-layout-9d6595d7 wp-block-columns-is-layout-flex\">\n<div class=\"wp-block-column is-layout-flow wp-block-column-is-layout-flow\">\n<figure class=\"wp-block-image size-full\"><a href=\"https:\/\/oenobrands.com\/wp-content\/uploads\/2024\/07\/Technical-data-sheet-Anchor-yeast-Legacy-VIN13_Eng_NEUTRAL_202109_Web.pdf\" target=\"_blank\" rel=\"noreferrer noopener\"><img loading=\"lazy\" decoding=\"async\" width=\"180\" height=\"94\" src=\"http:\/\/oenobrands.com\/wp-content\/uploads\/2023\/04\/flag-united-states-english-american.png\" alt=\"flag-united-states-english-american\" class=\"wp-image-2510\"\/><\/a><\/figure>\n<\/div>\n\n\n\n<div class=\"wp-block-column is-layout-flow wp-block-column-is-layout-flow\">\n<figure class=\"wp-block-image size-full\"><a href=\"https:\/\/oenobrands.com\/wp-content\/uploads\/2024\/07\/Fiche-technique-Anchor-levure-Legacy-VIN13_Fr_202109_Web.pdf\" target=\"_blank\" rel=\"noreferrer noopener\"><img loading=\"lazy\" decoding=\"async\" width=\"180\" height=\"94\" src=\"http:\/\/oenobrands.com\/wp-content\/uploads\/2023\/04\/drapeau-francais-france.png\" alt=\"drapeau flag francais france\" class=\"wp-image-2508\"\/><\/a><\/figure>\n<\/div>\n\n\n\n<div class=\"wp-block-column is-layout-flow wp-block-column-is-layout-flow\">\n<figure class=\"wp-block-image size-full\"><a href=\"https:\/\/oenobrands.com\/wp-content\/uploads\/2024\/07\/Ficha-tecnica-Anchor-levadura-Legacy-VIN13_Sp_202109_Web.pdf\" target=\"_blank\" rel=\"noreferrer noopener\"><img loading=\"lazy\" decoding=\"async\" width=\"180\" height=\"94\" src=\"http:\/\/oenobrands.com\/wp-content\/uploads\/2023\/04\/bandiera-spagnola-spagna.png\" alt=\"drapeau flag bandiera spagnola spagna\" class=\"wp-image-2506\"\/><\/a><\/figure>\n<\/div>\n\n\n\n<div class=\"wp-block-column is-layout-flow wp-block-column-is-layout-flow\">\n<figure class=\"wp-block-image size-full\"><a href=\"https:\/\/oenobrands.com\/wp-content\/uploads\/2024\/07\/Scheda-tecnica-Anchor-lievito-Legacy-VIN13_It_VASON_202109_Web.pdf\" target=\"_blank\" rel=\"noreferrer noopener\"><img loading=\"lazy\" decoding=\"async\" width=\"180\" height=\"94\" src=\"http:\/\/oenobrands.com\/wp-content\/uploads\/2023\/04\/bandiera-italiana-italy.png\" alt=\"drapeau flag bandiera italiana italy\" class=\"wp-image-2512\"\/><\/a><\/figure>\n<\/div>\n\n\n\n<div class=\"wp-block-column is-layout-flow wp-block-column-is-layout-flow\">\n<figure class=\"wp-block-image size-full\"><a href=\"https:\/\/oenobrands.com\/wp-content\/uploads\/2024\/07\/Ficha-tecnica-Anchor-levedura-Legacy-VIN13_Pt_AFV_202109_Web.pdf\" target=\"_blank\" rel=\"noreferrer noopener\"><img loading=\"lazy\" decoding=\"async\" width=\"180\" height=\"94\" src=\"http:\/\/oenobrands.com\/wp-content\/uploads\/2024\/05\/Flag-drapeau-Portugal.png\" alt=\"Flag-drapeau-Portugal\" class=\"wp-image-7139\"\/><\/a><\/figure>\n<\/div>\n\n\n\n<div class=\"wp-block-column is-layout-flow wp-block-column-is-layout-flow\">\n<figure class=\"wp-block-image size-full\"><a href=\"https:\/\/oenobrands.com\/wp-content\/uploads\/2024\/07\/Technisches-Datenblatt-Anchor-Hefe-Legacy-VIN13_Ger_202109_Web.pdf\" target=\"_blank\" rel=\"noreferrer noopener\"><img loading=\"lazy\" decoding=\"async\" width=\"180\" height=\"94\" src=\"http:\/\/oenobrands.com\/wp-content\/uploads\/2023\/05\/Flagge-Deutschland.png\" alt=\"Flagge-Deutschland-flag-drapeau\" class=\"wp-image-3550\"\/><\/a><\/figure>\n<\/div>\n<\/div>\n<\/div><\/div>\n\n\n\n<hr class=\"wp-block-separator has-text-color has-alpha-channel-opacity has-background\" style=\"background-color:#00205c;color:#00205c\"\/>\n\n\n\n<div class=\"wp-block-buttons is-content-justification-center is-layout-flex wp-container-core-buttons-is-layout-16018d1d wp-block-buttons-is-layout-flex\">\n<div class=\"wp-block-button\"><a class=\"wp-block-button__link has-white-color has-text-color has-background has-text-align-center wp-element-button\" href=\"https:\/\/oenobrands.com\/fr\/notre-reseau-de-distributeurs\/&lt;br\/&gt;&lt;br\/&gt;&lt;div style=&quot;all: initial !important;&quot;&gt; &lt;\/div&gt;\" style=\"background-color:#162638\" target=\"_blank\" rel=\"noreferrer noopener\">Votre distributeur<\/a><\/div>\n<\/div>\n\n\n\n<hr class=\"wp-block-separator has-text-color has-alpha-channel-opacity has-background\" style=\"background-color:#00205c;color:#00205c\"\/>\n\n\n\n<h3 class=\"wp-block-heading\"><strong>Dose<\/strong><\/h3>\n\n\n\n<p>20 g\/hL<\/p>\n\n\n\n<h3 class=\"wp-block-heading\"><strong><strong>Conditionnement<\/strong><\/strong><\/h3>\n\n\n\n<p>Vin 13 est conditionn\u00e9e en paquets sous vide de 1 kg.<\/p>\n\n\n\n<h3 class=\"wp-block-heading\"><strong>Sp\u00e9cification<\/strong><\/h3>\n\n\n\n<p>Anchor Legacy VIN 13 contains more than 10 billion active dry yeast cells per gram.<\/p>\n\n\n\n<h3 class=\"wp-block-heading\"><strong>Conservation<\/strong><\/h3>\n\n\n\n<p>Le produit doit \u00eatre conserv\u00e9 dans un lieu frais (5 &#8211; 15 \u00b0C) et sec, dans son emballage d\u2019origine.<\/p>\n<\/div>\n<\/div>\n\n<div class=\"wp-block-group\"><div class=\"wp-block-group__inner-container is-layout-constrained wp-block-group-is-layout-constrained\">\n<div style=\"height:30px\" aria-hidden=\"true\" class=\"wp-block-spacer\"><\/div>\n\n\n\n<hr class=\"wp-block-separator has-text-color has-black-color has-alpha-channel-opacity has-black-background-color has-background\"\/>\n<\/div><\/div>\n\n<div class=\"wp-block-columns is-layout-flex wp-container-core-columns-is-layout-9d6595d7 wp-block-columns-is-layout-flex\">\n<div class=\"wp-block-column is-layout-flow wp-block-column-is-layout-flow\">\n<div class=\"wp-block-group\"><div class=\"wp-block-group__inner-container is-layout-constrained wp-block-group-is-layout-constrained\">\n<h2 class=\"wp-block-heading\"><strong><strong>Explorez les solutions associ\u00e9es :<\/strong><\/strong><\/h2>\n\n\n\n<div style=\"height:30px\" aria-hidden=\"true\" class=\"wp-block-spacer\"><\/div>\n\n\n\n<p><strong>Vous recherchez une approche plus holistique de la vinification ? <\/strong>D\u00e9couvrez nos solutions \u0153nologiques avanc\u00e9es en lien avec <strong>Legacy VIN 13.<\/strong><\/p>\n\n\n\n<div style=\"height:30px\" aria-hidden=\"true\" class=\"wp-block-spacer\"><\/div>\n\n\n\n<div class=\"wp-block-columns are-vertically-aligned-center is-layout-flex wp-container-core-columns-is-layout-9d6595d7 wp-block-columns-is-layout-flex\">\n<div class=\"wp-block-column is-vertically-aligned-center is-layout-flow wp-block-column-is-layout-flow\" style=\"flex-basis:100%\">\n<div class=\"wp-block-buttons is-content-justification-center is-layout-flex wp-container-core-buttons-is-layout-16018d1d wp-block-buttons-is-layout-flex\">\n<div class=\"wp-block-button is-style-fill\"><a class=\"wp-block-button__link wp-element-button\" href=\"https:\/\/oenobrands.com\/fr\/solution\/fermentation-alcoolique\/inoculation-des-levures\/&lt;br\/&gt;&lt;br\/&gt;&lt;div style=&quot;all: initial !important;&quot;&gt; &lt;\/div&gt;\" target=\"_blank\" rel=\"noreferrer noopener\">Inoculation des levures<\/a><\/div>\n\n\n\n<div class=\"wp-block-button is-style-fill\"><a class=\"wp-block-button__link wp-element-button\" href=\"https:\/\/oenobrands.com\/fr\/solution\/fermentation-alcoolique\/choix-des-levures\/&lt;br\/&gt;&lt;br\/&gt;&lt;div style=&quot;all: initial !important;&quot;&gt; &lt;\/div&gt;\" target=\"_blank\" rel=\"noreferrer noopener\">Choix des levures<\/a><\/div>\n\n\n\n<div class=\"wp-block-button is-style-fill\"><a class=\"wp-block-button__link wp-element-button\" href=\"https:\/\/oenobrands.com\/fr\/solution\/aromes-du-vin\/composes-aromatiques-cles\/&lt;br\/&gt;&lt;br\/&gt;&lt;div style=&quot;all: initial !important;&quot;&gt; &lt;\/div&gt;\" target=\"_blank\" rel=\"noreferrer noopener\">Compos\u00e9s aromatiques<\/a><\/div>\n\n\n\n<div class=\"wp-block-button is-style-fill\"><a class=\"wp-block-button__link wp-element-button\" href=\"https:\/\/oenobrands.com\/fr\/solution\/cidre\/applications\/&lt;br\/&gt;&lt;br\/&gt;&lt;div style=&quot;all: initial !important;&quot;&gt; &lt;\/div&gt;\" target=\"_blank\" rel=\"noreferrer noopener\">Cidre<\/a><\/div>\n\n\n\n<div class=\"wp-block-button is-style-fill\"><a class=\"wp-block-button__link wp-element-button\" href=\"https:\/\/oenobrands.com\/fr\/solution\/defauts-oenologiques\/gout-de-fumee\/&lt;br\/&gt;&lt;br\/&gt;&lt;div style=&quot;all: initial !important;&quot;&gt; &lt;\/div&gt;\" target=\"_blank\" rel=\"noreferrer noopener\">Go\u00fbt de fum\u00e9e<\/a><\/div>\n<\/div>\n<\/div>\n<\/div>\n<\/div><\/div>\n\n\n\n<div style=\"height:30px\" aria-hidden=\"true\" class=\"wp-block-spacer\"><\/div>\n<\/div>\n\n\n\n<div class=\"wp-block-column is-layout-flow wp-block-column-is-layout-flow\">\n<h2 class=\"wp-block-heading\"><strong>Vous cherchez quelque chose d&rsquo;autre ?<\/strong><\/h2>\n\n\n\n<div style=\"height:30px\" aria-hidden=\"true\" class=\"wp-block-spacer\"><\/div>\n\n\n\n<p>Visitez notre section \u00ab Solution \u00bb, o\u00f9 nous proposons des conseils d&rsquo;experts, des connaissances populaires et des approches novatrices organis\u00e9es par processus de vinification. <strong>De la fermentation \u00e0 la filtration\/mise en bouteille, nous vous accompagnons avec des solutions pour am\u00e9liorer chaque \u00e9tape de votre processus de vinification.<\/strong><\/p>\n\n\n\n<div style=\"height:30px\" aria-hidden=\"true\" class=\"wp-block-spacer\"><\/div>\n\n\n\n<div class=\"wp-block-columns are-vertically-aligned-center is-layout-flex wp-container-core-columns-is-layout-9d6595d7 wp-block-columns-is-layout-flex\">\n<div class=\"wp-block-column is-vertically-aligned-center is-layout-flow wp-block-column-is-layout-flow\" style=\"flex-basis:100%\">\n<div class=\"wp-block-buttons is-content-justification-center is-layout-flex wp-container-core-buttons-is-layout-16018d1d wp-block-buttons-is-layout-flex\">\n<div class=\"wp-block-button is-style-fill\"><a class=\"wp-block-button__link wp-element-button\" href=\"https:\/\/oenobrands.com\/fr\/solution\/&lt;br\/&gt;&lt;br\/&gt;&lt;div style=&quot;all: initial !important;&quot;&gt; &lt;\/div&gt;\" target=\"_blank\" rel=\"noreferrer noopener\">Advanced winemaking solutions<\/a><\/div>\n<\/div>\n<\/div>\n<\/div>\n<\/div>\n<\/div>\n\n<hr class=\"wp-block-separator has-text-color has-black-color has-alpha-channel-opacity has-black-background-color has-background\"\/>\n\n<div style=\"height:30px\" aria-hidden=\"true\" class=\"wp-block-spacer\"><\/div>\n\n<div class=\"wp-block-columns is-layout-flex wp-container-core-columns-is-layout-9d6595d7 wp-block-columns-is-layout-flex\">\n<div class=\"wp-block-column is-vertically-aligned-center is-layout-flow wp-block-column-is-layout-flow\" style=\"flex-basis:30%\">\n<h1 class=\"wp-block-heading has-text-color\" style=\"color:#00205c\">D\u00e9couvrez la gamme ANCHOR<\/h1>\n\n\n\n<div style=\"height:20px\" aria-hidden=\"true\" class=\"wp-block-spacer\"><\/div>\n\n\n\n<div class=\"wp-block-buttons is-content-justification-center is-layout-flex wp-container-core-buttons-is-layout-16018d1d wp-block-buttons-is-layout-flex\">\n<div class=\"wp-block-button\"><a class=\"wp-block-button__link has-background wp-element-button\" href=\"https:\/\/oenobrands.com\/fr\/produit\/levure\/les-levures-anchor\/&lt;br\/&gt;&lt;br\/&gt;&lt;div style=&quot;all: initial !important;&quot;&gt; &lt;\/div&gt;\" style=\"background-color:#545859\" target=\"_blank\" rel=\"noreferrer noopener\">Levures ANCHOR<\/a><\/div>\n<\/div>\n<\/div>\n\n\n\n<div class=\"wp-block-column is-layout-flow wp-block-column-is-layout-flow\" style=\"flex-basis:10%\"><\/div>\n\n\n\n<div class=\"wp-block-column is-layout-flow wp-block-column-is-layout-flow\"><div class=\"wp-block-image\">\n<figure class=\"aligncenter size-full is-resized\"><img loading=\"lazy\" decoding=\"async\" width=\"776\" height=\"240\" src=\"http:\/\/oenobrands.com\/wp-content\/uploads\/2023\/04\/Oenobrands-Anchor-logo-1.png\" alt=\"Anchor-logo\" class=\"wp-image-2447\" style=\"width:350px\" srcset=\"https:\/\/oenobrands.com\/wp-content\/uploads\/2023\/04\/Oenobrands-Anchor-logo-1.png 776w, https:\/\/oenobrands.com\/wp-content\/uploads\/2023\/04\/Oenobrands-Anchor-logo-1-300x93.png 300w, https:\/\/oenobrands.com\/wp-content\/uploads\/2023\/04\/Oenobrands-Anchor-logo-1-768x238.png 768w\" sizes=\"auto, (max-width: 776px) 100vw, 776px\" \/><\/figure>\n<\/div><\/div>\n<\/div>\n\n<div style=\"height:50px\" aria-hidden=\"true\" class=\"wp-block-spacer\"><\/div>\n","protected":false},"excerpt":{"rendered":"<p>Legacy VIN 13 Levure hybride Saccharomyces cerevisiae pour l&rsquo;\u00e9laboration de vins blancs et ros\u00e9s [&hellip;]<\/p>\n","protected":false},"author":3,"featured_media":0,"parent":13870,"menu_order":8,"comment_status":"closed","ping_status":"closed","template":"page-product.php","meta":{"_acf_changed":false,"_seopress_robots_primary_cat":"0","_seopress_titles_title":"","_seopress_titles_desc":"","_seopress_robots_index":"","footnotes":""},"class_list":["post-13878","page","type-page","status-publish"],"acf":[],"_links":{"self":[{"href":"https:\/\/oenobrands.com\/fr\/wp-json\/wp\/v2\/pages\/13878","targetHints":{"allow":["GET"]}}],"collection":[{"href":"https:\/\/oenobrands.com\/fr\/wp-json\/wp\/v2\/pages"}],"about":[{"href":"https:\/\/oenobrands.com\/fr\/wp-json\/wp\/v2\/types\/page"}],"author":[{"embeddable":true,"href":"https:\/\/oenobrands.com\/fr\/wp-json\/wp\/v2\/users\/3"}],"replies":[{"embeddable":true,"href":"https:\/\/oenobrands.com\/fr\/wp-json\/wp\/v2\/comments?post=13878"}],"version-history":[{"count":0,"href":"https:\/\/oenobrands.com\/fr\/wp-json\/wp\/v2\/pages\/13878\/revisions"}],"up":[{"embeddable":true,"href":"https:\/\/oenobrands.com\/fr\/wp-json\/wp\/v2\/pages\/13870"}],"wp:attachment":[{"href":"https:\/\/oenobrands.com\/fr\/wp-json\/wp\/v2\/media?parent=13878"}],"curies":[{"name":"wp","href":"https:\/\/api.w.org\/{rel}","templated":true}]}}