{"id":13753,"date":"2023-02-24T16:23:00","date_gmt":"2023-02-24T15:23:00","guid":{"rendered":"https:\/\/oenobrands.com\/produit\/levure\/fermivin\/fermivin-champion-booster\/"},"modified":"2025-06-13T21:40:59","modified_gmt":"2025-06-13T19:40:59","slug":"fermivin-champion-booster","status":"publish","type":"page","link":"https:\/\/oenobrands.com\/fr\/produit\/levure\/fermivin\/fermivin-champion-booster\/","title":{"rendered":"Fermivin Champion Booster"},"content":{"rendered":"\n<h1 class=\"wp-block-heading has-text-color\" style=\"color:#fb6b30\">Fermivin CHAMPION BOOSTER<\/h1>\n\n\n\n<div style=\"height:30px\" aria-hidden=\"true\" class=\"wp-block-spacer\"><\/div>\n\n\n\n<h2 class=\"wp-block-heading\"><strong><strong>RED\u00c9MARRAGE RAPIDE DES FERMENTATIONS ALCOOLIQUES<\/strong><\/strong><\/h2>\n\n\n\n<div style=\"height:30px\" aria-hidden=\"true\" class=\"wp-block-spacer\"><\/div>\n\n\n\n<h3 class=\"wp-block-heading\"><strong>OBJECTIF<\/strong><\/h3>\n\n\n\n<p><strong>Fermivin<sup>\u00ae<\/sup> CHAMPION BOOSTER<\/strong> est une levure fructophile, tr\u00e8s r\u00e9sistante \u00e0 l\u2019alcool. Gr\u00e2ce \u00e0 un nouveau proc\u00e9d\u00e9 de production, la souche 67J a \u00e9t\u00e9 boost\u00e9e. <\/p>\n\n\n\n<p>De ce fait, <strong>Fermivin CHAMPION BOOSTER<\/strong> est capable de red\u00e9marrer des fermentations languissantes ou stopp\u00e9es tr\u00e8s rapidement.<\/p>\n\n\n\n<p>L\u2019efficacit\u00e9 de<strong> Fermivin CHAMPION BOOSTER<\/strong> est optimis\u00e9e si elle est inocul\u00e9e apr\u00e8s avoir d\u00e9toxifi\u00e9 le vin concern\u00e9 avec les \u00e9corces de levure <a href=\"https:\/\/oenobrands.com\/fr\/produit\/derive-de-levure\/feel-safe\/extraferm-dtox\/\" target=\"_blank\" rel=\"noreferrer noopener\"><u><strong>Extraferm<sup>\u00ae<\/sup> D\u2019tox<\/strong><\/u><\/a> qui ont la capacit\u00e9 de fixer et donc d\u2019\u00e9liminer les acides gras toxiques qui peuvent \u00eatre relargu\u00e9s par les levures de fermentation. fermentation.<\/p>\n\n\n\n<div style=\"height:50px\" aria-hidden=\"true\" class=\"wp-block-spacer\"><\/div>\n\n\n\n<div class=\"wp-block-columns is-layout-flex wp-container-core-columns-is-layout-9d6595d7 wp-block-columns-is-layout-flex\">\n<div class=\"wp-block-column is-layout-flow wp-block-column-is-layout-flow\" style=\"flex-basis:45%\">\n<h3 class=\"wp-block-heading has-text-color\" style=\"color:#fb6b30\"><strong>D\u00e9gustation<\/strong><\/h3>\n\n\n\n<p>Achever la fermentation alcoolique avec <strong>Fermivin CHAMPION BOOSTER <\/strong>prot\u00e8ge le vin contre les compos\u00e9s ind\u00e9sirables qui sont g\u00e9n\u00e9ralement la cons\u00e9quence de fermentations lentes ou bloqu\u00e9es.<\/p>\n\n\n\n<h3 class=\"wp-block-heading has-text-color\" style=\"color:#fb6b30\"><strong>Caract\u00e9ristiques du m\u00e9tabolisme<\/strong><\/h3>\n\n\n\n<figure class=\"wp-block-table\"><table><tbody><tr><td>Production de SO<sub>2<\/sub> <\/td><td>&lt; 10 mg\/L<\/td><\/tr><tr><td>Production du glyc\u00e9rol<\/td><td>5 \u2013 7 g\/L<\/td><\/tr><tr><td>Production d&rsquo;acidit\u00e9 volatile<\/td><td>&lt; 0.37 g\/L<\/td><\/tr><tr><td>Production d&rsquo;ac\u00e9taldehyde<\/td><td>&lt; 60 mg\/L<\/td><\/tr><tr><td>Production d&rsquo;H<sub>2<\/sub>S<\/td><td>Moyen<\/td><\/tr><tr><td>Facteur killer<\/td><td>Neutre<\/td><\/tr><\/tbody><\/table><\/figure>\n\n\n\n<h3 class=\"wp-block-heading has-text-color\" style=\"color:#fb6b30\"><strong>Propri\u00e9t\u00e9s oenologiques<\/strong><\/h3>\n\n\n\n<figure class=\"wp-block-table\"><table><tbody><tr><td>Cin\u00e9tiques de fermentation<\/td><td>Rapide<\/td><\/tr><tr><td>Besoins nutritionnels<\/td><td>Moyens<\/td><\/tr><tr><td>Tol\u00e9rance \u00e0 l&rsquo;alcool<\/td><td>18 % vol.<\/td><\/tr><tr><td>Temp\u00e9ratures<\/td><td>15-30 \u00b0C<\/td><\/tr><\/tbody><\/table><\/figure>\n\n\n\n<h3 class=\"wp-block-heading has-text-color\" style=\"color:#fb6b30\"><strong>Origine&nbsp;<\/strong><\/h3>\n\n\n\n<p><strong>Esp\u00e8ce<\/strong> : <em>Saccharomyces cerevisiae <\/em>var. <em>bayanus<\/em>.<br>La <strong>souche 67J <\/strong>a \u00e9t\u00e9 selectionn\u00e9e puis valid\u00e9e par l\u2019INRAe (Institut National de Recherche pour l\u2019agriculture, l\u2019alimentation et l\u2019environnement) dans les Corbi\u00e8res (Languedoc &#8211; France) en 1967. Elle a \u00e9t\u00e9 commercialis\u00e9e pour la premi\u00e8re fois par Gist-Brocades en 1978. <strong>Le nouveau proc\u00e9d\u00e9 de production a \u00e9t\u00e9 mis en place en 2017.<\/strong><\/p>\n\n\n\n<h3 class=\"wp-block-heading has-text-color\" style=\"color:#fb6b30\"><strong>Science et Technologie&nbsp;<\/strong><\/h3>\n\n\n\n<p><strong>Fermivin CHAMPION BOOSTER<\/strong> poss\u00e8de au sein de sa membrane plasmique un transporteur d\u2019hexoses (HXT3) unique qui lui conf\u00e8re cette capacit\u00e9 \u00e0 fermenter le fructose et le glucose.  <\/p>\n\n\n\n<p>La m\u00e9thode de production utilis\u00e9e conf\u00e8re \u00e0 cette levure une meilleure capacit\u00e9 d\u2019implantation et de ce fait un red\u00e9marrage plus rapide.<\/p>\n\n\n<div class=\"wp-block-image is-style-zoooom\">\n<figure class=\"aligncenter size-full\"><img alt=\"\" loading=\"lazy\" decoding=\"async\" width=\"1033\" height=\"616\" src=\"http:\/\/oenobrands.com\/wp-content\/uploads\/2024\/09\/FR-Product-Fermivin-CHAMPION-BOOSTER-1.png\" alt=\"\" class=\"wp-image-13812\" srcset=\"https:\/\/oenobrands.com\/wp-content\/uploads\/2024\/09\/FR-Product-Fermivin-CHAMPION-BOOSTER-1.png 1033w, https:\/\/oenobrands.com\/wp-content\/uploads\/2024\/09\/FR-Product-Fermivin-CHAMPION-BOOSTER-1-300x179.png 300w, https:\/\/oenobrands.com\/wp-content\/uploads\/2024\/09\/FR-Product-Fermivin-CHAMPION-BOOSTER-1-1024x611.png 1024w, https:\/\/oenobrands.com\/wp-content\/uploads\/2024\/09\/FR-Product-Fermivin-CHAMPION-BOOSTER-1-768x458.png 768w\" sizes=\"auto, (max-width: 1033px) 100vw, 1033px\" \/><figcaption class=\"wp-element-caption\">Red\u00e9marrage d\u2019une fermentation avec Fermivin CHAMPION BOOSTER vs. une souche commerciale. Essai conduit par l\u2019INRA sur un vin de Chardonnay \u00e0 12.85% 21.1 g\/L de sucres r\u00e9siduels &#8211; pH: 3.50 &#8211; AT: 3.90 g\/L H<sub>2<\/sub>SO<sub>4<\/sub> &#8211; VA: 0.46 g\/L H<sub>2<\/sub>SO<sub>4<\/sub> &#8211; SO<sub>2<\/sub> libre : 14 mg\/L &#8211; SO<sub>2<\/sub> total : 92 mg\/L (apr\u00e8s une dose de 4 g\/hL).  <\/figcaption><\/figure>\n<\/div><\/div>\n\n\n\n<div class=\"wp-block-column is-layout-flow wp-block-column-is-layout-flow\" style=\"flex-basis:6%\"><\/div>\n\n\n\n<div class=\"wp-block-column has-background is-layout-flow wp-block-column-is-layout-flow\" style=\"background-color:#f7f7f7;flex-basis:45%\">\n<div class=\"wp-block-columns is-layout-flex wp-container-core-columns-is-layout-9d6595d7 wp-block-columns-is-layout-flex\">\n<div class=\"wp-block-column is-layout-flow wp-block-column-is-layout-flow\"><div class=\"wp-block-image\">\n<figure class=\"aligncenter size-full\"><img alt=\"\" loading=\"lazy\" decoding=\"async\" width=\"791\" height=\"295\" src=\"http:\/\/oenobrands.com\/wp-content\/uploads\/2024\/05\/FERMIVIN_Champion_Booster.png\" alt=\"\" class=\"wp-image-7540\" srcset=\"https:\/\/oenobrands.com\/wp-content\/uploads\/2024\/05\/FERMIVIN_Champion_Booster.png 791w, https:\/\/oenobrands.com\/wp-content\/uploads\/2024\/05\/FERMIVIN_Champion_Booster-300x112.png 300w, https:\/\/oenobrands.com\/wp-content\/uploads\/2024\/05\/FERMIVIN_Champion_Booster-768x286.png 768w\" sizes=\"auto, (max-width: 791px) 100vw, 791px\" \/><\/figure>\n<\/div><\/div>\n<\/div>\n\n\n\n<div style=\"height:40px\" aria-hidden=\"true\" class=\"wp-block-spacer\"><\/div>\n\n\n\n<div class=\"wp-block-group\"><div class=\"wp-block-group__inner-container is-layout-constrained wp-block-group-is-layout-constrained\">\n<p class=\"has-text-align-center\"><strong>T\u00c9L\u00c9CHARGER LA FICHE D&rsquo;APPLICATION<\/strong><\/p>\n\n\n\n<div class=\"wp-block-columns is-not-stacked-on-mobile is-layout-flex wp-container-core-columns-is-layout-9d6595d7 wp-block-columns-is-layout-flex\">\n<div class=\"wp-block-column is-layout-flow wp-block-column-is-layout-flow\">\n<figure class=\"wp-block-image size-full\"><a href=\"https:\/\/oenobrands.com\/wp-content\/uploads\/2024\/07\/FERMIVIN-ADS-CHAMPION-BOOSTER-2023_EN_21x297_G_04.pdf\" target=\"_blank\" rel=\"noreferrer noopener\"><img loading=\"lazy\" decoding=\"async\" width=\"180\" height=\"94\" src=\"http:\/\/oenobrands.com\/wp-content\/uploads\/2023\/04\/flag-united-states-english-american.png\" alt=\"flag-united-states-english-american\" class=\"wp-image-2510\"\/><\/a><\/figure>\n<\/div>\n\n\n\n<div class=\"wp-block-column is-layout-flow wp-block-column-is-layout-flow\">\n<figure class=\"wp-block-image size-full\"><a href=\"https:\/\/oenobrands.com\/wp-content\/uploads\/2024\/07\/FERMIVIN-ADS-CHAMPION-BOOSTER-2024_FR_21x297_G_01.pdf\" target=\"_blank\" rel=\"noreferrer noopener\"><img loading=\"lazy\" decoding=\"async\" width=\"180\" height=\"94\" src=\"http:\/\/oenobrands.com\/wp-content\/uploads\/2023\/04\/drapeau-francais-france.png\" alt=\"drapeau-francais-france\" class=\"wp-image-2508\"\/><\/a><\/figure>\n<\/div>\n\n\n\n<div class=\"wp-block-column is-layout-flow wp-block-column-is-layout-flow\">\n<figure class=\"wp-block-image size-full\"><a href=\"https:\/\/oenobrands.com\/wp-content\/uploads\/2024\/07\/FERMIVIN-ADS-CHAMPION-BOOSTER-2024_ES_21x297_G_01.pdf\" target=\"_blank\" rel=\"noreferrer noopener\"><img loading=\"lazy\" decoding=\"async\" width=\"180\" height=\"94\" src=\"http:\/\/oenobrands.com\/wp-content\/uploads\/2023\/04\/bandiera-spagnola-spagna.png\" alt=\"bandiera-spagnola-spagna\" class=\"wp-image-2506\"\/><\/a><\/figure>\n<\/div>\n\n\n\n<div class=\"wp-block-column is-layout-flow wp-block-column-is-layout-flow\">\n<figure class=\"wp-block-image size-full\"><a href=\"https:\/\/oenobrands.com\/wp-content\/uploads\/2024\/07\/FERMIVIN-ADS-CHAMPION-BOOSTER-2023_IT_21x297_G_01.pdf\" target=\"_blank\" rel=\"noreferrer noopener\"><img loading=\"lazy\" decoding=\"async\" width=\"180\" height=\"94\" src=\"http:\/\/oenobrands.com\/wp-content\/uploads\/2023\/04\/bandiera-italiana-italy.png\" alt=\"bandiera-italiana-italy\" class=\"wp-image-2512\"\/><\/a><\/figure>\n<\/div>\n\n\n\n<div class=\"wp-block-column is-layout-flow wp-block-column-is-layout-flow\">\n<figure class=\"wp-block-image size-full\"><a href=\"https:\/\/oenobrands.com\/wp-content\/uploads\/2024\/07\/FERMIVIN-ADS-CHAMPION-BOOSTER-2024_PT_21x297_G_01.pdf\" target=\"_blank\" rel=\"noreferrer noopener\"><img loading=\"lazy\" decoding=\"async\" width=\"180\" height=\"94\" src=\"http:\/\/oenobrands.com\/wp-content\/uploads\/2024\/05\/Flag-drapeau-Portugal.png\" alt=\"Flag-drapeau-Portugal\" class=\"wp-image-7139\"\/><\/a><\/figure>\n<\/div>\n\n\n\n<div class=\"wp-block-column is-layout-flow wp-block-column-is-layout-flow\">\n<figure class=\"wp-block-image size-full\"><a href=\"https:\/\/oenobrands.com\/wp-content\/uploads\/2024\/07\/FERMIVIN-ADS-CHAMPION-BOOSTER-2024_ALL_21x297_G_02.pdf\" target=\"_blank\" rel=\"noreferrer noopener\"><img loading=\"lazy\" decoding=\"async\" width=\"180\" height=\"94\" src=\"http:\/\/oenobrands.com\/wp-content\/uploads\/2023\/05\/Flagge-Deutschland.png\" alt=\"Flagge-Deutschland-flag-drapeau\" class=\"wp-image-3550\"\/><\/a><\/figure>\n<\/div>\n<\/div>\n<\/div><\/div>\n\n\n\n<hr class=\"wp-block-separator has-text-color has-alpha-channel-opacity has-background\" style=\"background-color:#162638;color:#162638\"\/>\n\n\n\n<div class=\"wp-block-buttons is-content-justification-center is-layout-flex wp-container-core-buttons-is-layout-16018d1d wp-block-buttons-is-layout-flex\">\n<div class=\"wp-block-button\"><a class=\"wp-block-button__link wp-element-button\" href=\"https:\/\/oenobrands.com\/fr\/notre-reseau-de-distributeurs\/\">VOTRE DISTRIBUTEUR<\/a><\/div>\n<\/div>\n\n\n\n<hr class=\"wp-block-separator has-text-color has-alpha-channel-opacity has-background\" style=\"background-color:#162638;color:#162638\"\/>\n\n\n\n<h3 class=\"wp-block-heading\"><strong>Dose<\/strong><\/h3>\n\n\n\n<p>20 to 30 g\/hL<\/p>\n\n\n\n<h3 class=\"wp-block-heading\"><strong><strong>Conditionnement<\/strong><\/strong><\/h3>\n\n\n\n<p>Paquets sous vide de 500 g.<\/p>\n\n\n\n<h3 class=\"wp-block-heading\"><strong>Sp\u00e9cification<\/strong><\/h3>\n\n\n\n<p>Fermivin CHAMPION BOOSTER contient plus de 10 milliards de cellules s\u00e8ches actives par gramme.<\/p>\n\n\n\n<h3 class=\"wp-block-heading\"><strong>Conservation<\/strong><\/h3>\n\n\n\n<p>Le stockage doit \u00eatre effectu\u00e9 dans l\u2019emballage d\u2019origine, ferm\u00e9, dans un local frais (5 \u00e0 15 \u00b0C) et sec.<\/p>\n<\/div>\n<\/div>\n\n\n\n<div class=\"wp-block-group\"><div class=\"wp-block-group__inner-container is-layout-constrained wp-block-group-is-layout-constrained\">\n<div style=\"height:30px\" aria-hidden=\"true\" class=\"wp-block-spacer\"><\/div>\n\n\n\n<hr class=\"wp-block-separator has-text-color has-black-color has-alpha-channel-opacity has-black-background-color has-background\"\/>\n<\/div><\/div>\n\n\n\n<div class=\"wp-block-columns is-layout-flex wp-container-core-columns-is-layout-9d6595d7 wp-block-columns-is-layout-flex\">\n<div class=\"wp-block-column is-layout-flow wp-block-column-is-layout-flow\">\n<div class=\"wp-block-group\"><div class=\"wp-block-group__inner-container is-layout-constrained wp-block-group-is-layout-constrained\">\n<h2 class=\"wp-block-heading\"><strong><strong>Explorez les solutions associ\u00e9es:<\/strong><\/strong><\/h2>\n\n\n\n<div style=\"height:30px\" aria-hidden=\"true\" class=\"wp-block-spacer\"><\/div>\n\n\n\n<p><strong>Vous recherchez une approche plus holistique de la vinification ?<\/strong> D\u00e9couvrez nos solutions \u0153nologiques avanc\u00e9es en lien avec Fermivin CHAMPION BOOSTER.<\/p>\n\n\n\n<div style=\"height:30px\" aria-hidden=\"true\" class=\"wp-block-spacer\"><\/div>\n\n\n\n<div class=\"wp-block-columns are-vertically-aligned-center is-layout-flex wp-container-core-columns-is-layout-9d6595d7 wp-block-columns-is-layout-flex\">\n<div class=\"wp-block-column is-vertically-aligned-center is-layout-flow wp-block-column-is-layout-flow\" style=\"flex-basis:100%\">\n<div class=\"wp-block-buttons is-content-justification-center is-layout-flex wp-container-core-buttons-is-layout-16018d1d wp-block-buttons-is-layout-flex\">\n<div class=\"wp-block-button is-style-fill\"><a class=\"wp-block-button__link wp-element-button\" href=\"https:\/\/oenobrands.com\/fr\/solution\/fermentation-alcoolique\/choix-des-levures\/\">Choix des levures<\/a><\/div>\n\n\n\n<div class=\"wp-block-button is-style-fill\"><a class=\"wp-block-button__link wp-element-button\" href=\"https:\/\/oenobrands.com\/fr\/solution\/fermentation-alcoolique\/inoculation-des-levures\/\">Inoculation des levures<\/a><\/div>\n\n\n\n<div class=\"wp-block-button is-style-fill\"><a class=\"wp-block-button__link wp-element-button\" href=\"https:\/\/oenobrands.com\/fr\/solution\/fermentation-alcoolique\/gestion-de-la-fermentation\/\">Gestion de la fermentation<\/a><\/div>\n<\/div>\n<\/div>\n<\/div>\n<\/div><\/div>\n\n\n\n<div style=\"height:30px\" aria-hidden=\"true\" class=\"wp-block-spacer\"><\/div>\n<\/div>\n\n\n\n<div class=\"wp-block-column is-layout-flow wp-block-column-is-layout-flow\">\n<h2 class=\"wp-block-heading\"><strong>Vous cherchez quelque chose d&rsquo;autre ?<\/strong><\/h2>\n\n\n\n<div style=\"height:30px\" aria-hidden=\"true\" class=\"wp-block-spacer\"><\/div>\n\n\n\n<p>Visitez notre section \u00ab Solution \u00bb, o\u00f9 nous proposons des conseils d&rsquo;experts, des connaissances populaires et des approches novatrices organis\u00e9es par processus de vinification. <strong>De la fermentation \u00e0 la filtration\/mise en bouteille, nous vous accompagnons avec des solutions pour am\u00e9liorer chaque \u00e9tape de votre processus de vinification.<\/strong><\/p>\n\n\n\n<div style=\"height:30px\" aria-hidden=\"true\" class=\"wp-block-spacer\"><\/div>\n\n\n\n<div class=\"wp-block-columns are-vertically-aligned-center is-layout-flex wp-container-core-columns-is-layout-9d6595d7 wp-block-columns-is-layout-flex\">\n<div class=\"wp-block-column is-vertically-aligned-center is-layout-flow wp-block-column-is-layout-flow\" style=\"flex-basis:100%\">\n<div class=\"wp-block-buttons is-content-justification-center is-layout-flex wp-container-core-buttons-is-layout-16018d1d wp-block-buttons-is-layout-flex\">\n<div class=\"wp-block-button is-style-fill\"><a class=\"wp-block-button__link wp-element-button\" href=\"https:\/\/oenobrands.com\/fr\/solution\/\" target=\"_blank\" rel=\"noreferrer noopener\">Nos solutions<\/a><\/div>\n<\/div>\n<\/div>\n<\/div>\n<\/div>\n<\/div>\n\n\n\n<hr class=\"wp-block-separator has-text-color has-black-color has-alpha-channel-opacity has-black-background-color has-background\"\/>\n\n\n\n<div style=\"height:30px\" aria-hidden=\"true\" class=\"wp-block-spacer\"><\/div>\n\n\n\n<div class=\"wp-block-columns is-layout-flex wp-container-core-columns-is-layout-9d6595d7 wp-block-columns-is-layout-flex\">\n<div class=\"wp-block-column is-vertically-aligned-center is-layout-flow wp-block-column-is-layout-flow\" style=\"flex-basis:30%\">\n<h1 class=\"wp-block-heading has-text-color\" style=\"color:#545859\">D\u00e9couvrez la gamme FERMIVIN <\/h1>\n\n\n\n<div style=\"height:20px\" aria-hidden=\"true\" class=\"wp-block-spacer\"><\/div>\n\n\n\n<div class=\"wp-block-buttons is-content-justification-center is-layout-flex wp-container-core-buttons-is-layout-16018d1d wp-block-buttons-is-layout-flex\">\n<div class=\"wp-block-button\"><a class=\"wp-block-button__link has-background wp-element-button\" href=\"https:\/\/oenobrands.com\/fr\/produit\/levure\/fermivin\/\" style=\"background-color:#545859\" target=\"_blank\" rel=\"noreferrer noopener\">FERMIVIN<\/a><\/div>\n<\/div>\n<\/div>\n\n\n\n<div class=\"wp-block-column is-layout-flow wp-block-column-is-layout-flow\" style=\"flex-basis:10%\"><\/div>\n\n\n\n<div class=\"wp-block-column is-layout-flow wp-block-column-is-layout-flow\"><div class=\"wp-block-image\">\n<figure class=\"aligncenter size-full\"><img loading=\"lazy\" decoding=\"async\" width=\"350\" height=\"67\" src=\"http:\/\/oenobrands.com\/wp-content\/uploads\/2023\/04\/Oenobrands-Fermivin-logo400-e1683143710792.png\" alt=\"Oenobrands-Fermivin-logo-350\" class=\"wp-image-2709\" srcset=\"https:\/\/oenobrands.com\/wp-content\/uploads\/2023\/04\/Oenobrands-Fermivin-logo400-e1683143710792.png 350w, https:\/\/oenobrands.com\/wp-content\/uploads\/2023\/04\/Oenobrands-Fermivin-logo400-e1683143710792-300x57.png 300w\" sizes=\"auto, (max-width: 350px) 100vw, 350px\" \/><\/figure>\n<\/div><\/div>\n<\/div>\n\n\n\n<div style=\"height:50px\" aria-hidden=\"true\" class=\"wp-block-spacer\"><\/div>\n","protected":false},"excerpt":{"rendered":"<p>Fermivin CHAMPION BOOSTER RED\u00c9MARRAGE RAPIDE DES FERMENTATIONS ALCOOLIQUES OBJECTIF Fermivin\u00ae CHAMPION BOOSTER est une [&hellip;]<\/p>\n","protected":false},"author":3,"featured_media":0,"parent":13724,"menu_order":23,"comment_status":"closed","ping_status":"closed","template":"page-product.php","meta":{"_acf_changed":false,"_seopress_robots_primary_cat":"0","_seopress_titles_title":"","_seopress_titles_desc":"","_seopress_robots_index":"","footnotes":""},"class_list":["post-13753","page","type-page","status-publish"],"acf":[],"_links":{"self":[{"href":"https:\/\/oenobrands.com\/fr\/wp-json\/wp\/v2\/pages\/13753","targetHints":{"allow":["GET"]}}],"collection":[{"href":"https:\/\/oenobrands.com\/fr\/wp-json\/wp\/v2\/pages"}],"about":[{"href":"https:\/\/oenobrands.com\/fr\/wp-json\/wp\/v2\/types\/page"}],"author":[{"embeddable":true,"href":"https:\/\/oenobrands.com\/fr\/wp-json\/wp\/v2\/users\/3"}],"replies":[{"embeddable":true,"href":"https:\/\/oenobrands.com\/fr\/wp-json\/wp\/v2\/comments?post=13753"}],"version-history":[{"count":0,"href":"https:\/\/oenobrands.com\/fr\/wp-json\/wp\/v2\/pages\/13753\/revisions"}],"up":[{"embeddable":true,"href":"https:\/\/oenobrands.com\/fr\/wp-json\/wp\/v2\/pages\/13724"}],"wp:attachment":[{"href":"https:\/\/oenobrands.com\/fr\/wp-json\/wp\/v2\/media?parent=13753"}],"curies":[{"name":"wp","href":"https:\/\/api.w.org\/{rel}","templated":true}]}}