{"id":13740,"date":"2023-02-24T16:13:37","date_gmt":"2023-02-24T15:13:37","guid":{"rendered":"https:\/\/oenobrands.com\/produit\/levure\/fermivin\/fermivin-p21\/"},"modified":"2025-06-13T21:40:58","modified_gmt":"2025-06-13T19:40:58","slug":"fermivin-p21","status":"publish","type":"page","link":"https:\/\/oenobrands.com\/fr\/produit\/levure\/fermivin\/fermivin-p21\/","title":{"rendered":"Fermivin P21"},"content":{"rendered":"\n<h1 class=\"wp-block-heading has-text-color\" style=\"color:#c81d63\">Fermivin P21<\/h1>\n\n<div style=\"height:30px\" aria-hidden=\"true\" class=\"wp-block-spacer\"><\/div>\n\n<h2 class=\"wp-block-heading\"><strong>VINS CONCENTR\u00c9S EN FRUIT\u00c9 ET EN COULEUR<\/strong><\/h2>\n\n<div style=\"height:30px\" aria-hidden=\"true\" class=\"wp-block-spacer\"><\/div>\n\n<h3 class=\"wp-block-heading\"><strong>OBJECTIF<\/strong><\/h3>\n\n<p>Parfaitement appropri\u00e9e pour de nombreux itin\u00e9raires de vinification, <strong>Fermivin<sup>\u00ae<\/sup> P21<\/strong> est une souche de levure capable de fermenter \u00e0 basse temp\u00e9rature (12 \u00b0C) et parfaitement adapt\u00e9e \u00e0 la mac\u00e9ration \u00e0 froid.<\/p>\n\n<p>Associ\u00e9e \u00e0 une mac\u00e9ration pr\u00e9-fermentaire \u00e0 chaud, elle donne \u00e9galement de tr\u00e8s bons r\u00e9sultats.<\/p>\n\n<p><strong>Fermivin P21<\/strong> permet d\u2019\u00e9laborer des vins rouges fruit\u00e9s de grande qualit\u00e9, structur\u00e9s, des ar\u00f4mes et des pigments rouges stables qui conf\u00e8rent au vin un potentiel de garde.<\/p>\n\n<div style=\"height:50px\" aria-hidden=\"true\" class=\"wp-block-spacer\"><\/div>\n\n<div class=\"wp-block-columns is-layout-flex wp-container-core-columns-is-layout-9d6595d7 wp-block-columns-is-layout-flex\">\n<div class=\"wp-block-column is-layout-flow wp-block-column-is-layout-flow\" style=\"flex-basis:45%\">\n<h3 class=\"wp-block-heading has-text-color\" style=\"color:#c81d63\"><strong>D\u00e9gustation<\/strong><\/h3>\n\n\n\n<p><strong>Fermivin P21<\/strong> produces very fruity red wines with blueberry, blackberry and raspberry notes and a good mouthfeel.<\/p>\n\n\n\n<h3 class=\"wp-block-heading has-text-color\" style=\"color:#c81d63\"><strong>Caract\u00e9ristiques du m\u00e9tabolisme<\/strong><\/h3>\n\n\n\n<figure class=\"wp-block-table is-style-stripes\"><table class=\"has-fixed-layout\"><tbody><tr><td>Production de SO<sub>2<\/sub><\/td><td>&lt; 10 mg\/L<\/td><\/tr><tr><td>Production de glyc\u00e9rol<\/td><td>6 \u2013 8 g\/L<\/td><\/tr><tr><td>Production d&rsquo;acidit\u00e9 volatile<\/td><td>&lt; 0,24 g\/L<\/td><\/tr><tr><td>Production d&rsquo;ac\u00e9taldehyde<\/td><td>&lt; 20 mg\/L<\/td><\/tr><tr><td>Production d&rsquo;H<sub>2<\/sub>S<\/td><td>Basse<\/td><\/tr><tr><td>Facteur Killer<\/td><td>Neutre<\/td><\/tr><\/tbody><\/table><\/figure>\n\n\n\n<h3 class=\"wp-block-heading has-text-color\" style=\"color:#c81d63\"><strong>Propri\u00e9t\u00e9s oenologiques<\/strong><\/h3>\n\n\n\n<figure class=\"wp-block-table is-style-stripes\"><table class=\"has-fixed-layout\"><tbody><tr><td>Cin\u00e9tique fermentaire<\/td><td>Standard<\/td><\/tr><tr><td>Besoins nutritionnels<\/td><td>Moyen<\/td><\/tr><tr><td>Tol\u00e9rance \u00e0 l&rsquo;alcool<\/td><td>15,5 % vol.<\/td><\/tr><tr><td>Plage de temp\u00e9rature<\/td><td>12-32 \u00b0C<\/td><\/tr><\/tbody><\/table><\/figure>\n\n\n\n<h3 class=\"wp-block-heading has-text-color\" style=\"color:#c81d63\"><strong>Origine <\/strong><\/h3>\n\n\n\n<p><strong>Esp\u00e8ce <\/strong>: <em>Saccharomyces cerevisiae<\/em> var. <em>cerevisiae<\/em><br\/>La <strong>souche P21L12<\/strong> a \u00e9t\u00e9 s\u00e9lectionn\u00e9e par l\u2019IFV Beaune (Institut Fran\u00e7ais de la Vigne et du Vin) en Bourgogne (France) et valid\u00e9e par OENOBRANDS en 2018.<\/p>\n\n\n\n<h3 class=\"wp-block-heading has-text-color\" style=\"color:#c81d63\"><strong>Science et Technologie <\/strong><\/h3>\n\n\n\n<p>Fermivin P21 favorise la lib\u00e9ration d\u2019une grande quantit\u00e9 de compos\u00e9s aromatiques et notamment des esters \u00e9thyliques (ar\u00f4mes fruits rouges et fruits noirs), des ar\u00f4mes qui se caract\u00e9risent par leur stabilit\u00e9 dans le temps.<\/p>\n\n\n\n<p>Les vins ferment\u00e9s avec Fermivin P21 ont un indice de polyph\u00e9nols totaux \u00e9lev\u00e9 qui garantit un bon potentiel de garde. <\/p>\n\n\n\n<p>La teneur en pyranoanthocyanes tr\u00e8s \u00e9lev\u00e9e, en raison de l\u2019intense activit\u00e9 HCDC (\u00e9gale \u00e0 100 %) de la souche de levure, contribue \u00e0 la stabilisation de la couleur du vin et \u00e9vite la formation d\u2019\u00e9thyle-ph\u00e9nols en cas de contamination par Brettanomyces.<\/p>\n\n\n<div class=\"wp-block-image is-style-zoooom\">\n<figure class=\"aligncenter size-full\"><img alt=\"\" loading=\"lazy\" decoding=\"async\" width=\"1083\" height=\"433\" src=\"http:\/\/oenobrands.com\/wp-content\/uploads\/2024\/05\/Product_Fermivin-P21-1.png\" alt=\"\" class=\"wp-image-6916\" srcset=\"https:\/\/oenobrands.com\/wp-content\/uploads\/2024\/05\/Product_Fermivin-P21-1.png 1083w, https:\/\/oenobrands.com\/wp-content\/uploads\/2024\/05\/Product_Fermivin-P21-1-300x120.png 300w, https:\/\/oenobrands.com\/wp-content\/uploads\/2024\/05\/Product_Fermivin-P21-1-1024x409.png 1024w, https:\/\/oenobrands.com\/wp-content\/uploads\/2024\/05\/Product_Fermivin-P21-1-768x307.png 768w\" sizes=\"auto, (max-width: 1083px) 100vw, 1083px\" \/><figcaption class=\"wp-element-caption\">Teneur en esters \u00e9thyliques d\u2019un vin de Pinot noir ferment\u00e9 avec Fermivin P21 en comparaison \u00e0 3 levures de r\u00e9f\u00e9rence (Bourgogne &#8211; France).<\/figcaption><\/figure>\n<\/div>\n\n\n<div style=\"height:20px\" aria-hidden=\"true\" class=\"wp-block-spacer\"><\/div>\n\n\n\n<figure class=\"wp-block-image size-full is-style-zoooom\"><img alt=\"\" loading=\"lazy\" decoding=\"async\" width=\"1162\" height=\"442\" src=\"http:\/\/oenobrands.com\/wp-content\/uploads\/2024\/05\/Product_Fermivin-P21-2.png\" alt=\"\" class=\"wp-image-6918\" srcset=\"https:\/\/oenobrands.com\/wp-content\/uploads\/2024\/05\/Product_Fermivin-P21-2.png 1162w, https:\/\/oenobrands.com\/wp-content\/uploads\/2024\/05\/Product_Fermivin-P21-2-300x114.png 300w, https:\/\/oenobrands.com\/wp-content\/uploads\/2024\/05\/Product_Fermivin-P21-2-1024x390.png 1024w, https:\/\/oenobrands.com\/wp-content\/uploads\/2024\/05\/Product_Fermivin-P21-2-768x292.png 768w\" sizes=\"auto, (max-width: 1162px) 100vw, 1162px\" \/><figcaption class=\"wp-element-caption\">Formation de VPAs par d\u00e9carboxylation enzymatique des AHC par la levure<br\/>et l&rsquo;enzyme.<\/figcaption><\/figure>\n<\/div>\n\n\n\n<div class=\"wp-block-column is-layout-flow wp-block-column-is-layout-flow\" style=\"flex-basis:6%\"><\/div>\n\n\n\n<div class=\"wp-block-column has-background is-layout-flow wp-block-column-is-layout-flow\" style=\"background-color:#f7f7f7;flex-basis:45%\">\n<div class=\"wp-block-columns is-layout-flex wp-container-core-columns-is-layout-9d6595d7 wp-block-columns-is-layout-flex\">\n<div class=\"wp-block-column is-layout-flow wp-block-column-is-layout-flow\"><div class=\"wp-block-image\">\n<figure class=\"aligncenter size-full\"><img alt=\"\" loading=\"lazy\" decoding=\"async\" width=\"791\" height=\"295\" src=\"http:\/\/oenobrands.com\/wp-content\/uploads\/2024\/05\/FERMIVIN_P21.png\" alt=\"\" class=\"wp-image-7554\" srcset=\"https:\/\/oenobrands.com\/wp-content\/uploads\/2024\/05\/FERMIVIN_P21.png 791w, https:\/\/oenobrands.com\/wp-content\/uploads\/2024\/05\/FERMIVIN_P21-300x112.png 300w, https:\/\/oenobrands.com\/wp-content\/uploads\/2024\/05\/FERMIVIN_P21-768x286.png 768w\" sizes=\"auto, (max-width: 791px) 100vw, 791px\" \/><\/figure>\n<\/div><\/div>\n<\/div>\n\n\n\n<div style=\"height:40px\" aria-hidden=\"true\" class=\"wp-block-spacer\"><\/div>\n\n\n\n<div class=\"wp-block-group\"><div class=\"wp-block-group__inner-container is-layout-constrained wp-block-group-is-layout-constrained\">\n<p class=\"has-text-align-center\"><strong>T\u00c9L\u00c9CHARGER LA FICHE D&rsquo;APPLICATION<\/strong><\/p>\n\n\n\n<div class=\"wp-block-columns is-not-stacked-on-mobile is-layout-flex wp-container-core-columns-is-layout-9d6595d7 wp-block-columns-is-layout-flex\">\n<div class=\"wp-block-column is-layout-flow wp-block-column-is-layout-flow\">\n<figure class=\"wp-block-image size-full\"><a href=\"https:\/\/oenobrands.com\/wp-content\/uploads\/2024\/07\/FERMIVIN-ADS-P21-2023_EN_21x297_G_05.pdf\" target=\"_blank\" rel=\"noreferrer noopener\"><img loading=\"lazy\" decoding=\"async\" width=\"180\" height=\"94\" src=\"http:\/\/oenobrands.com\/wp-content\/uploads\/2023\/04\/flag-united-states-english-american.png\" alt=\"flag-united-states-english-american\" class=\"wp-image-2510\"\/><\/a><\/figure>\n<\/div>\n\n\n\n<div class=\"wp-block-column is-layout-flow wp-block-column-is-layout-flow\">\n<figure class=\"wp-block-image size-full\"><a href=\"https:\/\/oenobrands.com\/wp-content\/uploads\/2024\/07\/FERMIVIN-ADS-P21-2024_FR_21x297_G_01.pdf\" target=\"_blank\" rel=\"noreferrer noopener\"><img loading=\"lazy\" decoding=\"async\" width=\"180\" height=\"94\" src=\"http:\/\/oenobrands.com\/wp-content\/uploads\/2023\/04\/drapeau-francais-france.png\" alt=\"drapeau-francais-france\" class=\"wp-image-2508\"\/><\/a><\/figure>\n<\/div>\n\n\n\n<div class=\"wp-block-column is-layout-flow wp-block-column-is-layout-flow\">\n<figure class=\"wp-block-image size-full\"><a href=\"https:\/\/oenobrands.com\/wp-content\/uploads\/2024\/07\/FERMIVIN-ADS-P21-2024_ES_21x297_G_01.pdf\" target=\"_blank\" rel=\"noreferrer noopener\"><img loading=\"lazy\" decoding=\"async\" width=\"180\" height=\"94\" src=\"http:\/\/oenobrands.com\/wp-content\/uploads\/2023\/04\/bandiera-spagnola-spagna.png\" alt=\"bandiera-spagnola-spagna\" class=\"wp-image-2506\"\/><\/a><\/figure>\n<\/div>\n\n\n\n<div class=\"wp-block-column is-layout-flow wp-block-column-is-layout-flow\">\n<figure class=\"wp-block-image size-full\"><a href=\"https:\/\/oenobrands.com\/wp-content\/uploads\/2024\/07\/FERMIVIN-ADS-P21-2023_IT_21x297_G_01.pdf\" target=\"_blank\" rel=\"noreferrer noopener\"><img loading=\"lazy\" decoding=\"async\" width=\"180\" height=\"94\" src=\"http:\/\/oenobrands.com\/wp-content\/uploads\/2023\/04\/bandiera-italiana-italy.png\" alt=\"bandiera-italiana-italy\" class=\"wp-image-2512\"\/><\/a><\/figure>\n<\/div>\n\n\n\n<div class=\"wp-block-column is-layout-flow wp-block-column-is-layout-flow\">\n<figure class=\"wp-block-image size-full\"><a href=\"https:\/\/oenobrands.com\/wp-content\/uploads\/2024\/07\/FERMIVIN-ADS-P21-2024_PT_21x297_G_01.pdf\" target=\"_blank\" rel=\"noreferrer noopener\"><img loading=\"lazy\" decoding=\"async\" width=\"180\" height=\"94\" src=\"http:\/\/oenobrands.com\/wp-content\/uploads\/2024\/05\/Flag-drapeau-Portugal.png\" alt=\"Flag-drapeau-Portugal\" class=\"wp-image-7139\"\/><\/a><\/figure>\n<\/div>\n\n\n\n<div class=\"wp-block-column is-layout-flow wp-block-column-is-layout-flow\">\n<figure class=\"wp-block-image size-full\"><a href=\"https:\/\/oenobrands.com\/wp-content\/uploads\/2024\/07\/FERMIVIN-ADS-P21-2023_ALL_21x297_G_01.pdf\" target=\"_blank\" rel=\"noreferrer noopener\"><img loading=\"lazy\" decoding=\"async\" width=\"180\" height=\"94\" src=\"http:\/\/oenobrands.com\/wp-content\/uploads\/2023\/05\/Flagge-Deutschland.png\" alt=\"Flagge-Deutschland-flag-drapeau\" class=\"wp-image-3550\"\/><\/a><\/figure>\n<\/div>\n<\/div>\n<\/div><\/div>\n\n\n\n<hr class=\"wp-block-separator has-text-color has-alpha-channel-opacity has-background\" style=\"background-color:#162638;color:#162638\"\/>\n\n\n\n<div class=\"wp-block-buttons is-content-justification-center is-layout-flex wp-container-core-buttons-is-layout-16018d1d wp-block-buttons-is-layout-flex\">\n<div class=\"wp-block-button\"><a class=\"wp-block-button__link has-white-color has-text-color has-background has-text-align-center wp-element-button\" href=\"https:\/\/oenobrands.com\/distributor\/\" style=\"background-color:#162638\" target=\"_blank\" rel=\"noreferrer noopener\">Votre distributeur<\/a><\/div>\n<\/div>\n\n\n\n<hr class=\"wp-block-separator has-text-color has-alpha-channel-opacity has-background\" style=\"background-color:#162638;color:#162638\"\/>\n\n\n\n<h3 class=\"wp-block-heading\"><strong>Dose <\/strong>et Conditionnement<\/h3>\n\n\n\n<div style=\"height:30px\" aria-hidden=\"true\" class=\"wp-block-spacer\"><\/div>\n\n\n\n<div class=\"wp-block-media-text is-stacked-on-mobile\" style=\"grid-template-columns:30% auto\"><figure class=\"wp-block-media-text__media\"><img loading=\"lazy\" decoding=\"async\" width=\"196\" height=\"73\" src=\"http:\/\/oenobrands.com\/wp-content\/uploads\/2024\/06\/Fermivin_P21_-_mini_sticker-removebg-preview.png\" alt=\"Fermivine-P21-vin-levure\" class=\"wp-image-8745 size-full\"\/><\/figure><div class=\"wp-block-media-text__content\">\n<p><strong>Fermivin P21 classic<\/strong><br\/>Dose recommand\u00e9e : 20 g\/hL.<br\/>Conditionnement : sachets sous vide de 500 g.<\/p>\n<\/div><\/div>\n\n\n\n<div class=\"wp-block-media-text is-stacked-on-mobile\" style=\"grid-template-columns:30% auto\"><figure class=\"wp-block-media-text__media\"><img alt=\"\" loading=\"lazy\" decoding=\"async\" width=\"341\" height=\"129\" src=\"http:\/\/oenobrands.com\/wp-content\/uploads\/2024\/07\/Label-In-line-ready-Fermivin-P21-ILR-mini-82x31-px.png\" alt=\"\" class=\"wp-image-11165 size-full\" srcset=\"https:\/\/oenobrands.com\/wp-content\/uploads\/2024\/07\/Label-In-line-ready-Fermivin-P21-ILR-mini-82x31-px.png 341w, https:\/\/oenobrands.com\/wp-content\/uploads\/2024\/07\/Label-In-line-ready-Fermivin-P21-ILR-mini-82x31-px-300x113.png 300w\" sizes=\"auto, (max-width: 341px) 100vw, 341px\" \/><\/figure><div class=\"wp-block-media-text__content\">\n<p><strong>In-Line Ready Fermivin P21<br\/><\/strong>Dose recommand\u00e9e : 30 g\/hL.<br\/>Conditionnement : sachets sous vide de 500 g.<\/p>\n<\/div><\/div>\n\n\n\n<h3 class=\"wp-block-heading\"><strong>Sp\u00e9cification<\/strong><\/h3>\n\n\n\n<p><strong>Fermivin P21<\/strong> contient plus de 10 milliards de cellules s\u00e8ches actives par gramme.<\/p>\n\n\n\n<h3 class=\"wp-block-heading\"><strong>Conservation<\/strong><\/h3>\n\n\n\n<p>Le stockage doit \u00eatre effectu\u00e9 dans l\u2019emballage d\u2019origine, ferm\u00e9, dans un local frais (5 \u00e0 15 \u00b0C) et sec.<\/p>\n\n\n\n<p><\/p>\n<\/div>\n<\/div>\n\n<div class=\"wp-block-group\"><div class=\"wp-block-group__inner-container is-layout-constrained wp-block-group-is-layout-constrained\">\n<div style=\"height:30px\" aria-hidden=\"true\" class=\"wp-block-spacer\"><\/div>\n\n\n\n<hr class=\"wp-block-separator has-text-color has-black-color has-alpha-channel-opacity has-black-background-color has-background\"\/>\n<\/div><\/div>\n\n<div class=\"wp-block-columns is-layout-flex wp-container-core-columns-is-layout-9d6595d7 wp-block-columns-is-layout-flex\">\n<div class=\"wp-block-column is-layout-flow wp-block-column-is-layout-flow\">\n<div class=\"wp-block-group\"><div class=\"wp-block-group__inner-container is-layout-constrained wp-block-group-is-layout-constrained\">\n<h2 class=\"wp-block-heading\"><strong><strong>Explorez les solutions associ\u00e9es :<\/strong><\/strong><\/h2>\n\n\n\n<div style=\"height:30px\" aria-hidden=\"true\" class=\"wp-block-spacer\"><\/div>\n\n\n\n<p><strong>Vous recherchez une approche plus holistique de la vinification ?<\/strong> D\u00e9couvrez nos solutions \u0153nologiques avanc\u00e9es en lien avec <strong>Fermivin P21.<\/strong><\/p>\n\n\n\n<div style=\"height:30px\" aria-hidden=\"true\" class=\"wp-block-spacer\"><\/div>\n\n\n\n<div class=\"wp-block-columns are-vertically-aligned-center is-layout-flex wp-container-core-columns-is-layout-9d6595d7 wp-block-columns-is-layout-flex\">\n<div class=\"wp-block-column is-vertically-aligned-center is-layout-flow wp-block-column-is-layout-flow\" style=\"flex-basis:100%\">\n<div class=\"wp-block-buttons is-content-justification-center is-layout-flex wp-container-core-buttons-is-layout-16018d1d wp-block-buttons-is-layout-flex\">\n<div class=\"wp-block-button is-style-fill\"><a class=\"wp-block-button__link wp-element-button\" href=\"https:\/\/oenobrands.com\/solution\/alcoholic-fermentation\/yeast-inoculation\/\">Inoculation des levures<\/a><\/div>\n\n\n\n<div class=\"wp-block-button is-style-fill\"><a class=\"wp-block-button__link wp-element-button\" href=\"https:\/\/oenobrands.com\/solution\/alcoholic-fermentation\/direct-yeast-inoculation\/\">Inoculation directe des levures<\/a><\/div>\n\n\n\n<div class=\"wp-block-button is-style-fill\"><a class=\"wp-block-button__link wp-element-button\" href=\"https:\/\/oenobrands.com\/solution\/alcoholic-fermentation\/yeast-choice\/\">Choix des levures<\/a><\/div>\n\n\n\n<div class=\"wp-block-button is-style-fill\"><a class=\"wp-block-button__link wp-element-button\" href=\"https:\/\/oenobrands.com\/key-positive-aroma-compounds\/\">Compos\u00e9s aromatiques<\/a><\/div>\n\n\n\n<div class=\"wp-block-button is-style-fill\"><a class=\"wp-block-button__link wp-element-button\" href=\"https:\/\/oenobrands.com\/solution\/colour\/colour-stabilisation\/\">Stabilisation de la couleur<\/a><\/div>\n\n\n\n<div class=\"wp-block-button is-style-fill\"><a class=\"wp-block-button__link wp-element-button\" href=\"https:\/\/oenobrands.com\/solution\/cider-2\/cider\/\">Cidre<\/a><\/div>\n<\/div>\n<\/div>\n<\/div>\n<\/div><\/div>\n\n\n\n<div style=\"height:30px\" aria-hidden=\"true\" class=\"wp-block-spacer\"><\/div>\n<\/div>\n\n\n\n<div class=\"wp-block-column is-layout-flow wp-block-column-is-layout-flow\">\n<h2 class=\"wp-block-heading\"><strong>Vous cherchez quelque chose d&rsquo;autre ?<\/strong><\/h2>\n\n\n\n<div style=\"height:30px\" aria-hidden=\"true\" class=\"wp-block-spacer\"><\/div>\n\n\n\n<p>Visitez notre section \u00ab Solution \u00bb, o\u00f9 nous proposons des conseils d&rsquo;experts, des connaissances populaires et des approches novatrices organis\u00e9es par processus de vinification. <strong>De la fermentation \u00e0 la filtration\/mise en bouteille, nous vous accompagnons avec des solutions pour am\u00e9liorer chaque \u00e9tape de votre processus de vinification.<\/strong><\/p>\n\n\n\n<div style=\"height:30px\" aria-hidden=\"true\" class=\"wp-block-spacer\"><\/div>\n\n\n\n<div class=\"wp-block-columns are-vertically-aligned-center is-layout-flex wp-container-core-columns-is-layout-9d6595d7 wp-block-columns-is-layout-flex\">\n<div class=\"wp-block-column is-vertically-aligned-center is-layout-flow wp-block-column-is-layout-flow\" style=\"flex-basis:100%\">\n<div class=\"wp-block-buttons is-content-justification-center is-layout-flex wp-container-core-buttons-is-layout-16018d1d wp-block-buttons-is-layout-flex\">\n<div class=\"wp-block-button is-style-fill\"><a class=\"wp-block-button__link wp-element-button\" href=\"https:\/\/oenobrands.com\/solution\/\">Advanced winemaking solutions<\/a><\/div>\n<\/div>\n<\/div>\n<\/div>\n<\/div>\n<\/div>\n\n<hr class=\"wp-block-separator has-text-color has-black-color has-alpha-channel-opacity has-black-background-color has-background\"\/>\n\n<div style=\"height:30px\" aria-hidden=\"true\" class=\"wp-block-spacer\"><\/div>\n\n<div class=\"wp-block-columns is-layout-flex wp-container-core-columns-is-layout-9d6595d7 wp-block-columns-is-layout-flex\">\n<div class=\"wp-block-column is-vertically-aligned-center is-layout-flow wp-block-column-is-layout-flow\" style=\"flex-basis:30%\">\n<h1 class=\"wp-block-heading has-text-color\" style=\"color:#545859\">D\u00e9couvrez la gamme FERMIVIN <\/h1>\n\n\n\n<div style=\"height:20px\" aria-hidden=\"true\" class=\"wp-block-spacer\"><\/div>\n\n\n\n<div class=\"wp-block-buttons is-content-justification-center is-layout-flex wp-container-core-buttons-is-layout-16018d1d wp-block-buttons-is-layout-flex\">\n<div class=\"wp-block-button\"><a class=\"wp-block-button__link has-background wp-element-button\" href=\"https:\/\/oenobrands.com\/product\/yeast\/fermivin-yeast\/\" style=\"background-color:#545859\">FERMIVIN<\/a><\/div>\n<\/div>\n<\/div>\n\n\n\n<div class=\"wp-block-column is-layout-flow wp-block-column-is-layout-flow\" style=\"flex-basis:10%\"><\/div>\n\n\n\n<div class=\"wp-block-column is-layout-flow wp-block-column-is-layout-flow\"><div class=\"wp-block-image\">\n<figure class=\"aligncenter size-full\"><img loading=\"lazy\" decoding=\"async\" width=\"350\" height=\"67\" src=\"http:\/\/oenobrands.com\/wp-content\/uploads\/2023\/04\/Oenobrands-Fermivin-logo400-e1683143710792.png\" alt=\"Oenobrands-Fermivin-logo-350\" class=\"wp-image-2709\" srcset=\"https:\/\/oenobrands.com\/wp-content\/uploads\/2023\/04\/Oenobrands-Fermivin-logo400-e1683143710792.png 350w, https:\/\/oenobrands.com\/wp-content\/uploads\/2023\/04\/Oenobrands-Fermivin-logo400-e1683143710792-300x57.png 300w\" sizes=\"auto, (max-width: 350px) 100vw, 350px\" \/><\/figure>\n<\/div><\/div>\n<\/div>\n\n<div style=\"height:50px\" aria-hidden=\"true\" class=\"wp-block-spacer\"><\/div>\n","protected":false},"excerpt":{"rendered":"<p>Fermivin P21 VINS CONCENTR\u00c9S EN FRUIT\u00c9 ET EN COULEUR OBJECTIF Parfaitement appropri\u00e9e pour de [&hellip;]<\/p>\n","protected":false},"author":3,"featured_media":0,"parent":13724,"menu_order":13,"comment_status":"closed","ping_status":"closed","template":"page-product.php","meta":{"_acf_changed":false,"_seopress_robots_primary_cat":"0","_seopress_titles_title":"","_seopress_titles_desc":"","_seopress_robots_index":"","footnotes":""},"class_list":["post-13740","page","type-page","status-publish"],"acf":[],"_links":{"self":[{"href":"https:\/\/oenobrands.com\/fr\/wp-json\/wp\/v2\/pages\/13740","targetHints":{"allow":["GET"]}}],"collection":[{"href":"https:\/\/oenobrands.com\/fr\/wp-json\/wp\/v2\/pages"}],"about":[{"href":"https:\/\/oenobrands.com\/fr\/wp-json\/wp\/v2\/types\/page"}],"author":[{"embeddable":true,"href":"https:\/\/oenobrands.com\/fr\/wp-json\/wp\/v2\/users\/3"}],"replies":[{"embeddable":true,"href":"https:\/\/oenobrands.com\/fr\/wp-json\/wp\/v2\/comments?post=13740"}],"version-history":[{"count":0,"href":"https:\/\/oenobrands.com\/fr\/wp-json\/wp\/v2\/pages\/13740\/revisions"}],"up":[{"embeddable":true,"href":"https:\/\/oenobrands.com\/fr\/wp-json\/wp\/v2\/pages\/13724"}],"wp:attachment":[{"href":"https:\/\/oenobrands.com\/fr\/wp-json\/wp\/v2\/media?parent=13740"}],"curies":[{"name":"wp","href":"https:\/\/api.w.org\/{rel}","templated":true}]}}