{"id":13724,"date":"2022-10-19T21:46:12","date_gmt":"2022-10-19T19:46:12","guid":{"rendered":"https:\/\/oenobrands.com\/produit\/levure\/fermivin\/"},"modified":"2025-06-13T21:40:57","modified_gmt":"2025-06-13T19:40:57","slug":"fermivin","status":"publish","type":"page","link":"https:\/\/oenobrands.com\/fr\/produit\/levure\/fermivin\/","title":{"rendered":"FERMIVIN"},"content":{"rendered":"\n<div style=\"height:50px\" aria-hidden=\"true\" class=\"wp-block-spacer\"><\/div>\n\n\n<div class=\"wp-block-image\">\n<figure class=\"aligncenter size-full is-resized\"><img alt=\"\" loading=\"lazy\" decoding=\"async\" width=\"1678\" height=\"451\" src=\"https:\/\/oenobrands.com\/wp-content\/uploads\/2024\/05\/header-fermivin-page.png\" alt=\"\" class=\"wp-image-7182\" style=\"width:822px;height:auto\" srcset=\"https:\/\/oenobrands.com\/wp-content\/uploads\/2024\/05\/header-fermivin-page.png 1678w, https:\/\/oenobrands.com\/wp-content\/uploads\/2024\/05\/header-fermivin-page-300x81.png 300w, https:\/\/oenobrands.com\/wp-content\/uploads\/2024\/05\/header-fermivin-page-1024x275.png 1024w, https:\/\/oenobrands.com\/wp-content\/uploads\/2024\/05\/header-fermivin-page-768x206.png 768w, https:\/\/oenobrands.com\/wp-content\/uploads\/2024\/05\/header-fermivin-page-1536x413.png 1536w\" sizes=\"auto, (max-width: 1678px) 100vw, 1678px\" \/><\/figure>\n<\/div>\n\n\n<div style=\"height:50px\" aria-hidden=\"true\" class=\"wp-block-spacer\"><\/div>\n\n\n\n<div class=\"wp-block-group has-background\" style=\"background-color:#f7f7f7\"><div class=\"wp-block-group__inner-container is-layout-constrained wp-block-group-is-layout-constrained\">\n<div class=\"wp-block-group\"><div class=\"wp-block-group__inner-container is-layout-constrained wp-block-group-is-layout-constrained\">\n<div style=\"height:30px\" aria-hidden=\"true\" class=\"wp-block-spacer\"><\/div>\n\n\n\n<h2 class=\"wp-block-heading\"><strong><strong>Le portefeuille Fermivin en quelques mots<\/strong><\/strong><\/h2>\n\n\n\n<div style=\"height:30px\" aria-hidden=\"true\" class=\"wp-block-spacer\"><\/div>\n\n\n\n<div class=\"wp-block-columns has-background is-layout-flex wp-container-core-columns-is-layout-9d6595d7 wp-block-columns-is-layout-flex\" style=\"background-color:#f7f7f7\">\n<div class=\"wp-block-column is-layout-flow wp-block-column-is-layout-flow\">\n<p><strong>Fi\u00e8re de ses plus de 50 ans d&rsquo;expertise dans la s\u00e9lection<\/strong>, la production et la commercialisation de levures, <strong>Oenobrands continue d\u2019introduire de nouvelles solutions de fermentation<\/strong> avec son portefeuille de levures Fermivin. Ce dernier inclut des souches de <em>Saccharomyces <\/em>et de non-<em>Saccharomyces<\/em>, notamment la premi\u00e8re <em>Hanseniaspora <\/em><em>vineae <\/em>sur le march\u00e9 (\u00e9galement appel\u00e9e Fermivin VINEAE).<br><\/p>\n<\/div>\n\n\n\n<div class=\"wp-block-column is-layout-flow wp-block-column-is-layout-flow\" style=\"flex-basis:5%\">\n<p><\/p>\n<\/div>\n\n\n\n<div class=\"wp-block-column is-layout-flow wp-block-column-is-layout-flow\">\n<p>\u00ab\u00a0<strong><em>Pour chaque souche, une performance<\/em><\/strong>\u00a0\u00bb : Chaque souche a \u00e9t\u00e9 s\u00e9lectionn\u00e9e pour r\u00e9pondre aux besoins de l&rsquo;industrie viticole. <strong>Nos instituts partenaires ont test\u00e9 et valid\u00e9 chaque levure <\/strong>afin de mettre en avant ses caract\u00e9ristiques distinctes et d&rsquo;offrir aux vinificateurs des solutions bien d\u00e9finies. Ainsi, chaque souche Fermivin favorise une caract\u00e9ristique sp\u00e9cifique (cryophilie, r\u00e9v\u00e9lation des ar\u00f4mes thiol\u00e9s, production \u00e9lev\u00e9e d&rsquo;esters, lib\u00e9ration de polysaccharides, etc.). <\/p>\n<\/div>\n<\/div>\n<\/div><\/div>\n<\/div><\/div>\n\n\n\n<p><strong>Les souches Fermivin pr\u00e9sentent les m\u00eames avantages<\/strong> : fermentation compl\u00e8te, conversion efficace des ar\u00f4mes, faible production de mousse, faible acidit\u00e9 volatile et absence de saveurs d\u00e9sagr\u00e9ables. Nos usines cultivent, s\u00e8chent et testent les levures pour garantir leur authenticit\u00e9, leur performance et leur qualit\u00e9. <\/p>\n\n\n\n<div style=\"height:50px\" aria-hidden=\"true\" class=\"wp-block-spacer\"><\/div>\n\n\n\n<div class=\"wp-block-columns are-vertically-aligned-top is-layout-flex wp-container-core-columns-is-layout-9d6595d7 wp-block-columns-is-layout-flex\">\n<div class=\"wp-block-column is-vertically-aligned-top has-black-color has-text-color is-layout-flow wp-block-column-is-layout-flow\">\n<h2 class=\"wp-block-heading has-black-color has-text-color\" style=\"text-transform:uppercase\"><strong>UNE HISTOIRE FI\u00c8RE ET UN AVENIR PROMETTEUR POUR UNE GAMME COMPL\u00c8TE DE LEVURES PUISSANTES<\/strong><\/h2>\n\n\n\n<div style=\"height:100px\" aria-hidden=\"true\" class=\"wp-block-spacer\"><\/div>\n<\/div>\n\n\n\n<div class=\"wp-block-column is-vertically-aligned-top is-layout-flow wp-block-column-is-layout-flow\" style=\"flex-basis:20%\"><div class=\"wp-block-image\">\n<figure class=\"aligncenter size-medium is-resized\"><img loading=\"lazy\" decoding=\"async\" width=\"128\" height=\"300\" src=\"https:\/\/oenobrands.com\/wp-content\/uploads\/2023\/05\/FERMIVIN-Proud-history-bright-future-v-128x300.png\" alt=\"FERMIVIN-Proud-history-bright-future-v\" class=\"wp-image-4175\" style=\"width:96px;height:225px\" srcset=\"https:\/\/oenobrands.com\/wp-content\/uploads\/2023\/05\/FERMIVIN-Proud-history-bright-future-v-128x300.png 128w, https:\/\/oenobrands.com\/wp-content\/uploads\/2023\/05\/FERMIVIN-Proud-history-bright-future-v.png 203w\" sizes=\"auto, (max-width: 128px) 100vw, 128px\" \/><\/figure>\n<\/div><\/div>\n\n\n\n<div class=\"wp-block-column is-vertically-aligned-top has-black-color has-text-color is-layout-flow wp-block-column-is-layout-flow\">\n<p class=\"has-black-color has-text-color\">Tout a commenc\u00e9 dans les ann\u00e9es 70 avec trois souches fondatrices s\u00e9lectionn\u00e9es en collaboration entre Gist-Brocades et INRAe, produites sous forme de levure s\u00e8che instantan\u00e9e (<strong>terme original pour les levures s\u00e8ches actives<\/strong> vendues aujourd&rsquo;hui). Progressivement,<strong> la gamme Fermivin s&rsquo;est enrichie avec de nouvelles souches s\u00e9lectionn\u00e9es pour constituer une v\u00e9ritable \u00ab famille \u00bb de levures <\/strong>adapt\u00e9es aux diverses conditions et itin\u00e9raires de vinification. <\/p>\n<\/div>\n<\/div>\n\n\n\n<div style=\"height:30px\" aria-hidden=\"true\" class=\"wp-block-spacer\"><\/div>\n\n\n\n<div class=\"wp-block-group has-background\" style=\"background-color:#f7f7f7\"><div class=\"wp-block-group__inner-container is-layout-constrained wp-block-group-is-layout-constrained\">\n<div style=\"height:30px\" aria-hidden=\"true\" class=\"wp-block-spacer\"><\/div>\n\n\n\n<h2 class=\"wp-block-heading\"><strong>Diff\u00e9renciation des esp\u00e8ces de levures<\/strong><\/h2>\n\n\n\n<p class=\"has-background\" style=\"background-color:#f7f7f7\">En 2022, avec l\u2019introduction d&rsquo;une souche non-<em>Saccharomyces<\/em>,<strong>nous avons cr\u00e9\u00e9 des distinctions claires avec les embl\u00e8mes Unity et Synergy <\/strong>c&rsquo;est ainsi que les embl\u00e8mes <strong>Unity<\/strong> et <strong>Synergy<\/strong> sont n\u00e9s.<\/p>\n\n\n\n<div style=\"height:20px\" aria-hidden=\"true\" class=\"wp-block-spacer\"><\/div>\n<\/div><\/div>\n\n\n\n<div class=\"wp-block-columns has-background is-layout-flex wp-container-core-columns-is-layout-9d6595d7 wp-block-columns-is-layout-flex\" style=\"background-color:#f7f7f7\">\n<div class=\"wp-block-column is-layout-flow wp-block-column-is-layout-flow\">\n<h4 class=\"wp-block-heading\"><strong>\u201cUNITY\u201d signifie l&rsquo;\u00e9tat d&rsquo;\u00eatre uni ou rassembl\u00e9 en un tout.<\/strong><\/h4>\n\n\n\n<div style=\"height:60px\" aria-hidden=\"true\" class=\"wp-block-spacer\"><\/div>\n\n\n<div class=\"wp-block-image\">\n<figure class=\"aligncenter size-full is-resized\"><img loading=\"lazy\" decoding=\"async\" width=\"520\" height=\"172\" src=\"http:\/\/oenobrands.com\/wp-content\/uploads\/2023\/05\/FERMIVIN-unity-4f9-1.png\" alt=\"FERMIVIN-unity-4f9\" class=\"wp-image-5006\" style=\"width:390px;height:129px\" srcset=\"https:\/\/oenobrands.com\/wp-content\/uploads\/2023\/05\/FERMIVIN-unity-4f9-1.png 520w, https:\/\/oenobrands.com\/wp-content\/uploads\/2023\/05\/FERMIVIN-unity-4f9-1-300x99.png 300w\" sizes=\"auto, (max-width: 520px) 100vw, 520px\" \/><\/figure>\n<\/div>\n\n\n<div style=\"height:25px\" aria-hidden=\"true\" class=\"wp-block-spacer\"><\/div>\n\n\n\n<p>Cette gamme inclut des souches de <strong>Fermivin <em>Saccharomyces cerevisiae<\/em> <\/strong>qui sont de puissantes fermentatrices, offrant s\u00e9curit\u00e9 et fiabilit\u00e9. Les noms des produits sont des acronymes correspondant \u00e0 la caract\u00e9ristique cl\u00e9 de la souche ou \u00e0 son num\u00e9ro de s\u00e9lection. <\/p>\n<\/div>\n\n\n\n<div class=\"wp-block-column is-layout-flow wp-block-column-is-layout-flow\" style=\"flex-basis:150px\"><\/div>\n\n\n\n<div class=\"wp-block-column is-layout-flow wp-block-column-is-layout-flow\">\n<h4 class=\"wp-block-heading\"><strong>\u201cSYNERGY\u201d repr\u00e9sente l\u2019interaction de deux ou plusieurs agents ayant un impact sup\u00e9rieur \u00e0 la somme de leurs effets individuels.<\/strong><\/h4>\n\n\n\n<div style=\"height:10px\" aria-hidden=\"true\" class=\"wp-block-spacer\"><\/div>\n\n\n<div class=\"wp-block-image\">\n<figure class=\"aligncenter size-full is-resized\"><img loading=\"lazy\" decoding=\"async\" width=\"520\" height=\"172\" src=\"http:\/\/oenobrands.com\/wp-content\/uploads\/2023\/05\/FERMIVIN-sinergy-vineae-1.png\" alt=\"FERMIVIN-sinergy-vineae\" class=\"wp-image-5008\" style=\"width:390px;height:129px\" srcset=\"https:\/\/oenobrands.com\/wp-content\/uploads\/2023\/05\/FERMIVIN-sinergy-vineae-1.png 520w, https:\/\/oenobrands.com\/wp-content\/uploads\/2023\/05\/FERMIVIN-sinergy-vineae-1-300x99.png 300w\" sizes=\"auto, (max-width: 520px) 100vw, 520px\" \/><\/figure>\n<\/div>\n\n\n<div style=\"height:20px\" aria-hidden=\"true\" class=\"wp-block-spacer\"><\/div>\n\n\n\n<p>Cette gamme inclut <em><strong>Hanseniaspora vineae<\/strong><\/em> et d&rsquo;autres non-<em>Saccharomyces<\/em>, repr\u00e9sentant l&rsquo;avenir de la vinification et apportant cette touche d&rsquo;originalit\u00e9 qui rend les vins uniques.<\/p>\n<\/div>\n<\/div>\n\n\n\n<div style=\"height:50px\" aria-hidden=\"true\" class=\"wp-block-spacer\"><\/div>\n\n\n\n<div class=\"wp-block-group\"><div class=\"wp-block-group__inner-container is-layout-constrained wp-block-group-is-layout-constrained\">\n<div class=\"wp-block-columns are-vertically-aligned-center has-background is-layout-flex wp-container-core-columns-is-layout-9d6595d7 wp-block-columns-is-layout-flex\" style=\"background-color:#accc51\">\n<div class=\"wp-block-column is-vertically-aligned-center has-background is-layout-flow wp-block-column-is-layout-flow\" style=\"background-color:#accc51\">\n<div style=\"height:40px\" aria-hidden=\"true\" class=\"wp-block-spacer\"><\/div>\n\n\n\n<h2 class=\"wp-block-heading has-text-color\" id=\"block-296216b5-5972-4554-b537-68cfc5829aae\" style=\"color:#3f3e3a;text-transform:uppercase\"><strong>Diff\u00e9renciation de la production de levures<\/strong><\/h2>\n\n\n\n<div style=\"height:40px\" aria-hidden=\"true\" class=\"wp-block-spacer\"><\/div>\n<\/div>\n\n\n\n<div class=\"wp-block-column is-vertically-aligned-center is-layout-flow wp-block-column-is-layout-flow\" style=\"flex-basis:20%\"><div class=\"wp-block-image\">\n<figure class=\"aligncenter size-full is-resized\"><img loading=\"lazy\" decoding=\"async\" width=\"166\" height=\"166\" src=\"http:\/\/oenobrands.com\/wp-content\/uploads\/2024\/05\/ILR-In-Line-Ready-Fermivin-1.png\" alt=\"ILR-In-Line-Ready-fermivin\" class=\"wp-image-6797\" style=\"object-fit:cover;width:165px;height:165px\" srcset=\"https:\/\/oenobrands.com\/wp-content\/uploads\/2024\/05\/ILR-In-Line-Ready-Fermivin-1.png 166w, https:\/\/oenobrands.com\/wp-content\/uploads\/2024\/05\/ILR-In-Line-Ready-Fermivin-1-150x150.png 150w\" sizes=\"auto, (max-width: 166px) 100vw, 166px\" \/><\/figure>\n<\/div><\/div>\n\n\n\n<div class=\"wp-block-column is-vertically-aligned-center has-white-color has-text-color has-background is-layout-flow wp-block-column-is-layout-flow\" style=\"background-color:#accc51\">\n<p class=\"has-text-color\" style=\"color:#3f3e3a;font-style:normal;font-weight:600\">Depuis 2013, nous proposons diverses souches sous forme classique et In-Line Ready.<\/p>\n\n\n\n<p class=\"has-text-color\" style=\"color:#3f3e3a;font-style:normal;font-weight:600\">Les documents et emballages li\u00e9s \u00e0 In-Line Ready affichent le logo.<\/p>\n<\/div>\n<\/div>\n\n\n\n<div class=\"wp-block-columns has-background is-layout-flex wp-container-core-columns-is-layout-9d6595d7 wp-block-columns-is-layout-flex\" style=\"background-color:#accc51\">\n<div class=\"wp-block-column is-layout-flow wp-block-column-is-layout-flow\">\n<h2 class=\"wp-block-heading\" style=\"text-transform:uppercase\">The key to In-Line Ready\u2019s popularity is its distinctive multiplication and production process.<\/h2>\n\n\n\n<div style=\"height:30px\" aria-hidden=\"true\" class=\"wp-block-spacer\"><\/div>\n\n\n\n<p>Cette approche sur mesure renforce la levure, la rendant <strong>plus r\u00e9sistante aux contraintes<\/strong> li\u00e9es \u00e0 l&rsquo;ajout direct, telles que les basses temp\u00e9ratures et l&rsquo;acidit\u00e9. <\/p>\n<\/div>\n\n\n\n<div class=\"wp-block-column is-layout-flow wp-block-column-is-layout-flow\" style=\"flex-basis:6px\"><\/div>\n\n\n\n<div class=\"wp-block-column is-layout-flow wp-block-column-is-layout-flow\">\n<p>Le r\u00e9sultat est une levure plus viable et adaptable que la levure correspondante produite de mani\u00e8re classique et ajout\u00e9e directement.<\/p>\n\n\n\n<div style=\"height:30px\" aria-hidden=\"true\" class=\"wp-block-spacer\"><\/div>\n\n\n\n<p>De plus, ce processus permet \u00e0 la levure de <strong>faire face aux d\u00e9fis de la fermentation<\/strong> avec une rapidit\u00e9 comparable \u00e0 celle des levures Fermivin correspondantes, produites de mani\u00e8re classique et ajout\u00e9es apr\u00e8s r\u00e9hydratation.<\/p>\n<\/div>\n<\/div>\n\n\n\n<div style=\"height:50px\" aria-hidden=\"true\" class=\"wp-block-spacer\"><\/div>\n<\/div><\/div>\n\n\n\n<div class=\"wp-block-columns is-layout-flex wp-container-core-columns-is-layout-9d6595d7 wp-block-columns-is-layout-flex\">\n<div class=\"wp-block-column is-layout-flow wp-block-column-is-layout-flow\">\n<h2 class=\"wp-block-heading has-text-align-center\"><strong>Comment trouver la bonne levure dans le portefeuille Fermivin ?<\/strong><\/h2>\n\n\n\n<div class=\"wp-block-buttons is-content-justification-center is-layout-flex wp-container-core-buttons-is-layout-16018d1d wp-block-buttons-is-layout-flex\">\n<div class=\"wp-block-button\"><a class=\"wp-block-button__link wp-element-button\" href=\"https:\/\/oenobrands.com\/product\/yeast\/yeast-choice-2\/\" target=\"_blank\" rel=\"noreferrer noopener\">Choix des levures Fermivin<\/a><\/div>\n<\/div>\n\n\n\n<div style=\"height:50px\" aria-hidden=\"true\" class=\"wp-block-spacer\"><\/div>\n<\/div>\n\n\n\n<div class=\"wp-block-column is-layout-flow wp-block-column-is-layout-flow\" style=\"flex-basis:5px\"><\/div>\n\n\n\n<div class=\"wp-block-column is-layout-flow wp-block-column-is-layout-flow\">\n<h2 class=\"wp-block-heading has-text-align-center\"><strong>En savoir plus sur la production de levures<\/strong><\/h2>\n\n\n\n<div class=\"wp-block-buttons is-content-justification-center is-layout-flex wp-container-core-buttons-is-layout-16018d1d wp-block-buttons-is-layout-flex\">\n<div class=\"wp-block-button\"><a class=\"wp-block-button__link wp-element-button\">Production des levures<\/a><\/div>\n<\/div>\n\n\n\n<div style=\"height:30px\" aria-hidden=\"true\" class=\"wp-block-spacer\"><\/div>\n<\/div>\n<\/div>\n\n\n\n<div style=\"height:50px\" aria-hidden=\"true\" class=\"wp-block-spacer\"><\/div>\n\n\n\n<h2 class=\"wp-block-heading\"><strong>D\u00e9couvrez notre gamme de levures Fermivin :<\/strong><\/h2>\n\n\n\n<div style=\"height:50px\" aria-hidden=\"true\" class=\"wp-block-spacer\"><\/div>\n","protected":false},"excerpt":{"rendered":"<p>Le portefeuille Fermivin en quelques mots Fi\u00e8re de ses plus de 50 ans d&rsquo;expertise [&hellip;]<\/p>\n","protected":false},"author":3,"featured_media":1870,"parent":13720,"menu_order":1,"comment_status":"closed","ping_status":"closed","template":"page-premier-products-list.php","meta":{"_acf_changed":false,"_seopress_robots_primary_cat":"0","_seopress_titles_title":"","_seopress_titles_desc":"","_seopress_robots_index":"","footnotes":""},"class_list":["post-13724","page","type-page","status-publish","has-post-thumbnail"],"acf":[],"_links":{"self":[{"href":"https:\/\/oenobrands.com\/fr\/wp-json\/wp\/v2\/pages\/13724","targetHints":{"allow":["GET"]}}],"collection":[{"href":"https:\/\/oenobrands.com\/fr\/wp-json\/wp\/v2\/pages"}],"about":[{"href":"https:\/\/oenobrands.com\/fr\/wp-json\/wp\/v2\/types\/page"}],"author":[{"embeddable":true,"href":"https:\/\/oenobrands.com\/fr\/wp-json\/wp\/v2\/users\/3"}],"replies":[{"embeddable":true,"href":"https:\/\/oenobrands.com\/fr\/wp-json\/wp\/v2\/comments?post=13724"}],"version-history":[{"count":0,"href":"https:\/\/oenobrands.com\/fr\/wp-json\/wp\/v2\/pages\/13724\/revisions"}],"up":[{"embeddable":true,"href":"https:\/\/oenobrands.com\/fr\/wp-json\/wp\/v2\/pages\/13720"}],"wp:featuredmedia":[{"embeddable":true,"href":"https:\/\/oenobrands.com\/fr\/wp-json\/wp\/v2\/media\/1870"}],"wp:attachment":[{"href":"https:\/\/oenobrands.com\/fr\/wp-json\/wp\/v2\/media?parent=13724"}],"curies":[{"name":"wp","href":"https:\/\/api.w.org\/{rel}","templated":true}]}}