{"id":13544,"date":"2022-10-19T22:08:07","date_gmt":"2022-10-19T20:08:07","guid":{"rendered":"https:\/\/oenobrands.com\/produit\/enzyme\/rapidase\/rapidase-extra-fruit\/"},"modified":"2025-12-11T10:46:40","modified_gmt":"2025-12-11T09:46:40","slug":"rapidase-extra-fruit","status":"publish","type":"page","link":"https:\/\/oenobrands.com\/fr\/produit\/enzyme\/rapidase\/rapidase-extra-fruit\/","title":{"rendered":"Rapidase Extra Fruit"},"content":{"rendered":"\n<h1 class=\"wp-block-heading has-text-color\" style=\"color:#ce0058\">Rapidase Extra Fruit<\/h1>\n\n\n\n<div style=\"height:30px\" aria-hidden=\"true\" class=\"wp-block-spacer\"><\/div>\n\n\n\n<h2 class=\"wp-block-heading\"><strong>Enzyme pour l\u2019extraction rapide et pr\u00e9coce des pr\u00e9curseurs d\u2019ar\u00f4mes en mac\u00e9ration de vendanges rouges<\/strong><\/h2>\n\n\n\n<div style=\"height:30px\" aria-hidden=\"true\" class=\"wp-block-spacer\"><\/div>\n\n\n\n<h3 class=\"wp-block-heading\"><strong>OBJECTIF<\/strong><\/h3>\n\n\n\n<p><strong>Rapidase<sup>\u00ae<\/sup> Extra Fruit <\/strong>permet une extraction cibl\u00e9e des pr\u00e9curseurs d\u2019ar\u00f4mes fruit\u00e9s contenus dans la pellicule des baies de raisins rouges. <\/p>\n\n\n\n<p>Son utilisation assure une diminution du temps et de la temp\u00e9rature de mac\u00e9ration, et un recours moindre aux actions m\u00e9caniques potentiellement oxydatives comme le pigeage ou la mac\u00e9ration pr\u00e9fermentaire \u00e0 froid prolong\u00e9e.<\/p>\n\n\n\n<div style=\"height:50px\" aria-hidden=\"true\" class=\"wp-block-spacer\"><\/div>\n\n\n\n<div class=\"wp-block-columns is-layout-flex wp-container-core-columns-is-layout-9d6595d7 wp-block-columns-is-layout-flex\">\n<div class=\"wp-block-column is-layout-flow wp-block-column-is-layout-flow\" style=\"flex-basis:45%\">\n<h3 class=\"wp-block-heading has-text-color\" style=\"color:#ce0058\"><strong>Composition<\/strong><\/h3>\n\n\n\n<p><strong>Rapidase Extra Fruit<\/strong> est une pr\u00e9paration microgranul\u00e9e d\u2019enzymes pectolytiques \u00e0 activit\u00e9s secondaires essentielles garantes de la pr\u00e9servation de la couleur.<\/p>\n\n\n\n<p><strong>Rapidase Extra Fruit<\/strong> contient naturellement des niveaux faibles d\u2019anthocyanases.<\/p>\n\n\n\n<div style=\"height:50px\" aria-hidden=\"true\" class=\"wp-block-spacer\"><\/div>\n\n\n\n<h3 class=\"wp-block-heading has-text-color\" style=\"color:#ce0058\"><strong>Test\u00e9 et Valid\u00e9<\/strong><\/h3>\n\n\n\n<p>Pour offrir la meilleure efficacit\u00e9 dans son application, chaque formulation de Rapidase<sup>\u00ae<\/sup> est d\u00e9velopp\u00e9e et test\u00e9e avec les instituts de recherche en oenologie les plus renomm\u00e9s au monde, et valid\u00e9e en cave \u00e0 l&rsquo;\u00e9chelle de la production.<\/p>\n\n\n<div class=\"wp-block-image is-style-zoooom\">\n<figure class=\"aligncenter size-full\"><img alt=\"\" loading=\"lazy\" decoding=\"async\" width=\"685\" height=\"591\" src=\"http:\/\/oenobrands.com\/wp-content\/uploads\/2024\/05\/Product_Rapidase-Extra-fruit-1.png\" alt=\"\" class=\"wp-image-7636\" srcset=\"https:\/\/oenobrands.com\/wp-content\/uploads\/2024\/05\/Product_Rapidase-Extra-fruit-1.png 685w, https:\/\/oenobrands.com\/wp-content\/uploads\/2024\/05\/Product_Rapidase-Extra-fruit-1-300x259.png 300w\" sizes=\"auto, (max-width: 685px) 100vw, 685px\" \/><figcaption class=\"wp-element-caption\">Comparatifs d\u2019enzymes de mac\u00e9ration sur le profil organoleptique du Pinot noir, Bayern, Allemagne.<\/figcaption><\/figure>\n<\/div>\n\n\n<div style=\"height:50px\" aria-hidden=\"true\" class=\"wp-block-spacer\"><\/div>\n\n\n\n<p>Notre personnel technique et commercial est \u00e0 votre disposition si vous souhaitez des r\u00e9sultats de tests, de m\u00eame que pour vous aider \u00e0 \u00e9valuer les performances de nos produits haut de gamme dans vos conditions sp\u00e9cifiques.<\/p>\n<\/div>\n\n\n\n<div class=\"wp-block-column is-layout-flow wp-block-column-is-layout-flow\" style=\"flex-basis:6%\"><\/div>\n\n\n\n<div class=\"wp-block-column has-background is-layout-flow wp-block-column-is-layout-flow\" style=\"background-color:#f7f7f7;flex-basis:45%\">\n<div class=\"wp-block-columns is-layout-flex wp-container-core-columns-is-layout-9d6595d7 wp-block-columns-is-layout-flex\">\n<div class=\"wp-block-column is-layout-flow wp-block-column-is-layout-flow\"><div class=\"wp-block-image\">\n<figure class=\"aligncenter size-full\"><img loading=\"lazy\" decoding=\"async\" width=\"793\" height=\"151\" src=\"http:\/\/oenobrands.com\/wp-content\/uploads\/2024\/05\/Rapidase_Extra_fruit_title-no-font.png\" alt=\"Rapidase_Extra_fruit_wine-enzyme-vin\" class=\"wp-image-7430\" srcset=\"https:\/\/oenobrands.com\/wp-content\/uploads\/2024\/05\/Rapidase_Extra_fruit_title-no-font.png 793w, https:\/\/oenobrands.com\/wp-content\/uploads\/2024\/05\/Rapidase_Extra_fruit_title-no-font-300x57.png 300w, https:\/\/oenobrands.com\/wp-content\/uploads\/2024\/05\/Rapidase_Extra_fruit_title-no-font-768x146.png 768w\" sizes=\"auto, (max-width: 793px) 100vw, 793px\" \/><\/figure>\n<\/div><\/div>\n<\/div>\n\n\n\n<div style=\"height:40px\" aria-hidden=\"true\" class=\"wp-block-spacer\"><\/div>\n\n\n\n<p class=\"has-text-align-center\"><strong>T\u00c9L\u00c9CHARGER LA FICHE D&rsquo;APPLICATION<\/strong><\/p>\n\n\n\n<div class=\"wp-block-group\"><div class=\"wp-block-group__inner-container is-layout-constrained wp-block-group-is-layout-constrained\">\n<div class=\"wp-block-columns is-not-stacked-on-mobile is-layout-flex wp-container-core-columns-is-layout-9d6595d7 wp-block-columns-is-layout-flex\">\n<div class=\"wp-block-column is-layout-flow wp-block-column-is-layout-flow\">\n<figure class=\"wp-block-image size-full\"><a href=\"https:\/\/oenobrands.com\/wp-content\/uploads\/2025\/12\/RAPIDASE-ADS-EN-Extrafruit-2025-A4_G-01.pdf\" target=\"_blank\" rel=\"noreferrer noopener\"><img loading=\"lazy\" decoding=\"async\" width=\"180\" height=\"94\" src=\"http:\/\/oenobrands.com\/wp-content\/uploads\/2023\/04\/flag-united-states-english-american.png\" alt=\"drapeau flag usa english american\" class=\"wp-image-2510\"\/><\/a><\/figure>\n<\/div>\n\n\n\n<div class=\"wp-block-column is-layout-flow wp-block-column-is-layout-flow\">\n<figure class=\"wp-block-image size-full\"><a href=\"https:\/\/oenobrands.com\/wp-content\/uploads\/2025\/12\/RAPIDASE-ADS-FR-Extrafruit-2025-A4-G-01.pdf\" target=\"_blank\" rel=\"noreferrer noopener\"><img loading=\"lazy\" decoding=\"async\" width=\"180\" height=\"94\" src=\"http:\/\/oenobrands.com\/wp-content\/uploads\/2023\/04\/drapeau-francais-france.png\" alt=\"drapeau flag francais france\" class=\"wp-image-2508\"\/><\/a><\/figure>\n<\/div>\n\n\n\n<div class=\"wp-block-column is-layout-flow wp-block-column-is-layout-flow\">\n<figure class=\"wp-block-image size-full is-resized\"><a href=\"https:\/\/oenobrands.com\/wp-content\/uploads\/2025\/12\/RAPIDASE-ADS-ES-Extrafruit-2025-A4-G-01.pdf\" target=\"_blank\" rel=\"noreferrer noopener\"><img loading=\"lazy\" decoding=\"async\" width=\"180\" height=\"94\" src=\"http:\/\/oenobrands.com\/wp-content\/uploads\/2023\/04\/bandiera-spagnola-spagna.png\" alt=\"drapeau flag bandiera spagnola spagna\" class=\"wp-image-2506\" style=\"width:41px;height:auto\"\/><\/a><\/figure>\n<\/div>\n\n\n\n<div class=\"wp-block-column is-layout-flow wp-block-column-is-layout-flow\">\n<figure class=\"wp-block-image size-full\"><a href=\"https:\/\/oenobrands.com\/wp-content\/uploads\/2025\/12\/RAPIDASE-ADS-IT-Extrafruit-2025-A4-G-01.pdf\" target=\"_blank\" rel=\"noreferrer noopener\"><img loading=\"lazy\" decoding=\"async\" width=\"180\" height=\"94\" src=\"http:\/\/oenobrands.com\/wp-content\/uploads\/2023\/04\/bandiera-italiana-italy.png\" alt=\"drapeau flag bandiera italiana italy\" class=\"wp-image-2512\"\/><\/a><\/figure>\n<\/div>\n\n\n\n<div class=\"wp-block-column is-layout-flow wp-block-column-is-layout-flow\">\n<figure class=\"wp-block-image size-full\"><a href=\"https:\/\/oenobrands.com\/wp-content\/uploads\/2025\/12\/RAPIDASE-ADS-PT-Extrafruit-2025-A4-G-01.pdf\" target=\"_blank\" rel=\"noreferrer noopener\"><img loading=\"lazy\" decoding=\"async\" width=\"180\" height=\"94\" src=\"http:\/\/oenobrands.com\/wp-content\/uploads\/2024\/05\/Flag-drapeau-Portugal.png\" alt=\"Flag-drapeau-Portugal\" class=\"wp-image-7139\"\/><\/a><\/figure>\n<\/div>\n\n\n\n<div class=\"wp-block-column is-layout-flow wp-block-column-is-layout-flow\">\n<figure class=\"wp-block-image size-full\"><a href=\"https:\/\/oenobrands.com\/wp-content\/uploads\/2025\/12\/RAPIDASE-ADS-ALL-Extrafruit-2025-A4-G-01.pdf\" target=\"_blank\" rel=\"noreferrer noopener\"><img loading=\"lazy\" decoding=\"async\" width=\"180\" height=\"94\" src=\"http:\/\/oenobrands.com\/wp-content\/uploads\/2023\/05\/Flagge-Deutschland.png\" alt=\"Flagge-Deutschland\" class=\"wp-image-3550\"\/><\/a><\/figure>\n<\/div>\n<\/div>\n\n\n\n<div class=\"wp-block-columns is-not-stacked-on-mobile is-layout-flex wp-container-core-columns-is-layout-9d6595d7 wp-block-columns-is-layout-flex\">\n<div class=\"wp-block-column is-layout-flow wp-block-column-is-layout-flow\">\n<figure class=\"wp-block-image size-full\"><a href=\"https:\/\/oenobrands.com\/wp-content\/uploads\/2025\/12\/RAPIDASE-ADS-RO-Extrafruit-2025-A4-G-01.pdf\" target=\"_blank\" rel=\"noreferrer noopener\"><img loading=\"lazy\" decoding=\"async\" width=\"180\" height=\"94\" src=\"http:\/\/oenobrands.com\/wp-content\/uploads\/2024\/05\/Flag-drapeau-Roumanie.png\" alt=\"Flag-drapeau-Roumanie\" class=\"wp-image-7145\"\/><\/a><\/figure>\n<\/div>\n\n\n\n<div class=\"wp-block-column is-layout-flow wp-block-column-is-layout-flow\">\n<figure class=\"wp-block-image size-full\"><a href=\"https:\/\/oenobrands.com\/wp-content\/uploads\/2025\/12\/RAPIDASE-ADS-CROATE-Extrafruit-2025-A4-G-01.pdf\" target=\"_blank\" rel=\"noreferrer noopener\"><img loading=\"lazy\" decoding=\"async\" width=\"180\" height=\"94\" src=\"http:\/\/oenobrands.com\/wp-content\/uploads\/2024\/05\/flag-drapeau-croatie.png\" alt=\"flag-drapeau-croatie\" class=\"wp-image-7143\"\/><\/a><\/figure>\n<\/div>\n\n\n\n<div class=\"wp-block-column is-layout-flow wp-block-column-is-layout-flow\">\n<figure class=\"wp-block-image size-full\"><a href=\"https:\/\/oenobrands.com\/wp-content\/uploads\/2025\/12\/RAPIDASE-ADS-CZ-Extrafruit-2025-A4-Biopro-G-01.pdf\" target=\"_blank\" rel=\"noreferrer noopener\"><img loading=\"lazy\" decoding=\"async\" width=\"180\" height=\"94\" src=\"http:\/\/oenobrands.com\/wp-content\/uploads\/2023\/05\/Flag-vlajka-Czech-Republic.png\" alt=\"Flag-vlajka-Czech-Republic-drapeau\" class=\"wp-image-3548\"\/><\/a><\/figure>\n<\/div>\n\n\n\n<div class=\"wp-block-column is-layout-flow wp-block-column-is-layout-flow\">\n<figure class=\"wp-block-image size-full\"><a href=\"https:\/\/oenobrands.com\/wp-content\/uploads\/2025\/12\/RAPIDASE-ADS-BUL-Extrafruit-2025-A4-G-01.pdf\" target=\"_blank\" rel=\"noreferrer noopener\"><img alt=\"\" loading=\"lazy\" decoding=\"async\" width=\"180\" height=\"94\" src=\"http:\/\/oenobrands.com\/wp-content\/uploads\/2024\/05\/flag-drapeau-bulgarie.png\" alt=\"\" class=\"wp-image-7141\"\/><\/a><\/figure>\n<\/div>\n\n\n\n<div class=\"wp-block-column is-layout-flow wp-block-column-is-layout-flow\"><\/div>\n\n\n\n<div class=\"wp-block-column is-layout-flow wp-block-column-is-layout-flow\"><\/div>\n<\/div>\n<\/div><\/div>\n\n\n\n<hr class=\"wp-block-separator has-text-color has-black-color has-alpha-channel-opacity has-black-background-color has-background\"\/>\n\n\n\n<div class=\"wp-block-buttons is-content-justification-center is-layout-flex wp-container-core-buttons-is-layout-16018d1d wp-block-buttons-is-layout-flex\">\n<div class=\"wp-block-button\"><a class=\"wp-block-button__link wp-element-button\" href=\"https:\/\/oenobrands.com\/fr\/notre-reseau-de-distributeurs\/<br\/&gt;<br\/&gt;<div style=&quot;all: initial !important;&quot;&gt; <\/div&gt;\">VOTRE DISTRIBUTEUR<\/a><\/div>\n<\/div>\n\n\n\n<hr class=\"wp-block-separator has-text-color has-black-color has-alpha-channel-opacity has-black-background-color has-background\"\/>\n\n\n\n<h3 class=\"wp-block-heading\"><strong>Instructions d&rsquo;utilisation et dosage<\/strong><\/h3>\n\n\n\n<ul class=\"wp-block-list\">\n<li>Ajouter le plus t\u00f4t possible au fouloir ou en mac\u00e9ration.<\/li>\n\n\n\n<li>Diluer 10 fois avant ajout.<\/li>\n<\/ul>\n\n\n\n<p class=\"has-text-align-left\"><strong>RAISINS ROUGES<\/strong><\/p>\n\n\n\n<figure class=\"wp-block-table aligncenter\"><table><thead><tr><th class=\"has-text-align-center\" data-align=\"center\">T\u00b0<\/th><th class=\"has-text-align-center\" data-align=\"center\">Dose<\/th><\/tr><\/thead><tbody><tr><td class=\"has-text-align-center\" data-align=\"center\">8-12 \u00b0C<br>(en cas de mac\u00e9ration pr\u00e9-fermentaire \u00e0 froid)<\/td><td class=\"has-text-align-center\" data-align=\"center\">3 g\/100 Kg<\/td><\/tr><tr><td class=\"has-text-align-center\" data-align=\"center\">&gt; 20 \u00b0C<br>(en cas de mac\u00e9ration traditionnelle\/fermentation)<\/td><td class=\"has-text-align-center\" data-align=\"center\">2 g\/100 Kg<\/td><\/tr><\/tbody><\/table><figcaption class=\"wp-element-caption\"><strong>Remarque: en pr\u00e9sence de baies \u00e0 pellicule \u00e9paisse ou de vendange pr\u00e9coce: 3 g\/100 Kg.<\/strong><\/figcaption><\/figure>\n\n\n\n<div style=\"height:30px\" aria-hidden=\"true\" class=\"wp-block-spacer\"><\/div>\n\n\n\n<ul class=\"wp-block-list\">\n<li>Active de 10 \u00e0 50 \u00b0C. Son activit\u00e9 augmente avec la temp\u00e9rature. Au-del\u00e0 de 50\u00b0C, <strong>Rapidase Extra Fruit<\/strong> est inactiv\u00e9e. <\/li>\n\n\n\n<li>Active dans la gamme de pH du vin et en pr\u00e9sence de doses normales de SO2.<\/li>\n\n\n\n<li>\u00c9limin\u00e9e par la bentonite.<\/li>\n<\/ul>\n\n\n\n<h3 class=\"wp-block-heading\"><strong>Conditionnement<\/strong><\/h3>\n\n\n\n<p><strong>Rapidase Extra Fruit<\/strong> est disponible en pots de 100 g et 1 Kg.<\/p>\n\n\n\n<h3 class=\"wp-block-heading\"><strong>Conservation<\/strong><\/h3>\n\n\n\n<p>Conserver dans un endroit sec et frais, entre 5 et 15 \u00b0C.<\/p>\n\n\n\n<p>Une fois ouvert, le produit peut \u00eatre utilis\u00e9 jusqu\u2019\u00e0 sa date limite d\u2019utilisation.<\/p>\n<\/div>\n<\/div>\n\n\n\n<div class=\"wp-block-group\"><div class=\"wp-block-group__inner-container is-layout-constrained wp-block-group-is-layout-constrained\">\n<div style=\"height:30px\" aria-hidden=\"true\" class=\"wp-block-spacer\"><\/div>\n\n\n\n<hr class=\"wp-block-separator has-text-color has-black-color has-alpha-channel-opacity has-black-background-color has-background\"\/>\n<\/div><\/div>\n\n\n\n<div class=\"wp-block-columns is-layout-flex wp-container-core-columns-is-layout-9d6595d7 wp-block-columns-is-layout-flex\">\n<div class=\"wp-block-column is-layout-flow wp-block-column-is-layout-flow\">\n<div class=\"wp-block-group\"><div class=\"wp-block-group__inner-container is-layout-constrained wp-block-group-is-layout-constrained\">\n<h2 class=\"wp-block-heading\"><strong><strong> Explorez les solutions associ\u00e9es<\/strong>: <\/strong><\/h2>\n\n\n\n<div style=\"height:30px\" aria-hidden=\"true\" class=\"wp-block-spacer\"><\/div>\n\n\n\n<p><strong>Vous recherchez une approche plus holistique de la vinification ?<\/strong> D\u00e9couvrez nos solutions \u0153nologiques avanc\u00e9es en lien avec <strong>Rapidase Extra Fruit<\/strong>.<\/p>\n\n\n\n<div style=\"height:30px\" aria-hidden=\"true\" class=\"wp-block-spacer\"><\/div>\n\n\n\n<div class=\"wp-block-columns are-vertically-aligned-center is-layout-flex wp-container-core-columns-is-layout-9d6595d7 wp-block-columns-is-layout-flex\">\n<div class=\"wp-block-column is-vertically-aligned-center is-layout-flow wp-block-column-is-layout-flow\" style=\"flex-basis:100%\">\n<div class=\"wp-block-buttons is-content-justification-center is-layout-flex wp-container-core-buttons-is-layout-16018d1d wp-block-buttons-is-layout-flex\">\n<div class=\"wp-block-button is-style-fill\"><a class=\"wp-block-button__link wp-element-button\" href=\"https:\/\/oenobrands.com\/aroma-extraction-from-grapes\/\" target=\"_blank\" rel=\"noreferrer noopener\">Extraction d&rsquo;ar\u00f4mes<\/a><\/div>\n\n\n\n<div class=\"wp-block-button is-style-fill\"><a class=\"wp-block-button__link wp-element-button\" href=\"https:\/\/oenobrands.com\/solution\/colour\/colour-extraction\/\" target=\"_blank\" rel=\"noreferrer noopener\">Extraction de la couleur<\/a><\/div>\n\n\n\n<div class=\"wp-block-button is-style-fill\"><a class=\"wp-block-button__link wp-element-button\" href=\"https:\/\/oenobrands.com\/solution\/colour\/colour-stabilisation\/\" target=\"_blank\" rel=\"noreferrer noopener\">Stabilisation de la couleur<\/a><\/div>\n\n\n\n<div class=\"wp-block-button is-style-fill\"><a class=\"wp-block-button__link wp-element-button\" href=\"https:\/\/oenobrands.com\/key-positive-aroma-compounds\/\" target=\"_blank\" rel=\"noreferrer noopener\">Compos\u00e9s aromatiques<\/a><\/div>\n<\/div>\n<\/div>\n<\/div>\n<\/div><\/div>\n\n\n\n<div style=\"height:30px\" aria-hidden=\"true\" class=\"wp-block-spacer\"><\/div>\n<\/div>\n\n\n\n<div class=\"wp-block-column is-layout-flow wp-block-column-is-layout-flow\">\n<h2 class=\"wp-block-heading\"><strong>Vous cherchez quelque chose d&rsquo;autre ?<\/strong><\/h2>\n\n\n\n<div style=\"height:30px\" aria-hidden=\"true\" class=\"wp-block-spacer\"><\/div>\n\n\n\n<p>Visitez notre section \u00ab Solution \u00bb, o\u00f9 nous proposons des conseils d&rsquo;experts, des connaissances populaires et des approches novatrices organis\u00e9es par processus de vinification. <strong>De la fermentation \u00e0 la filtration\/mise en bouteille, nous vous accompagnons avec des solutions pour am\u00e9liorer chaque \u00e9tape de votre processus de vinification.<\/strong><\/p>\n\n\n\n<div style=\"height:30px\" aria-hidden=\"true\" class=\"wp-block-spacer\"><\/div>\n\n\n\n<div class=\"wp-block-columns are-vertically-aligned-center is-layout-flex wp-container-core-columns-is-layout-9d6595d7 wp-block-columns-is-layout-flex\">\n<div class=\"wp-block-column is-vertically-aligned-center is-layout-flow wp-block-column-is-layout-flow\" style=\"flex-basis:100%\">\n<div class=\"wp-block-buttons is-content-justification-center is-layout-flex wp-container-core-buttons-is-layout-16018d1d wp-block-buttons-is-layout-flex\">\n<div class=\"wp-block-button is-style-fill\"><a class=\"wp-block-button__link wp-element-button\" href=\"https:\/\/oenobrands.com\/fr\/solution\/<br\/&gt;<br\/&gt;<div style=&quot;all: initial !important;&quot;&gt; <\/div&gt;\" target=\"_blank\" rel=\"noreferrer noopener\">Solutions de vinification avanc\u00e9es<\/a><\/div>\n<\/div>\n<\/div>\n<\/div>\n<\/div>\n<\/div>\n\n\n\n<hr class=\"wp-block-separator has-alpha-channel-opacity\"\/>\n\n\n\n<div style=\"height:30px\" aria-hidden=\"true\" class=\"wp-block-spacer\"><\/div>\n\n\n\n<div class=\"wp-block-columns is-layout-flex wp-container-core-columns-is-layout-9d6595d7 wp-block-columns-is-layout-flex\">\n<div class=\"wp-block-column is-vertically-aligned-center is-layout-flow wp-block-column-is-layout-flow\" style=\"flex-basis:30%\">\n<h1 class=\"wp-block-heading has-text-color\" style=\"color:#545859\">D\u00e9couvrez la gamme RAPIDASE<\/h1>\n\n\n\n<div style=\"height:30px\" aria-hidden=\"true\" class=\"wp-block-spacer\"><\/div>\n\n\n\n<div class=\"wp-block-buttons is-content-justification-center is-layout-flex wp-container-core-buttons-is-layout-16018d1d wp-block-buttons-is-layout-flex\">\n<div class=\"wp-block-button\"><a class=\"wp-block-button__link has-background wp-element-button\" href=\"https:\/\/oenobrands.com\/product\/enzyme\/rapidase\/\" style=\"background-color:#545859\" target=\"_blank\" rel=\"noreferrer noopener\">RAPIDASE<\/a><\/div>\n<\/div>\n<\/div>\n\n\n\n<div class=\"wp-block-column is-layout-flow wp-block-column-is-layout-flow\"><div class=\"wp-block-image\">\n<figure class=\"aligncenter size-full\"><img decoding=\"async\" src=\"http:\/\/oenobrands.com\/wp-content\/uploads\/2023\/05\/OENOBRANDS-Rapidase-bandeau.png\" alt=\"OENOBRANDS-Rapidase-bandeau\" class=\"wp-image-4529\"\/><\/figure>\n<\/div><\/div>\n<\/div>\n\n\n\n<div style=\"height:50px\" aria-hidden=\"true\" class=\"wp-block-spacer\"><\/div>\n","protected":false},"excerpt":{"rendered":"<p>Rapidase Extra Fruit Enzyme pour l\u2019extraction rapide et pr\u00e9coce des pr\u00e9curseurs d\u2019ar\u00f4mes en mac\u00e9ration [&hellip;]<\/p>\n","protected":false},"author":3,"featured_media":0,"parent":13508,"menu_order":9,"comment_status":"closed","ping_status":"closed","template":"page-product.php","meta":{"_acf_changed":false,"_seopress_robots_primary_cat":"0","_seopress_titles_title":"","_seopress_titles_desc":"","_seopress_robots_index":"","footnotes":""},"class_list":["post-13544","page","type-page","status-publish"],"acf":[],"_links":{"self":[{"href":"https:\/\/oenobrands.com\/fr\/wp-json\/wp\/v2\/pages\/13544","targetHints":{"allow":["GET"]}}],"collection":[{"href":"https:\/\/oenobrands.com\/fr\/wp-json\/wp\/v2\/pages"}],"about":[{"href":"https:\/\/oenobrands.com\/fr\/wp-json\/wp\/v2\/types\/page"}],"author":[{"embeddable":true,"href":"https:\/\/oenobrands.com\/fr\/wp-json\/wp\/v2\/users\/3"}],"replies":[{"embeddable":true,"href":"https:\/\/oenobrands.com\/fr\/wp-json\/wp\/v2\/comments?post=13544"}],"version-history":[{"count":0,"href":"https:\/\/oenobrands.com\/fr\/wp-json\/wp\/v2\/pages\/13544\/revisions"}],"up":[{"embeddable":true,"href":"https:\/\/oenobrands.com\/fr\/wp-json\/wp\/v2\/pages\/13508"}],"wp:attachment":[{"href":"https:\/\/oenobrands.com\/fr\/wp-json\/wp\/v2\/media?parent=13544"}],"curies":[{"name":"wp","href":"https:\/\/api.w.org\/{rel}","templated":true}]}}