{"id":13531,"date":"2022-10-19T22:06:01","date_gmt":"2022-10-19T20:06:01","guid":{"rendered":"https:\/\/oenobrands.com\/produit\/enzyme\/rapidase\/rapidase-thermoflash\/"},"modified":"2025-12-11T09:39:56","modified_gmt":"2025-12-11T08:39:56","slug":"rapidase-thermoflash","status":"publish","type":"page","link":"https:\/\/oenobrands.com\/fr\/produit\/enzyme\/rapidase\/rapidase-thermoflash\/","title":{"rendered":"Rapidase Thermoflash"},"content":{"rendered":"\n<h1 class=\"wp-block-heading has-text-color\" style=\"color:#a51890\">Rapidase Thermoflash<\/h1>\n\n\n\n<div style=\"height:30px\" aria-hidden=\"true\" class=\"wp-block-spacer\"><\/div>\n\n\n\n<h2 class=\"wp-block-heading\"><strong>Enzyme pour la clarification rapide et efficace des mo\u00fbts apr\u00e8s thermo-traitement<\/strong><\/h2>\n\n\n\n<div style=\"height:30px\" aria-hidden=\"true\" class=\"wp-block-spacer\"><\/div>\n\n\n\n<h3 class=\"wp-block-heading\"><strong>OBJECTIF<\/strong><\/h3>\n\n\n\n<p><strong>Rapidase<sup>\u00ae<\/sup> Thermoflash<\/strong> r\u00e9duit la viscosit\u00e9 des mo\u00fbts thermo-trait\u00e9s. Son utilisation facilite non seulement le pressurage mais acc\u00e9l\u00e8re et am\u00e9liore aussi la clarification et la filtration. <\/p>\n\n\n\n<div style=\"height:50px\" aria-hidden=\"true\" class=\"wp-block-spacer\"><\/div>\n\n\n\n<div class=\"wp-block-columns is-layout-flex wp-container-core-columns-is-layout-9d6595d7 wp-block-columns-is-layout-flex\">\n<div class=\"wp-block-column is-layout-flow wp-block-column-is-layout-flow\" style=\"flex-basis:45%\">\n<h3 class=\"wp-block-heading has-text-color\" style=\"color:#a51890\"><strong>Composition<\/strong><\/h3>\n\n\n\n<p><strong>Rapidase Thermoflash<\/strong> est une pr\u00e9paration liquide d\u2019enzymes pectolytiques complexe et<br>thermostable qui contient naturellement des niveaux n\u00e9gligeables d\u2019activit\u00e9s cinnamyl esterase (nFCE) et d\u2019anthocyanases.<\/p>\n\n\n\n<p><strong>Rapidase Thermoflash<\/strong> permet aussi de r\u00e9duire l\u2019empreinte carbone et \u00e9cologique du process de la vinification, en minimisant l\u2019utilisation d\u2019\u00e9nergie.<\/p>\n\n\n\n<h3 class=\"wp-block-heading has-text-color\" style=\"color:#a51890\"><strong>Test\u00e9 et Valid\u00e9<\/strong><\/h3>\n\n\n\n<p>Pour offrir la meilleure efficacit\u00e9 dans son application, chaque formulation de Rapidase<sup>\u00ae<\/sup> est d\u00e9velopp\u00e9e et test\u00e9e avec les instituts de recherche en oenologie les plus renomm\u00e9s au monde, et valid\u00e9e en cave \u00e0 l&rsquo;\u00e9chelle de la production.<\/p>\n\n\n<div class=\"wp-block-image is-style-zoooom\">\n<figure class=\"aligncenter size-full\"><img alt=\"\" loading=\"lazy\" decoding=\"async\" width=\"835\" height=\"625\" src=\"http:\/\/oenobrands.com\/wp-content\/uploads\/2024\/05\/Product_Rapidase-Thermoflash-1.png\" alt=\"\" class=\"wp-image-7634\" srcset=\"https:\/\/oenobrands.com\/wp-content\/uploads\/2024\/05\/Product_Rapidase-Thermoflash-1.png 835w, https:\/\/oenobrands.com\/wp-content\/uploads\/2024\/05\/Product_Rapidase-Thermoflash-1-300x225.png 300w, https:\/\/oenobrands.com\/wp-content\/uploads\/2024\/05\/Product_Rapidase-Thermoflash-1-768x575.png 768w\" sizes=\"auto, (max-width: 835px) 100vw, 835px\" \/><figcaption class=\"wp-element-caption\">Comparaison d\u2019enzymes en d\u00e9pectinisation de jus apr\u00e8s thermovinification. R\u00e9sultats de tests pectine. Grenache, Languedoc, France. <\/figcaption><\/figure>\n<\/div>\n\n\n<div style=\"height:30px\" aria-hidden=\"true\" class=\"wp-block-spacer\"><\/div>\n\n\n\n<p>Notre personnel technique et commercial est \u00e0 votre disposition si vous souhaitez des r\u00e9sultats de tests, de m\u00eame que pour vous aider \u00e0 \u00e9valuer les performances de nos produits haut de gamme dans vos conditions sp\u00e9cifiques.<\/p>\n<\/div>\n\n\n\n<div class=\"wp-block-column is-layout-flow wp-block-column-is-layout-flow\" style=\"flex-basis:6%\"><\/div>\n\n\n\n<div class=\"wp-block-column has-background is-layout-flow wp-block-column-is-layout-flow\" style=\"background-color:#f7f7f7;flex-basis:45%\">\n<div class=\"wp-block-columns is-layout-flex wp-container-core-columns-is-layout-9d6595d7 wp-block-columns-is-layout-flex\">\n<div class=\"wp-block-column is-layout-flow wp-block-column-is-layout-flow\"><div class=\"wp-block-image\">\n<figure class=\"aligncenter size-full\"><img alt=\"Rapidase_Thermoflash_wine-enzyme-vin\" loading=\"lazy\" decoding=\"async\" width=\"1003\" height=\"202\" src=\"http:\/\/oenobrands.com\/wp-content\/uploads\/2024\/05\/Rapidase_Thermoflash-removebg-preview.png\" alt=\"Rapidase_Thermoflash_wine-enzyme-vin\n\" class=\"wp-image-7416\" srcset=\"https:\/\/oenobrands.com\/wp-content\/uploads\/2024\/05\/Rapidase_Thermoflash-removebg-preview.png 1003w, https:\/\/oenobrands.com\/wp-content\/uploads\/2024\/05\/Rapidase_Thermoflash-removebg-preview-300x60.png 300w, https:\/\/oenobrands.com\/wp-content\/uploads\/2024\/05\/Rapidase_Thermoflash-removebg-preview-768x155.png 768w\" sizes=\"auto, (max-width: 1003px) 100vw, 1003px\" \/><\/figure>\n<\/div><\/div>\n<\/div>\n\n\n\n<div style=\"height:40px\" aria-hidden=\"true\" class=\"wp-block-spacer\"><\/div>\n\n\n\n<p class=\"has-text-align-center\"><strong>T\u00c9L\u00c9CHARGER LA FICHE D&rsquo;APPLICATION<\/strong><\/p>\n\n\n\n<div class=\"wp-block-group\"><div class=\"wp-block-group__inner-container is-layout-constrained wp-block-group-is-layout-constrained\">\n<div class=\"wp-block-columns is-not-stacked-on-mobile is-layout-flex wp-container-core-columns-is-layout-9d6595d7 wp-block-columns-is-layout-flex\">\n<div class=\"wp-block-column is-layout-flow wp-block-column-is-layout-flow\">\n<figure class=\"wp-block-image size-full\"><a href=\"https:\/\/oenobrands.com\/wp-content\/uploads\/2025\/12\/RAPIDASE-ADS-EN-Thermoflash-2025-A4-G-01.pdf\" target=\"_blank\" rel=\"noreferrer noopener\"><img loading=\"lazy\" decoding=\"async\" width=\"180\" height=\"94\" src=\"http:\/\/oenobrands.com\/wp-content\/uploads\/2023\/04\/flag-united-states-english-american.png\" alt=\"bandiera USA \u2013 inglese \/ americano\" class=\"wp-image-2510\"\/><\/a><\/figure>\n<\/div>\n\n\n\n<div class=\"wp-block-column is-layout-flow wp-block-column-is-layout-flow\">\n<figure class=\"wp-block-image size-full\"><a href=\"https:\/\/oenobrands.com\/wp-content\/uploads\/2025\/12\/RAPIDASE-ADS-FR-Thermoflash-2025-A4-G-01.pdf\" target=\"_blank\" rel=\"noreferrer noopener\"><img loading=\"lazy\" decoding=\"async\" width=\"180\" height=\"94\" src=\"http:\/\/oenobrands.com\/wp-content\/uploads\/2023\/04\/drapeau-francais-france.png\" alt=\"bandiera francese \u2013 Francia\" class=\"wp-image-2508\"\/><\/a><\/figure>\n<\/div>\n\n\n\n<div class=\"wp-block-column is-layout-flow wp-block-column-is-layout-flow\">\n<figure class=\"wp-block-image size-full\"><a href=\"https:\/\/oenobrands.com\/wp-content\/uploads\/2025\/12\/RAPIDASE-ADS-ES-Thermoflash-2025-A4-G-01.pdf\" target=\"_blank\" rel=\"noreferrer noopener\"><img loading=\"lazy\" decoding=\"async\" width=\"180\" height=\"94\" src=\"http:\/\/oenobrands.com\/wp-content\/uploads\/2023\/04\/bandiera-spagnola-spagna.png\" alt=\"bandiera spagnola \u2013 Spagna\" class=\"wp-image-2506\"\/><\/a><\/figure>\n<\/div>\n\n\n\n<div class=\"wp-block-column is-layout-flow wp-block-column-is-layout-flow\">\n<figure class=\"wp-block-image size-full\"><a href=\"https:\/\/oenobrands.com\/wp-content\/uploads\/2025\/12\/RAPIDASE-ADS-IT-Thermoflash-2025-A4-G-01.pdf\" target=\"_blank\" rel=\"noreferrer noopener\"><img loading=\"lazy\" decoding=\"async\" width=\"180\" height=\"94\" src=\"http:\/\/oenobrands.com\/wp-content\/uploads\/2023\/04\/bandiera-italiana-italy.png\" alt=\"bandiera italiana \u2013 Italia\" class=\"wp-image-2512\"\/><\/a><\/figure>\n<\/div>\n\n\n\n<div class=\"wp-block-column is-layout-flow wp-block-column-is-layout-flow\">\n<figure class=\"wp-block-image size-full\"><a href=\"https:\/\/oenobrands.com\/wp-content\/uploads\/2025\/12\/RAPIDASE-ADS-PT-Thermoflash-2025-A4-G-01.pdf\" target=\"_blank\" rel=\"noreferrer noopener\"><img loading=\"lazy\" decoding=\"async\" width=\"180\" height=\"94\" src=\"http:\/\/oenobrands.com\/wp-content\/uploads\/2024\/05\/Flag-drapeau-Portugal.png\" alt=\"bandiera portoghese \u2013 Portogallo\" class=\"wp-image-7139\"\/><\/a><\/figure>\n<\/div>\n\n\n\n<div class=\"wp-block-column is-layout-flow wp-block-column-is-layout-flow\">\n<figure class=\"wp-block-image size-full\"><a href=\"https:\/\/oenobrands.com\/wp-content\/uploads\/2025\/12\/RAPIDASE-ADS-ALL-Thermoflash-2025-A4-G-01.pdf\" target=\"_blank\" rel=\"noreferrer noopener\"><img loading=\"lazy\" decoding=\"async\" width=\"180\" height=\"94\" src=\"http:\/\/oenobrands.com\/wp-content\/uploads\/2023\/05\/Flagge-Deutschland.png\" alt=\"Flagge-Deutschland\" class=\"wp-image-3550\"\/><\/a><\/figure>\n<\/div>\n<\/div>\n\n\n\n<div class=\"wp-block-columns is-not-stacked-on-mobile is-layout-flex wp-container-core-columns-is-layout-9d6595d7 wp-block-columns-is-layout-flex\">\n<div class=\"wp-block-column is-layout-flow wp-block-column-is-layout-flow\">\n<figure class=\"wp-block-image size-full\"><a href=\"https:\/\/oenobrands.com\/wp-content\/uploads\/2025\/12\/RAPIDASE-ADS-RO-Thermoflash-2025-A4-G-01.pdf\" target=\"_blank\" rel=\"noreferrer noopener\"><img loading=\"lazy\" decoding=\"async\" width=\"180\" height=\"94\" src=\"http:\/\/oenobrands.com\/wp-content\/uploads\/2024\/05\/Flag-drapeau-Roumanie.png\" alt=\"bandiera Romania\" class=\"wp-image-7145\"\/><\/a><\/figure>\n<\/div>\n\n\n\n<div class=\"wp-block-column is-layout-flow wp-block-column-is-layout-flow\">\n<figure class=\"wp-block-image size-full\"><a href=\"https:\/\/oenobrands.com\/wp-content\/uploads\/2025\/12\/RAPIDASE-ADS-CROATE-Thermoflash-2025-A4-G-01.pdf\" target=\"_blank\" rel=\"noreferrer noopener\"><img loading=\"lazy\" decoding=\"async\" width=\"180\" height=\"94\" src=\"http:\/\/oenobrands.com\/wp-content\/uploads\/2024\/05\/flag-drapeau-croatie.png\" alt=\"bandiera Repubblica Ceca\" class=\"wp-image-7143\"\/><\/a><\/figure>\n<\/div>\n\n\n\n<div class=\"wp-block-column is-layout-flow wp-block-column-is-layout-flow\">\n<figure class=\"wp-block-image size-full\"><a href=\"https:\/\/oenobrands.com\/wp-content\/uploads\/2025\/12\/RAPIDASE-ADS-CZ-Thermoflash-2025-A4-Biopro-G-01.pdf\" target=\"_blank\" rel=\"noreferrer noopener\"><img loading=\"lazy\" decoding=\"async\" width=\"180\" height=\"94\" src=\"http:\/\/oenobrands.com\/wp-content\/uploads\/2023\/05\/Flag-vlajka-Czech-Republic.png\" alt=\"bandiera Repubblica Ceca\" class=\"wp-image-3548\"\/><\/a><\/figure>\n<\/div>\n\n\n\n<div class=\"wp-block-column is-layout-flow wp-block-column-is-layout-flow\">\n<figure class=\"wp-block-image size-full\"><a href=\"https:\/\/oenobrands.com\/wp-content\/uploads\/2025\/12\/RAPIDASE-ADS-BUL-Thermoflash-2025-A4-G-01.pdf\" target=\"_blank\" rel=\"noreferrer noopener\"><img alt=\"\" loading=\"lazy\" decoding=\"async\" width=\"180\" height=\"94\" src=\"http:\/\/oenobrands.com\/wp-content\/uploads\/2024\/05\/flag-drapeau-bulgarie.png\" alt=\"\" class=\"wp-image-7141\"\/><\/a><\/figure>\n<\/div>\n\n\n\n<div class=\"wp-block-column is-layout-flow wp-block-column-is-layout-flow\"><\/div>\n\n\n\n<div class=\"wp-block-column is-layout-flow wp-block-column-is-layout-flow\"><\/div>\n<\/div>\n<\/div><\/div>\n\n\n\n<hr class=\"wp-block-separator has-text-color has-black-color has-alpha-channel-opacity has-black-background-color has-background\"\/>\n\n\n\n<div class=\"wp-block-buttons is-content-justification-center is-layout-flex wp-container-core-buttons-is-layout-16018d1d wp-block-buttons-is-layout-flex\">\n<div class=\"wp-block-button\"><a class=\"wp-block-button__link wp-element-button\" href=\"https:\/\/oenobrands.com\/fr\/notre-reseau-de-distributeurs\/<br\/&gt;<br\/&gt;<div style=&quot;all: initial !important;&quot;&gt; <\/div&gt;\">VOTRE DISTRIBUTEUR<\/a><\/div>\n<\/div>\n\n\n\n<hr class=\"wp-block-separator has-text-color has-black-color has-alpha-channel-opacity has-black-background-color has-background\"\/>\n\n\n\n<h3 class=\"wp-block-heading\"><strong>Instructions d&rsquo;utilisation et dosage<\/strong><\/h3>\n\n\n\n<ul class=\"wp-block-list\">\n<li>Ajouter le plut t\u00f4t possible au fouloir avant la phase de chauffage ou apr\u00e8s celle-ci, \u00e0 une temp\u00e9rature inf\u00e9rieure \u00e0 68-70 \u00b0C.<\/li>\n\n\n\n<li>Diluer 10 fois avant ajout.<\/li>\n\n\n\n<li>La dose d&#8217;emploi d\u00e9pend de la temp\u00e9rature et du temps de contact.<\/li>\n\n\n\n<li>Le temps n\u00e9cessaire pour obtenir un test pectine n\u00e9gatif d\u00e9terminera le temps de contact et le dosage adapt\u00e9s.<\/li>\n<\/ul>\n\n\n\n<div style=\"height:30px\" aria-hidden=\"true\" class=\"wp-block-spacer\"><\/div>\n\n\n\n<div class=\"wp-block-buttons is-content-justification-center is-layout-flex wp-container-core-buttons-is-layout-16018d1d wp-block-buttons-is-layout-flex\">\n<div class=\"wp-block-button is-style-fill\"><a class=\"wp-block-button__link wp-element-button\" href=\"https:\/\/oenobrands.com\/fr\/ressources-techniques\/test-pectine\/\" target=\"_blank\" rel=\"noreferrer noopener\">Protocole de Test Pectine<\/a><\/div>\n<\/div>\n\n\n\n<div style=\"height:30px\" aria-hidden=\"true\" class=\"wp-block-spacer\"><\/div>\n\n\n\n<p class=\"has-text-align-left\"><strong>THERMO-TRAITEMENT  68-70 \u00b0C<\/strong><\/p>\n\n\n\n<figure class=\"wp-block-table\"><table><thead><tr><th>Quand<\/th><th>Dose<\/th><th>Commentaires<\/th><\/tr><\/thead><tbody><tr><td>Avant chauffage<\/td><td>1-3 mL\/hL<\/td><td>Temps de contact minimum de 1 h dans la cuve tampon avant chauffage et flash<\/td><\/tr><tr><td>Juste apr\u00e8s traitement thermo ou flash d\u00e9tente<\/td><td>1-3 mL\/hL<\/td><td>Pour faciliter le pressurage et la d\u00e9cantation et pour<br>augmenter le rendement en jus<\/td><\/tr><tr><td>Sur mo\u00fbt apr\u00e8s pressurage<\/td><td>2-3 mL\/hL<\/td><td>Pour am\u00e9liorer la clarification du mo\u00fbt<\/td><\/tr><\/tbody><\/table><\/figure>\n\n\n\n<ul class=\"wp-block-list\">\n<li>Active de 10 \u00e0 68 \u00b0C. Son activit\u00e9 augmente avec la temp\u00e9rature. Au del\u00e0 de 68 \u00b0C, Rapidase Thermoflash est inactiv\u00e9e. <\/li>\n\n\n\n<li>Active dans la gamme de pH du vin et en pr\u00e9sence de doses normales de SO2.<\/li>\n\n\n\n<li>\u00c9limin\u00e9e par la bentonite.<\/li>\n<\/ul>\n\n\n\n<h3 class=\"wp-block-heading\"><strong><strong>Conditionnement<\/strong><\/strong><\/h3>\n\n\n\n<p><strong>Rapidase Thermoflash<\/strong> est disponible en bidons plastiques de 20 Kg<\/p>\n\n\n\n<h3 class=\"wp-block-heading\"><strong>Conservation<\/strong><\/h3>\n\n\n\n<p>Conserver au frais, entre 4 et 8 \u00b0C.<\/p>\n<\/div>\n<\/div>\n\n\n\n<div class=\"wp-block-group\"><div class=\"wp-block-group__inner-container is-layout-constrained wp-block-group-is-layout-constrained\">\n<div style=\"height:30px\" aria-hidden=\"true\" class=\"wp-block-spacer\"><\/div>\n\n\n\n<hr class=\"wp-block-separator has-text-color has-black-color has-alpha-channel-opacity has-black-background-color has-background\"\/>\n<\/div><\/div>\n\n\n\n<div class=\"wp-block-columns is-layout-flex wp-container-core-columns-is-layout-9d6595d7 wp-block-columns-is-layout-flex\">\n<div class=\"wp-block-column is-layout-flow wp-block-column-is-layout-flow\">\n<div class=\"wp-block-group\"><div class=\"wp-block-group__inner-container is-layout-constrained wp-block-group-is-layout-constrained\">\n<h2 class=\"wp-block-heading\"><strong><strong> Explorez les solutions associ\u00e9es<\/strong>: <\/strong><\/h2>\n\n\n\n<div style=\"height:30px\" aria-hidden=\"true\" class=\"wp-block-spacer\"><\/div>\n\n\n\n<p><strong>Vous recherchez une approche plus holistique de la vinification ?<\/strong> DD\u00e9couvrez nos solutions \u0153nologiques avanc\u00e9es en lien avec <strong>Rapidase Thermoflash.<\/strong><\/p>\n\n\n\n<div style=\"height:30px\" aria-hidden=\"true\" class=\"wp-block-spacer\"><\/div>\n\n\n\n<div class=\"wp-block-columns are-vertically-aligned-center is-layout-flex wp-container-core-columns-is-layout-9d6595d7 wp-block-columns-is-layout-flex\">\n<div class=\"wp-block-column is-vertically-aligned-center is-layout-flow wp-block-column-is-layout-flow\" style=\"flex-basis:100%\">\n<div class=\"wp-block-buttons is-content-justification-center is-layout-flex wp-container-core-buttons-is-layout-16018d1d wp-block-buttons-is-layout-flex\">\n<div class=\"wp-block-button is-style-fill\"><a class=\"wp-block-button__link wp-element-button\" href=\"https:\/\/oenobrands.com\/solution\/pre-fermentation-steps\/heat-treatment\/\" target=\"_blank\" rel=\"noreferrer noopener\">Traitement \u00e0 chaud du raisin<\/a><\/div>\n<\/div>\n<\/div>\n<\/div>\n<\/div><\/div>\n\n\n\n<div style=\"height:30px\" aria-hidden=\"true\" class=\"wp-block-spacer\"><\/div>\n<\/div>\n\n\n\n<div class=\"wp-block-column is-layout-flow wp-block-column-is-layout-flow\">\n<h2 class=\"wp-block-heading\"><strong>Vous cherchez quelque chose d&rsquo;autre ?<\/strong><\/h2>\n\n\n\n<div style=\"height:30px\" aria-hidden=\"true\" class=\"wp-block-spacer\"><\/div>\n\n\n\n<p>Visitez notre section \u00ab Solution \u00bb, o\u00f9 nous proposons des conseils d&rsquo;experts, des connaissances populaires et des approches novatrices organis\u00e9es par processus de vinification. <strong>De la fermentation \u00e0 la filtration\/mise en bouteille, nous vous accompagnons avec des solutions pour am\u00e9liorer chaque \u00e9tape de votre processus de vinification.<\/strong><\/p>\n\n\n\n<div style=\"height:30px\" aria-hidden=\"true\" class=\"wp-block-spacer\"><\/div>\n\n\n\n<div class=\"wp-block-columns are-vertically-aligned-center is-layout-flex wp-container-core-columns-is-layout-9d6595d7 wp-block-columns-is-layout-flex\">\n<div class=\"wp-block-column is-vertically-aligned-center is-layout-flow wp-block-column-is-layout-flow\" style=\"flex-basis:100%\">\n<div class=\"wp-block-buttons is-content-justification-center is-layout-flex wp-container-core-buttons-is-layout-16018d1d wp-block-buttons-is-layout-flex\">\n<div class=\"wp-block-button is-style-fill\"><a class=\"wp-block-button__link wp-element-button\" href=\"https:\/\/oenobrands.com\/fr\/solution\/<br\/&gt;<br\/&gt;<div style=&quot;all: initial !important;&quot;&gt; <\/div&gt;\" target=\"_blank\" rel=\"noreferrer noopener\">Solutions de vinification avanc\u00e9es<\/a><\/div>\n<\/div>\n<\/div>\n<\/div>\n<\/div>\n<\/div>\n\n\n\n<div class=\"wp-block-group\"><div class=\"wp-block-group__inner-container is-layout-constrained wp-block-group-is-layout-constrained\">\n<hr class=\"wp-block-separator has-text-color has-black-color has-alpha-channel-opacity has-black-background-color has-background\"\/>\n<\/div><\/div>\n\n\n\n<div style=\"height:30px\" aria-hidden=\"true\" class=\"wp-block-spacer\"><\/div>\n\n\n\n<div class=\"wp-block-columns is-layout-flex wp-container-core-columns-is-layout-9d6595d7 wp-block-columns-is-layout-flex\">\n<div class=\"wp-block-column is-vertically-aligned-center is-layout-flow wp-block-column-is-layout-flow\" style=\"flex-basis:30%\">\n<h1 class=\"wp-block-heading has-text-color\" style=\"color:#545859\">D\u00e9couvrez la gamme RAPIDASE<\/h1>\n\n\n\n<div style=\"height:30px\" aria-hidden=\"true\" class=\"wp-block-spacer\"><\/div>\n\n\n\n<div class=\"wp-block-buttons is-content-justification-center is-layout-flex wp-container-core-buttons-is-layout-16018d1d wp-block-buttons-is-layout-flex\">\n<div class=\"wp-block-button\"><a class=\"wp-block-button__link has-background wp-element-button\" href=\"https:\/\/oenobrands.com\/product\/enzyme\/rapidase\/\" style=\"background-color:#545859\" target=\"_blank\" rel=\"noreferrer noopener\">RAPIDASE<\/a><\/div>\n<\/div>\n<\/div>\n\n\n\n<div class=\"wp-block-column is-layout-flow wp-block-column-is-layout-flow\"><div class=\"wp-block-image\">\n<figure class=\"aligncenter size-full\"><img decoding=\"async\" src=\"http:\/\/oenobrands.com\/wp-content\/uploads\/2023\/05\/OENOBRANDS-Rapidase-bandeau.png\" alt=\"OENOBRANDS-Rapidase-bandeau\" class=\"wp-image-4529\"\/><\/figure>\n<\/div><\/div>\n<\/div>\n\n\n\n<div style=\"height:50px\" aria-hidden=\"true\" class=\"wp-block-spacer\"><\/div>\n","protected":false},"excerpt":{"rendered":"<p>Rapidase Thermoflash Enzyme pour la clarification rapide et efficace des mo\u00fbts apr\u00e8s thermo-traitement OBJECTIF [&hellip;]<\/p>\n","protected":false},"author":3,"featured_media":0,"parent":13508,"menu_order":7,"comment_status":"closed","ping_status":"closed","template":"page-product.php","meta":{"_acf_changed":false,"_seopress_robots_primary_cat":"0","_seopress_titles_title":"","_seopress_titles_desc":"","_seopress_robots_index":"","footnotes":""},"class_list":["post-13531","page","type-page","status-publish"],"acf":[],"_links":{"self":[{"href":"https:\/\/oenobrands.com\/fr\/wp-json\/wp\/v2\/pages\/13531","targetHints":{"allow":["GET"]}}],"collection":[{"href":"https:\/\/oenobrands.com\/fr\/wp-json\/wp\/v2\/pages"}],"about":[{"href":"https:\/\/oenobrands.com\/fr\/wp-json\/wp\/v2\/types\/page"}],"author":[{"embeddable":true,"href":"https:\/\/oenobrands.com\/fr\/wp-json\/wp\/v2\/users\/3"}],"replies":[{"embeddable":true,"href":"https:\/\/oenobrands.com\/fr\/wp-json\/wp\/v2\/comments?post=13531"}],"version-history":[{"count":0,"href":"https:\/\/oenobrands.com\/fr\/wp-json\/wp\/v2\/pages\/13531\/revisions"}],"up":[{"embeddable":true,"href":"https:\/\/oenobrands.com\/fr\/wp-json\/wp\/v2\/pages\/13508"}],"wp:attachment":[{"href":"https:\/\/oenobrands.com\/fr\/wp-json\/wp\/v2\/media?parent=13531"}],"curies":[{"name":"wp","href":"https:\/\/api.w.org\/{rel}","templated":true}]}}