{"id":13519,"date":"2022-10-19T22:04:18","date_gmt":"2022-10-19T20:04:18","guid":{"rendered":"https:\/\/oenobrands.com\/produit\/enzyme\/rapidase\/rapidase-clear-extreme\/"},"modified":"2025-12-11T09:27:18","modified_gmt":"2025-12-11T08:27:18","slug":"rapidase-clear-extreme","status":"publish","type":"page","link":"https:\/\/oenobrands.com\/fr\/produit\/enzyme\/rapidase\/rapidase-clear-extreme\/","title":{"rendered":"Rapidase Clear Extreme"},"content":{"rendered":"\n<h1 class=\"wp-block-heading has-text-color\" style=\"color:#008c95\">Rapidase Clear Extreme<\/h1>\n\n\n\n<div style=\"height:30px\" aria-hidden=\"true\" class=\"wp-block-spacer\"><\/div>\n\n\n\n<h2 class=\"wp-block-heading\"><strong>Enzyme pour la clarification rapide et efficace des mo\u00fbts en conditions extr\u00eames et difficiles<\/strong><\/h2>\n\n\n\n<div style=\"height:30px\" aria-hidden=\"true\" class=\"wp-block-spacer\"><\/div>\n\n\n\n<h3 class=\"wp-block-heading\"><strong>OBJECTIF<\/strong><\/h3>\n\n\n\n<p><strong>Rapidase<sup>\u00ae<\/sup> Clear Extreme <\/strong>diminue la viscosit\u00e9 et favorise l\u2019agr\u00e9gation des particules solides. Son utilisation permet un meilleur compactage des lies et l\u2019obtention d\u2019un mo\u00fbt plus clair dans des conditions de clarification exigeantes, y compris en cas de temp\u00e9rature et pH bas et\/ou en pr\u00e9sence de vari\u00e9t\u00e9s difficiles \u00e0 clarifier. <\/p>\n\n\n\n<div style=\"height:50px\" aria-hidden=\"true\" class=\"wp-block-spacer\"><\/div>\n\n\n\n<div class=\"wp-block-columns is-layout-flex wp-container-core-columns-is-layout-9d6595d7 wp-block-columns-is-layout-flex\">\n<div class=\"wp-block-column is-layout-flow wp-block-column-is-layout-flow\" style=\"flex-basis:45%\">\n<h3 class=\"wp-block-heading has-text-color\" style=\"color:#008c95\"><strong>Composition<\/strong><\/h3>\n\n\n\n<p><strong>Rapidase Clear Extreme<\/strong> est une pr\u00e9paration microgranul\u00e9e d\u2019enzymes pectolytiques \u00e0 activit\u00e9s secondaires essentielles.<\/p>\n\n\n\n<p>Rapidase Clear Extreme contient naturellement des niveaux n\u00e9gligeables de cinnamyl esterase (nFCE) afin de pr\u00e9server la fra\u00eecheur aromatique quel que soit votre choix de levure<\/p>\n\n\n\n<p><strong>Rapidase Clear Extreme<\/strong> permet aussi d\u2019att\u00e9nuer l\u2019empreinte carbone et \u00e9cologique du process de<br>la vinification, en minimisant l\u2019utilisation d\u2019\u00e9nergie.<\/p>\n\n\n\n<h3 class=\"wp-block-heading has-text-color\" style=\"color:#008c95\"><strong>Test\u00e9 et Valid\u00e9<\/strong><\/h3>\n\n\n\n<p>Pour offrir la meilleure efficacit\u00e9 dans son application, chaque formulation de Rapidase<sup>\u00ae<\/sup> est d\u00e9velopp\u00e9e et test\u00e9e avec les instituts de recherche en oenologie les plus renomm\u00e9s au monde, et valid\u00e9e en cave \u00e0 l&rsquo;\u00e9chelle de la production.<\/p>\n\n\n<div class=\"wp-block-image is-style-zoooom\">\n<figure class=\"aligncenter size-full\"><img alt=\"\" loading=\"lazy\" decoding=\"async\" width=\"858\" height=\"397\" src=\"http:\/\/oenobrands.com\/wp-content\/uploads\/2024\/05\/Product_Rapidase-Clear-extreme-1.png\" alt=\"\" class=\"wp-image-7698\" srcset=\"https:\/\/oenobrands.com\/wp-content\/uploads\/2024\/05\/Product_Rapidase-Clear-extreme-1.png 858w, https:\/\/oenobrands.com\/wp-content\/uploads\/2024\/05\/Product_Rapidase-Clear-extreme-1-300x139.png 300w, https:\/\/oenobrands.com\/wp-content\/uploads\/2024\/05\/Product_Rapidase-Clear-extreme-1-768x355.png 768w\" sizes=\"auto, (max-width: 858px) 100vw, 858px\" \/><figcaption class=\"wp-element-caption\">Mesures de la turbidit\u00e9 et des lies sur jus de goutte et de presse, apr\u00e8s 24h de contact. Sauvignon blanc (IFV, France).<\/figcaption><\/figure>\n<\/div>\n\n<div class=\"wp-block-image is-style-zoooom\">\n<figure class=\"aligncenter size-full\"><img alt=\"\" loading=\"lazy\" decoding=\"async\" width=\"823\" height=\"565\" src=\"http:\/\/oenobrands.com\/wp-content\/uploads\/2024\/05\/Product_Rapidase-Clear-extreme-2.png\" alt=\"\" class=\"wp-image-7702\" srcset=\"https:\/\/oenobrands.com\/wp-content\/uploads\/2024\/05\/Product_Rapidase-Clear-extreme-2.png 823w, https:\/\/oenobrands.com\/wp-content\/uploads\/2024\/05\/Product_Rapidase-Clear-extreme-2-300x206.png 300w, https:\/\/oenobrands.com\/wp-content\/uploads\/2024\/05\/Product_Rapidase-Clear-extreme-2-768x527.png 768w\" sizes=\"auto, (max-width: 823px) 100vw, 823px\" \/><figcaption class=\"wp-element-caption\">Comparaison de l&rsquo;efficacit\u00e9 d&rsquo;enzymes durant la clarification d&rsquo;un mo\u00fbt de Moscatel \u00e0 6\u00b0C. Argentine 2013.<\/figcaption><\/figure>\n<\/div>\n\n\n<p>Notre personnel technique et commercial est \u00e0 votre disposition si vous souhaitez des r\u00e9sultats de tests, de m\u00eame que pour vous aider \u00e0 \u00e9valuer les performances de nos produits haut de gamme dans vos conditions sp\u00e9cifiques.<\/p>\n\n\n\n<div style=\"height:30px\" aria-hidden=\"true\" class=\"wp-block-spacer\"><\/div>\n\n\n\n<hr class=\"wp-block-separator has-text-color has-alpha-channel-opacity has-background is-style-wide\" style=\"background-color:#8a918e;color:#8a918e\"\/>\n\n\n\n<h3 class=\"wp-block-heading\"><strong>Explorez, testez et transformez vos vins :<\/strong><\/h3>\n\n\n\n<p>Chez Oenobrands, nous vous facilitons la t\u00e2che pour constater et percevoir la performance des enzymes Rapidase.<\/p>\n\n\n\n<div class=\"wp-block-buttons is-content-justification-center is-layout-flex wp-container-core-buttons-is-layout-16018d1d wp-block-buttons-is-layout-flex\">\n<div class=\"wp-block-button is-style-fill\"><a class=\"wp-block-button__link wp-element-button\" href=\"https:\/\/oenobrands.com\/rapidase-enzymes-kits\/\" target=\"_blank\" rel=\"noreferrer noopener\">Rapidase Kits<\/a><\/div>\n<\/div>\n<\/div>\n\n\n\n<div class=\"wp-block-column is-layout-flow wp-block-column-is-layout-flow\" style=\"flex-basis:6%\"><\/div>\n\n\n\n<div class=\"wp-block-column has-background is-layout-flow wp-block-column-is-layout-flow\" style=\"background-color:#f7f7f7;flex-basis:45%\">\n<div class=\"wp-block-columns is-layout-flex wp-container-core-columns-is-layout-9d6595d7 wp-block-columns-is-layout-flex\">\n<div class=\"wp-block-column is-layout-flow wp-block-column-is-layout-flow\">\n<figure class=\"wp-block-image size-full\"><img loading=\"lazy\" decoding=\"async\" width=\"822\" height=\"162\" src=\"http:\/\/oenobrands.com\/wp-content\/uploads\/2024\/05\/Rapidase_clear_extreme_-no-font.png\" alt=\"Rapidase_clear_extreme_vin_wine_enzyme\" class=\"wp-image-7422\" srcset=\"https:\/\/oenobrands.com\/wp-content\/uploads\/2024\/05\/Rapidase_clear_extreme_-no-font.png 822w, https:\/\/oenobrands.com\/wp-content\/uploads\/2024\/05\/Rapidase_clear_extreme_-no-font-300x59.png 300w, https:\/\/oenobrands.com\/wp-content\/uploads\/2024\/05\/Rapidase_clear_extreme_-no-font-768x151.png 768w\" sizes=\"auto, (max-width: 822px) 100vw, 822px\" \/><\/figure>\n<\/div>\n<\/div>\n\n\n\n<div style=\"height:40px\" aria-hidden=\"true\" class=\"wp-block-spacer\"><\/div>\n\n\n\n<p class=\"has-text-align-center\"><strong>T\u00c9L\u00c9CHARGER LA FICHE D&rsquo;APPLICATION<\/strong><\/p>\n\n\n\n<div class=\"wp-block-group\"><div class=\"wp-block-group__inner-container is-layout-constrained wp-block-group-is-layout-constrained\">\n<div class=\"wp-block-columns is-not-stacked-on-mobile is-layout-flex wp-container-core-columns-is-layout-9d6595d7 wp-block-columns-is-layout-flex\">\n<div class=\"wp-block-column is-layout-flow wp-block-column-is-layout-flow\">\n<figure class=\"wp-block-image size-full\"><a href=\"https:\/\/oenobrands.com\/wp-content\/uploads\/2025\/12\/RAPIDASE-ADS-EN-Clear-Extreme-2025-A4-G-01.pdf\" target=\"_blank\" rel=\"noreferrer noopener\"><img loading=\"lazy\" decoding=\"async\" width=\"180\" height=\"94\" src=\"http:\/\/oenobrands.com\/wp-content\/uploads\/2023\/04\/flag-united-states-english-american.png\" alt=\"bandiera USA \u2013 inglese \/ americano\" class=\"wp-image-2510\"\/><\/a><\/figure>\n<\/div>\n\n\n\n<div class=\"wp-block-column is-layout-flow wp-block-column-is-layout-flow\">\n<figure class=\"wp-block-image size-full\"><a href=\"https:\/\/oenobrands.com\/wp-content\/uploads\/2025\/12\/RAPIDASE-ADS-FR-Clear-Extreme-2025-A4-G-01.pdf\" target=\"_blank\" rel=\"noreferrer noopener\"><img loading=\"lazy\" decoding=\"async\" width=\"180\" height=\"94\" src=\"http:\/\/oenobrands.com\/wp-content\/uploads\/2023\/04\/drapeau-francais-france.png\" alt=\"bandiera francese \u2013 Francia\" class=\"wp-image-2508\"\/><\/a><\/figure>\n<\/div>\n\n\n\n<div class=\"wp-block-column is-layout-flow wp-block-column-is-layout-flow\">\n<figure class=\"wp-block-image size-full\"><a href=\"https:\/\/oenobrands.com\/wp-content\/uploads\/2025\/12\/RAPIDASE-ADS-ES-Clear-Extreme-2025-A4-G-01.pdf\" target=\"_blank\" rel=\"noreferrer noopener\"><img loading=\"lazy\" decoding=\"async\" width=\"180\" height=\"94\" src=\"http:\/\/oenobrands.com\/wp-content\/uploads\/2023\/04\/bandiera-spagnola-spagna.png\" alt=\"bandiera spagnola \u2013 Spagna\" class=\"wp-image-2506\"\/><\/a><\/figure>\n<\/div>\n\n\n\n<div class=\"wp-block-column is-layout-flow wp-block-column-is-layout-flow\">\n<figure class=\"wp-block-image size-full\"><a href=\"https:\/\/oenobrands.com\/wp-content\/uploads\/2025\/12\/RAPIDASE-ADS-IT-Clear-Extreme-2025-A4-G-01.pdf\" target=\"_blank\" rel=\"noreferrer noopener\"><img loading=\"lazy\" decoding=\"async\" width=\"180\" height=\"94\" src=\"http:\/\/oenobrands.com\/wp-content\/uploads\/2023\/04\/bandiera-italiana-italy.png\" alt=\"bandiera italiana \u2013 Italia\" class=\"wp-image-2512\"\/><\/a><\/figure>\n<\/div>\n\n\n\n<div class=\"wp-block-column is-layout-flow wp-block-column-is-layout-flow\">\n<figure class=\"wp-block-image size-full\"><a href=\"https:\/\/oenobrands.com\/wp-content\/uploads\/2025\/12\/RAPIDASE-ADS-PT-Clear-Extreme-2025-A4-G-01.pdf\" target=\"_blank\" rel=\"noreferrer noopener\"><img loading=\"lazy\" decoding=\"async\" width=\"180\" height=\"94\" src=\"http:\/\/oenobrands.com\/wp-content\/uploads\/2024\/05\/Flag-drapeau-Portugal.png\" alt=\"bandiera portoghese \u2013 Portogallo\" class=\"wp-image-7139\"\/><\/a><\/figure>\n<\/div>\n\n\n\n<div class=\"wp-block-column is-layout-flow wp-block-column-is-layout-flow\">\n<figure class=\"wp-block-image size-full\"><a href=\"https:\/\/oenobrands.com\/wp-content\/uploads\/2025\/12\/RAPIDASE-ADS-ALL-Clear-Extreme-2025-A4-G-01.pdf\" target=\"_blank\" rel=\"noreferrer noopener\"><img loading=\"lazy\" decoding=\"async\" width=\"180\" height=\"94\" src=\"http:\/\/oenobrands.com\/wp-content\/uploads\/2023\/05\/Flagge-Deutschland.png\" alt=\"Flagge-Deutschland\" class=\"wp-image-3550\"\/><\/a><\/figure>\n<\/div>\n<\/div>\n\n\n\n<div class=\"wp-block-columns is-not-stacked-on-mobile is-layout-flex wp-container-core-columns-is-layout-9d6595d7 wp-block-columns-is-layout-flex\">\n<div class=\"wp-block-column is-layout-flow wp-block-column-is-layout-flow\">\n<figure class=\"wp-block-image size-full\"><a href=\"https:\/\/oenobrands.com\/wp-content\/uploads\/2025\/12\/RAPIDASE-ADS-RO-Clear-Extreme-2025-A4-G-01.pdf\" target=\"_blank\" rel=\"noreferrer noopener\"><img loading=\"lazy\" decoding=\"async\" width=\"180\" height=\"94\" src=\"http:\/\/oenobrands.com\/wp-content\/uploads\/2024\/05\/Flag-drapeau-Roumanie.png\" alt=\"bandiera Romania\" class=\"wp-image-7145\"\/><\/a><\/figure>\n<\/div>\n\n\n\n<div class=\"wp-block-column is-layout-flow wp-block-column-is-layout-flow\">\n<figure class=\"wp-block-image size-full\"><a href=\"https:\/\/oenobrands.com\/wp-content\/uploads\/2025\/12\/RAPIDASE-ADS-CROATE-Clear-Extreme-2025-A4-G-01.pdf\" target=\"_blank\" rel=\"noreferrer noopener\"><img loading=\"lazy\" decoding=\"async\" width=\"180\" height=\"94\" src=\"http:\/\/oenobrands.com\/wp-content\/uploads\/2024\/05\/flag-drapeau-croatie.png\" alt=\"bandiera Repubblica Ceca\" class=\"wp-image-7143\"\/><\/a><\/figure>\n<\/div>\n\n\n\n<div class=\"wp-block-column is-layout-flow wp-block-column-is-layout-flow\">\n<figure class=\"wp-block-image size-full\"><a href=\"https:\/\/oenobrands.com\/wp-content\/uploads\/2025\/12\/RAPIDASE-ADS-CZ-Clear-Extreme-2025-A4-G-01.pdf\" target=\"_blank\" rel=\"noreferrer noopener\"><img loading=\"lazy\" decoding=\"async\" width=\"180\" height=\"94\" src=\"http:\/\/oenobrands.com\/wp-content\/uploads\/2023\/05\/Flag-vlajka-Czech-Republic.png\" alt=\"bandiera Repubblica Ceca\" class=\"wp-image-3548\"\/><\/a><\/figure>\n<\/div>\n\n\n\n<div class=\"wp-block-column is-layout-flow wp-block-column-is-layout-flow\">\n<figure class=\"wp-block-image size-full\"><a href=\"https:\/\/oenobrands.com\/wp-content\/uploads\/2025\/12\/RAPIDASE-ADS-BUL-Clear-Extreme-2025-A4-G-01.pdf\" target=\"_blank\" rel=\"noreferrer noopener\"><img alt=\"\" loading=\"lazy\" decoding=\"async\" width=\"180\" height=\"94\" src=\"http:\/\/oenobrands.com\/wp-content\/uploads\/2024\/05\/flag-drapeau-bulgarie.png\" alt=\"\" class=\"wp-image-7141\"\/><\/a><\/figure>\n<\/div>\n\n\n\n<div class=\"wp-block-column is-layout-flow wp-block-column-is-layout-flow\"><\/div>\n\n\n\n<div class=\"wp-block-column is-layout-flow wp-block-column-is-layout-flow\"><\/div>\n<\/div>\n<\/div><\/div>\n\n\n\n<hr class=\"wp-block-separator has-text-color has-black-color has-alpha-channel-opacity has-black-background-color has-background is-style-default\"\/>\n\n\n\n<div class=\"wp-block-buttons is-content-justification-center is-layout-flex wp-container-core-buttons-is-layout-16018d1d wp-block-buttons-is-layout-flex\">\n<div class=\"wp-block-button\"><a class=\"wp-block-button__link wp-element-button\" href=\"https:\/\/oenobrands.com\/fr\/notre-reseau-de-distributeurs\/<br\/&gt;<br\/&gt;<div style=&quot;all: initial !important;&quot;&gt; <\/div&gt;\">VOTRE DISTRIBUTEUR<\/a><\/div>\n<\/div>\n\n\n\n<hr class=\"wp-block-separator has-alpha-channel-opacity\"\/>\n\n\n\n<h3 class=\"wp-block-heading\"><strong>Instructions d&rsquo;utilisation et dosage<\/strong><\/h3>\n\n\n\n<ul class=\"wp-block-list\">\n<li>Ajouter le plus t\u00f4t possible au raisin, \u00e0 la r\u00e9ception, au fouloir ou au pressoir.<\/li>\n\n\n\n<li>Diluer 10 fois avant ajout.<\/li>\n\n\n\n<li>Le temps n\u00e9cessaire pour obtenir un test pectine n\u00e9gatif d\u00e9terminera le temps de contact n\u00e9cessaire. <\/li>\n<\/ul>\n\n\n\n<figure class=\"wp-block-table aligncenter\"><table><thead><tr><th class=\"has-text-align-center\" data-align=\"center\">T\u00b0<\/th><th class=\"has-text-align-center\" data-align=\"center\">Dose<\/th><\/tr><\/thead><tbody><tr><td class=\"has-text-align-center\" data-align=\"center\">&lt; 12 \u00b0C<\/td><td class=\"has-text-align-center\" data-align=\"center\">1 g\/hL (mL\/hL)<\/td><\/tr><tr><td class=\"has-text-align-center\" data-align=\"center\">10 &#8211; 12 \u00b0C<\/td><td class=\"has-text-align-center\" data-align=\"center\">2 g\/hL (mL\/hL)<\/td><\/tr><tr><td class=\"has-text-align-center\" data-align=\"center\">&lt; 10 \u00b0C<\/td><td class=\"has-text-align-center\" data-align=\"center\">3 g\/hL (mL\/hL)<\/td><\/tr><\/tbody><\/table><figcaption class=\"wp-element-caption\"><strong>Commentaires<\/strong>: Pour un temps de contact de moins de 6 heures \u00e0 une temp\u00e9rature &gt;10 \u00b0C: 2 to 3 g\/hL (mL\/hL)<\/figcaption><\/figure>\n\n\n\n<div style=\"height:30px\" aria-hidden=\"true\" class=\"wp-block-spacer\"><\/div>\n\n\n\n<div class=\"wp-block-buttons is-content-justification-center is-layout-flex wp-container-core-buttons-is-layout-16018d1d wp-block-buttons-is-layout-flex\">\n<div class=\"wp-block-button is-style-fill\"><a class=\"wp-block-button__link wp-element-button\" href=\"https:\/\/oenobrands.com\/fr\/ressources-techniques\/test-pectine\/\">Protocole de Test Pectine<\/a><\/div>\n<\/div>\n\n\n\n<div style=\"height:30px\" aria-hidden=\"true\" class=\"wp-block-spacer\"><\/div>\n\n\n\n<ul class=\"wp-block-list\">\n<li>Pour la clarification des mo\u00fbts rouges issus de thermovinification, utiliser plut\u00f4t <strong><a href=\"https:\/\/oenobrands.com\/product\/enzyme\/rapidase\/thermoflash\/\"><u>Rapidase Thermoflash<\/u><\/a><\/strong>.<\/li>\n\n\n\n<li>Active de 6 \u00e0 50 \u00b0C. Son activit\u00e9 augmente avec la temp\u00e9rature. <\/li>\n\n\n\n<li>Active dans la gamme de pH du vin et en pr\u00e9sence de doses normales de SO\u2082.<\/li>\n\n\n\n<li>\u00c9limin\u00e9e par la bentonite.<\/li>\n<\/ul>\n\n\n\n<div style=\"height:30px\" aria-hidden=\"true\" class=\"wp-block-spacer\"><\/div>\n\n\n\n<h3 class=\"wp-block-heading\"><strong><strong>Conditionnement <\/strong><\/strong><strong>et conservation<\/strong><\/h3>\n\n\n\n<p><strong>Rapidase Clear Extreme L<\/strong> est disponible en bidons plastiques de 1 et 5 Kg :<br>\u279c conserver au frais, entre 4 et 8 \u00b0C.<br><\/p>\n\n\n\n<p><strong>Rapidase Clear Extreme MG<\/strong> est disponible en pots de 100 g :<br>\u279c conserver dans un endroit sec et frais, entre 5 et 15 \u00b0C<br>\u279c une fois ouvert, le produit peut \u00eatre utilis\u00e9 jusqu\u2019\u00e0 sa date limite d\u2019utilisation.<br>before date.<\/p>\n<\/div>\n<\/div>\n\n\n\n<div style=\"height:30px\" aria-hidden=\"true\" class=\"wp-block-spacer\"><\/div>\n\n\n\n<div class=\"wp-block-group\"><div class=\"wp-block-group__inner-container is-layout-constrained wp-block-group-is-layout-constrained\">\n<hr class=\"wp-block-separator has-text-color has-black-color has-alpha-channel-opacity has-black-background-color has-background\"\/>\n<\/div><\/div>\n\n\n\n<div class=\"wp-block-columns is-layout-flex wp-container-core-columns-is-layout-9d6595d7 wp-block-columns-is-layout-flex\">\n<div class=\"wp-block-column is-layout-flow wp-block-column-is-layout-flow\">\n<div class=\"wp-block-group\"><div class=\"wp-block-group__inner-container is-layout-constrained wp-block-group-is-layout-constrained\">\n<h2 class=\"wp-block-heading\"><strong><strong> Explorez les solutions associ\u00e9es<\/strong>: <\/strong><\/h2>\n\n\n\n<div style=\"height:30px\" aria-hidden=\"true\" class=\"wp-block-spacer\"><\/div>\n\n\n\n<p><strong>Vous recherchez une approche plus holistique de la vinification ?<\/strong> D\u00e9couvrez nos solutions \u0153nologiques avanc\u00e9es en lien avec <strong>Rapidase Clear Extreme<\/strong>.<\/p>\n\n\n\n<div style=\"height:30px\" aria-hidden=\"true\" class=\"wp-block-spacer\"><\/div>\n\n\n\n<div class=\"wp-block-columns are-vertically-aligned-center is-layout-flex wp-container-core-columns-is-layout-9d6595d7 wp-block-columns-is-layout-flex\">\n<div class=\"wp-block-column is-vertically-aligned-center is-layout-flow wp-block-column-is-layout-flow\" style=\"flex-basis:100%\">\n<div class=\"wp-block-buttons is-content-justification-center is-layout-flex wp-container-core-buttons-is-layout-16018d1d wp-block-buttons-is-layout-flex\">\n<div class=\"wp-block-button is-style-fill\"><a class=\"wp-block-button__link wp-element-button\" href=\"https:\/\/oenobrands.com\/solution\/pre-fermentation-steps\/clarification-settling-flotation-centrifugation\/\" target=\"_blank\" rel=\"noreferrer noopener\">Clarification des mo\u00fbts<\/a><\/div>\n\n\n\n<div class=\"wp-block-button is-style-fill\"><a class=\"wp-block-button__link wp-element-button\" href=\"https:\/\/oenobrands.com\/fr\/solution\/cidre\/applications\/<br\/&gt;<br\/&gt;<div style=&quot;all: initial !important;&quot;&gt; <\/div&gt;\" target=\"_blank\" rel=\"noreferrer noopener\">Cidre<\/a><\/div>\n<\/div>\n<\/div>\n<\/div>\n<\/div><\/div>\n\n\n\n<div style=\"height:30px\" aria-hidden=\"true\" class=\"wp-block-spacer\"><\/div>\n<\/div>\n\n\n\n<div class=\"wp-block-column is-layout-flow wp-block-column-is-layout-flow\">\n<h2 class=\"wp-block-heading\"><strong>Vous cherchez quelque chose d&rsquo;autre ?<\/strong><\/h2>\n\n\n\n<div style=\"height:30px\" aria-hidden=\"true\" class=\"wp-block-spacer\"><\/div>\n\n\n\n<p>Visitez notre section \u00ab Solution \u00bb, o\u00f9 nous proposons des conseils d&rsquo;experts, des connaissances populaires et des approches novatrices organis\u00e9es par processus de vinification. <strong>De la fermentation \u00e0 la filtration\/mise en bouteille, nous vous accompagnons avec des solutions pour am\u00e9liorer chaque \u00e9tape de votre processus de vinification.<\/strong><\/p>\n\n\n\n<div style=\"height:30px\" aria-hidden=\"true\" class=\"wp-block-spacer\"><\/div>\n\n\n\n<div class=\"wp-block-columns are-vertically-aligned-center is-layout-flex wp-container-core-columns-is-layout-9d6595d7 wp-block-columns-is-layout-flex\">\n<div class=\"wp-block-column is-vertically-aligned-center is-layout-flow wp-block-column-is-layout-flow\" style=\"flex-basis:100%\">\n<div class=\"wp-block-buttons is-content-justification-center is-layout-flex wp-container-core-buttons-is-layout-16018d1d wp-block-buttons-is-layout-flex\">\n<div class=\"wp-block-button is-style-fill\"><a class=\"wp-block-button__link wp-element-button\" href=\"https:\/\/oenobrands.com\/fr\/solution\/<br\/&gt;<br\/&gt;<div style=&quot;all: initial !important;&quot;&gt; <\/div&gt;\">Solutions de vinification avanc\u00e9es<\/a><\/div>\n<\/div>\n<\/div>\n<\/div>\n<\/div>\n<\/div>\n\n\n\n<div class=\"wp-block-group\"><div class=\"wp-block-group__inner-container is-layout-constrained wp-block-group-is-layout-constrained\">\n<hr class=\"wp-block-separator has-text-color has-black-color has-alpha-channel-opacity has-black-background-color has-background\"\/>\n<\/div><\/div>\n\n\n\n<div style=\"height:30px\" aria-hidden=\"true\" class=\"wp-block-spacer\"><\/div>\n\n\n\n<div class=\"wp-block-columns is-layout-flex wp-container-core-columns-is-layout-9d6595d7 wp-block-columns-is-layout-flex\">\n<div class=\"wp-block-column is-vertically-aligned-center is-layout-flow wp-block-column-is-layout-flow\" style=\"flex-basis:30%\">\n<h1 class=\"wp-block-heading has-text-color\" style=\"color:#545859\">D\u00e9couvrez la gamme RAPIDASE<\/h1>\n\n\n\n<div style=\"height:30px\" aria-hidden=\"true\" class=\"wp-block-spacer\"><\/div>\n\n\n\n<div class=\"wp-block-buttons is-content-justification-center is-layout-flex wp-container-core-buttons-is-layout-16018d1d wp-block-buttons-is-layout-flex\">\n<div class=\"wp-block-button\"><a class=\"wp-block-button__link has-background wp-element-button\" style=\"background-color:#545859\">RAPIDASE<\/a><\/div>\n<\/div>\n<\/div>\n\n\n\n<div class=\"wp-block-column is-layout-flow wp-block-column-is-layout-flow\"><div class=\"wp-block-image\">\n<figure class=\"aligncenter size-full\"><img decoding=\"async\" src=\"http:\/\/oenobrands.com\/wp-content\/uploads\/2023\/05\/OENOBRANDS-Rapidase-bandeau.png\" alt=\"OENOBRANDS-Rapidase-bandeau\" class=\"wp-image-4529\"\/><\/figure>\n<\/div><\/div>\n<\/div>\n\n\n\n<div style=\"height:50px\" aria-hidden=\"true\" class=\"wp-block-spacer\"><\/div>\n","protected":false},"excerpt":{"rendered":"<p>Rapidase Clear Extreme Enzyme pour la clarification rapide et efficace des mo\u00fbts en conditions [&hellip;]<\/p>\n","protected":false},"author":3,"featured_media":0,"parent":13508,"menu_order":5,"comment_status":"closed","ping_status":"closed","template":"page-product.php","meta":{"_acf_changed":false,"_seopress_robots_primary_cat":"0","_seopress_titles_title":"","_seopress_titles_desc":"","_seopress_robots_index":"","footnotes":""},"class_list":["post-13519","page","type-page","status-publish"],"acf":[],"_links":{"self":[{"href":"https:\/\/oenobrands.com\/fr\/wp-json\/wp\/v2\/pages\/13519","targetHints":{"allow":["GET"]}}],"collection":[{"href":"https:\/\/oenobrands.com\/fr\/wp-json\/wp\/v2\/pages"}],"about":[{"href":"https:\/\/oenobrands.com\/fr\/wp-json\/wp\/v2\/types\/page"}],"author":[{"embeddable":true,"href":"https:\/\/oenobrands.com\/fr\/wp-json\/wp\/v2\/users\/3"}],"replies":[{"embeddable":true,"href":"https:\/\/oenobrands.com\/fr\/wp-json\/wp\/v2\/comments?post=13519"}],"version-history":[{"count":0,"href":"https:\/\/oenobrands.com\/fr\/wp-json\/wp\/v2\/pages\/13519\/revisions"}],"up":[{"embeddable":true,"href":"https:\/\/oenobrands.com\/fr\/wp-json\/wp\/v2\/pages\/13508"}],"wp:attachment":[{"href":"https:\/\/oenobrands.com\/fr\/wp-json\/wp\/v2\/media?parent=13519"}],"curies":[{"name":"wp","href":"https:\/\/api.w.org\/{rel}","templated":true}]}}