{"id":13508,"date":"2022-10-19T21:42:44","date_gmt":"2022-10-19T19:42:44","guid":{"rendered":"https:\/\/oenobrands.com\/produit\/enzyme\/rapidase\/"},"modified":"2026-04-10T11:59:11","modified_gmt":"2026-04-10T09:59:11","slug":"rapidase","status":"publish","type":"page","link":"https:\/\/oenobrands.com\/fr\/produit\/enzyme\/rapidase\/","title":{"rendered":"RAPIDASE"},"content":{"rendered":"\n<div style=\"height:50px\" aria-hidden=\"true\" class=\"wp-block-spacer\"><\/div>\n\n\n\n<h2 class=\"wp-block-heading has-text-align-center has-large-font-size\"><strong>Enzymes rapides et efficaces<\/strong><\/h2>\n\n\n\n<div style=\"height:30px\" aria-hidden=\"true\" class=\"wp-block-spacer\"><\/div>\n\n\n<div class=\"wp-block-image\">\n<figure class=\"aligncenter size-full\"><img alt=\"\" loading=\"lazy\" decoding=\"async\" width=\"1529\" height=\"425\" src=\"https:\/\/oenobrands.com\/wp-content\/uploads\/2024\/05\/header-rapidase-page-1.png\" alt=\"\" class=\"wp-image-7252\" srcset=\"https:\/\/oenobrands.com\/wp-content\/uploads\/2024\/05\/header-rapidase-page-1.png 1529w, https:\/\/oenobrands.com\/wp-content\/uploads\/2024\/05\/header-rapidase-page-1-300x83.png 300w, https:\/\/oenobrands.com\/wp-content\/uploads\/2024\/05\/header-rapidase-page-1-1024x285.png 1024w, https:\/\/oenobrands.com\/wp-content\/uploads\/2024\/05\/header-rapidase-page-1-768x213.png 768w\" sizes=\"auto, (max-width: 1529px) 100vw, 1529px\" \/><\/figure>\n<\/div>\n\n\n<div style=\"height:70px\" aria-hidden=\"true\" class=\"wp-block-spacer\"><\/div>\n\n\n\n<div class=\"wp-block-columns has-background is-layout-flex wp-container-core-columns-is-layout-9d6595d7 wp-block-columns-is-layout-flex\" style=\"background-color:#ebebeb\">\n<div class=\"wp-block-column is-layout-flow wp-block-column-is-layout-flow\" style=\"flex-basis:33.33%\"><div class=\"wp-block-image\">\n<figure class=\"aligncenter size-full\"><img loading=\"lazy\" decoding=\"async\" width=\"198\" height=\"196\" src=\"http:\/\/oenobrands.com\/wp-content\/uploads\/2023\/04\/RAPIDASE-tested-validated-by-oenobrands.png\" alt=\"Rapidase Test\u00e9 et valid\u00e9 par Oenobrands\" class=\"wp-image-2394\"\/><\/figure>\n<\/div><\/div>\n\n\n\n<div class=\"wp-block-column is-layout-flow wp-block-column-is-layout-flow\" style=\"flex-basis:66.66%\">\n<div class=\"wp-block-group\"><div class=\"wp-block-group__inner-container is-layout-constrained wp-block-group-is-layout-constrained\">\n<div class=\"wp-block-group\"><div class=\"wp-block-group__inner-container is-layout-constrained wp-block-group-is-layout-constrained\">\n<h2 class=\"wp-block-heading has-black-color has-text-color has-link-color wp-elements-f74ff2e23a3c3c44f3bc9a4648f57276\"><strong>UNE ENZYME, UNE APPLICATION<\/strong><\/h2>\n<\/div><\/div>\n<\/div><\/div>\n\n\n\n<div style=\"height:25px\" aria-hidden=\"true\" class=\"wp-block-spacer\"><\/div>\n\n\n\n<div class=\"wp-block-group has-black-color has-text-color has-link-color wp-elements-4fe0f4449c34e9f4c12ab13379cdc6ba\"><div class=\"wp-block-group__inner-container is-layout-constrained wp-block-group-is-layout-constrained\">\n<p class=\"has-black-color has-text-color\">Pour offrir la meilleure efficacit\u00e9 dans son application, <strong>chaque formulation de Rapidase est d\u00e9velopp\u00e9e et test\u00e9e avec les instituts de recherche en \u0153nologie les plus renomm\u00e9s au monde<\/strong> et valid\u00e9e en cave \u00e0 l&rsquo;\u00e9chelle de la production.<\/p>\n\n\n\n<p class=\"has-black-color has-text-color\">Notre personnel technique et commercial est \u00e0 votre disposition si vous souhaitez des r\u00e9sultats de tests, de m\u00eame que pour vous aider \u00e0 \u00e9valuer les performances de nos produits haut de gamme dans vos conditions sp\u00e9cifiques.<\/p>\n<\/div><\/div>\n<\/div>\n<\/div>\n\n\n\n<div style=\"height:50px\" aria-hidden=\"true\" class=\"wp-block-spacer\"><\/div>\n\n\n\n<div class=\"wp-block-columns is-layout-flex wp-container-core-columns-is-layout-9d6595d7 wp-block-columns-is-layout-flex\">\n<div class=\"wp-block-column is-layout-flow wp-block-column-is-layout-flow\">\n<h2 class=\"wp-block-heading has-text-align-center\"><strong>Comment s&rsquo;orienter parmi notre gamme d&rsquo;enzymes Rapidase ?<\/strong><\/h2>\n\n\n\n<div class=\"wp-block-buttons is-content-justification-center is-layout-flex wp-container-core-buttons-is-layout-16018d1d wp-block-buttons-is-layout-flex\">\n<div class=\"wp-block-button\"><a class=\"wp-block-button__link wp-element-button\" href=\"https:\/\/oenobrands.com\/fr\/produit\/enzyme\/choix-rapidase\/\">Choix des enzymes Rapidase<\/a><\/div>\n<\/div>\n\n\n\n<div style=\"height:50px\" aria-hidden=\"true\" class=\"wp-block-spacer\"><\/div>\n<\/div>\n\n\n\n<div class=\"wp-block-column is-layout-flow wp-block-column-is-layout-flow\" style=\"flex-basis:5px\"><\/div>\n\n\n\n<div class=\"wp-block-column is-layout-flow wp-block-column-is-layout-flow\">\n<h2 class=\"wp-block-heading has-text-align-center\"><strong>En savoir plus sur la production de Rapidase<\/strong> <\/h2>\n\n\n\n<div style=\"height:30px\" aria-hidden=\"true\" class=\"wp-block-spacer\"><\/div>\n\n\n\n<div class=\"wp-block-buttons is-content-justification-center is-layout-flex wp-container-core-buttons-is-layout-16018d1d wp-block-buttons-is-layout-flex\">\n<div class=\"wp-block-button\"><a class=\"wp-block-button__link wp-element-button\" href=\"https:\/\/oenobrands.com\/fr\/production-denzymes-rapidase\/\" target=\"_blank\" rel=\"noreferrer noopener\">Production de Rapidase<\/a><\/div>\n<\/div>\n\n\n\n<div style=\"height:30px\" aria-hidden=\"true\" class=\"wp-block-spacer\"><\/div>\n<\/div>\n\n\n\n<div class=\"wp-block-column is-layout-flow wp-block-column-is-layout-flow\" style=\"flex-basis:5px\"><\/div>\n\n\n\n<div class=\"wp-block-column is-layout-flow wp-block-column-is-layout-flow\">\n<h2 class=\"wp-block-heading has-text-align-center\"><strong>Explorez, testez et transformez vos vins.<\/strong><\/h2>\n\n\n\n<div style=\"height:30px\" aria-hidden=\"true\" class=\"wp-block-spacer\"><\/div>\n\n\n\n<div class=\"wp-block-buttons is-content-justification-center is-layout-flex wp-container-core-buttons-is-layout-16018d1d wp-block-buttons-is-layout-flex\">\n<div class=\"wp-block-button is-style-fill\"><a class=\"wp-block-button__link wp-element-button\" href=\"https:\/\/oenobrands.com\/fr\/kits-denzymes-rapidase\/\" target=\"_blank\" rel=\"noreferrer noopener\">Rapidase Kits<\/a><\/div>\n<\/div>\n<\/div>\n<\/div>\n\n\n\n<div style=\"height:50px\" aria-hidden=\"true\" class=\"wp-block-spacer\"><\/div>\n\n\n\n<h2 class=\"wp-block-heading\"><strong><strong>D\u00e9couvrez notre gamme<\/strong> <strong>d&rsquo;enzymes <\/strong>Rapidase :<\/strong><\/h2>\n\n\n\n<div style=\"height:50px\" aria-hidden=\"true\" class=\"wp-block-spacer\"><\/div>\n","protected":false},"excerpt":{"rendered":"<p>Enzymes rapides et efficaces UNE ENZYME, UNE APPLICATION Pour offrir la meilleure efficacit\u00e9 dans [&hellip;]<\/p>\n","protected":false},"author":3,"featured_media":0,"parent":13500,"menu_order":1,"comment_status":"closed","ping_status":"closed","template":"page-premier-products-list.php","meta":{"_acf_changed":false,"_seopress_robots_primary_cat":"","_seopress_titles_title":"","_seopress_titles_desc":"","_seopress_robots_index":"","footnotes":""},"class_list":["post-13508","page","type-page","status-publish"],"acf":[],"_links":{"self":[{"href":"https:\/\/oenobrands.com\/fr\/wp-json\/wp\/v2\/pages\/13508","targetHints":{"allow":["GET"]}}],"collection":[{"href":"https:\/\/oenobrands.com\/fr\/wp-json\/wp\/v2\/pages"}],"about":[{"href":"https:\/\/oenobrands.com\/fr\/wp-json\/wp\/v2\/types\/page"}],"author":[{"embeddable":true,"href":"https:\/\/oenobrands.com\/fr\/wp-json\/wp\/v2\/users\/3"}],"replies":[{"embeddable":true,"href":"https:\/\/oenobrands.com\/fr\/wp-json\/wp\/v2\/comments?post=13508"}],"version-history":[{"count":1,"href":"https:\/\/oenobrands.com\/fr\/wp-json\/wp\/v2\/pages\/13508\/revisions"}],"predecessor-version":[{"id":28708,"href":"https:\/\/oenobrands.com\/fr\/wp-json\/wp\/v2\/pages\/13508\/revisions\/28708"}],"up":[{"embeddable":true,"href":"https:\/\/oenobrands.com\/fr\/wp-json\/wp\/v2\/pages\/13500"}],"wp:attachment":[{"href":"https:\/\/oenobrands.com\/fr\/wp-json\/wp\/v2\/media?parent=13508"}],"curies":[{"name":"wp","href":"https:\/\/api.w.org\/{rel}","templated":true}]}}