{"id":13503,"date":"2023-06-13T16:43:16","date_gmt":"2023-06-13T14:43:16","guid":{"rendered":"https:\/\/oenobrands.com\/enzyme\/choix-rapidase\/"},"modified":"2025-11-15T15:12:25","modified_gmt":"2025-11-15T14:12:25","slug":"choix-rapidase","status":"publish","type":"page","link":"https:\/\/oenobrands.com\/fr\/produit\/enzyme\/choix-rapidase\/","title":{"rendered":"Choix Rapidase"},"content":{"rendered":"\n<div style=\"height:50px\" aria-hidden=\"true\" class=\"wp-block-spacer\"><\/div>\n\n\n\n<h2 class=\"wp-block-heading\"><strong>Comment choisir parmi notre portefeuille ?<\/strong><\/h2>\n\n\n\n<div style=\"height:30px\" aria-hidden=\"true\" class=\"wp-block-spacer\"><\/div>\n\n\n\n<p><strong>Choisir la bonne enzyme Rapidase<\/strong> n\u00e9cessite de garder deux facteurs \u00e0 l&rsquo;esprit en m\u00eame temps.<\/p>\n\n\n\n<div style=\"height:30px\" aria-hidden=\"true\" class=\"wp-block-spacer\"><\/div>\n\n\n\n<ul class=\"wp-block-list\">\n<li>\u00c9valuez vos objectifs sp\u00e9cifiques de vinification, le c\u00e9page, l&rsquo;\u00e9tat des raisins et les caract\u00e9ristiques du jus.<\/li>\n\n\n\n<li>Pensez au r\u00e9sultat souhait\u00e9 ainsi que l&rsquo;application pratique des enzymes Rapidase dans le processus de vinification. Vous pouvez \u00e9galement utiliser le tableau d&rsquo;activit\u00e9 enzymatique de Rapidase si vous pr\u00e9f\u00e9rez cette approche. <\/li>\n<\/ul>\n\n\n\n<p>Dans tous les cas, nous facilitons votre recherche de mani\u00e8re simple : <strong>Un produit, un effet<\/strong>. Le nom attribu\u00e9 \u00e0 chaque pr\u00e9paration enzymatique Rapidase correspond \u00e0 ses attributs sp\u00e9cifiques. <\/p>\n\n\n\n<p>Ensuite, il sera n\u00e9cessaire de <strong>mener des essais<\/strong>, de surveiller les r\u00e9sultats attentivement et de documenter ces r\u00e9sultats pour r\u00e9f\u00e9rence future. Pour cela, <strong>nous et nos distributeurs sommes toujours pr\u00eats \u00e0 vous assister dans la d\u00e9termination des enzymes Rapidase les plus adapt\u00e9es \u00e0 vos besoins.<\/strong> <\/p>\n\n\n\n<div style=\"height:30px\" aria-hidden=\"true\" class=\"wp-block-spacer\"><\/div>\n\n\n\n<h2 class=\"wp-block-heading\"><\/h2>\n\n\n\n<figure class=\"wp-block-table aligncenter is-style-stripes\"><table class=\"has-fixed-layout\"><thead><tr><th><strong>RAPIDASE<sup>\u00ae<\/sup><\/strong><\/th><th class=\"has-text-align-center\" data-align=\"center\"><strong>APPLICATION<\/strong><\/th><th class=\"has-text-align-center\" data-align=\"center\"><strong>EFFET<\/strong><\/th><th class=\"has-text-align-center\" data-align=\"center\"><strong>FORME<\/strong><\/th><\/tr><\/thead><tbody><tr><td><strong><a href=\"https:\/\/oenobrands.com\/fr\/produit\/enzyme\/rapidase\/rapidase-proteostab\/\"><mark style=\"background-color:rgba(0, 0, 0, 0);color:#f1c400\" class=\"has-inline-color\">PROTEOSTAB<\/mark><\/a><\/strong><\/td><td class=\"has-text-align-center\" data-align=\"center\">Pour assurer la stabilit\u00e9 prot\u00e9ique du vin<\/td><td class=\"has-text-align-center\" data-align=\"center\">D\u00e9gradation des prot\u00e9ines thermosensibles<\/td><td class=\"has-text-align-center\" data-align=\"center\">Liquide<\/td><\/tr><tr><td><strong><a href=\"https:\/\/oenobrands.com\/fr\/produit\/enzyme\/rapidase\/rapidase-expression-aroma\/\"><mark style=\"background-color:rgba(0, 0, 0, 0);color:#b1d600\" class=\"has-inline-color\">EXPRESSION AROMA<\/mark><\/a><\/strong><\/td><td class=\"has-text-align-center\" data-align=\"center\">Extraction des pr\u00e9curseurs aromatiques lors de mac\u00e9rations en blancs et ros\u00e9s<\/td><td class=\"has-text-align-center\" data-align=\"center\">D\u00e9gradation des parois cellulaires de la peau et de la pulpe<\/td><td class=\"has-text-align-center\" data-align=\"center\">Granul\u00e9e<\/td><\/tr><tr><td><strong><a href=\"https:\/\/oenobrands.com\/fr\/produit\/enzyme\/rapidase\/rapidase-extra-press\/\"><mark style=\"background-color:rgba(0, 0, 0, 0);color:#00a9e0\" class=\"has-inline-color\">EXTRA PRESS<\/mark><\/a><\/strong><\/td><td class=\"has-text-align-center\" data-align=\"center\">Pressurage rapide et efficace des raisins<\/td><td class=\"has-text-align-center\" data-align=\"center\">D\u00e9gradation des peaux et de la pectine<br>et de la pectine<\/td><td class=\"has-text-align-center\" data-align=\"center\">Liquide<\/td><\/tr><tr><td><strong><a href=\"https:\/\/oenobrands.com\/fr\/produit\/enzyme\/rapidase\/rapidase-clear\/\"><mark style=\"background-color:rgba(0, 0, 0, 0);color:#001489\" class=\"has-inline-color\">CLEAR<\/mark><\/a><\/strong><\/td><td class=\"has-text-align-center\" data-align=\"center\">Clarification rapide et efficace<br>des mo\u00fbts<\/td><td class=\"has-text-align-center\" data-align=\"center\">D\u00e9gradation des cha\u00eenes principales et lat\u00e9rales de la pectine<\/td><td class=\"has-text-align-center\" data-align=\"center\">Granul\u00e9e<br>Liquide<\/td><\/tr><tr><td><strong><a href=\"https:\/\/oenobrands.com\/fr\/produit\/enzyme\/rapidase\/rapidase-clear-extreme\/\"><mark style=\"background-color:rgba(0, 0, 0, 0);color:#008c95\" class=\"has-inline-color\">CLEAR EXTREME<\/mark><\/a><\/strong><\/td><td class=\"has-text-align-center\" data-align=\"center\">Clarification compl\u00e8te en conditions<br>difficiles<\/td><td class=\"has-text-align-center\" data-align=\"center\">D\u00e9gradation des cha\u00eenes principales et lat\u00e9rales de la pectine jusqu\u2019\u00e0 6 \u00b0C<\/td><td class=\"has-text-align-center\" data-align=\"center\">Granul\u00e9e<br>Liquide<\/td><\/tr><tr><td><strong><a href=\"https:\/\/oenobrands.com\/fr\/produit\/enzyme\/rapidase\/rapidase-flotation\/\"><mark style=\"background-color:rgba(0, 0, 0, 0);color:#b1b3b3\" class=\"has-inline-color\">FLOTATION<\/mark><\/a><\/strong><\/td><td class=\"has-text-align-center\" data-align=\"center\">Flottaison rapide et efficace des mo\u00fbts<\/td><td class=\"has-text-align-center\" data-align=\"center\">D\u00e9gradation avanc\u00e9e des cha\u00eenes principales de la pectine<\/td><td class=\"has-text-align-center\" data-align=\"center\">Liquide<\/td><\/tr><tr><td><strong><a href=\"https:\/\/oenobrands.com\/fr\/produit\/enzyme\/rapidase\/rapidase-thermoflash\/\"><mark style=\"background-color:rgba(0, 0, 0, 0);color:#a51890\" class=\"has-inline-color\">THERMOFLASH<\/mark><\/a><\/strong><\/td><td class=\"has-text-align-center\" data-align=\"center\">Clarification rapide et efficace des mo\u00fbts thermotrait\u00e9s<\/td><td class=\"has-text-align-center\" data-align=\"center\">D\u00e9gradation avanc\u00e9e des cha\u00eenes principales de la pectine jusqu\u2019\u00e0 70 \u00b0C<\/td><td class=\"has-text-align-center\" data-align=\"center\">Liquide<\/td><\/tr><tr><td><strong><a href=\"https:\/\/oenobrands.com\/fr\/produit\/enzyme\/rapidase\/rapidase-fast-color\/\"><mark style=\"background-color:rgba(0, 0, 0, 0);color:#672e45\" class=\"has-inline-color\">FAST COLOR<\/mark><\/a><\/strong><\/td><td class=\"has-text-align-center\" data-align=\"center\">Extraction rapide de la couleur et polyph\u00e9nols en mac\u00e9ration courte<\/td><td class=\"has-text-align-center\" data-align=\"center\">D\u00e9gradation rapide des parois cellulaires des peaux de raisins rouges <\/td><td class=\"has-text-align-center\" data-align=\"center\">Liquide<\/td><\/tr><tr><td><a href=\"https:\/\/oenobrands.com\/fr\/produit\/enzyme\/rapidase\/rapidase-fresh-berry\/\"><strong><mark style=\"background-color:rgba(0, 0, 0, 0);color:#701f7f\" class=\"has-inline-color\">FRESH BERRY<\/mark><\/strong><\/a><\/td><td class=\"has-text-align-center\" data-align=\"center\">Intensit\u00e9 et qualit\u00e9 aromatique am\u00e9lior\u00e9es dans les vins rouges frais modernes<\/td><td class=\"has-text-align-center\" data-align=\"center\">D\u00e9gradation s\u00e9lective des parois cellulaires des peaux et pulpes de raisins rouges<\/td><td class=\"has-text-align-center\" data-align=\"center\">Liquide<\/td><\/tr><tr><td><strong><a href=\"https:\/\/oenobrands.com\/fr\/produit\/enzyme\/rapidase\/rapidase-extra-fruit\/\"><mark style=\"background-color:rgba(0, 0, 0, 0);color:#ce0058\" class=\"has-inline-color\">EXTRA FRUIT<\/mark><\/a><\/strong><\/td><td class=\"has-text-align-center\" data-align=\"center\">Extraction des pr\u00e9curseurs aromatiques<br>lors de mac\u00e9rations de raisins rouges<\/td><td class=\"has-text-align-center\" data-align=\"center\">D\u00e9gradation des parois cellulaires des peaux et pulpes de raisins rouges<\/td><td class=\"has-text-align-center\" data-align=\"center\">Granul\u00e9e<\/td><\/tr><tr><td><strong><a href=\"https:\/\/oenobrands.com\/fr\/produit\/enzyme\/rapidase\/rapidase-extra-color\/\"><mark style=\"background-color:rgba(0, 0, 0, 0);color:#a6192e\" class=\"has-inline-color\">EXTRA COLOR<\/mark><\/a><\/strong><\/td><td class=\"has-text-align-center\" data-align=\"center\">Extraction am\u00e9lior\u00e9e de la couleur<br>et des polyph\u00e9nols dans les vins rouges<\/td><td class=\"has-text-align-center\" data-align=\"center\">D\u00e9gradation avanc\u00e9e des parois cellulaires des peaux de raisins rouges<\/td><td class=\"has-text-align-center\" data-align=\"center\">Granul\u00e9e<\/td><\/tr><tr><td><strong><a href=\"https:\/\/oenobrands.com\/fr\/produit\/enzyme\/rapidase\/rapidase-vinofast\/\"><mark style=\"background-color:rgba(0, 0, 0, 0);color:#8181a5\" class=\"has-inline-color\">VINOFAST<\/mark><\/a><\/strong><\/td><td class=\"has-text-align-center\" data-align=\"center\">Optimisation des op\u00e9rations avant mise en bouteille<\/td><td class=\"has-text-align-center\" data-align=\"center\">D\u00e9gradation avanc\u00e9e des polysaccharides<br>du raisin dans le vin<\/td><td class=\"has-text-align-center\" data-align=\"center\">Liquide<\/td><\/tr><tr><td><strong><a href=\"https:\/\/oenobrands.com\/fr\/produit\/enzyme\/rapidase\/rapidase-glucanfree\/\"><mark style=\"background-color:rgba(0, 0, 0, 0);color:#69dbc8\" class=\"has-inline-color\">GLUCANFREE<\/mark><\/a><\/strong><\/td><td class=\"has-text-align-center\" data-align=\"center\">Pour les mo\u00fbts et vins affect\u00e9s<br>par<em> Botrytis cinerea<\/em><\/td><td class=\"has-text-align-center\" data-align=\"center\">D\u00e9gradation des \u03b2-glucanes de <em>Botrytis <\/em>dans le mo\u00fbt et le vin<\/td><td class=\"has-text-align-center\" data-align=\"center\">Liquide<\/td><\/tr><tr><td><strong><a href=\"https:\/\/oenobrands.com\/fr\/produit\/enzyme\/rapidase\/rapidase-batonnage\/\"><mark style=\"background-color:rgba(0, 0, 0, 0);color:#ff9e1b\" class=\"has-inline-color\">BATONNAGE<\/mark><\/a><\/strong><\/td><td class=\"has-text-align-center\" data-align=\"center\"><br>Lib\u00e9ration de mol\u00e9cules contribuant<br>\u00e0 la texture et aux ar\u00f4mes<\/td><td class=\"has-text-align-center\" data-align=\"center\">D\u00e9gradation des parois cellulaires de levures<\/td><td class=\"has-text-align-center\" data-align=\"center\">Granul\u00e9e<br>Liquide<\/td><\/tr><tr><td><strong><a href=\"https:\/\/oenobrands.com\/fr\/produit\/enzyme\/rapidase\/rapidase-revelation-aroma\/\"><mark style=\"background-color:rgba(0, 0, 0, 0)\" class=\"has-inline-color has-luminous-vivid-orange-color\">REVELATION AROMA<\/mark><\/a><\/strong><\/td><td class=\"has-text-align-center\" data-align=\"center\">R\u00e9v\u00e9lation rapide et compl\u00e8te des ar\u00f4mes vari\u00e9taux, incluant la lib\u00e9ration des d\u00e9fauts li\u00e9s \u00e0 la fum\u00e9e avant \u00e9limination<\/td><td class=\"has-text-align-center\" data-align=\"center\">Hydrolyse des compos\u00e9s glycosyl\u00e9s<\/td><td class=\"has-text-align-center\" data-align=\"center\">Granul\u00e9e<\/td><\/tr><\/tbody><tfoot><tr><td><strong>RAPIDASE \u00ae<\/strong><\/td><td class=\"has-text-align-center\" data-align=\"center\"><strong>APPLICATION<\/strong><\/td><td class=\"has-text-align-center\" data-align=\"center\"><strong>EFFET<\/strong><\/td><td class=\"has-text-align-center\" data-align=\"center\"><strong>FORME<\/strong><\/td><\/tr><\/tfoot><\/table><\/figure>\n\n\n\n<div style=\"height:30px\" aria-hidden=\"true\" class=\"wp-block-spacer\"><\/div>\n\n\n\n<hr class=\"wp-block-separator has-text-color has-alpha-channel-opacity has-background is-style-wide\" style=\"background-color:#8a918e;color:#8a918e\"\/>\n\n\n\n<h3 class=\"wp-block-heading\"><strong>Explorez, testez et transformez vos vins :<\/strong><\/h3>\n\n\n\n<p>Chez Oenobrands, nous vous facilitons la t\u00e2che pour constater et percevoir la performance des enzymes Rapidase.<\/p>\n\n\n\n<div class=\"wp-block-buttons is-content-justification-center is-layout-flex wp-container-core-buttons-is-layout-16018d1d wp-block-buttons-is-layout-flex\">\n<div class=\"wp-block-button is-style-fill\"><a class=\"wp-block-button__link wp-element-button\" href=\"https:\/\/oenobrands.com\/fr\/kits-denzymes-rapidase\/\" target=\"_blank\" rel=\"noreferrer noopener\">Rapidase Kits<\/a><\/div>\n<\/div>\n\n\n\n<p><\/p>\n\n\n\n<div style=\"height:70px\" aria-hidden=\"true\" class=\"wp-block-spacer\"><\/div>\n\n\n\n<hr class=\"wp-block-separator has-text-color has-black-color has-alpha-channel-opacity has-black-background-color has-background\"\/>\n\n\n\n<div class=\"wp-block-columns is-layout-flex wp-container-core-columns-is-layout-9d6595d7 wp-block-columns-is-layout-flex\">\n<div class=\"wp-block-column is-vertically-aligned-center is-layout-flow wp-block-column-is-layout-flow\" style=\"flex-basis:30%\">\n<h1 class=\"wp-block-heading has-text-color\" style=\"color:#545859\">D\u00e9couvrez la gamme RAPIDASE<\/h1>\n\n\n\n<div style=\"height:20px\" aria-hidden=\"true\" class=\"wp-block-spacer\"><\/div>\n\n\n\n<div class=\"wp-block-buttons is-content-justification-left is-layout-flex wp-container-core-buttons-is-layout-fdcfc74e wp-block-buttons-is-layout-flex\">\n<div class=\"wp-block-button\"><a class=\"wp-block-button__link has-background wp-element-button\" href=\"https:\/\/oenobrands.com\/fr\/produit\/enzyme\/rapidase\/\" style=\"background-color:#545859\">RAPIDASE<\/a><\/div>\n<\/div>\n<\/div>\n\n\n\n<div class=\"wp-block-column is-layout-flow wp-block-column-is-layout-flow\" style=\"flex-basis:10%\"><\/div>\n\n\n\n<div class=\"wp-block-column is-layout-flow wp-block-column-is-layout-flow\"><div class=\"wp-block-image\">\n<figure class=\"aligncenter size-full\"><img decoding=\"async\" src=\"http:\/\/oenobrands.com\/wp-content\/uploads\/2023\/05\/OENOBRANDS-Rapidase-bandeau.png\" alt=\"OENOBRANDS-Rapidase-bandeau\" class=\"wp-image-4529\"\/><\/figure>\n<\/div><\/div>\n<\/div>\n\n\n\n<div style=\"height:50px\" aria-hidden=\"true\" class=\"wp-block-spacer\"><\/div>\n","protected":false},"excerpt":{"rendered":"<p>Comment choisir parmi notre portefeuille ? Choisir la bonne enzyme Rapidase n\u00e9cessite de garder [&hellip;]<\/p>\n","protected":false},"author":3,"featured_media":0,"parent":13500,"menu_order":0,"comment_status":"closed","ping_status":"closed","template":"","meta":{"_acf_changed":false,"_seopress_robots_primary_cat":"0","_seopress_titles_title":"","_seopress_titles_desc":"","_seopress_robots_index":"","footnotes":""},"class_list":["post-13503","page","type-page","status-publish"],"acf":[],"_links":{"self":[{"href":"https:\/\/oenobrands.com\/fr\/wp-json\/wp\/v2\/pages\/13503","targetHints":{"allow":["GET"]}}],"collection":[{"href":"https:\/\/oenobrands.com\/fr\/wp-json\/wp\/v2\/pages"}],"about":[{"href":"https:\/\/oenobrands.com\/fr\/wp-json\/wp\/v2\/types\/page"}],"author":[{"embeddable":true,"href":"https:\/\/oenobrands.com\/fr\/wp-json\/wp\/v2\/users\/3"}],"replies":[{"embeddable":true,"href":"https:\/\/oenobrands.com\/fr\/wp-json\/wp\/v2\/comments?post=13503"}],"version-history":[{"count":0,"href":"https:\/\/oenobrands.com\/fr\/wp-json\/wp\/v2\/pages\/13503\/revisions"}],"up":[{"embeddable":true,"href":"https:\/\/oenobrands.com\/fr\/wp-json\/wp\/v2\/pages\/13500"}],"wp:attachment":[{"href":"https:\/\/oenobrands.com\/fr\/wp-json\/wp\/v2\/media?parent=13503"}],"curies":[{"name":"wp","href":"https:\/\/api.w.org\/{rel}","templated":true}]}}