{"id":13486,"date":"2022-10-19T21:37:02","date_gmt":"2022-10-19T19:37:02","guid":{"rendered":"https:\/\/oenobrands.com\/a-propos-de-nous\/qui-nous-sommes\/"},"modified":"2026-04-10T11:44:10","modified_gmt":"2026-04-10T09:44:10","slug":"qui-nous-sommes","status":"publish","type":"page","link":"https:\/\/oenobrands.com\/fr\/a-propos-de-nous\/qui-nous-sommes\/","title":{"rendered":"Qui nous sommes"},"content":{"rendered":"\n<p>Chez Oenobrands, nous r\u00e9unissons un groupe diversifi\u00e9 de scientifiques, techniciens et passionn\u00e9s de vin, tous unis par une passion pour l&rsquo;innovation et un engagement envers l&rsquo;excellence. <\/p>\n\n<p>Nos collaborateurs viennent du monde entier, apportant avec eux une riche exp\u00e9rience et des connaissances que nous utilisons pour assurer notre succ\u00e8s.<\/p>\n","protected":false},"excerpt":{"rendered":"<p>Chez Oenobrands, nous r\u00e9unissons un groupe diversifi\u00e9 de scientifiques, techniciens et passionn\u00e9s de vin, [&hellip;]<\/p>\n","protected":false},"author":3,"featured_media":0,"parent":13484,"menu_order":2,"comment_status":"closed","ping_status":"closed","template":"page-conseil-membres.php","meta":{"_acf_changed":false,"_seopress_robots_primary_cat":"","_seopress_titles_title":"","_seopress_titles_desc":"","_seopress_robots_index":"","footnotes":""},"class_list":["post-13486","page","type-page","status-publish"],"acf":[],"_links":{"self":[{"href":"https:\/\/oenobrands.com\/fr\/wp-json\/wp\/v2\/pages\/13486","targetHints":{"allow":["GET"]}}],"collection":[{"href":"https:\/\/oenobrands.com\/fr\/wp-json\/wp\/v2\/pages"}],"about":[{"href":"https:\/\/oenobrands.com\/fr\/wp-json\/wp\/v2\/types\/page"}],"author":[{"embeddable":true,"href":"https:\/\/oenobrands.com\/fr\/wp-json\/wp\/v2\/users\/3"}],"replies":[{"embeddable":true,"href":"https:\/\/oenobrands.com\/fr\/wp-json\/wp\/v2\/comments?post=13486"}],"version-history":[{"count":1,"href":"https:\/\/oenobrands.com\/fr\/wp-json\/wp\/v2\/pages\/13486\/revisions"}],"predecessor-version":[{"id":28652,"href":"https:\/\/oenobrands.com\/fr\/wp-json\/wp\/v2\/pages\/13486\/revisions\/28652"}],"up":[{"embeddable":true,"href":"https:\/\/oenobrands.com\/fr\/wp-json\/wp\/v2\/pages\/13484"}],"wp:attachment":[{"href":"https:\/\/oenobrands.com\/fr\/wp-json\/wp\/v2\/media?parent=13486"}],"curies":[{"name":"wp","href":"https:\/\/api.w.org\/{rel}","templated":true}]}}