{"id":13484,"date":"2022-10-04T16:14:26","date_gmt":"2022-10-04T14:14:26","guid":{"rendered":"https:\/\/oenobrands.com\/a-propos-de-nous\/"},"modified":"2026-04-10T11:46:24","modified_gmt":"2026-04-10T09:46:24","slug":"a-propos-de-nous","status":"publish","type":"page","link":"https:\/\/oenobrands.com\/fr\/a-propos-de-nous\/","title":{"rendered":"\u00c0 propos de nous"},"content":{"rendered":"\n<div style=\"height:35px\" aria-hidden=\"true\" class=\"wp-block-spacer\"><\/div>\n\n\n\n<div class=\"wp-block-columns is-layout-flex wp-container-core-columns-is-layout-9d6595d7 wp-block-columns-is-layout-flex\">\n<div class=\"wp-block-column is-layout-flow wp-block-column-is-layout-flow\">\n<h2 class=\"wp-block-heading\"><strong>D\u00e9couvrez le monde d\u2019Oenobrands<\/strong><\/h2>\n\n\n\n<div style=\"height:26px\" aria-hidden=\"true\" class=\"wp-block-spacer\"><\/div>\n\n\n\n<p>Oenobrands est un <strong>leader mondial des biotechnologies biosourc\u00e9es<\/strong> appliqu\u00e9es \u00e0 la <strong>vinification<\/strong>, sp\u00e9cialis\u00e9 dans le d\u00e9veloppement et la commercialisation de biotechnologies de haute performance, incluant <strong>enzymes, levures, mannoprot\u00e9ines, d\u00e9riv\u00e9s de levures et bact\u00e9ries<\/strong>. Notre \u00e9quipe <strong>d\u2019experts <\/strong>s\u2019engage \u00e0 am\u00e9liorer la qualit\u00e9 et l\u2019authenticit\u00e9 des vins gr\u00e2ce \u00e0 des solutions de pointe.<\/p>\n<\/div>\n\n\n\n<div class=\"wp-block-column is-layout-flow wp-block-column-is-layout-flow\">\n<figure class=\"wp-block-embed aligncenter is-type-video is-provider-youtube wp-block-embed-youtube wp-embed-aspect-16-9 wp-has-aspect-ratio\"><div class=\"wp-block-embed__wrapper\">\n<iframe loading=\"lazy\" title=\"Oenobrands Corporate Video\" width=\"500\" height=\"281\" src=\"https:\/\/www.youtube.com\/embed\/tVIMhvLQh24?feature=oembed\" frameborder=\"0\" allow=\"accelerometer; autoplay; clipboard-write; encrypted-media; gyroscope; picture-in-picture; web-share\" referrerpolicy=\"strict-origin-when-cross-origin\" allowfullscreen><\/iframe>\n<\/div><\/figure>\n<\/div>\n<\/div>\n\n\n\n<div style=\"height:50px\" aria-hidden=\"true\" class=\"wp-block-spacer\"><\/div>\n\n\n\n<div class=\"wp-block-columns has-white-color has-text-color has-background is-layout-flex wp-container-core-columns-is-layout-9d6595d7 wp-block-columns-is-layout-flex\" id=\"whoweare\" style=\"background-color:#a6ce00\">\n<div class=\"wp-block-column is-layout-flow wp-block-column-is-layout-flow\"><div class=\"wp-block-image is-style-rounded\">\n<figure class=\"aligncenter size-full is-resized\"><img loading=\"lazy\" decoding=\"async\" width=\"490\" height=\"360\" src=\"https:\/\/oenobrands.com\/wp-content\/uploads\/2023\/02\/meet-team.png\" alt=\"team \u00e9quipe\" class=\"wp-image-1372\" style=\"width:450px\" srcset=\"https:\/\/oenobrands.com\/wp-content\/uploads\/2023\/02\/meet-team.png 490w, https:\/\/oenobrands.com\/wp-content\/uploads\/2023\/02\/meet-team-300x220.png 300w\" sizes=\"auto, (max-width: 490px) 100vw, 490px\" \/><\/figure>\n<\/div><\/div>\n\n\n\n<div class=\"wp-block-column is-layout-flow wp-block-column-is-layout-flow\">\n<div style=\"height:50px\" aria-hidden=\"true\" class=\"wp-block-spacer\"><\/div>\n\n\n\n<h2 class=\"wp-block-heading has-white-color has-text-color has-link-color wp-elements-33452d72f25e4ecbcd20e097f8d96905\"><strong>Qui nous sommes<\/strong><\/h2>\n\n\n\n<p>Chez Oenobrands, nous r\u00e9unissons des scientifiques, des techniciens et des passionn\u00e9s de vins, rassembl\u00e9s par une m\u00eame volont\u00e9 d\u2019innovation et un engagement constant vers la qualit\u00e9.<\/p>\n\n\n\n<div class=\"wp-block-buttons is-layout-flex wp-block-buttons-is-layout-flex\">\n<div class=\"wp-block-button is-style-outline is-style-outline--1\"><a class=\"wp-block-button__link wp-element-button\" href=\"https:\/\/oenobrands.com\/fr\/a-propos-de-nous\/qui-nous-sommes\/\" style=\"border-radius:0px\">Rencontrez l&rsquo;\u00e9quipe !<\/a><\/div>\n<\/div>\n<\/div>\n<\/div>\n\n\n\n<div style=\"height:70px\" aria-hidden=\"true\" class=\"wp-block-spacer\"><\/div>\n\n\n\n<div class=\"wp-block-columns is-layout-flex wp-container-core-columns-is-layout-9d6595d7 wp-block-columns-is-layout-flex\">\n<div class=\"wp-block-column is-layout-flow wp-block-column-is-layout-flow\">\n<h2 class=\"wp-block-heading\"><strong>Notre mission<\/strong><\/h2>\n\n\n\n<p>Fond\u00e9e en 2010, Oenobrands a \u00e9t\u00e9 cr\u00e9\u00e9e avec l\u2019objectif de se consacrer exclusivement au secteur du vin et de distribuer nos marques embl\u00e9matiques sur les cinq continents via un r\u00e9seau de distribution sp\u00e9cialis\u00e9.<br>Notre mission est d\u2019offrir des solutions innovantes et scientifiquement fond\u00e9es mettant en valeur les synergies positives entre nos produits.<\/p>\n\n\n\n<p>Notre si\u00e8ge social est situ\u00e9 \u00e0 Montpellier, en France, et notre entrep\u00f4t \u00e0 Saint-Sever, dans le sud-ouest de la France.<\/p>\n<\/div>\n\n\n\n<div class=\"wp-block-column is-layout-flow wp-block-column-is-layout-flow\"><div class=\"wp-block-image is-resized\">\n<figure class=\"aligncenter size-full\"><img alt=\"Bouteille-vin-wine-bootle\" loading=\"lazy\" decoding=\"async\" width=\"774\" height=\"518\" src=\"http:\/\/oenobrands.com\/wp-content\/uploads\/2023\/01\/Bouteille-vin-wine-bootle-DRP0320-min.jpg\" alt=\"\" class=\"wp-image-1166\" srcset=\"https:\/\/oenobrands.com\/wp-content\/uploads\/2023\/01\/Bouteille-vin-wine-bootle-DRP0320-min.jpg 774w, https:\/\/oenobrands.com\/wp-content\/uploads\/2023\/01\/Bouteille-vin-wine-bootle-DRP0320-min-300x201.jpg 300w, https:\/\/oenobrands.com\/wp-content\/uploads\/2023\/01\/Bouteille-vin-wine-bootle-DRP0320-min-768x514.jpg 768w\" sizes=\"auto, (max-width: 774px) 100vw, 774px\" \/><\/figure>\n<\/div><\/div>\n<\/div>\n\n\n\n<div style=\"height:49px\" aria-hidden=\"true\" class=\"wp-block-spacer\"><\/div>\n\n\n\n<div class=\"wp-block-columns is-layout-flex wp-container-core-columns-is-layout-9d6595d7 wp-block-columns-is-layout-flex\">\n<div class=\"wp-block-column is-layout-flow wp-block-column-is-layout-flow\"><div class=\"wp-block-image is-resized\">\n<figure class=\"aligncenter size-full\"><img loading=\"lazy\" decoding=\"async\" width=\"877\" height=\"715\" src=\"http:\/\/oenobrands.com\/wp-content\/uploads\/2024\/05\/Our-brands.png\" alt=\"Oenobrands-brands-anchor-fermivin-rapidase-claristar-final touch\" class=\"wp-image-7823\" srcset=\"https:\/\/oenobrands.com\/wp-content\/uploads\/2024\/05\/Our-brands.png 877w, https:\/\/oenobrands.com\/wp-content\/uploads\/2024\/05\/Our-brands-300x245.png 300w, https:\/\/oenobrands.com\/wp-content\/uploads\/2024\/05\/Our-brands-768x626.png 768w\" sizes=\"auto, (max-width: 877px) 100vw, 877px\" \/><\/figure>\n<\/div><\/div>\n\n\n\n<div class=\"wp-block-column is-vertically-aligned-top is-layout-flow wp-block-column-is-layout-flow\">\n<h2 class=\"wp-block-heading\"><strong>Nos produits<\/strong><\/h2>\n\n\n\n<p>Chez Oenobrands, nous croyons au pouvoir des biotechnologies biosourc\u00e9es pour r\u00e9v\u00e9ler le meilleur du vin. Avec nos marques embl\u00e9matiques d\u2019enzymes, de levures, de mannoprot\u00e9ines, de d\u00e9riv\u00e9s de levures et de bact\u00e9ries, nous nous consacrons \u00e0 am\u00e9liorer la qualit\u00e9 et l\u2019authenticit\u00e9 des vins.<\/p>\n\n\n\n<p>Nous collaborons avec des universit\u00e9s et instituts de recherche de premier plan, afin d\u2019apporter les avanc\u00e9es les plus r\u00e9centes en vinification.<\/p>\n\n\n\n<p>Marques : <strong>Anchor Yeast, Anchor Bacteria, Fermivin, <\/strong>incluant le label <strong>In-Line Ready, Rapidase, Maloferm, Feel safe!, Claristar, <\/strong>et <strong>Final touch.<\/strong><\/p>\n<\/div>\n<\/div>\n\n\n\n<div style=\"height:50px\" aria-hidden=\"true\" class=\"wp-block-spacer\"><\/div>\n\n\n\n<hr class=\"wp-block-separator has-alpha-channel-opacity is-style-dots\"\/>\n\n\n\n<div class=\"wp-block-columns is-layout-flex wp-container-core-columns-is-layout-9d6595d7 wp-block-columns-is-layout-flex\">\n<div class=\"wp-block-column is-layout-flow wp-block-column-is-layout-flow\">\n<h2 class=\"wp-block-heading has-text-align-left\"><strong><strong>Notre ambition<\/strong><\/strong><\/h2>\n\n\n\n<div style=\"height:30px\" aria-hidden=\"true\" class=\"wp-block-spacer\"><\/div>\n\n\n\n<p><strong>Notre objectif chez Oenobrands est d\u2019aider les vinificateurs \u00e0 produire des vins de haute qualit\u00e9 gr\u00e2ce \u00e0 l\u2019innovation et \u00e0 l\u2019excellence.<\/strong><br>Notre engagement envers des marques performantes fait de nous une source fiable que nos distributeurs peuvent promouvoir avec fiert\u00e9.<\/p>\n<\/div>\n\n\n\n<div class=\"wp-block-column is-layout-flow wp-block-column-is-layout-flow\">\n<h2 class=\"wp-block-heading has-text-align-left\"><strong><strong>Notre r\u00e9seau de distribution<\/strong><\/strong><\/h2>\n\n\n\n<div style=\"height:18px\" aria-hidden=\"true\" class=\"wp-block-spacer\"><\/div>\n\n\n\n<p><strong>Nous sommes fiers d\u2019accompagner les vinificateurs dans le monde entier gr\u00e2ce \u00e0 un r\u00e9seau de distribution couvrant six continents.<\/strong><br>Nos \u00e9quipes sont pr\u00e9sentes sur le terrain, travaillant avec les vinificateurs pour identifier leurs besoins et proposer des solutions adapt\u00e9es.<br>Que vous soyez une petite cave ou un groupe important, nous avons l\u2019exp\u00e9rience et l\u2019expertise n\u00e9cessaires pour vous accompagner.<\/p>\n<\/div>\n<\/div>\n\n\n\n<div style=\"height:60px\" aria-hidden=\"true\" class=\"wp-block-spacer\"><\/div>\n\n\n\n<hr class=\"wp-block-separator has-alpha-channel-opacity is-style-dots\"\/>\n\n\n\n<div class=\"wp-block-columns is-layout-flex wp-container-core-columns-is-layout-9d6595d7 wp-block-columns-is-layout-flex\">\n<div class=\"wp-block-column is-layout-flow wp-block-column-is-layout-flow\">\n<h2 class=\"wp-block-heading has-text-align-left\"><strong>Membre d&rsquo;Oenoppia<\/strong><\/h2>\n\n\n\n<div style=\"height:30px\" aria-hidden=\"true\" class=\"wp-block-spacer\"><\/div>\n\n\n<div class=\"wp-block-image\">\n<figure class=\"aligncenter size-full\"><img loading=\"lazy\" decoding=\"async\" width=\"276\" height=\"57\" src=\"http:\/\/oenobrands.com\/wp-content\/uploads\/2023\/02\/Membre-Oenoppia-association-internationale-produits-pratiques-oenologiques-e1705304835421.png\" alt=\"Membre Oenoppia association internationale produits pratiques oenologiques\" class=\"wp-image-1361\"\/><\/figure>\n<\/div>\n\n\n<div style=\"height:30px\" aria-hidden=\"true\" class=\"wp-block-spacer\"><\/div>\n\n\n\n<p>Oenobrands est membre fondateur d\u2019OENOPPIA, un groupement r\u00e9unissant les principaux fabricants de produits \u0153nologiques.<br><strong>OENOPPIA <\/strong>a trois r\u00f4les :<\/p>\n\n\n\n<ul class=\"wp-block-list\">\n<li>\u00e9thique : garantir que la qualit\u00e9 des produits respecte l\u2019ensemble des r\u00e9glementations.<\/li>\n\n\n\n<li>institutionnel : travailler avec les autorit\u00e9s r\u00e9glementaires et scientifiques ;<\/li>\n\n\n\n<li>informatif : diffuser la connaissance des produits et pratiques \u0153nologiques ;<\/li>\n<\/ul>\n\n\n\n<p><a href=\"http:\/\/www.oenoppia.com\/\" target=\"_blank\" rel=\"noreferrer noopener nofollow\"><u>www.oenoppia.com<\/u><\/a><\/p>\n<\/div>\n\n\n\n<div class=\"wp-block-column is-layout-flow wp-block-column-is-layout-flow\">\n<h2 class=\"wp-block-heading has-text-align-left\"><strong>Membre de Vinseo<\/strong> (France)<\/h2>\n\n\n\n<div style=\"height:18px\" aria-hidden=\"true\" class=\"wp-block-spacer\"><\/div>\n\n\n<div class=\"wp-block-image is-resized\">\n<figure class=\"aligncenter size-full\"><img loading=\"lazy\" decoding=\"async\" width=\"300\" height=\"137\" src=\"http:\/\/oenobrands.com\/wp-content\/uploads\/2023\/04\/Membre-Vinseo-oenobrands.jpg\" alt=\"membre vinseo\" class=\"wp-image-2316\" style=\"width:190px;height:auto\"\/><\/figure>\n<\/div>\n\n\n<div style=\"height:18px\" aria-hidden=\"true\" class=\"wp-block-spacer\"><\/div>\n\n\n\n<p>Oenobrands est membre de Vinseo, une association de sp\u00e9cialistes de la fili\u00e8re vin en Occitanie. <strong>Vinseo <\/strong>f\u00e9d\u00e8re et repr\u00e9sente les fournisseurs de services et produits destin\u00e9s aux viticulteurs et aux caves, ainsi que les acteurs de la recherche et de l\u2019enseignement li\u00e9s au secteur.<br>De la vigne au verre, le r\u00e9seau Vinseo conseille, fournit et accompagne caves, viticulteurs, vinificateurs et metteurs en march\u00e9 avec une exigence constante de qualit\u00e9.<\/p>\n\n\n\n<p><a href=\"https:\/\/www.vinseo.com\/\" target=\"_blank\" rel=\"noreferrer noopener nofollow\"><u>www.vinseo.com<\/u><\/a><\/p>\n<\/div>\n<\/div>\n\n\n\n<div style=\"height:100px\" aria-hidden=\"true\" class=\"wp-block-spacer\"><\/div>\n","protected":false},"excerpt":{"rendered":"<p>D\u00e9couvrez le monde d\u2019Oenobrands Oenobrands est un leader mondial des biotechnologies biosourc\u00e9es appliqu\u00e9es \u00e0 [&hellip;]<\/p>\n","protected":false},"author":1,"featured_media":1171,"parent":0,"menu_order":0,"comment_status":"closed","ping_status":"closed","template":"","meta":{"_acf_changed":false,"_seopress_robots_primary_cat":"","_seopress_titles_title":"","_seopress_titles_desc":"","_seopress_robots_index":"","footnotes":""},"class_list":["post-13484","page","type-page","status-publish","has-post-thumbnail"],"acf":[],"_links":{"self":[{"href":"https:\/\/oenobrands.com\/fr\/wp-json\/wp\/v2\/pages\/13484","targetHints":{"allow":["GET"]}}],"collection":[{"href":"https:\/\/oenobrands.com\/fr\/wp-json\/wp\/v2\/pages"}],"about":[{"href":"https:\/\/oenobrands.com\/fr\/wp-json\/wp\/v2\/types\/page"}],"author":[{"embeddable":true,"href":"https:\/\/oenobrands.com\/fr\/wp-json\/wp\/v2\/users\/1"}],"replies":[{"embeddable":true,"href":"https:\/\/oenobrands.com\/fr\/wp-json\/wp\/v2\/comments?post=13484"}],"version-history":[{"count":2,"href":"https:\/\/oenobrands.com\/fr\/wp-json\/wp\/v2\/pages\/13484\/revisions"}],"predecessor-version":[{"id":28658,"href":"https:\/\/oenobrands.com\/fr\/wp-json\/wp\/v2\/pages\/13484\/revisions\/28658"}],"wp:featuredmedia":[{"embeddable":true,"href":"https:\/\/oenobrands.com\/fr\/wp-json\/wp\/v2\/media\/1171"}],"wp:attachment":[{"href":"https:\/\/oenobrands.com\/fr\/wp-json\/wp\/v2\/media?parent=13484"}],"curies":[{"name":"wp","href":"https:\/\/api.w.org\/{rel}","templated":true}]}}