{"id":19531,"date":"2024-07-01T07:30:38","date_gmt":"2024-07-01T05:30:38","guid":{"rendered":"https:\/\/oenobrands.com\/kits-de-enzimas-rapidase\/"},"modified":"2025-10-20T16:19:44","modified_gmt":"2025-10-20T14:19:44","slug":"kits-de-enzimas-rapidase","status":"publish","type":"page","link":"https:\/\/oenobrands.com\/es\/kits-de-enzimas-rapidase\/","title":{"rendered":"Kits de enzimas RAPIDASE"},"content":{"rendered":"\n<div style=\"height:50px\" aria-hidden=\"true\" class=\"wp-block-spacer\"><\/div>\n\n<div class=\"wp-block-columns are-vertically-aligned-center is-layout-flex wp-container-core-columns-is-layout-9d6595d7 wp-block-columns-is-layout-flex\">\n<div class=\"wp-block-column is-vertically-aligned-center is-layout-flow wp-block-column-is-layout-flow\"><div class=\"wp-block-image is-style-default\">\n<figure class=\"aligncenter size-full is-resized\"><img loading=\"lazy\" decoding=\"async\" width=\"582\" height=\"400\" src=\"http:\/\/oenobrands.com\/wp-content\/uploads\/2024\/07\/KIT_GENERICO-582-x-400-px.png\" alt=\"Kit de enzimas Rapidase\" class=\"wp-image-8851\" style=\"width:289px;height:auto\" srcset=\"https:\/\/oenobrands.com\/wp-content\/uploads\/2024\/07\/KIT_GENERICO-582-x-400-px.png 582w, https:\/\/oenobrands.com\/wp-content\/uploads\/2024\/07\/KIT_GENERICO-582-x-400-px-300x206.png 300w\" sizes=\"auto, (max-width: 582px) 100vw, 582px\" \/><\/figure>\n<\/div><\/div>\n\n\n\n<div class=\"wp-block-column is-vertically-aligned-center is-layout-flow wp-block-column-is-layout-flow\">\n<p>En Oenobrands, comprendemos la importancia de la precisi\u00f3n y la claridad en la elaboraci\u00f3n del vino. Nuestros kits de enzimas Rapidase\u00ae est\u00e1n dise\u00f1ados para ayudarte a demostrar y medir el rendimiento de las enzimas Rapidase de manera eficaz. Estos kits te proporcionan las <strong>herramientas y los protocolos <\/strong>necesarios para evaluar plenamente su desempe\u00f1o.   <\/p>\n\n\n\n<p><strong>\u00a1Prueba estos kits ahora!<\/strong><\/p>\n<\/div>\n<\/div>\n\n<div style=\"height:70px\" aria-hidden=\"true\" class=\"wp-block-spacer\"><\/div>\n\n<h2 class=\"wp-block-heading\"><strong>\u00bfQu\u00e9 kit de enzimas Rapidase es el adecuado para ti?<\/strong><\/h2>\n\n<div style=\"height:30px\" aria-hidden=\"true\" class=\"wp-block-spacer\"><\/div>\n\n<div class=\"wp-block-group has-background\" style=\"background-color:#f7f7f7\"><div class=\"wp-block-group__inner-container is-layout-constrained wp-block-group-is-layout-constrained\">\n<h4 class=\"wp-block-heading\">Kit Rapidase Revelation Aroma<\/h4>\n\n\n\n<div style=\"height:30px\" aria-hidden=\"true\" class=\"wp-block-spacer\"><\/div>\n\n\n\n<div class=\"wp-block-columns is-layout-flex wp-container-core-columns-is-layout-9d6595d7 wp-block-columns-is-layout-flex\">\n<div class=\"wp-block-column is-vertically-aligned-center is-layout-flow wp-block-column-is-layout-flow\"><div class=\"wp-block-image\">\n<figure class=\"aligncenter size-full\"><img loading=\"lazy\" decoding=\"async\" width=\"400\" height=\"551\" src=\"http:\/\/oenobrands.com\/wp-content\/uploads\/2024\/07\/KIT_REVELATION-1-400x551-1.png\" alt=\"Kit de enzimas Rapidase Revelation Aroma\" class=\"wp-image-8844\" srcset=\"https:\/\/oenobrands.com\/wp-content\/uploads\/2024\/07\/KIT_REVELATION-1-400x551-1.png 400w, https:\/\/oenobrands.com\/wp-content\/uploads\/2024\/07\/KIT_REVELATION-1-400x551-1-218x300.png 218w\" sizes=\"auto, (max-width: 400px) 100vw, 400px\" \/><\/figure>\n<\/div><\/div>\n\n\n\n<div class=\"wp-block-column is-vertically-aligned-center is-layout-flow wp-block-column-is-layout-flow\" style=\"flex-basis:5px\"><\/div>\n\n\n\n<div class=\"wp-block-column is-vertically-aligned-top is-layout-flow wp-block-column-is-layout-flow\">\n<p><strong>Rapidase\u00ae Revelation Aroma<\/strong> permite una liberaci\u00f3n mejorada de los aromas a partir de sus precursores glicosilados presentes en los vinos. <\/p>\n\n\n\n<div class=\"wp-block-buttons is-content-justification-center is-layout-flex wp-container-core-buttons-is-layout-16018d1d wp-block-buttons-is-layout-flex\">\n<div class=\"wp-block-button is-style-fill\"><a class=\"wp-block-button__link wp-element-button\" href=\"https:\/\/oenobrands.com\/product\/enzyme\/rapidase\/revelation-aroma\/\" target=\"_blank\" rel=\"noreferrer noopener\">Rapidase Revelation aroma<\/a><\/div>\n<\/div>\n\n\n\n<div style=\"height:30px\" aria-hidden=\"true\" class=\"wp-block-spacer\"><\/div>\n\n\n\n<p>Su uso permite elaborar <strong>vinos con un bouquet intenso y multidimensional<\/strong>. Adem\u00e1s, en el caso de contaminaci\u00f3n por humo, esta formulaci\u00f3n de glicosidasa constituye el primer paso de un protocolo en dos etapas destinado a revelar primero los aromas ahumados y luego eliminarlos. <\/p>\n\n\n\n<div style=\"height:30px\" aria-hidden=\"true\" class=\"wp-block-spacer\"><\/div>\n\n\n\n<h3 class=\"wp-block-heading\"><strong>\u00bfC\u00f3mo se utiliza el kit Rapidase Revelation Aroma?<\/strong><\/h3>\n\n\n\n<ol class=\"wp-block-list\">\n<li>Sigue las instrucciones del kit, utilizando la enzima granulada para preparar una soluci\u00f3n enzim\u00e1tica.<\/li>\n\n\n\n<li>A\u00f1ade una dosis de la soluci\u00f3n enzim\u00e1tica al vino seg\u00fan los protocolos correspondientes que encontrar\u00e1s en los enlaces siguientes.<\/li>\n<\/ol>\n\n\n\n<div style=\"height:30px\" aria-hidden=\"true\" class=\"wp-block-spacer\"><\/div>\n\n\n\n<div class=\"wp-block-buttons is-content-justification-center is-layout-flex wp-container-core-buttons-is-layout-16018d1d wp-block-buttons-is-layout-flex\">\n<div class=\"wp-block-button is-style-fill\"><a class=\"wp-block-button__link wp-element-button\" href=\"https:\/\/oenobrands.com\/wp-content\/uploads\/2024\/07\/RAPIDASE_Revelation-Aroma-Protocole_2023_EN_G_03.pdf\" target=\"_blank\" rel=\"noreferrer noopener\">Protocolo para la revelaci\u00f3n de aromas<\/a><\/div>\n<\/div>\n\n\n\n<div style=\"height:30px\" aria-hidden=\"true\" class=\"wp-block-spacer\"><\/div>\n\n\n\n<div class=\"wp-block-buttons is-content-justification-center is-layout-flex wp-container-core-buttons-is-layout-16018d1d wp-block-buttons-is-layout-flex\">\n<div class=\"wp-block-button is-style-fill\"><a class=\"wp-block-button__link wp-element-button\" href=\"https:\/\/oenobrands.com\/wp-content\/uploads\/2024\/07\/RAPIDASE_Revelation-Aroma-Protocole-Smoke-Taint_2023_EN_G_01.pdf\" target=\"_blank\" rel=\"noreferrer noopener\">Protocolo para la eliminaci\u00f3n del olor a humo<\/a><\/div>\n<\/div>\n<\/div>\n<\/div>\n\n\n\n<div style=\"height:30px\" aria-hidden=\"true\" class=\"wp-block-spacer\"><\/div>\n<\/div><\/div>\n\n<div style=\"height:70px\" aria-hidden=\"true\" class=\"wp-block-spacer\"><\/div>\n\n<div class=\"wp-block-group\"><div class=\"wp-block-group__inner-container is-layout-constrained wp-block-group-is-layout-constrained\">\n<h4 class=\"wp-block-heading\">Kits Rapidase Clear y Clear Extreme<\/h4>\n\n\n\n<div style=\"height:30px\" aria-hidden=\"true\" class=\"wp-block-spacer\"><\/div>\n\n\n\n<div class=\"wp-block-columns is-layout-flex wp-container-core-columns-is-layout-9d6595d7 wp-block-columns-is-layout-flex\">\n<div class=\"wp-block-column is-layout-flow wp-block-column-is-layout-flow\">\n<p>La clarificaci\u00f3n del mosto mediante sedimentaci\u00f3n est\u00e1tica o flotaci\u00f3n es fundamental para reducir los s\u00f3lidos, evitar la oxidaci\u00f3n, limitar los compuestos herb\u00e1ceos y garantizar una fermentaci\u00f3n alcoh\u00f3lica con menos bacterias, levaduras y compuestos t\u00f3xicos. <\/p>\n<\/div>\n\n\n\n<div class=\"wp-block-column is-layout-flow wp-block-column-is-layout-flow\" style=\"flex-basis:5px\"><\/div>\n\n\n\n<div class=\"wp-block-column is-layout-flow wp-block-column-is-layout-flow\">\n<p>Se l<strong>ograr\u00e1 una clarificaci\u00f3n r\u00e1pida y eficaz <\/strong>del mosto al reducir su viscosidad, lo que permite una floculaci\u00f3n m\u00e1s r\u00e1pida y l\u00edas m\u00e1s compactas. Es obligatorio un <strong>resultado negativo en la prueba de pectinas,<\/strong> y tambi\u00e9n se debe controlar el nivel de glucanos. <\/p>\n<\/div>\n<\/div>\n\n\n\n<div style=\"height:30px\" aria-hidden=\"true\" class=\"wp-block-spacer\"><\/div>\n\n\n\n<h3 class=\"wp-block-heading\"><strong>\u00bfC\u00f3mo se utilizan los kits Rapidase Clear y Clear Extreme?<\/strong><\/h3>\n\n\n\n<div style=\"height:30px\" aria-hidden=\"true\" class=\"wp-block-spacer\"><\/div>\n\n\n\n<div class=\"wp-block-columns is-layout-flex wp-container-core-columns-is-layout-9d6595d7 wp-block-columns-is-layout-flex\">\n<div class=\"wp-block-column is-vertically-aligned-center is-layout-flow wp-block-column-is-layout-flow\">\n<ol class=\"wp-block-list\">\n<li>Sigue las instrucciones del kit, utilizando la enzima granulada para preparar una soluci\u00f3n enzim\u00e1tica.<\/li>\n\n\n\n<li>A\u00f1ade una dosis de esta soluci\u00f3n enzim\u00e1tica al mosto y realiza la prueba de pectina. Consulta los protocolos en los enlaces proporcionados. <\/li>\n<\/ol>\n\n\n\n<div style=\"height:30px\" aria-hidden=\"true\" class=\"wp-block-spacer\"><\/div>\n<\/div>\n\n\n\n<div class=\"wp-block-column is-vertically-aligned-center is-layout-flow wp-block-column-is-layout-flow\" style=\"flex-basis:5px\"><\/div>\n\n\n\n<div class=\"wp-block-column is-vertically-aligned-top is-layout-flow wp-block-column-is-layout-flow\">\n<div class=\"wp-block-buttons is-content-justification-center is-layout-flex wp-container-core-buttons-is-layout-16018d1d wp-block-buttons-is-layout-flex\">\n<div class=\"wp-block-button is-style-fill\"><a class=\"wp-block-button__link wp-element-button\" href=\"https:\/\/oenobrands.com\/wp-content\/uploads\/2024\/07\/RAPIDASE_Pectin-test_EN_G_04.pdf\" target=\"_blank\" rel=\"noreferrer noopener\">Protocolo de prueba de pectina<\/a><\/div>\n<\/div>\n\n\n\n<div style=\"height:30px\" aria-hidden=\"true\" class=\"wp-block-spacer\"><\/div>\n<\/div>\n<\/div>\n\n\n\n<div class=\"wp-block-columns is-layout-flex wp-container-core-columns-is-layout-9d6595d7 wp-block-columns-is-layout-flex\">\n<div class=\"wp-block-column is-layout-flow wp-block-column-is-layout-flow\"><div class=\"wp-block-image\">\n<figure class=\"aligncenter size-full is-resized\"><img loading=\"lazy\" decoding=\"async\" width=\"582\" height=\"400\" src=\"http:\/\/oenobrands.com\/wp-content\/uploads\/2024\/07\/KIT_CLEAR-582-x-400-px.png\" alt=\"Kit de enzimas Rapidase Clear\" class=\"wp-image-8847\" style=\"width:281px;height:auto\" srcset=\"https:\/\/oenobrands.com\/wp-content\/uploads\/2024\/07\/KIT_CLEAR-582-x-400-px.png 582w, https:\/\/oenobrands.com\/wp-content\/uploads\/2024\/07\/KIT_CLEAR-582-x-400-px-300x206.png 300w\" sizes=\"auto, (max-width: 582px) 100vw, 582px\" \/><\/figure>\n<\/div>\n\n\n<div style=\"height:30px\" aria-hidden=\"true\" class=\"wp-block-spacer\"><\/div>\n\n\n\n<div class=\"wp-block-buttons is-content-justification-center is-layout-flex wp-container-core-buttons-is-layout-16018d1d wp-block-buttons-is-layout-flex\">\n<div class=\"wp-block-button is-style-fill\"><a class=\"wp-block-button__link wp-element-button\" href=\"https:\/\/oenobrands.com\/product\/enzyme\/rapidase\/clear\/\" target=\"_blank\" rel=\"noreferrer noopener\">Rapidase Clear<\/a><\/div>\n<\/div>\n<\/div>\n\n\n\n<div class=\"wp-block-column is-layout-flow wp-block-column-is-layout-flow\"><div class=\"wp-block-image\">\n<figure class=\"aligncenter size-full is-resized\"><img loading=\"lazy\" decoding=\"async\" width=\"582\" height=\"400\" src=\"http:\/\/oenobrands.com\/wp-content\/uploads\/2024\/07\/KIT_CLEAR_EXTREME-585-x-400-px.png\" alt=\"Kit de enzimas Rapidase Clear Extreme\" class=\"wp-image-8849\" style=\"width:281px;height:auto\" srcset=\"https:\/\/oenobrands.com\/wp-content\/uploads\/2024\/07\/KIT_CLEAR_EXTREME-585-x-400-px.png 582w, https:\/\/oenobrands.com\/wp-content\/uploads\/2024\/07\/KIT_CLEAR_EXTREME-585-x-400-px-300x206.png 300w\" sizes=\"auto, (max-width: 582px) 100vw, 582px\" \/><\/figure>\n<\/div>\n\n\n<div style=\"height:30px\" aria-hidden=\"true\" class=\"wp-block-spacer\"><\/div>\n\n\n\n<div class=\"wp-block-buttons is-content-justification-center is-layout-flex wp-container-core-buttons-is-layout-16018d1d wp-block-buttons-is-layout-flex\">\n<div class=\"wp-block-button is-style-fill\"><a class=\"wp-block-button__link wp-element-button\" href=\"https:\/\/oenobrands.com\/product\/enzyme\/rapidase\/clear-extreme\/\" target=\"_blank\" rel=\"noreferrer noopener\">Rapidase Clear Extreme<\/a><\/div>\n<\/div>\n<\/div>\n<\/div>\n\n\n\n<div style=\"height:30px\" aria-hidden=\"true\" class=\"wp-block-spacer\"><\/div>\n\n\n\n<h5 class=\"wp-block-heading\"><strong>En caso de uvas podridas<\/strong><\/h5>\n\n\n\n<div style=\"height:30px\" aria-hidden=\"true\" class=\"wp-block-spacer\"><\/div>\n\n\n\n<div class=\"wp-block-columns is-layout-flex wp-container-core-columns-is-layout-9d6595d7 wp-block-columns-is-layout-flex\">\n<div class=\"wp-block-column is-vertically-aligned-center is-layout-flow wp-block-column-is-layout-flow\">\n<p>La degradaci\u00f3n de las cadenas de polisac\u00e1ridos p\u00e9cticos simples y complejos, as\u00ed como de los glucanos procedentes de uvas podridas, mejorar\u00e1 la filtraci\u00f3n, acelerar\u00e1 la clarificaci\u00f3n y aumentar\u00e1 la limpidez tras la clarificaci\u00f3n. <\/p>\n\n\n\n<p><strong>Es obligatorio obtener un resultado negativo en la prueba de glucanos.<\/strong><\/p>\n<\/div>\n\n\n\n<div class=\"wp-block-column is-vertically-aligned-center is-layout-flow wp-block-column-is-layout-flow\" style=\"flex-basis:5px\"><\/div>\n\n\n\n<div class=\"wp-block-column is-vertically-aligned-top is-layout-flow wp-block-column-is-layout-flow\">\n<div class=\"wp-block-buttons is-content-justification-center is-layout-flex wp-container-core-buttons-is-layout-16018d1d wp-block-buttons-is-layout-flex\">\n<div class=\"wp-block-button is-style-fill\"><a class=\"wp-block-button__link wp-element-button\" href=\"https:\/\/oenobrands.com\/wp-content\/uploads\/2024\/07\/RAPIDASE_Glucan-test_EN_G_03.pdf\" target=\"_blank\" rel=\"noreferrer noopener\">Protocolo de prueba de glucano<\/a><\/div>\n<\/div>\n<\/div>\n<\/div>\n\n\n\n<div style=\"height:70px\" aria-hidden=\"true\" class=\"wp-block-spacer\"><\/div>\n\n\n\n<hr class=\"wp-block-separator has-text-color has-black-color has-alpha-channel-opacity has-black-background-color has-background\"\/>\n\n\n\n<div class=\"wp-block-columns is-layout-flex wp-container-core-columns-is-layout-9d6595d7 wp-block-columns-is-layout-flex\">\n<div class=\"wp-block-column is-vertically-aligned-center is-layout-flow wp-block-column-is-layout-flow\" style=\"flex-basis:30%\">\n<h1 class=\"wp-block-heading has-text-color\" style=\"color:#545859\">Descubre la gama RAPIDASE<\/h1>\n\n\n\n<div style=\"height:20px\" aria-hidden=\"true\" class=\"wp-block-spacer\"><\/div>\n\n\n\n<div class=\"wp-block-buttons is-content-justification-left is-layout-flex wp-container-core-buttons-is-layout-fdcfc74e wp-block-buttons-is-layout-flex\">\n<div class=\"wp-block-button\"><a class=\"wp-block-button__link has-background wp-element-button\" href=\"https:\/\/oenobrands.com\/product\/enzyme\/rapidase\/\" style=\"background-color:#545859\">RAPIDASE<\/a><\/div>\n<\/div>\n<\/div>\n\n\n\n<div class=\"wp-block-column is-layout-flow wp-block-column-is-layout-flow\" style=\"flex-basis:10%\"><\/div>\n\n\n\n<div class=\"wp-block-column is-layout-flow wp-block-column-is-layout-flow\"><div class=\"wp-block-image\">\n<figure class=\"aligncenter size-full\"><img decoding=\"async\" src=\"http:\/\/oenobrands.com\/wp-content\/uploads\/2023\/05\/OENOBRANDS-Rapidase-bandeau.png\" alt=\"OENOBRANDS-Rapidase-bandeau\" class=\"wp-image-4529\"\/><\/figure>\n<\/div><\/div>\n<\/div>\n\n\n\n<div style=\"height:50px\" aria-hidden=\"true\" class=\"wp-block-spacer\"><\/div>\n<\/div><\/div>\n","protected":false},"excerpt":{"rendered":"<p>En Oenobrands, comprendemos la importancia de la precisi\u00f3n y la claridad en la elaboraci\u00f3n [&hellip;]<\/p>\n","protected":false},"author":3,"featured_media":0,"parent":0,"menu_order":0,"comment_status":"closed","ping_status":"closed","template":"","meta":{"_acf_changed":false,"_seopress_robots_primary_cat":"0","_seopress_titles_title":"","_seopress_titles_desc":"","_seopress_robots_index":"","footnotes":""},"class_list":["post-19531","page","type-page","status-publish"],"acf":[],"_links":{"self":[{"href":"https:\/\/oenobrands.com\/es\/wp-json\/wp\/v2\/pages\/19531","targetHints":{"allow":["GET"]}}],"collection":[{"href":"https:\/\/oenobrands.com\/es\/wp-json\/wp\/v2\/pages"}],"about":[{"href":"https:\/\/oenobrands.com\/es\/wp-json\/wp\/v2\/types\/page"}],"author":[{"embeddable":true,"href":"https:\/\/oenobrands.com\/es\/wp-json\/wp\/v2\/users\/3"}],"replies":[{"embeddable":true,"href":"https:\/\/oenobrands.com\/es\/wp-json\/wp\/v2\/comments?post=19531"}],"version-history":[{"count":0,"href":"https:\/\/oenobrands.com\/es\/wp-json\/wp\/v2\/pages\/19531\/revisions"}],"wp:attachment":[{"href":"https:\/\/oenobrands.com\/es\/wp-json\/wp\/v2\/media?parent=19531"}],"curies":[{"name":"wp","href":"https:\/\/api.w.org\/{rel}","templated":true}]}}