{"id":19518,"date":"2022-10-19T22:52:47","date_gmt":"2022-10-19T20:52:47","guid":{"rendered":"https:\/\/oenobrands.com\/producto\/mannoprotein\/final-touch\/final-touch-gusto\/"},"modified":"2025-10-29T16:49:06","modified_gmt":"2025-10-29T15:49:06","slug":"final-touch-gusto","status":"publish","type":"page","link":"https:\/\/oenobrands.com\/es\/producto\/mannoprotein\/final-touch\/final-touch-gusto\/","title":{"rendered":"Final touch GUSTO"},"content":{"rendered":"\n<h1 class=\"wp-block-heading has-text-color\" style=\"color:#9e007e\">Final touch GUSTO<\/h1>\n\n<div style=\"height:30px\" aria-hidden=\"true\" class=\"wp-block-spacer\"><\/div>\n\n<h2 class=\"wp-block-heading has-medium-font-size\"><strong>Soluci\u00f3n de manoprote\u00ednas para elaborar vinos tintos perfectos.<\/strong><\/h2>\n\n<div style=\"height:30px\" aria-hidden=\"true\" class=\"wp-block-spacer\"><\/div>\n\n<h3 class=\"wp-block-heading has-medium-font-size\"><strong>FINALIDAD<\/strong><\/h3>\n\n<p>Gracias a su experiencia en las aplicaciones enol\u00f3gicas de las manoprote\u00ednas, Oenobrands ha desarrollado Final touch GUSTO. Esta soluci\u00f3n, basada en manoprote\u00ednas seleccionadas, contribuye a la estabilidad tart\u00e1rica del vino al tiempo que mejora sus propiedades organol\u00e9pticas y sensoriales. <\/p>\n\n<div style=\"height:50px\" aria-hidden=\"true\" class=\"wp-block-spacer\"><\/div>\n\n<div class=\"wp-block-columns is-layout-flex wp-container-core-columns-is-layout-9d6595d7 wp-block-columns-is-layout-flex\">\n<div class=\"wp-block-column is-layout-flow wp-block-column-is-layout-flow\" style=\"flex-basis:45%\">\n<h3 class=\"wp-block-heading has-text-color\" style=\"color:#9e007e\"><strong>Aplicaci\u00f3n<\/strong><\/h3>\n\n\n\n<p>Final touch GUSTO est\u00e1 compuesto por manoprote\u00ednas con propiedades espec\u00edficas que contribuyen al equilibrio coloidal del vino, ayudando a mejorar su estabilidad y estructura. Final touch GUSTO hace que el vino sea m\u00e1s suave, m\u00e1s arom\u00e1tico y prolonga su persistencia. <\/p>\n\n\n\n<p>Final touch GUSTO se presenta en forma l\u00edquida, act\u00faa de manera inmediata y mantiene su efecto a largo plazo en el vino. <\/p>\n\n\n\n<p>Las propiedades coloidales protectoras de las manoprote\u00ednas tambi\u00e9n contribuyen a la estabilidad tart\u00e1rica del vino. En todos los casos, deben realizarse previamente pruebas de estabilizaci\u00f3n en laboratorio. <\/p>\n\n\n\n<h3 class=\"wp-block-heading has-text-color\" style=\"color:#9e007e\"><strong>Ciencia y Tecnolog\u00eda<\/strong><\/h3>\n\n\n\n<p>En el vino tinto, Final touch GUSTO mejora notablemente la intensidad arom\u00e1tica, la finura y la frescura, adem\u00e1s de reducir la astringencia de los taninos.<\/p>\n\n\n\n<figure class=\"wp-block-image size-full\"><img loading=\"lazy\" decoding=\"async\" width=\"792\" height=\"694\" src=\"http:\/\/oenobrands.com\/wp-content\/uploads\/2023\/02\/Product_mannoprotein_Final-touch_GUSTO-image.png\" alt=\"Producto manoprote&#xED;na Final touch GUSTO imagen.\" class=\"wp-image-1401\" srcset=\"https:\/\/oenobrands.com\/wp-content\/uploads\/2023\/02\/Product_mannoprotein_Final-touch_GUSTO-image.png 792w, https:\/\/oenobrands.com\/wp-content\/uploads\/2023\/02\/Product_mannoprotein_Final-touch_GUSTO-image-300x263.png 300w, https:\/\/oenobrands.com\/wp-content\/uploads\/2023\/02\/Product_mannoprotein_Final-touch_GUSTO-image-768x673.png 768w\" sizes=\"auto, (max-width: 792px) 100vw, 792px\" \/><figcaption class=\"wp-element-caption\">Perfil sensorial: resultados recopilados de 6 vinos tintos. Control vs. <strong>Final touch GUSTO<\/strong>.<\/figcaption><\/figure>\n\n\n\n<p>*** significativo al 1% level, ** al 5% and * al 10%<\/p>\n\n\n\n<div style=\"height:30px\" aria-hidden=\"true\" class=\"wp-block-spacer\"><\/div>\n\n\n\n<figure class=\"wp-block-image size-full\"><img loading=\"lazy\" decoding=\"async\" width=\"645\" height=\"445\" src=\"http:\/\/oenobrands.com\/wp-content\/uploads\/2024\/02\/Organoleptic-mouthfeel-8.png\" alt=\"FINAL TOUCH GUSTO\" class=\"wp-image-5944\" srcset=\"https:\/\/oenobrands.com\/wp-content\/uploads\/2024\/02\/Organoleptic-mouthfeel-8.png 645w, https:\/\/oenobrands.com\/wp-content\/uploads\/2024\/02\/Organoleptic-mouthfeel-8-300x207.png 300w\" sizes=\"auto, (max-width: 645px) 100vw, 645px\" \/><figcaption class=\"wp-element-caption\">Resultados de cata: evaluaci\u00f3n de taninos en porcentaje \u2014 resultados combinados de 6 vinos tintos. Control frente a <strong>Final touch GUSTO.<\/strong> <\/figcaption><\/figure>\n<\/div>\n\n\n\n<div class=\"wp-block-column is-layout-flow wp-block-column-is-layout-flow\" style=\"flex-basis:6%\"><\/div>\n\n\n\n<div class=\"wp-block-column has-background is-layout-flow wp-block-column-is-layout-flow\" style=\"background-color:#f7f7f7;flex-basis:45%\">\n<div class=\"wp-block-columns is-layout-flex wp-container-core-columns-is-layout-9d6595d7 wp-block-columns-is-layout-flex\">\n<div class=\"wp-block-column is-vertically-aligned-top is-layout-flow wp-block-column-is-layout-flow\"><div class=\"wp-block-image\">\n<figure class=\"aligncenter size-medium\"><img loading=\"lazy\" decoding=\"async\" width=\"300\" height=\"225\" src=\"https:\/\/oenobrands.com\/wp-content\/uploads\/2023\/05\/FINAL-TOUCH-mannoprotein-wine-vin-gusto-e1683625267632-300x225.png\" alt=\"Vino con manoprote&#xED;na FINAL TOUCH GUSTO.\" class=\"wp-image-3997\" srcset=\"https:\/\/oenobrands.com\/wp-content\/uploads\/2023\/05\/FINAL-TOUCH-mannoprotein-wine-vin-gusto-e1683625267632-300x225.png 300w, https:\/\/oenobrands.com\/wp-content\/uploads\/2023\/05\/FINAL-TOUCH-mannoprotein-wine-vin-gusto-e1683625267632.png 350w\" sizes=\"auto, (max-width: 300px) 100vw, 300px\" \/><\/figure>\n<\/div><\/div>\n<\/div>\n\n\n\n<div style=\"height:40px\" aria-hidden=\"true\" class=\"wp-block-spacer\"><\/div>\n\n\n\n<div class=\"wp-block-group\"><div class=\"wp-block-group__inner-container is-layout-constrained wp-block-group-is-layout-constrained\">\n<p class=\"has-text-align-center\"><strong>DESCARGAR LA FICHA T\u00c9CNICA DE APLICACI\u00d3N<\/strong><\/p>\n\n\n\n<div class=\"wp-block-columns is-not-stacked-on-mobile is-layout-flex wp-container-core-columns-is-layout-9d6595d7 wp-block-columns-is-layout-flex\">\n<div class=\"wp-block-column is-layout-flow wp-block-column-is-layout-flow\">\n<figure class=\"wp-block-image size-full\"><a href=\"https:\/\/oenobrands.com\/wp-content\/uploads\/2024\/07\/Final-touch-GUSTO-ADS-EN.pdf\" target=\"_blank\" rel=\"noreferrer noopener\"><img loading=\"lazy\" decoding=\"async\" width=\"180\" height=\"94\" src=\"http:\/\/oenobrands.com\/wp-content\/uploads\/2023\/04\/flag-united-states-english-american.png\" alt=\"bandera-estados-unidos-ingl&#xE9;s-americano\" class=\"wp-image-2510\"\/><\/a><\/figure>\n<\/div>\n\n\n\n<div class=\"wp-block-column is-layout-flow wp-block-column-is-layout-flow\">\n<figure class=\"wp-block-image size-full\"><a href=\"https:\/\/oenobrands.com\/wp-content\/uploads\/2024\/07\/FINAL-TOUCH-GUSTO-ADS-FR.pdf\" target=\"_blank\" rel=\"noreferrer noopener\"><img loading=\"lazy\" decoding=\"async\" width=\"180\" height=\"94\" src=\"http:\/\/oenobrands.com\/wp-content\/uploads\/2023\/04\/drapeau-francais-france.png\" alt=\"drapeau flag francais france\" class=\"wp-image-2508\"\/><\/a><\/figure>\n<\/div>\n\n\n\n<div class=\"wp-block-column is-layout-flow wp-block-column-is-layout-flow\">\n<figure class=\"wp-block-image size-full\"><a href=\"https:\/\/oenobrands.com\/wp-content\/uploads\/2024\/07\/FINAL-touch-GUSTO-ADS-2020-ES-A4_G_01.pdf\" target=\"_blank\" rel=\"noreferrer noopener\"><img loading=\"lazy\" decoding=\"async\" width=\"180\" height=\"94\" src=\"http:\/\/oenobrands.com\/wp-content\/uploads\/2023\/04\/bandiera-spagnola-spagna.png\" alt=\"drapeau flag bandiera spagnola spagna\" class=\"wp-image-2506\"\/><\/a><\/figure>\n<\/div>\n\n\n\n<div class=\"wp-block-column is-layout-flow wp-block-column-is-layout-flow\">\n<figure class=\"wp-block-image size-full\"><a href=\"https:\/\/oenobrands.com\/wp-content\/uploads\/2024\/07\/FINAL-touch-GUSTO-2021-ADS-IT_A4_G_01.pdf\" target=\"_blank\" rel=\"noreferrer noopener\"><img loading=\"lazy\" decoding=\"async\" width=\"180\" height=\"94\" src=\"http:\/\/oenobrands.com\/wp-content\/uploads\/2023\/04\/bandiera-italiana-italy.png\" alt=\"drapeau flag bandiera italiana italy\" class=\"wp-image-2512\"\/><\/a><\/figure>\n<\/div>\n\n\n\n<div class=\"wp-block-column is-layout-flow wp-block-column-is-layout-flow\">\n<figure class=\"wp-block-image size-full\"><a href=\"https:\/\/oenobrands.com\/wp-content\/uploads\/2024\/07\/FINAL-touch-GUSTO-PT-A4_G_01.pdf\" target=\"_blank\" rel=\"noreferrer noopener\"><img loading=\"lazy\" decoding=\"async\" width=\"180\" height=\"94\" src=\"http:\/\/oenobrands.com\/wp-content\/uploads\/2024\/05\/Flag-drapeau-Portugal.png\" alt=\"Flag-drapeau-Portugal\" class=\"wp-image-7139\"\/><\/a><\/figure>\n<\/div>\n\n\n\n<div class=\"wp-block-column is-layout-flow wp-block-column-is-layout-flow\">\n<figure class=\"wp-block-image size-full\"><a href=\"https:\/\/oenobrands.com\/wp-content\/uploads\/2024\/07\/FINAL-touch-GUSTO-ADS-ALL-A4_G_01.pdf\" target=\"_blank\" rel=\"noreferrer noopener\"><img loading=\"lazy\" decoding=\"async\" width=\"180\" height=\"94\" src=\"http:\/\/oenobrands.com\/wp-content\/uploads\/2023\/05\/Flagge-Deutschland.png\" alt=\"Flagge-Deutschland\" class=\"wp-image-3550\"\/><\/a><\/figure>\n<\/div>\n<\/div>\n\n\n\n<div class=\"wp-block-columns is-not-stacked-on-mobile is-layout-flex wp-container-core-columns-is-layout-9d6595d7 wp-block-columns-is-layout-flex\">\n<div class=\"wp-block-column is-layout-flow wp-block-column-is-layout-flow\">\n<figure class=\"wp-block-image size-full\"><a href=\"https:\/\/oenobrands.com\/wp-content\/uploads\/2024\/07\/FINAL-touch-GUSTO-ADS-RO-logo-elton.pdf\" target=\"_blank\" rel=\"noreferrer noopener\"><img loading=\"lazy\" decoding=\"async\" width=\"180\" height=\"94\" src=\"http:\/\/oenobrands.com\/wp-content\/uploads\/2024\/05\/Flag-drapeau-Roumanie.png\" alt=\"Flag-drapeau-Roumanie\" class=\"wp-image-7145\"\/><\/a><\/figure>\n<\/div>\n\n\n\n<div class=\"wp-block-column is-layout-flow wp-block-column-is-layout-flow\">\n<figure class=\"wp-block-image size-full\"><a href=\"https:\/\/oenobrands.com\/wp-content\/uploads\/2024\/07\/FINAL-touch-GUSTO-ADS-BUL-logo-Elton.pdf\" target=\"_blank\" rel=\"noreferrer noopener\"><img alt=\"\" loading=\"lazy\" decoding=\"async\" width=\"180\" height=\"94\" src=\"http:\/\/oenobrands.com\/wp-content\/uploads\/2024\/05\/flag-drapeau-bulgarie.png\" alt=\"\" class=\"wp-image-7141\"\/><\/a><\/figure>\n<\/div>\n\n\n\n<div class=\"wp-block-column is-layout-flow wp-block-column-is-layout-flow\">\n<figure class=\"wp-block-image size-full\"><a href=\"http:\/\/oenobrands.com\/wp-content\/uploads\/2024\/07\/FINAL-touch-GUSTO-ADS-GREC.pdf\" target=\"_blank\" rel=\"noreferrer noopener\"><img loading=\"lazy\" decoding=\"async\" width=\"180\" height=\"94\" src=\"http:\/\/oenobrands.com\/wp-content\/uploads\/2024\/07\/flag-greece-drapeaux.png\" alt=\"flag-greece-drapeaux\" class=\"wp-image-11801\"\/><\/a><\/figure>\n<\/div>\n\n\n\n<div class=\"wp-block-column is-layout-flow wp-block-column-is-layout-flow\">\n<figure class=\"wp-block-image size-full\"><a href=\"https:\/\/oenobrands.com\/wp-content\/uploads\/2024\/07\/FINAL-TOUCH-GUSTO-ADS-EN_AFR_A4_WEB.pdf\" target=\"_blank\" rel=\"noreferrer noopener\"><img alt=\"\" loading=\"lazy\" decoding=\"async\" width=\"180\" height=\"94\" src=\"http:\/\/oenobrands.com\/wp-content\/uploads\/2024\/07\/flag-south-africa-drapeaux.png\" alt=\"\" class=\"wp-image-12682\" style=\"object-fit:cover\"\/><\/a><\/figure>\n<\/div>\n\n\n\n<div class=\"wp-block-column is-layout-flow wp-block-column-is-layout-flow\"><\/div>\n\n\n\n<div class=\"wp-block-column is-layout-flow wp-block-column-is-layout-flow\"><\/div>\n<\/div>\n<\/div><\/div>\n\n\n\n<hr class=\"wp-block-separator has-text-color has-alpha-channel-opacity has-background\" style=\"background-color:#162638;color:#162638\"\/>\n\n\n\n<div class=\"wp-block-buttons is-content-justification-center is-layout-flex wp-container-core-buttons-is-layout-16018d1d wp-block-buttons-is-layout-flex\">\n<div class=\"wp-block-button\"><a class=\"wp-block-button__link has-white-color has-text-color has-background has-text-align-center wp-element-button\" href=\"https:\/\/oenobrands.com\/distributor\/\" style=\"background-color:#162638\" target=\"_blank\" rel=\"noreferrer noopener\">Su distribuidor<\/a><\/div>\n<\/div>\n\n\n\n<hr class=\"wp-block-separator has-text-color has-alpha-channel-opacity has-background\" style=\"background-color:#162638;color:#162638\"\/>\n\n\n\n<h2 class=\"wp-block-heading\"><strong>DOSIS<\/strong><\/h2>\n\n\n\n<p>Final touch GUSTO es completamente soluble y puede a\u00f1adirse directamente al vino a una dosis de 10 a 40 mL\/hL.<\/p>\n\n\n\n<h2 class=\"wp-block-heading\"><strong>USO<\/strong><\/h2>\n\n\n\n<p>A\u00f1adir de forma homog\u00e9nea a los vinos tintos justo antes de la filtraci\u00f3n final y del embotellado.<\/p>\n\n\n\n<p><strong>Final touch GUSTO<\/strong> conserva sus propiedades y act\u00faa en perfecta sinergia con los aditivos habitualmente utilizados en los vinos tintos tranquilos.<\/p>\n\n\n\n<p>Para una protecci\u00f3n arom\u00e1tica \u00f3ptima, se recomienda proteger el vino contra la oxidaci\u00f3n durante las etapas de preparaci\u00f3n y embotellado.<\/p>\n\n\n\n<h2 class=\"wp-block-heading\"><strong>Envase<\/strong><\/h2>\n\n\n\n<p>Envasado en bid\u00f3n de 1 litro.<\/p>\n\n\n\n<h2 class=\"wp-block-heading\"><strong>Composici\u00f3n<\/strong><\/h2>\n\n\n\n<p>Final touch GUSTO es una fracci\u00f3n espec\u00edfica de manoprote\u00edna extra\u00edda de la levadura <em>Saccharomyces cerevisiae<\/em> y conservada en forma l\u00edquida.<\/p>\n\n\n\n<p><strong>Final touch GUSTO<\/strong> contiene sulfitos (1,5 g\/L).<\/p>\n\n\n\n<h2 class=\"wp-block-heading\"><strong>Conservaci\u00f3n<\/strong><\/h2>\n\n\n\n<p>Conservar en un lugar fresco (&lt; 10 \u00b0C).<\/p>\n\n\n\n<p>Utilizar dentro de las 4 semanas posteriores a la apertura y conservar en un lugar fresco una vez abierto.<\/p>\n<\/div>\n<\/div>\n\n<div class=\"wp-block-group\"><div class=\"wp-block-group__inner-container is-layout-constrained wp-block-group-is-layout-constrained\">\n<div style=\"height:30px\" aria-hidden=\"true\" class=\"wp-block-spacer\"><\/div>\n\n\n\n<hr class=\"wp-block-separator has-text-color has-black-color has-alpha-channel-opacity has-black-background-color has-background\"\/>\n<\/div><\/div>\n\n<div class=\"wp-block-columns is-layout-flex wp-container-core-columns-is-layout-9d6595d7 wp-block-columns-is-layout-flex\">\n<div class=\"wp-block-column is-layout-flow wp-block-column-is-layout-flow\">\n<div class=\"wp-block-group\"><div class=\"wp-block-group__inner-container is-layout-constrained wp-block-group-is-layout-constrained\">\n<h2 class=\"wp-block-heading\"><strong><strong>Explora soluciones relacionadas<\/strong>:<\/strong><\/h2>\n\n\n\n<div style=\"height:30px\" aria-hidden=\"true\" class=\"wp-block-spacer\"><\/div>\n\n\n\n<p><strong>\u00bfBuscas un enfoque m\u00e1s completo para la elaboraci\u00f3n de vinos? <\/strong>Descubre nuestras soluciones enol\u00f3gicas avanzadas relacionadas con <strong>Final touch GUSTO.<\/strong><\/p>\n\n\n\n<div style=\"height:30px\" aria-hidden=\"true\" class=\"wp-block-spacer\"><\/div>\n\n\n\n<div class=\"wp-block-columns are-vertically-aligned-center is-layout-flex wp-container-core-columns-is-layout-9d6595d7 wp-block-columns-is-layout-flex\">\n<div class=\"wp-block-column is-vertically-aligned-center is-layout-flow wp-block-column-is-layout-flow\" style=\"flex-basis:100%\">\n<div class=\"wp-block-buttons is-content-justification-center is-layout-flex wp-container-core-buttons-is-layout-16018d1d wp-block-buttons-is-layout-flex\">\n<div class=\"wp-block-button is-style-fill\"><a class=\"wp-block-button__link wp-element-button\" href=\"https:\/\/oenobrands.com\/solution\/organoleptic-sensations\/mouthfeel\/\" target=\"_blank\" rel=\"noreferrer noopener\">Sensaci\u00f3n en boca<\/a><\/div>\n\n\n\n<div class=\"wp-block-button is-style-fill\"><a class=\"wp-block-button__link wp-element-button\" href=\"https:\/\/oenobrands.com\/solution\/organoleptic-sensations\/tannic-power\/\" target=\"_blank\" rel=\"noreferrer noopener\">Potencia t\u00e1nica<\/a><\/div>\n\n\n\n<div class=\"wp-block-button is-style-fill\"><a class=\"wp-block-button__link wp-element-button\" href=\"https:\/\/oenobrands.com\/solution\/cider-2\/cider\/\" target=\"_blank\" rel=\"noreferrer noopener\">Sidra<\/a><\/div>\n<\/div>\n<\/div>\n<\/div>\n<\/div><\/div>\n\n\n\n<div style=\"height:30px\" aria-hidden=\"true\" class=\"wp-block-spacer\"><\/div>\n<\/div>\n\n\n\n<div class=\"wp-block-column is-layout-flow wp-block-column-is-layout-flow\">\n<h2 class=\"wp-block-heading\"><strong>\u00bfBusca otra cosa?<\/strong><\/h2>\n\n\n\n<div style=\"height:30px\" aria-hidden=\"true\" class=\"wp-block-spacer\"><\/div>\n\n\n\n<p>Visite nuestra secci\u00f3n de Soluciones, donde ofrecemos orientaci\u00f3n experta, conocimientos reconocidos y enfoques innovadores organizados seg\u00fan las etapas del proceso de vinificaci\u00f3n. <strong>Desde la fermentaci\u00f3n hasta la filtraci\u00f3n y el embotellado, le ofrecemos soluciones para mejorar cada etapa de su proceso de vinificaci\u00f3n.<\/strong><\/p>\n\n\n\n<div style=\"height:30px\" aria-hidden=\"true\" class=\"wp-block-spacer\"><\/div>\n\n\n\n<div class=\"wp-block-columns are-vertically-aligned-center is-layout-flex wp-container-core-columns-is-layout-9d6595d7 wp-block-columns-is-layout-flex\">\n<div class=\"wp-block-column is-vertically-aligned-center is-layout-flow wp-block-column-is-layout-flow\" style=\"flex-basis:100%\">\n<div class=\"wp-block-buttons is-content-justification-center is-layout-flex wp-container-core-buttons-is-layout-16018d1d wp-block-buttons-is-layout-flex\">\n<div class=\"wp-block-button is-style-fill\"><a class=\"wp-block-button__link wp-element-button\" href=\"https:\/\/oenobrands.com\/solution\/\" target=\"_blank\" rel=\"noreferrer noopener\">Advanced winemaking solutions<\/a><\/div>\n<\/div>\n<\/div>\n<\/div>\n<\/div>\n<\/div>\n\n<hr class=\"wp-block-separator has-text-color has-black-color has-alpha-channel-opacity has-black-background-color has-background\"\/>\n\n<div style=\"height:30px\" aria-hidden=\"true\" class=\"wp-block-spacer\"><\/div>\n\n<div class=\"wp-block-columns is-layout-flex wp-container-core-columns-is-layout-9d6595d7 wp-block-columns-is-layout-flex\">\n<div class=\"wp-block-column is-vertically-aligned-center is-layout-flow wp-block-column-is-layout-flow\" style=\"flex-basis:30%\">\n<h1 class=\"wp-block-heading has-text-color\" style=\"color:#888b8d\">Descubra el toque final de las manopre\u00ednas<\/h1>\n\n\n\n<div style=\"height:20px\" aria-hidden=\"true\" class=\"wp-block-spacer\"><\/div>\n\n\n\n<div class=\"wp-block-buttons is-content-justification-center is-layout-flex wp-container-core-buttons-is-layout-16018d1d wp-block-buttons-is-layout-flex\">\n<div class=\"wp-block-button\"><a class=\"wp-block-button__link has-background wp-element-button\" href=\"https:\/\/oenobrands.com\/product\/mannoprotein\/final-touch\/\" style=\"background-color:#545859\" target=\"_blank\" rel=\"noreferrer noopener\">Final touch<\/a><\/div>\n<\/div>\n<\/div>\n\n\n\n<div class=\"wp-block-column is-layout-flow wp-block-column-is-layout-flow\" style=\"flex-basis:10%\"><\/div>\n\n\n\n<div class=\"wp-block-column is-layout-flow wp-block-column-is-layout-flow\"><div class=\"wp-block-image\">\n<figure class=\"aligncenter size-full\"><img loading=\"lazy\" decoding=\"async\" width=\"250\" height=\"188\" src=\"http:\/\/oenobrands.com\/wp-content\/uploads\/2024\/03\/Oenobrands-Final-Touch-logo-250.png\" alt=\"Gama gen&#xE9;rica de vinos con manoprote&#xED;nas FINAL TOUCH\" class=\"wp-image-6478\" style=\"object-fit:cover\"\/><\/figure>\n<\/div><\/div>\n<\/div>\n\n<div style=\"height:50px\" aria-hidden=\"true\" class=\"wp-block-spacer\"><\/div>\n","protected":false},"excerpt":{"rendered":"<p>Final touch GUSTO Soluci\u00f3n de manoprote\u00ednas para elaborar vinos tintos perfectos. FINALIDAD Gracias a [&hellip;]<\/p>\n","protected":false},"author":3,"featured_media":0,"parent":18391,"menu_order":3,"comment_status":"closed","ping_status":"closed","template":"page-product.php","meta":{"_acf_changed":false,"_seopress_robots_primary_cat":"0","_seopress_titles_title":"","_seopress_titles_desc":"","_seopress_robots_index":"","footnotes":""},"class_list":["post-19518","page","type-page","status-publish"],"acf":[],"_links":{"self":[{"href":"https:\/\/oenobrands.com\/es\/wp-json\/wp\/v2\/pages\/19518","targetHints":{"allow":["GET"]}}],"collection":[{"href":"https:\/\/oenobrands.com\/es\/wp-json\/wp\/v2\/pages"}],"about":[{"href":"https:\/\/oenobrands.com\/es\/wp-json\/wp\/v2\/types\/page"}],"author":[{"embeddable":true,"href":"https:\/\/oenobrands.com\/es\/wp-json\/wp\/v2\/users\/3"}],"replies":[{"embeddable":true,"href":"https:\/\/oenobrands.com\/es\/wp-json\/wp\/v2\/comments?post=19518"}],"version-history":[{"count":0,"href":"https:\/\/oenobrands.com\/es\/wp-json\/wp\/v2\/pages\/19518\/revisions"}],"up":[{"embeddable":true,"href":"https:\/\/oenobrands.com\/es\/wp-json\/wp\/v2\/pages\/18391"}],"wp:attachment":[{"href":"https:\/\/oenobrands.com\/es\/wp-json\/wp\/v2\/media?parent=19518"}],"curies":[{"name":"wp","href":"https:\/\/api.w.org\/{rel}","templated":true}]}}