{"id":19507,"date":"2022-10-19T23:18:25","date_gmt":"2022-10-19T21:18:25","guid":{"rendered":"https:\/\/oenobrands.com\/solucion\/defectos-enologicos\/sabor-a-corcho\/"},"modified":"2025-10-20T16:13:46","modified_gmt":"2025-10-20T14:13:46","slug":"sabor-a-corcho","status":"publish","type":"page","link":"https:\/\/oenobrands.com\/es\/solucion\/defectos-enologicos\/sabor-a-corcho\/","title":{"rendered":"Sabor a corcho"},"content":{"rendered":"\n<div style=\"height:50px\" aria-hidden=\"true\" class=\"wp-block-spacer\"><\/div>\n\n<p><strong>El corcho contaminado es un problema com\u00fan en la producci\u00f3n de vino y produce un olor desagradable a humedad o moho en el vino.<\/strong> Este problema est\u00e1 causado por la presencia de ciertos compuestos qu\u00edmicos, incluidos los cloroanisol y bromoanisol.<\/p>\n\n<div style=\"height:30px\" aria-hidden=\"true\" class=\"wp-block-spacer\"><\/div>\n\n<h2 class=\"wp-block-heading\"><strong>\u00bfCu\u00e1les son las mol\u00e9culas implicadas?<\/strong><\/h2>\n\n<div class=\"wp-block-columns is-layout-flex wp-container-core-columns-is-layout-9d6595d7 wp-block-columns-is-layout-flex\">\n<div class=\"wp-block-column is-layout-flow wp-block-column-is-layout-flow\">\n<h3 class=\"wp-block-heading\"><strong>Chloroanisoles<\/strong><\/h3>\n\n\n\n<div style=\"height:30px\" aria-hidden=\"true\" class=\"wp-block-spacer\"><\/div>\n\n\n\n<p>Los cloroanisoles, en particular el 2,4,6-tricloroanisol (TCA), el 2,3,4,6-tetracloroanisol (TeCA) y el pentacloroanisol (PCA), son los principales responsables de los vinos con olor a moho o \u201cacorchoados\u201d. La presencia de TCA en el vino embotellado proviene generalmente de la contaminaci\u00f3n causada por el propio tap\u00f3n de corcho, que contiene TCA. <\/p>\n\n\n\n<p>Sin embargo, el TCA presente en el vino puede proceder del uso de productos de higiene clorados (como la lej\u00eda) o de humidificadores que funcionan con agua muy clorada. El cloro reacciona r\u00e1pidamente con los fenoles de la madera, los residuos de vino o ciertos revestimientos de suelos de resinas polim\u00e9ricas, formando triclorofenoles (TCP). Los mohos presentes en la bodega transforman posteriormente el TCP en un TCA muy vol\u00e1til. A trav\u00e9s del aire, la contaminaci\u00f3n puede extenderse por toda la bodega. Adem\u00e1s, si se detectan trazas de cloro en el vino debido a un enjuague insuficiente, el TCP se forma en contacto con los fenoles del vino, seguido de la aparici\u00f3n de TCA por la acci\u00f3n de los microorganismos presentes en el vino o durante el contacto con el corcho.    <\/p>\n\n\n\n<p>Adem\u00e1s, muchos productos insecticidas y fungicidas para la madera (estructuras, pal\u00e9s, puertas, etc.) contienen tetraclorofenoles y pentaclorofenoles (TeCP y PCP).<br\/>Los mohos presentes en la bodega pueden transformarlos en cloroanisoles, tetra- y pentacloroanisoles (TeCA y PCA), que son malolientes y muy vol\u00e1tiles. La presencia de estas dos mol\u00e9culas en el vino es un signo de contaminaci\u00f3n a\u00e9rea. Este tipo de alteraci\u00f3n afecta a vol\u00famenes mucho mayores que los problemas de TCA en botellas.  <\/p>\n<\/div>\n\n\n\n<div class=\"wp-block-column is-layout-flow wp-block-column-is-layout-flow\" style=\"flex-basis:1%\"><\/div>\n\n\n\n<div class=\"wp-block-column is-layout-flow wp-block-column-is-layout-flow\">\n<h3 class=\"wp-block-heading\"><strong>Bromoanisoles<\/strong><\/h3>\n\n\n\n<div style=\"height:30px\" aria-hidden=\"true\" class=\"wp-block-spacer\"><\/div>\n\n\n\n<p>Otras mol\u00e9culas responsables de los sabores a moho en los vinos se han identificado recientemente. Se trata de los bromoanisoles, en particular el 2,4,6-tribromoanisol (TBA). Se desarrollan por la acci\u00f3n de mohos sobre precursores espec\u00edficos, normalmente los bromofenoles. La contaminaci\u00f3n puede difundirse por la atm\u00f3sfera de la bodega desde la madera tratada, o proceder de tapones met\u00e1licos (barnices fabricados con resinas epoxi bromadas), de virutas de madera contaminadas, o de contaminaci\u00f3n a\u00e9rea procedente de aislamientos ign\u00edfugos que contienen retardantes de llama a base de tetrabromobisfenol A.    <\/p>\n<\/div>\n<\/div>\n\n<div style=\"height:50px\" aria-hidden=\"true\" class=\"wp-block-spacer\"><\/div>\n\n<h2 class=\"wp-block-heading has-large-font-size\"><strong>\u00bfC\u00f3mo eliminar el defecto de \u201csabor a corcho\u201d?<\/strong><\/h2>\n\n<div style=\"height:30px\" aria-hidden=\"true\" class=\"wp-block-spacer\"><\/div>\n\n<div class=\"wp-block-columns is-layout-flex wp-container-core-columns-is-layout-9d6595d7 wp-block-columns-is-layout-flex\">\n<div class=\"wp-block-column is-layout-flow wp-block-column-is-layout-flow\">\n<p>Para eliminar estos compuestos del vino, es importante identificar l<strong>a fuente de contaminaci\u00f3n y tomar las medidas adecuadas<\/strong>. Por ejemplo, los en\u00f3logos pueden utilizar cierres alternativos al corcho, como tapones sint\u00e9ticos o de rosca, o solicitar a sus proveedores de corcho tratamientos espec\u00edficos. Cada vez m\u00e1s, los fabricantes de corchos emplean tratamientos espec\u00edficos (lavado o CO\u2082 supercr\u00edtico) para eliminar los anisoles de sus productos, reduciendo as\u00ed el riesgo de contaminaci\u00f3n procedente del cierre.  <\/p>\n\n\n\n<p>Adem\u00e1s, se puede evitar el uso de productos de limpieza a base de cloro en la bodega y utilizar limpieza con vapor o cromatograf\u00eda de gases para eliminar estos compuestos de los corchos o de otras superficies.<\/p>\n\n\n\n<div style=\"height:39px\" aria-hidden=\"true\" class=\"wp-block-spacer\"><\/div>\n\n\n\n<p><strong>Existen diversos m\u00e9todos, seg\u00fan la normativa de cada pa\u00eds productor, para tratar el vino afectado<\/strong>: uso de carb\u00f3n activado, que absorbe los compuestos responsables del defecto; tratamiento con ozono o per\u00f3xido de hidr\u00f3geno combinado con filtraci\u00f3n por membrana de \u00f3smosis inversa, que puede oxidar. Es importante se\u00f1alar que estos m\u00e9todos pueden alterar el sabor y el aroma del vino, por lo que conviene evaluar cuidadosamente el resultado tras el tratamiento. <\/p>\n<\/div>\n\n\n\n<div class=\"wp-block-column is-layout-flow wp-block-column-is-layout-flow\" style=\"flex-basis:5%\"><\/div>\n\n\n\n<div class=\"wp-block-column is-layout-flow wp-block-column-is-layout-flow\">\n<p>Otra opci\u00f3n consiste en utilizar paredes celulares de levadura con alta capacidad de absorci\u00f3n.<\/p>\n\n\n\n<p><strong>Probamos Extraferm D\u2019tox<\/strong> en un gran dep\u00f3sito de vino tinto y encontramos altos niveles de TeCA y PCA, de 60 y 147 ng\/L respectivamente. Un contacto de 48 horas entre las paredes celulares y el vino a tratar, combinado con agitaci\u00f3n mediante bombeo 2\u20133 veces al d\u00eda, permiti\u00f3 el \u00e9xito del tratamiento de descontaminaci\u00f3n. La cata ofreci\u00f3 una satisfacci\u00f3n total en cuanto a la eliminaci\u00f3n del car\u00e1cter a moho en comparaci\u00f3n con el vino de control, as\u00ed como la ausencia de sabor a levadura. El tratamiento a gran volumen se realiz\u00f3 en la bodega a una concentraci\u00f3n de 40 g\/hL. Los an\u00e1lisis realizados mostraron una <strong>reducci\u00f3n de TeCA y PCA de un 60 % y un 61 % respectivamente. Pudimos demostrar la eficacia del tratamiento en la reducci\u00f3n de los niveles de TBA, <\/strong> una mol\u00e9cula con un umbral de percepci\u00f3n tan bajo como el del TCA y que produce el mismo defecto en el vino. Se obtuvo una reducci\u00f3n <strong>significativa del 78 %<\/strong>. Estas pruebas a gran escala confirmaron la eficacia del tratamiento con paredes celulares de levadura Extraferm D\u2019tox para la descontaminaci\u00f3n de vinos que contienen haloanisoles.  <\/p>\n\n\n\n<div style=\"height:30px\" aria-hidden=\"true\" class=\"wp-block-spacer\"><\/div>\n\n\n\n<div class=\"wp-block-buttons is-content-justification-center is-layout-flex wp-container-core-buttons-is-layout-16018d1d wp-block-buttons-is-layout-flex\">\n<div class=\"wp-block-button\"><a class=\"wp-block-button__link has-white-color has-text-color has-background wp-element-button\" href=\"https:\/\/oenobrands.com\/product\/yeast-derivate\/feel-safe\/extraferm-dtox\/\" style=\"background-color:#6cc24a\" target=\"_blank\" rel=\"noreferrer noopener\">Extraferm D&#8217;tox<\/a><\/div>\n<\/div>\n\n\n\n<div style=\"height:30px\" aria-hidden=\"true\" class=\"wp-block-spacer\"><\/div>\n<\/div>\n<\/div>\n\n<div class=\"wp-block-columns is-layout-flex wp-container-core-columns-is-layout-9d6595d7 wp-block-columns-is-layout-flex\">\n<div class=\"wp-block-column is-layout-flow wp-block-column-is-layout-flow\">\n<figure class=\"wp-block-image size-large is-resized is-style-zoooom\"><img loading=\"lazy\" decoding=\"async\" width=\"1024\" height=\"583\" src=\"http:\/\/oenobrands.com\/wp-content\/uploads\/2023\/05\/Product-_-Yeast-derivate_Extraferm-dtox-image-1024x583.png\" alt=\"Imagen del derivado de levadura Extraferm D&#x2019;tox\" class=\"wp-image-3980\" style=\"object-fit:cover;width:400px;height:204px\" srcset=\"https:\/\/oenobrands.com\/wp-content\/uploads\/2023\/05\/Product-_-Yeast-derivate_Extraferm-dtox-image-1024x583.png 1024w, https:\/\/oenobrands.com\/wp-content\/uploads\/2023\/05\/Product-_-Yeast-derivate_Extraferm-dtox-image-300x171.png 300w, https:\/\/oenobrands.com\/wp-content\/uploads\/2023\/05\/Product-_-Yeast-derivate_Extraferm-dtox-image-768x437.png 768w, https:\/\/oenobrands.com\/wp-content\/uploads\/2023\/05\/Product-_-Yeast-derivate_Extraferm-dtox-image.png 1209w\" sizes=\"auto, (max-width: 1024px) 100vw, 1024px\" \/><figcaption class=\"wp-element-caption\">Capacidad de desintoxicaci\u00f3n de las paredes celulares de Extraferm D\u2019Tox utilizadas a una dosis de 2 \u00d7 20 g\/hL.<\/figcaption><\/figure>\n<\/div>\n\n\n\n<div class=\"wp-block-column is-layout-flow wp-block-column-is-layout-flow\" style=\"flex-basis:5%\"><\/div>\n\n\n\n<div class=\"wp-block-column is-layout-flow wp-block-column-is-layout-flow\">\n<figure class=\"wp-block-image size-full is-resized is-style-zoooom\"><img loading=\"lazy\" decoding=\"async\" width=\"586\" height=\"339\" src=\"http:\/\/oenobrands.com\/wp-content\/uploads\/2024\/07\/Solution-cork-taint-extraferm-dtox.jpg\" alt=\"Soluci&#xF3;n&#x2014;sabor a corcho&#x2014;Extraferm D&#x2019;tox\" class=\"wp-image-9089\" style=\"object-fit:cover;width:300px;height:204px\" srcset=\"https:\/\/oenobrands.com\/wp-content\/uploads\/2024\/07\/Solution-cork-taint-extraferm-dtox.jpg 586w, https:\/\/oenobrands.com\/wp-content\/uploads\/2024\/07\/Solution-cork-taint-extraferm-dtox-300x174.jpg 300w\" sizes=\"auto, (max-width: 586px) 100vw, 586px\" \/><figcaption class=\"wp-element-caption\">Vino contaminado de forma natural con TeCA y tratado con Extraferm D\u2019tox a 2 \u00d7 20 g\/hL.<\/figcaption><\/figure>\n<\/div>\n<\/div>\n\n<div style=\"height:50px\" aria-hidden=\"true\" class=\"wp-block-spacer\"><\/div>\n\n<div class=\"wp-block-columns is-layout-flex wp-container-core-columns-is-layout-9d6595d7 wp-block-columns-is-layout-flex\">\n<div class=\"wp-block-column is-vertically-aligned-center is-layout-flow wp-block-column-is-layout-flow\" style=\"flex-basis:30%\">\n<h1 class=\"wp-block-heading has-text-color\" style=\"color:#aca39a\">Descubra la gama EXTRAFERM<\/h1>\n\n\n\n<div style=\"height:20px\" aria-hidden=\"true\" class=\"wp-block-spacer\"><\/div>\n\n\n\n<div class=\"wp-block-buttons is-content-justification-left is-layout-flex wp-container-core-buttons-is-layout-fdcfc74e wp-block-buttons-is-layout-flex\">\n<div class=\"wp-block-button\"><a class=\"wp-block-button__link has-background wp-element-button\" href=\"https:\/\/oenobrands.com\/product\/yeast-derivate\/feel-safe\/\" style=\"background-color:#aca39a\" target=\"_blank\" rel=\"noreferrer noopener\">feel SAFE!<\/a><\/div>\n<\/div>\n<\/div>\n\n\n\n<div class=\"wp-block-column is-layout-flow wp-block-column-is-layout-flow\" style=\"flex-basis:50px\"><\/div>\n\n\n\n<div class=\"wp-block-column is-layout-flow wp-block-column-is-layout-flow\"><div class=\"wp-block-image\">\n<figure class=\"aligncenter size-large is-resized\"><img loading=\"lazy\" decoding=\"async\" width=\"1024\" height=\"1024\" src=\"http:\/\/oenobrands.com\/wp-content\/uploads\/2023\/05\/Feel-Safe-yeast-derivate-derive-levure-generique-1024x1024.png\" alt=\"Feel-Safe-yeast-derivate-derive-levure-generique\" class=\"wp-image-4093\" style=\"width:256px;height:256px\"\/><\/figure>\n<\/div><\/div>\n<\/div>\n\n<div style=\"height:50px\" aria-hidden=\"true\" class=\"wp-block-spacer\"><\/div>\n\n<div class=\"wp-block-group\"><div class=\"wp-block-group__inner-container is-layout-constrained wp-block-group-is-layout-constrained\">\n<div class=\"wp-block-group\"><div class=\"wp-block-group__inner-container is-layout-constrained wp-block-group-is-layout-constrained\">\n<div class=\"wp-block-group\"><div class=\"wp-block-group__inner-container is-layout-constrained wp-block-group-is-layout-constrained\">\n<hr class=\"wp-block-separator has-text-color has-alpha-channel-opacity has-background\" style=\"background-color:#8a918e;color:#8a918e\"\/>\n<\/div><\/div>\n<\/div><\/div>\n\n\n\n<div class=\"wp-block-group\"><div class=\"wp-block-group__inner-container is-layout-constrained wp-block-group-is-layout-constrained\">\n<div class=\"wp-block-group\"><div class=\"wp-block-group__inner-container is-layout-constrained wp-block-group-is-layout-constrained\">\n<h2 class=\"wp-block-heading\"><strong>\u00bfY usted?<\/strong><\/h2>\n<\/div><\/div>\n<\/div><\/div>\n\n\n\n<div class=\"wp-block-group\"><div class=\"wp-block-group__inner-container is-layout-constrained wp-block-group-is-layout-constrained\">\n<div class=\"wp-block-group\"><div class=\"wp-block-group__inner-container is-layout-constrained wp-block-group-is-layout-constrained\">\n<p>Con un equipo altamente calificado de expertos en diversos campos, Oenobrands se esfuerza por ofrecer a los vinificadores soluciones novedosas y respaldadas cient\u00edficamente, adem\u00e1s de destacar las sinergias positivas entre sus productos.<\/p>\n<\/div><\/div>\n\n\n\n<div class=\"wp-block-group\"><div class=\"wp-block-group__inner-container is-layout-constrained wp-block-group-is-layout-constrained\">\n<div class=\"wp-block-group\"><div class=\"wp-block-group__inner-container is-layout-constrained wp-block-group-is-layout-constrained\">\n<div class=\"wp-block-columns is-layout-flex wp-container-core-columns-is-layout-9d6595d7 wp-block-columns-is-layout-flex\">\n<div class=\"wp-block-column is-vertically-aligned-center is-layout-flow wp-block-column-is-layout-flow\">\n<div class=\"wp-block-group wp-container-content-9cfa9a5a is-content-justification-left\"><div class=\"wp-block-group__inner-container is-layout-constrained wp-container-core-group-is-layout-8c890d92 wp-block-group-is-layout-constrained\">\n<p class=\"has-text-align-left\" style=\"font-size:0.9rem;font-style:normal;font-weight:600;letter-spacing:1px;text-transform:uppercase\">Busque su soluci\u00f3n o producto.<\/p>\n\n\n<form role=\"search\" method=\"get\" action=\"https:\/\/oenobrands.com\/es\/\" class=\"wp-block-search__button-outside wp-block-search__icon-button wp-block-search\"    ><label class=\"wp-block-search__label screen-reader-text\" for=\"wp-block-search__input-1\" >Buscar<\/label><div class=\"wp-block-search__inside-wrapper\"  style=\"width: 100%\"><input class=\"wp-block-search__input\" id=\"wp-block-search__input-1\" placeholder=\"\" value=\"\" type=\"search\" name=\"s\" required  style=\"border-width: 1px\"\/><button aria-label=\"Buscar\" class=\"wp-block-search__button has-icon wp-element-button\" type=\"submit\"  style=\"border-width: 1px\"><svg class=\"search-icon\" viewBox=\"0 0 24 24\" width=\"24\" height=\"24\">\n\t\t\t\t\t<path d=\"M13 5c-3.3 0-6 2.7-6 6 0 1.4.5 2.7 1.3 3.7l-3.8 3.8 1.1 1.1 3.8-3.8c1 .8 2.3 1.3 3.7 1.3 3.3 0 6-2.7 6-6S16.3 5 13 5zm0 10.5c-2.5 0-4.5-2-4.5-4.5s2-4.5 4.5-4.5 4.5 2 4.5 4.5-2 4.5-4.5 4.5z\"><\/path>\n\t\t\t\t<\/svg><\/button><\/div><\/form><\/div><\/div>\n<\/div>\n\n\n\n<div class=\"wp-block-column is-layout-flow wp-block-column-is-layout-flow\" style=\"flex-basis:3px\"><\/div>\n\n\n\n<div class=\"wp-block-column is-layout-flow wp-block-column-is-layout-flow\">\n<p class=\"has-text-align-center\">Cu\u00e9ntenos sobre sus dificultades, y le responderemos.<\/p>\n\n\n\n<div class=\"wp-block-buttons is-content-justification-center is-layout-flex wp-container-core-buttons-is-layout-16018d1d wp-block-buttons-is-layout-flex\">\n<div class=\"wp-block-button is-style-fill\"><a class=\"wp-block-button__link wp-element-button\" href=\"https:\/\/oenobrands.com\/contact-us\/\" target=\"_blank\" rel=\"noreferrer noopener\">Cont\u00e1ctenos<\/a><\/div>\n<\/div>\n<\/div>\n<\/div>\n<\/div><\/div>\n<\/div><\/div>\n<\/div><\/div>\n<\/div><\/div>\n\n<div style=\"height:50px\" aria-hidden=\"true\" class=\"wp-block-spacer\"><\/div>\n","protected":false},"excerpt":{"rendered":"<p>El corcho contaminado es un problema com\u00fan en la producci\u00f3n de vino y produce [&hellip;]<\/p>\n","protected":false},"author":3,"featured_media":0,"parent":19489,"menu_order":2,"comment_status":"closed","ping_status":"closed","template":"","meta":{"_acf_changed":false,"_seopress_robots_primary_cat":"0","_seopress_titles_title":"","_seopress_titles_desc":"","_seopress_robots_index":"","footnotes":""},"class_list":["post-19507","page","type-page","status-publish"],"acf":[],"_links":{"self":[{"href":"https:\/\/oenobrands.com\/es\/wp-json\/wp\/v2\/pages\/19507","targetHints":{"allow":["GET"]}}],"collection":[{"href":"https:\/\/oenobrands.com\/es\/wp-json\/wp\/v2\/pages"}],"about":[{"href":"https:\/\/oenobrands.com\/es\/wp-json\/wp\/v2\/types\/page"}],"author":[{"embeddable":true,"href":"https:\/\/oenobrands.com\/es\/wp-json\/wp\/v2\/users\/3"}],"replies":[{"embeddable":true,"href":"https:\/\/oenobrands.com\/es\/wp-json\/wp\/v2\/comments?post=19507"}],"version-history":[{"count":0,"href":"https:\/\/oenobrands.com\/es\/wp-json\/wp\/v2\/pages\/19507\/revisions"}],"up":[{"embeddable":true,"href":"https:\/\/oenobrands.com\/es\/wp-json\/wp\/v2\/pages\/19489"}],"wp:attachment":[{"href":"https:\/\/oenobrands.com\/es\/wp-json\/wp\/v2\/media?parent=19507"}],"curies":[{"name":"wp","href":"https:\/\/api.w.org\/{rel}","templated":true}]}}