{"id":19487,"date":"2022-10-19T23:18:08","date_gmt":"2022-10-19T21:18:08","guid":{"rendered":"https:\/\/oenobrands.com\/reduccion\/"},"modified":"2025-10-20T15:57:25","modified_gmt":"2025-10-20T13:57:25","slug":"reduccion","status":"publish","type":"page","link":"https:\/\/oenobrands.com\/es\/solucion\/defectos-enologicos\/reduccion\/","title":{"rendered":"Reducci\u00f3n"},"content":{"rendered":"\n<div style=\"height:50px\" aria-hidden=\"true\" class=\"wp-block-spacer\"><\/div>\n\n<p><strong>En la elaboraci\u00f3n del vino, la reducci\u00f3n es un t\u00e9rmino utilizado para describir un defecto caracterizado por la presencia de aromas sulfurosos desagradables, como huevo<\/strong> podrido o goma quemada. Un vino se considera \u201creducido\u201d cuando presenta niveles elevados de compuestos de azufre vol\u00e1tiles (CSV) como el sulfuro de hidr\u00f3geno, los mercaptanos y los disulfuros. Tambi\u00e9n existen compuestos arom\u00e1ticos positivos del vino que son CSV, como los disulfuros (por ejemplo, el dimetil sulfuro en los vinos tintos) y los tioles.  <\/p>\n\n<p>En cuanto a los defectos de reducci\u00f3n, <strong>el m\u00e1s conocido es el sulfuro de hidr\u00f3geno (H<sub>\u2082<\/sub>S)<\/strong>. Se produce por las levaduras durante la fermentaci\u00f3n cuando hay falta de ox\u00edgeno o de nutrientes para ellas. <\/p>\n\n<div style=\"height:30px\" aria-hidden=\"true\" class=\"wp-block-spacer\"><\/div>\n\n<h2 class=\"wp-block-heading\"><strong>\u00bfQu\u00e9 se debe hacer para evitar o tratar las notas reductoras?<\/strong><\/h2>\n\n<div style=\"height:30px\" aria-hidden=\"true\" class=\"wp-block-spacer\"><\/div>\n\n<div class=\"wp-block-columns is-layout-flex wp-container-core-columns-is-layout-9d6595d7 wp-block-columns-is-layout-flex\">\n<div class=\"wp-block-column has-background is-layout-flow wp-block-column-is-layout-flow\" style=\"background-color:#f7f7f7\">\n<h3 class=\"wp-block-heading\"><strong>Uso del r\u00e9gimen nutricional adecuado<\/strong><\/h3>\n\n\n\n<div style=\"height:30px\" aria-hidden=\"true\" class=\"wp-block-spacer\"><\/div>\n\n\n\n<p>Se ha demostrado que el uso excesivo de DAP (fosfato diam\u00f3nico) puede provocar la producci\u00f3n de sulfuro de hidr\u00f3geno (H\u2082S) y otros compuestos sulfurosos, responsables de notas reductoras en el vino. Para evitar esta reducci\u00f3n derivada de un exceso de DAP, los en\u00f3logos deben medir el nivel de YAN (nitr\u00f3geno f\u00e1cilmente asimilable por las levaduras) antes de a\u00f1adir DAP y ajustar la dosis si es necesario. En general, un nivel de YAN entre 140 y 220 mg\/L se considera adecuado para una fermentaci\u00f3n sana y completa sin necesidad de a\u00f1adir DAP.   <\/p>\n\n\n\n<div class=\"wp-block-buttons is-content-justification-center is-layout-flex wp-container-core-buttons-is-layout-16018d1d wp-block-buttons-is-layout-flex\">\n<div class=\"wp-block-button\"><a class=\"wp-block-button__link has-white-color has-text-color has-background wp-element-button\" href=\"https:\/\/oenobrands.com\/product\/yeast-derivate\/feel-safe\/maxaferm\/\" style=\"background-color:#aca39a\" target=\"_blank\" rel=\"noreferrer noopener\">Maxaferm<\/a><\/div>\n<\/div>\n\n\n\n<div style=\"height:30px\" aria-hidden=\"true\" class=\"wp-block-spacer\"><\/div>\n\n\n\n<p>Se debe considerar la suplementaci\u00f3n con nutrientes org\u00e1nicos como los <strong>productos Natuferm <\/strong>cuando no sea necesario el DAP y se busque alcanzar un nivel superior de apoyo al metabolismo de la levadura, incluyendo la mejora de la calidad arom\u00e1tica proporcionada por ella.<\/p>\n\n\n\n<div style=\"height:30px\" aria-hidden=\"true\" class=\"wp-block-spacer\"><\/div>\n\n\n\n<div class=\"wp-block-buttons is-content-justification-center is-layout-flex wp-container-core-buttons-is-layout-16018d1d wp-block-buttons-is-layout-flex\">\n<div class=\"wp-block-button\"><a class=\"wp-block-button__link has-white-color has-text-color has-background wp-element-button\" href=\"https:\/\/oenobrands.com\/product\/yeast-derivate\/feel-safe\/\" style=\"background-color:#aca39a\" target=\"_blank\" rel=\"noreferrer noopener\">Gama Natuferm<\/a><\/div>\n<\/div>\n\n\n\n<div style=\"height:30px\" aria-hidden=\"true\" class=\"wp-block-spacer\"><\/div>\n<\/div>\n\n\n\n<div class=\"wp-block-column is-layout-flow wp-block-column-is-layout-flow\" style=\"flex-basis:1%\"><\/div>\n\n\n\n<div class=\"wp-block-column has-background is-layout-flow wp-block-column-is-layout-flow\" style=\"background-color:#f7f7f7\">\n<h3 class=\"wp-block-heading\"><strong>Oxigenaci\u00f3n<\/strong><\/h3>\n\n\n\n<div style=\"height:30px\" aria-hidden=\"true\" class=\"wp-block-spacer\"><\/div>\n\n\n\n<p>Para el crecimiento de las levaduras, la adici\u00f3n de ox\u00edgeno es obligatoria. <strong>Cuando se perciben olores de reducci\u00f3n, el trasiego con aire o la macrooxigenaci\u00f3n<\/strong> \u2014que puede realizarse durante m\u00e1s o menos tiempo seg\u00fan la intensidad del defecto\u2014 pueden descomponer mol\u00e9culas como el H<sub>\u2082<\/sub>S, responsable del olor a huevo podrido. <\/p>\n\n\n\n<p>Sin embargo, esta acci\u00f3n es ineficaz sobre compuestos m\u00e1s complejos como el etanotiol (olor a cebolla) o el metionol (olor a col cocida). <\/p>\n\n\n\n<p>Peor a\u00fan, algunos compuestos monom\u00e9ricos malolientes se vuelven m\u00e1s estables al oxidarse. Por otro lado, <strong>el contacto con el ox\u00edgeno puede provocar la p\u00e9rdida de tioles varietales positivos o incluso generar sabores de oxidaci\u00f3n<\/strong>. Por tanto, existe el riesgo de obtener un vino que combine ambos defectos, oxidado y reducido, que son incompatibles.  <\/p>\n\n\n\n<div style=\"height:30px\" aria-hidden=\"true\" class=\"wp-block-spacer\"><\/div>\n\n\n\n<div class=\"wp-block-buttons is-content-justification-center is-layout-flex wp-container-core-buttons-is-layout-16018d1d wp-block-buttons-is-layout-flex\">\n<div class=\"wp-block-button\"><a class=\"wp-block-button__link has-white-color has-black-background-color has-text-color has-background wp-element-button\" href=\"https:\/\/oenobrands.com\/solution\/alcoholic-fermentation\/yeast-nutrition\/\" target=\"_blank\" rel=\"noreferrer noopener\">Nutrici\u00f3n de la levadura<\/a><\/div>\n<\/div>\n\n\n\n<div style=\"height:35px\" aria-hidden=\"true\" class=\"wp-block-spacer\"><\/div>\n<\/div>\n<\/div>\n\n<div style=\"height:35px\" aria-hidden=\"true\" class=\"wp-block-spacer\"><\/div>\n\n<div class=\"wp-block-columns is-layout-flex wp-container-core-columns-is-layout-9d6595d7 wp-block-columns-is-layout-flex\">\n<div class=\"wp-block-column has-background is-layout-flow wp-block-column-is-layout-flow\" style=\"background-color:#f7f7f7\">\n<h3 class=\"wp-block-heading\"><strong>Elecci\u00f3n de la levadura<\/strong><\/h3>\n\n\n\n<div style=\"height:30px\" aria-hidden=\"true\" class=\"wp-block-spacer\"><\/div>\n\n\n\n<p>Utilizar cepas de levaduras conocidas por producir niveles m\u00e1s bajos de H<sub>\u2082<\/sub>S puede ayudar a reducir el riesgo de reducci\u00f3n del vino cuando ya se ha enfrentado este problema y se conoce bien el vi\u00f1edo.<\/p>\n\n\n\n<div style=\"height:30px\" aria-hidden=\"true\" class=\"wp-block-spacer\"><\/div>\n\n\n\n<div class=\"wp-block-buttons is-content-justification-center is-layout-flex wp-container-core-buttons-is-layout-16018d1d wp-block-buttons-is-layout-flex\">\n<div class=\"wp-block-button\"><a class=\"wp-block-button__link has-white-color has-black-background-color has-text-color has-background wp-element-button\" href=\"https:\/\/oenobrands.com\/solution\/alcoholic-fermentation\/yeast-choice\/\">Elecci\u00f3n de la levadura <\/a><\/div>\n<\/div>\n\n\n\n<div style=\"height:35px\" aria-hidden=\"true\" class=\"wp-block-spacer\"><\/div>\n<\/div>\n\n\n\n<div class=\"wp-block-column is-layout-flow wp-block-column-is-layout-flow\" style=\"flex-basis:1%\"><\/div>\n\n\n\n<div class=\"wp-block-column has-background is-layout-flow wp-block-column-is-layout-flow\" style=\"background-color:#f7f7f7\">\n<h3 class=\"wp-block-heading\"><strong>Uso de l\u00edas frescas<\/strong><\/h3>\n\n\n\n<div style=\"height:30px\" aria-hidden=\"true\" class=\"wp-block-spacer\"><\/div>\n\n\n\n<p>Se ha observado emp\u00edricamente que la adici\u00f3n de l\u00edas frescas puede tener un efecto positivo sobre el vino en caso de reducci\u00f3n. Aunque los mecanismos no est\u00e1n del todo claros, los investigadores han comprobado que esta pr\u00e1ctica contribuye a eliminar compuestos pesados (en particular metanotiol y etanotiol). Hemos observado que los en\u00f3logos tambi\u00e9n utilizan <g id=\"gid_0\">Extraferm D\u2019tox <\/g>como l\u00edas frescas, especialmente cuando quieren evitar la contaminaci\u00f3n cruzada de olores o deterioros. Es una forma de comenzar de nuevo sin recurrir al reciclaje, que puede ser arriesgado.   <\/p>\n\n\n\n<div style=\"height:30px\" aria-hidden=\"true\" class=\"wp-block-spacer\"><\/div>\n\n\n\n<div class=\"wp-block-buttons is-content-justification-center is-layout-flex wp-container-core-buttons-is-layout-16018d1d wp-block-buttons-is-layout-flex\">\n<div class=\"wp-block-button\"><a class=\"wp-block-button__link has-white-color has-text-color has-background wp-element-button\" href=\"https:\/\/oenobrands.com\/product\/yeast-derivate\/feel-safe\/extraferm-dtox\/\" style=\"background-color:#6cc24a\" target=\"_blank\" rel=\"noreferrer noopener\">Extraferm D\u2019tox<\/a><\/div>\n<\/div>\n\n\n\n<div style=\"height:35px\" aria-hidden=\"true\" class=\"wp-block-spacer\"><\/div>\n<\/div>\n<\/div>\n\n<p class=\"has-background\" style=\"background-color:#f7f7f7\"><strong>Adici\u00f3n de sulfato o iones de cobre:<\/strong> estos compuestos pueden unirse a los compuestos sulfurosos y reducir su concentraci\u00f3n. Sin embargo, es importante tener en cuenta que la adici\u00f3n de cobre tambi\u00e9n puede afectar al sabor y al color del vino, por lo que debe utilizarse con precauci\u00f3n y solo como \u00faltimo recurso. <\/p>\n\n<div style=\"height:50px\" aria-hidden=\"true\" class=\"wp-block-spacer\"><\/div>\n\n<div class=\"wp-block-group\"><div class=\"wp-block-group__inner-container is-layout-constrained wp-block-group-is-layout-constrained\">\n<div class=\"wp-block-group\"><div class=\"wp-block-group__inner-container is-layout-constrained wp-block-group-is-layout-constrained\">\n<div class=\"wp-block-group\"><div class=\"wp-block-group__inner-container is-layout-constrained wp-block-group-is-layout-constrained\">\n<hr class=\"wp-block-separator has-text-color has-alpha-channel-opacity has-background\" style=\"background-color:#8a918e;color:#8a918e\"\/>\n<\/div><\/div>\n<\/div><\/div>\n\n\n\n<div class=\"wp-block-group\"><div class=\"wp-block-group__inner-container is-layout-constrained wp-block-group-is-layout-constrained\">\n<div class=\"wp-block-group\"><div class=\"wp-block-group__inner-container is-layout-constrained wp-block-group-is-layout-constrained\">\n<h2 class=\"wp-block-heading\"><strong>\u00bfY usted?<\/strong><\/h2>\n<\/div><\/div>\n<\/div><\/div>\n\n\n\n<div class=\"wp-block-group\"><div class=\"wp-block-group__inner-container is-layout-constrained wp-block-group-is-layout-constrained\">\n<div class=\"wp-block-group\"><div class=\"wp-block-group__inner-container is-layout-constrained wp-block-group-is-layout-constrained\">\n<p>Con un equipo altamente calificado de expertos en diversos campos, Oenobrands se esfuerza por ofrecer a los vinificadores soluciones novedosas y respaldadas cient\u00edficamente, adem\u00e1s de destacar las sinergias positivas entre sus productos.<\/p>\n<\/div><\/div>\n\n\n\n<div class=\"wp-block-group\"><div class=\"wp-block-group__inner-container is-layout-constrained wp-block-group-is-layout-constrained\">\n<div class=\"wp-block-group\"><div class=\"wp-block-group__inner-container is-layout-constrained wp-block-group-is-layout-constrained\">\n<div class=\"wp-block-columns is-layout-flex wp-container-core-columns-is-layout-9d6595d7 wp-block-columns-is-layout-flex\">\n<div class=\"wp-block-column is-vertically-aligned-center is-layout-flow wp-block-column-is-layout-flow\">\n<div class=\"wp-block-group wp-container-content-9cfa9a5a is-content-justification-left\"><div class=\"wp-block-group__inner-container is-layout-constrained wp-container-core-group-is-layout-8c890d92 wp-block-group-is-layout-constrained\">\n<p class=\"has-text-align-left\" style=\"font-size:0.9rem;font-style:normal;font-weight:600;letter-spacing:1px;text-transform:uppercase\">Busque su soluci\u00f3n o producto.<\/p>\n\n\n<form role=\"search\" method=\"get\" action=\"https:\/\/oenobrands.com\/es\/\" class=\"wp-block-search__button-outside wp-block-search__icon-button wp-block-search\"    ><label class=\"wp-block-search__label screen-reader-text\" for=\"wp-block-search__input-1\" >Buscar<\/label><div class=\"wp-block-search__inside-wrapper\"  style=\"width: 100%\"><input class=\"wp-block-search__input\" id=\"wp-block-search__input-1\" placeholder=\"\" value=\"\" type=\"search\" name=\"s\" required  style=\"border-width: 1px\"\/><button aria-label=\"Buscar\" class=\"wp-block-search__button has-icon wp-element-button\" type=\"submit\"  style=\"border-width: 1px\"><svg class=\"search-icon\" viewBox=\"0 0 24 24\" width=\"24\" height=\"24\">\n\t\t\t\t\t<path d=\"M13 5c-3.3 0-6 2.7-6 6 0 1.4.5 2.7 1.3 3.7l-3.8 3.8 1.1 1.1 3.8-3.8c1 .8 2.3 1.3 3.7 1.3 3.3 0 6-2.7 6-6S16.3 5 13 5zm0 10.5c-2.5 0-4.5-2-4.5-4.5s2-4.5 4.5-4.5 4.5 2 4.5 4.5-2 4.5-4.5 4.5z\"><\/path>\n\t\t\t\t<\/svg><\/button><\/div><\/form><\/div><\/div>\n<\/div>\n\n\n\n<div class=\"wp-block-column is-layout-flow wp-block-column-is-layout-flow\" style=\"flex-basis:3px\"><\/div>\n\n\n\n<div class=\"wp-block-column is-layout-flow wp-block-column-is-layout-flow\">\n<p class=\"has-text-align-center\">Cu\u00e9ntenos sobre sus dificultades, y le responderemos.<\/p>\n\n\n\n<div class=\"wp-block-buttons is-content-justification-center is-layout-flex wp-container-core-buttons-is-layout-16018d1d wp-block-buttons-is-layout-flex\">\n<div class=\"wp-block-button is-style-fill\"><a class=\"wp-block-button__link wp-element-button\" href=\"https:\/\/oenobrands.com\/contact-us\/\" target=\"_blank\" rel=\"noreferrer noopener\">Cont\u00e1ctenos<\/a><\/div>\n<\/div>\n<\/div>\n<\/div>\n<\/div><\/div>\n<\/div><\/div>\n<\/div><\/div>\n<\/div><\/div>\n\n<div style=\"height:50px\" aria-hidden=\"true\" class=\"wp-block-spacer\"><\/div>\n","protected":false},"excerpt":{"rendered":"<p>En la elaboraci\u00f3n del vino, la reducci\u00f3n es un t\u00e9rmino utilizado para describir un [&hellip;]<\/p>\n","protected":false},"author":3,"featured_media":0,"parent":19489,"menu_order":1,"comment_status":"closed","ping_status":"closed","template":"","meta":{"_acf_changed":false,"_seopress_robots_primary_cat":"0","_seopress_titles_title":"","_seopress_titles_desc":"","_seopress_robots_index":"","footnotes":""},"class_list":["post-19487","page","type-page","status-publish"],"acf":[],"_links":{"self":[{"href":"https:\/\/oenobrands.com\/es\/wp-json\/wp\/v2\/pages\/19487","targetHints":{"allow":["GET"]}}],"collection":[{"href":"https:\/\/oenobrands.com\/es\/wp-json\/wp\/v2\/pages"}],"about":[{"href":"https:\/\/oenobrands.com\/es\/wp-json\/wp\/v2\/types\/page"}],"author":[{"embeddable":true,"href":"https:\/\/oenobrands.com\/es\/wp-json\/wp\/v2\/users\/3"}],"replies":[{"embeddable":true,"href":"https:\/\/oenobrands.com\/es\/wp-json\/wp\/v2\/comments?post=19487"}],"version-history":[{"count":0,"href":"https:\/\/oenobrands.com\/es\/wp-json\/wp\/v2\/pages\/19487\/revisions"}],"up":[{"embeddable":true,"href":"https:\/\/oenobrands.com\/es\/wp-json\/wp\/v2\/pages\/19489"}],"wp:attachment":[{"href":"https:\/\/oenobrands.com\/es\/wp-json\/wp\/v2\/media?parent=19487"}],"curies":[{"name":"wp","href":"https:\/\/api.w.org\/{rel}","templated":true}]}}