{"id":19443,"date":"2022-10-19T23:14:18","date_gmt":"2022-10-19T21:14:18","guid":{"rendered":"https:\/\/oenobrands.com\/solucion\/aroma-del-vino\/"},"modified":"2025-10-20T15:53:30","modified_gmt":"2025-10-20T13:53:30","slug":"aroma-del-vino","status":"publish","type":"page","link":"https:\/\/oenobrands.com\/es\/solucion\/aroma-del-vino\/","title":{"rendered":"AROMA DEL VINO"},"content":{"rendered":"\n<div style=\"height:50px\" aria-hidden=\"true\" class=\"wp-block-spacer\"><\/div>\n\n<h2 class=\"wp-block-heading\">Cuando visite Oenobrands, no solo obtendr\u00e1 respuestas sobre c\u00f3mo gestionar los aromas en los mostos y vinos, sino que tambi\u00e9n aprender\u00e1 sobre el origen de los aromas, su evoluci\u00f3n y las numerosas influencias que los afectan.<\/h2>\n\n<div style=\"height:30px\" aria-hidden=\"true\" class=\"wp-block-spacer\"><\/div>\n\n<div class=\"wp-block-buttons is-content-justification-center is-layout-flex wp-container-core-buttons-is-layout-16018d1d wp-block-buttons-is-layout-flex\">\n<div class=\"wp-block-button\"><a class=\"wp-block-button__link wp-element-button\" href=\"https:\/\/oenobrands.com\/aroma-extraction-from-grapes\/\">Extracci\u00f3n de aromas de la uva <\/a><\/div>\n\n\n\n<div class=\"wp-block-button\"><a class=\"wp-block-button__link wp-element-button\" href=\"https:\/\/oenobrands.com\/key-positive-aroma-compounds\/\">Compuestos arom\u00e1ticos<\/a><\/div>\n\n\n\n<div class=\"wp-block-button\"><a class=\"wp-block-button__link wp-element-button\" href=\"https:\/\/oenobrands.com\/solution\/wine-aroma\/aroma-modulation\/\">Modulaci\u00f3n de aromas<\/a><\/div>\n\n\n\n<div class=\"wp-block-button\"><a class=\"wp-block-button__link wp-element-button\" href=\"https:\/\/oenobrands.com\/solution\/wine-aroma\/aroma-preservation\/\">Preservaci\u00f3n del aroma<\/a><\/div>\n\n\n\n<div class=\"wp-block-button\"><a class=\"wp-block-button__link wp-element-button\" href=\"https:\/\/oenobrands.com\/solution\/wine-aroma\/aroma-protection\/\">Protecci\u00f3n de aromas<\/a><\/div>\n<\/div>\n\n<div style=\"height:70px\" aria-hidden=\"true\" class=\"wp-block-spacer\"><\/div>\n","protected":false},"excerpt":{"rendered":"<p>Cuando visite Oenobrands, no solo obtendr\u00e1 respuestas sobre c\u00f3mo gestionar los aromas en los [&hellip;]<\/p>\n","protected":false},"author":3,"featured_media":0,"parent":16215,"menu_order":3,"comment_status":"closed","ping_status":"closed","template":"","meta":{"_acf_changed":false,"_seopress_robots_primary_cat":"0","_seopress_titles_title":"","_seopress_titles_desc":"","_seopress_robots_index":"","footnotes":""},"class_list":["post-19443","page","type-page","status-publish"],"acf":[],"_links":{"self":[{"href":"https:\/\/oenobrands.com\/es\/wp-json\/wp\/v2\/pages\/19443","targetHints":{"allow":["GET"]}}],"collection":[{"href":"https:\/\/oenobrands.com\/es\/wp-json\/wp\/v2\/pages"}],"about":[{"href":"https:\/\/oenobrands.com\/es\/wp-json\/wp\/v2\/types\/page"}],"author":[{"embeddable":true,"href":"https:\/\/oenobrands.com\/es\/wp-json\/wp\/v2\/users\/3"}],"replies":[{"embeddable":true,"href":"https:\/\/oenobrands.com\/es\/wp-json\/wp\/v2\/comments?post=19443"}],"version-history":[{"count":0,"href":"https:\/\/oenobrands.com\/es\/wp-json\/wp\/v2\/pages\/19443\/revisions"}],"up":[{"embeddable":true,"href":"https:\/\/oenobrands.com\/es\/wp-json\/wp\/v2\/pages\/16215"}],"wp:attachment":[{"href":"https:\/\/oenobrands.com\/es\/wp-json\/wp\/v2\/media?parent=19443"}],"curies":[{"name":"wp","href":"https:\/\/api.w.org\/{rel}","templated":true}]}}