{"id":19383,"date":"2022-10-19T22:00:14","date_gmt":"2022-10-19T20:00:14","guid":{"rendered":"https:\/\/oenobrands.com\/producto\/derivado-de-levadura\/feel-safe\/"},"modified":"2025-12-10T09:10:59","modified_gmt":"2025-12-10T08:10:59","slug":"feel-safe","status":"publish","type":"page","link":"https:\/\/oenobrands.com\/es\/producto\/derivado-de-levadura\/feel-safe\/","title":{"rendered":"feel SAFE!"},"content":{"rendered":"\n<div style=\"height:50px\" aria-hidden=\"true\" class=\"wp-block-spacer\"><\/div>\n\n\n<div class=\"wp-block-image\">\n<figure class=\"aligncenter size-large is-resized\"><img alt=\"\" loading=\"lazy\" decoding=\"async\" width=\"1024\" height=\"175\" src=\"https:\/\/oenobrands.com\/wp-content\/uploads\/2024\/03\/bandeau-feel-safe-1024x175.png\" alt=\"\" class=\"wp-image-6215\" style=\"width:621px;height:auto\" srcset=\"https:\/\/oenobrands.com\/wp-content\/uploads\/2024\/03\/bandeau-feel-safe-1024x175.png 1024w, https:\/\/oenobrands.com\/wp-content\/uploads\/2024\/03\/bandeau-feel-safe-300x51.png 300w, https:\/\/oenobrands.com\/wp-content\/uploads\/2024\/03\/bandeau-feel-safe-768x131.png 768w, https:\/\/oenobrands.com\/wp-content\/uploads\/2024\/03\/bandeau-feel-safe.png 1140w\" sizes=\"auto, (max-width: 1024px) 100vw, 1024px\" \/><\/figure>\n<\/div>\n\n\n<div style=\"height:50px\" aria-hidden=\"true\" class=\"wp-block-spacer\"><\/div>\n\n\n\n<h2 class=\"wp-block-heading\"><strong>\u00bfCu\u00e1l es el significado detr\u00e1s de este nombre?<\/strong><\/h2>\n\n\n\n<p>Todos nuestros nutrientes ahora est\u00e1n bajo una marca \u00fanica llamada \u00absi\u00e9ntete SEGURO\u00bb e ilustrada por una abeja.<\/p>\n\n\n\n<div class=\"wp-block-media-text alignwide is-stacked-on-mobile\" style=\"grid-template-columns:18% auto\"><figure class=\"wp-block-media-text__media\"><img loading=\"lazy\" decoding=\"async\" width=\"300\" height=\"359\" src=\"http:\/\/oenobrands.com\/wp-content\/uploads\/2023\/04\/Oenobrands-Feel-SAFE-logo-1-e1683664053925.png\" alt=\"Oenobrands feel SAFE logo\" class=\"wp-image-2451 size-full\" srcset=\"https:\/\/oenobrands.com\/wp-content\/uploads\/2023\/04\/Oenobrands-Feel-SAFE-logo-1-e1683664053925.png 300w, https:\/\/oenobrands.com\/wp-content\/uploads\/2023\/04\/Oenobrands-Feel-SAFE-logo-1-e1683664053925-251x300.png 251w\" sizes=\"auto, (max-width: 300px) 100vw, 300px\" \/><\/figure><div class=\"wp-block-media-text__content\">\n<p>Hemos elegido ilustrar este concepto utilizando una abeja como icono. Puede parecer un poco provocador, ya que se podr\u00eda pensar que las abejas son agresivas. S\u00ed, pueden serlo, pero solo si se las molesta. Sin embargo, <strong>\u00bfsab\u00eda que las abejas son esenciales para nuestra supervivencia?<\/strong> Garantizan la polinizaci\u00f3n del 80 % de las plantas y contribuyen a la producci\u00f3n de m\u00e1s de un tercio de los alimentos humanos.   <\/p>\n\n\n\n<p>Cada abeja en la colmena tiene una tarea espec\u00edfica que realiza de una manera determinada, pero todas trabajan juntas como un equipo.<\/p>\n\n\n\n<p><strong>Esto es lo que queremos expresar con el concepto \u201cfeel safe\u201d. <\/strong>Esta gama de productos es similar a una colonia de abejas: est\u00e1n formulados espec\u00edficamente para un rendimiento dedicado, y juntos apoyan la vida y la calidad aportando alimento a la levadura y protegiendo la calidad del vino como una colonia de abejas. <\/p>\n<\/div><\/div>\n\n\n\n<div style=\"height:50px\" aria-hidden=\"true\" class=\"wp-block-spacer\"><\/div>\n\n\n\n<h2 class=\"wp-block-heading\"><strong>Facilidad de uso<\/strong><\/h2>\n\n\n\n<div style=\"height:30px\" aria-hidden=\"true\" class=\"wp-block-spacer\"><\/div>\n\n\n\n<div class=\"wp-block-columns is-layout-flex wp-container-core-columns-is-layout-9d6595d7 wp-block-columns-is-layout-flex\">\n<div class=\"wp-block-column is-layout-flow wp-block-column-is-layout-flow\" style=\"flex-basis:66.66%\">\n<p><strong>Nuestros derivados de levadura est\u00e1n espec\u00edficamente elaborados para ser f\u00e1ciles de usar en condiciones reales de vinificaci\u00f3n.<\/strong><\/p>\n\n\n\n<p>Oenobrands formula sus productos a partir de derivados de levadura secados mediante tecnolog\u00edas <strong>espec\u00edficas, lo que permite su dispersi\u00f3n completa en pocos segundos <\/strong>sin formar grumos.<\/p>\n<\/div>\n\n\n\n<div class=\"wp-block-column is-layout-flow wp-block-column-is-layout-flow\" style=\"flex-basis:33.33%\"><div class=\"wp-block-image\">\n<figure class=\"aligncenter size-full\"><img loading=\"lazy\" decoding=\"async\" width=\"100\" height=\"99\" src=\"http:\/\/oenobrands.com\/wp-content\/uploads\/2023\/04\/Ease-of-use.jpg\" alt=\"Facilidad de uso\" class=\"wp-image-2192\"\/><\/figure>\n<\/div><\/div>\n<\/div>\n\n\n\n<div style=\"height:50px\" aria-hidden=\"true\" class=\"wp-block-spacer\"><\/div>\n\n\n\n<h2 class=\"wp-block-heading\"><strong>Si\u00e9ntete seguro portafolio<\/strong><\/h2>\n\n\n\n<div style=\"height:30px\" aria-hidden=\"true\" class=\"wp-block-spacer\"><\/div>\n\n\n\n<p><strong>Nuestros derivados de levadura feel SAFE<sup>\u00ae<\/sup> est\u00e1n basados en ingredientes<\/strong> de primera calidad, formulados espec\u00edficamente por nuestro equipo de desarrollo para aplicaciones dedicadas.<\/p>\n\n\n\n<div style=\"height:30px\" aria-hidden=\"true\" class=\"wp-block-spacer\"><\/div>\n\n\n\n<h3 class=\"wp-block-heading\"><strong>La gama feel SAFE\u00ae incluye tres l\u00edneas principales:<\/strong><\/h3>\n\n\n\n<div class=\"wp-block-columns is-layout-flex wp-container-core-columns-is-layout-9d6595d7 wp-block-columns-is-layout-flex\">\n<div class=\"wp-block-column is-layout-flow wp-block-column-is-layout-flow\">\n<h2 class=\"wp-block-heading has-text-align-center has-white-color has-text-color has-background\" style=\"background-color:#c4bfb6;font-style:normal;font-weight:700;text-transform:none\"><strong>Natuferm<\/strong><\/h2>\n\n\n\n<div style=\"height:30px\" aria-hidden=\"true\" class=\"wp-block-spacer\"><\/div>\n\n\n\n<p class=\"has-text-align-center has-black-color has-text-color\">Productos basados en levaduras autolisadas con nutrientes org\u00e1nicos simples como <strong><u><a href=\"https:\/\/oenobrands.com\/product\/yeast-derivate\/feel-safe\/natuferm-pure\/\">PURE <\/a><\/u><\/strong>y potenciadores de aroma que son <strong><a href=\"https:\/\/oenobrands.com\/product\/yeast-derivate\/feel-safe\/natuferm-bright\/\"><u>BRIGHT<\/u>,<\/a><\/strong> <strong><u><a href=\"https:\/\/oenobrands.com\/product\/yeast-derivate\/feel-safe\/natuferm-fruity\/\">FRUITY<\/a><\/u><\/strong> e <a href=\"https:\/\/oenobrands.com\/product\/yeast-derivate\/feel-safe\/natuferm-intense\/\"><strong>INTENSE.<\/strong><\/a><\/p>\n<\/div>\n\n\n\n<div class=\"wp-block-column is-layout-flow wp-block-column-is-layout-flow\" style=\"flex-basis:0\">\n<div class=\"wp-block-columns is-layout-flex wp-container-core-columns-is-layout-9d6595d7 wp-block-columns-is-layout-flex\">\n<div class=\"wp-block-column is-layout-flow wp-block-column-is-layout-flow\" style=\"flex-basis:0\"><\/div>\n<\/div>\n<\/div>\n\n\n\n<div class=\"wp-block-column is-layout-flow wp-block-column-is-layout-flow\">\n<h2 class=\"wp-block-heading has-text-align-center has-white-color has-text-color has-background\" style=\"background-color:#c4bfb6;font-style:normal;font-weight:700\"><strong>Extraferm<\/strong><\/h2>\n\n\n\n<div style=\"height:30px\" aria-hidden=\"true\" class=\"wp-block-spacer\"><\/div>\n\n\n\n<p class=\"has-text-align-center\">Toda la protecci\u00f3n necesaria para los vinos est\u00e1 incluida en esta gama, incluyendo limpieza con <strong><u><a href=\"https:\/\/oenobrands.com\/product\/yeast-derivate\/feel-safe\/extraferm-dtox\/\">D\u2019Tox <\/a><\/u><\/strong>y protecci\u00f3n contra la oxidaci\u00f3n en vinos blancos y rosados con <strong><u><a href=\"https:\/\/oenobrands.com\/product\/yeast-derivate\/feel-safe\/extraferm-dfend\/\">D\u2019fend.<\/a><\/u><\/strong><\/p>\n<\/div>\n\n\n\n<div class=\"wp-block-column is-layout-flow wp-block-column-is-layout-flow\" style=\"flex-basis:0\"><\/div>\n\n\n\n<div class=\"wp-block-column is-layout-flow wp-block-column-is-layout-flow\">\n<h2 class=\"wp-block-heading has-text-align-center has-white-color has-text-color has-background\" style=\"background-color:#c4bfb6;font-style:normal;font-weight:700\"><strong>Maxaferm<\/strong><\/h2>\n\n\n\n<div style=\"height:30px\" aria-hidden=\"true\" class=\"wp-block-spacer\"><\/div>\n\n\n\n<p class=\"has-text-align-center\">Productos completos dise\u00f1ados para apoyar eficazmente el crecimiento de la levadura durante la fermentaci\u00f3n alcoh\u00f3lica (como el nutriente inorg\u00e1nico <u><strong><a href=\"https:\/\/oenobrands.com\/product\/yeast-derivate\/feel-safe\/maxaferm\/\">Maxaferm<\/a><\/strong><\/u>) y el crecimiento de <em>O. oeni <\/em>durante la fermentaci\u00f3n malol\u00e1ctica secuencial, como <strong><a href=\"https:\/\/oenobrands.com\/product\/yeast-derivate\/feel-safe\/maxaferm-ml-force\/\">Maxaferm ML Force.<\/a><\/strong><\/p>\n<\/div>\n<\/div>\n\n\n\n<div style=\"height:30px\" aria-hidden=\"true\" class=\"wp-block-spacer\"><\/div>\n\n\n\n<h3 class=\"wp-block-heading\"><strong>Para ayudarle a comprender nuestra cartera feel SAFE, consulte esta tabla:<\/strong><\/h3>\n\n\n\n<figure class=\"wp-block-table is-style-stripes\"><table class=\"has-fixed-layout\"><thead><tr><th><\/th><th class=\"has-text-align-center\" data-align=\"center\">Aplicaci\u00f3n<\/th><th class=\"has-text-align-center\" data-align=\"center\">NUTRICI\u00d3N<\/th><th class=\"has-text-align-center\" data-align=\"center\">MEJORA DEL AROMA<\/th><th class=\"has-text-align-center\" data-align=\"center\">DESINTOXICACI\u00d3N<\/th><th class=\"has-text-align-center\" data-align=\"center\">PROTECCI\u00d3N<\/th><\/tr><\/thead><tbody><tr><td><mark style=\"background-color:rgba(0, 0, 0, 0);color:#ff9e1b\" class=\"has-inline-color\"><strong>Maxaferm<\/strong><\/mark><\/td><td class=\"has-text-align-center\" data-align=\"center\">Cualquier vino<\/td><td class=\"has-text-align-center\" data-align=\"center\">Levadura<\/td><td class=\"has-text-align-center\" data-align=\"center\"><\/td><td class=\"has-text-align-center\" data-align=\"center\"><\/td><td class=\"has-text-align-center\" data-align=\"center\"><\/td><\/tr><tr><td><mark style=\"background-color:rgba(0, 0, 0, 0);color:#7f7d5a\" class=\"has-inline-color\"><strong>Maxaferm <br>ML Force<\/strong><\/mark><\/td><td class=\"has-text-align-center\" data-align=\"center\">Cualquier vino<\/td><td class=\"has-text-align-center\" data-align=\"center\">Bacterias<\/td><td class=\"has-text-align-center\" data-align=\"center\"><\/td><td class=\"has-text-align-center\" data-align=\"center\"><\/td><td class=\"has-text-align-center\" data-align=\"center\"><\/td><\/tr><tr><td><mark style=\"background-color:rgba(0, 0, 0, 0);color:#00b5e2\" class=\"has-inline-color\"><strong>Natuferm<\/strong><\/mark> <mark style=\"background-color:rgba(0, 0, 0, 0);color:#00b5e2\" class=\"has-inline-color\"><strong>PURE<\/strong><\/mark><\/td><td class=\"has-text-align-center\" data-align=\"center\">Cualquier vino<\/td><td class=\"has-text-align-center\" data-align=\"center\">Levadura<\/td><td class=\"has-text-align-center\" data-align=\"center\"><\/td><td class=\"has-text-align-center\" data-align=\"center\"><\/td><td class=\"has-text-align-center\" data-align=\"center\"><\/td><\/tr><tr><td><mark style=\"background-color:rgba(0, 0, 0, 0);color:#bfb800\" class=\"has-inline-color\"><strong>Natuferm<\/strong><\/mark> <mark style=\"background-color:rgba(0, 0, 0, 0);color:#bfb800\" class=\"has-inline-color\"><strong>BRIGHT<\/strong><\/mark><\/td><td class=\"has-text-align-center\" data-align=\"center\">Vinos blancos y rosados<\/td><td class=\"has-text-align-center\" data-align=\"center\"><\/td><td class=\"has-text-align-center\" data-align=\"center\">\u2713<\/td><td class=\"has-text-align-center\" data-align=\"center\"><\/td><td class=\"has-text-align-center\" data-align=\"center\"><\/td><\/tr><tr><td><mark style=\"background-color:rgba(0, 0, 0, 0);color:#a50050\" class=\"has-inline-color\"><strong>Natuferm<\/strong><\/mark> <strong><mark style=\"background-color:rgba(0, 0, 0, 0);color:#a50050\" class=\"has-inline-color\">FRUITY<\/mark><\/strong><\/td><td class=\"has-text-align-center\" data-align=\"center\">Vinos tintos<\/td><td class=\"has-text-align-center\" data-align=\"center\"><\/td><td class=\"has-text-align-center\" data-align=\"center\">\u2713<\/td><td class=\"has-text-align-center\" data-align=\"center\"><\/td><td class=\"has-text-align-center\" data-align=\"center\"><\/td><\/tr><tr><td><mark style=\"background-color: rgba(0, 0, 0, 0);\" class=\"has-inline-color\"><strong style=\"color: rgb(180, 126, 0);\">Natuferm<\/strong><\/mark> <mark style=\"background-color:rgba(0, 0, 0, 0);color:#b47e00\" class=\"has-inline-color\"><strong>INTENSE<\/strong><\/mark><\/td><td class=\"has-text-align-center\" data-align=\"center\">Cualquier vino<\/td><td class=\"has-text-align-center\" data-align=\"center\"><\/td><td class=\"has-text-align-center\" data-align=\"center\">\u2713<\/td><td class=\"has-text-align-center\" data-align=\"center\"><\/td><td class=\"has-text-align-center\" data-align=\"center\"><\/td><\/tr><tr><td><a href=\"https:\/\/oenobrands.com\/es\/producto\/derivado-de-levadura\/feel-safe\/extraferm-dtox\/\"><mark style=\"background-color:rgba(0, 0, 0, 0);color:#6cc24a\" class=\"has-inline-color\"><strong>Extraferm D&#8217;tox<\/strong><\/mark><\/a><\/td><td class=\"has-text-align-center\" data-align=\"center\">Cualquier vino<\/td><td class=\"has-text-align-center\" data-align=\"center\"><\/td><td class=\"has-text-align-center\" data-align=\"center\"><\/td><td class=\"has-text-align-center\" data-align=\"center\">\u2713<\/td><td class=\"has-text-align-center\" data-align=\"center\"><\/td><\/tr><tr><td><a href=\"https:\/\/oenobrands.com\/es\/producto\/derivado-de-levadura\/feel-safe\/extraferm-dfend\/\"><mark style=\"background-color:rgba(0, 0, 0, 0);color:#3e6991\" class=\"has-inline-color\"><strong>Extraferm D&#8217;fend<\/strong><\/mark><\/a><\/td><td class=\"has-text-align-center\" data-align=\"center\">Vinos blancos y rosados<\/td><td class=\"has-text-align-center\" data-align=\"center\"><\/td><td class=\"has-text-align-center\" data-align=\"center\"><\/td><td class=\"has-text-align-center\" data-align=\"center\"><\/td><td class=\"has-text-align-center\" data-align=\"center\">\u2713<\/td><\/tr><\/tbody><\/table><\/figure>\n\n\n\n<div style=\"height:30px\" aria-hidden=\"true\" class=\"wp-block-spacer\"><\/div>\n\n\n\n<p>Todos los productos Natuferm y Extraferm est\u00e1n autorizados para la producci\u00f3n de vinos org\u00e1nicos seg\u00fan la normativa de la UE y NOP. Maxaferm contiene DAP, que proporciona una fuente de nitr\u00f3geno inorg\u00e1nico, y por esta raz\u00f3n no est\u00e1 permitido para NOP. <\/p>\n\n\n\n<div style=\"height:50px\" aria-hidden=\"true\" class=\"wp-block-spacer\"><\/div>\n\n\n\n<h3 class=\"wp-block-heading\"><strong>A continuaci\u00f3n, enumeramos los componentes destacados de esta gama:<\/strong><\/h3>\n\n\n\n<figure class=\"wp-block-table is-style-regular\"><table><thead><tr><th><\/th><th class=\"has-text-align-center\" data-align=\"center\">Ergosteroles (L\u00edpidos)<\/th><th class=\"has-text-align-center\" data-align=\"center\">Amino\u00e1cidos<\/th><th class=\"has-text-align-center\" data-align=\"center\">Thiamine<\/th><th class=\"has-text-align-center\" data-align=\"center\">Mg\/Zn<\/th><th class=\"has-text-align-center\" data-align=\"center\">Otras vitaminas<\/th><th class=\"has-text-align-center\" data-align=\"center\">Otros minerales<\/th><\/tr><\/thead><tbody><tr><td><mark style=\"background-color:rgba(0, 0, 0, 0);color:#ff9e1b\" class=\"has-inline-color\"><strong>Maxaferm<\/strong><\/mark><\/td><td class=\"has-text-align-center\" data-align=\"center\">++<\/td><td class=\"has-text-align-center\" data-align=\"center\"><\/td><td class=\"has-text-align-center\" data-align=\"center\">+++<\/td><td class=\"has-text-align-center\" data-align=\"center\"><\/td><td class=\"has-text-align-center\" data-align=\"center\"><\/td><td class=\"has-text-align-center\" data-align=\"center\"><\/td><\/tr><tr><td><mark style=\"background-color:rgba(0, 0, 0, 0);color:#7f7d5a\" class=\"has-inline-color\"><strong>Maxaferm ML Force<\/strong><\/mark><\/td><td class=\"has-text-align-center\" data-align=\"center\">+<\/td><td class=\"has-text-align-center\" data-align=\"center\">+<\/td><td class=\"has-text-align-center\" data-align=\"center\"><\/td><td class=\"has-text-align-center\" data-align=\"center\">+<\/td><td class=\"has-text-align-center\" data-align=\"center\">+<\/td><td class=\"has-text-align-center\" data-align=\"center\">+<\/td><\/tr><tr><td><mark style=\"background-color:rgba(0, 0, 0, 0);color:#00b5e2\" class=\"has-inline-color\"><strong>Natuferm<\/strong><\/mark> <mark style=\"background-color:rgba(0, 0, 0, 0);color:#00b5e2\" class=\"has-inline-color\"><strong>PURE<\/strong><\/mark><\/td><td class=\"has-text-align-center\" data-align=\"center\">+<\/td><td class=\"has-text-align-center\" data-align=\"center\">++<\/td><td class=\"has-text-align-center\" data-align=\"center\">+<\/td><td class=\"has-text-align-center\" data-align=\"center\">+<\/td><td class=\"has-text-align-center\" data-align=\"center\">++<\/td><td class=\"has-text-align-center\" data-align=\"center\">+<\/td><\/tr><tr><td><mark style=\"background-color:rgba(0, 0, 0, 0);color:#bfb800\" class=\"has-inline-color\"><strong>Natuferm<\/strong><\/mark> <mark style=\"background-color:rgba(0, 0, 0, 0);color:#bfb800\" class=\"has-inline-color\"><strong>BRIGHT<\/strong><\/mark><\/td><td class=\"has-text-align-center\" data-align=\"center\">+<\/td><td class=\"has-text-align-center\" data-align=\"center\">+++<\/td><td class=\"has-text-align-center\" data-align=\"center\">+<\/td><td class=\"has-text-align-center\" data-align=\"center\">+<\/td><td class=\"has-text-align-center\" data-align=\"center\">++<\/td><td class=\"has-text-align-center\" data-align=\"center\">+<\/td><\/tr><tr><td><mark style=\"background-color:rgba(0, 0, 0, 0);color:#a50050\" class=\"has-inline-color\"><strong>Natuferm<\/strong><\/mark> <strong><mark style=\"background-color:rgba(0, 0, 0, 0);color:#a50050\" class=\"has-inline-color\">FRUITY<\/mark><\/strong><\/td><td class=\"has-text-align-center\" data-align=\"center\">+<\/td><td class=\"has-text-align-center\" data-align=\"center\">+++<\/td><td class=\"has-text-align-center\" data-align=\"center\">+<\/td><td class=\"has-text-align-center\" data-align=\"center\">+<\/td><td class=\"has-text-align-center\" data-align=\"center\">++<\/td><td class=\"has-text-align-center\" data-align=\"center\">+<\/td><\/tr><tr><td><mark style=\"background-color: rgba(0, 0, 0, 0);\" class=\"has-inline-color\"><strong style=\"color: rgb(180, 126, 0);\">Natuferm<\/strong><\/mark> <mark style=\"background-color:rgba(0, 0, 0, 0);color:#b47e00\" class=\"has-inline-color\"><strong>INTENSE<\/strong><\/mark><\/td><td class=\"has-text-align-center\" data-align=\"center\">+<\/td><td class=\"has-text-align-center\" data-align=\"center\">+++<\/td><td class=\"has-text-align-center\" data-align=\"center\">+<\/td><td class=\"has-text-align-center\" data-align=\"center\">+++<\/td><td class=\"has-text-align-center\" data-align=\"center\">++<\/td><td class=\"has-text-align-center\" data-align=\"center\">+<\/td><\/tr><tr><td><strong><a href=\"https:\/\/oenobrands.com\/es\/producto\/derivado-de-levadura\/feel-safe\/extraferm-dtox\/\"><mark style=\"background-color:rgba(0, 0, 0, 0);color:#6cc24a\" class=\"has-inline-color\"><strong>Extraferm D&#8217;tox<\/strong><\/mark><\/a><\/strong><\/td><td class=\"has-text-align-center\" data-align=\"center\">+++<\/td><td class=\"has-text-align-center\" data-align=\"center\"><\/td><td class=\"has-text-align-center\" data-align=\"center\"><\/td><td class=\"has-text-align-center\" data-align=\"center\"><\/td><td class=\"has-text-align-center\" data-align=\"center\"><\/td><td class=\"has-text-align-center\" data-align=\"center\"><\/td><\/tr><tr><td><a href=\"https:\/\/oenobrands.com\/es\/producto\/derivado-de-levadura\/feel-safe\/extraferm-dfend\/\"><mark style=\"background-color:rgba(0, 0, 0, 0);color:#3e6991\" class=\"has-inline-color\"><strong>Extraferm D&#8217;fend<\/strong><\/mark><\/a><\/td><td class=\"has-text-align-center\" data-align=\"center\">+<\/td><td class=\"has-text-align-center\" data-align=\"center\">+<\/td><td class=\"has-text-align-center\" data-align=\"center\"><\/td><td class=\"has-text-align-center\" data-align=\"center\"><\/td><td class=\"has-text-align-center\" data-align=\"center\"><\/td><td class=\"has-text-align-center\" data-align=\"center\"><\/td><\/tr><\/tbody><\/table><\/figure>\n\n\n\n<div style=\"height:50px\" aria-hidden=\"true\" class=\"wp-block-spacer\"><\/div>\n\n\n\n<div class=\"wp-block-columns is-layout-flex wp-container-core-columns-is-layout-9d6595d7 wp-block-columns-is-layout-flex\">\n<div class=\"wp-block-column is-layout-flow wp-block-column-is-layout-flow\">\n<h2 class=\"wp-block-heading has-text-align-left\"><strong>\u00bfQu\u00e9 son los derivados de levadura?<\/strong><\/h2>\n\n\n\n<div class=\"wp-block-buttons is-content-justification-center is-layout-flex wp-container-core-buttons-is-layout-16018d1d wp-block-buttons-is-layout-flex\">\n<div class=\"wp-block-button\"><a class=\"wp-block-button__link wp-element-button\" href=\"https:\/\/oenobrands.com\/yeast-derivates-production\/\" target=\"_blank\" rel=\"noreferrer noopener\">Producci\u00f3n de derivados de levadura<\/a><\/div>\n<\/div>\n\n\n\n<div style=\"height:50px\" aria-hidden=\"true\" class=\"wp-block-spacer\"><\/div>\n<\/div>\n<\/div>\n\n\n\n<h2 class=\"wp-block-heading\" style=\"font-style:normal;font-weight:700\"><strong>Una amplia gama de derivados de levadura:<\/strong><\/h2>\n\n\n\n<div style=\"height:50px\" aria-hidden=\"true\" class=\"wp-block-spacer\"><\/div>\n\n\n\n<p><\/p>\n","protected":false},"excerpt":{"rendered":"<p>\u00bfCu\u00e1l es el significado detr\u00e1s de este nombre? Todos nuestros nutrientes ahora est\u00e1n bajo [&hellip;]<\/p>\n","protected":false},"author":3,"featured_media":0,"parent":18329,"menu_order":2,"comment_status":"closed","ping_status":"closed","template":"page-premier-products-list.php","meta":{"_acf_changed":false,"_seopress_robots_primary_cat":"0","_seopress_titles_title":"","_seopress_titles_desc":"","_seopress_robots_index":"","footnotes":""},"class_list":["post-19383","page","type-page","status-publish"],"acf":[],"_links":{"self":[{"href":"https:\/\/oenobrands.com\/es\/wp-json\/wp\/v2\/pages\/19383","targetHints":{"allow":["GET"]}}],"collection":[{"href":"https:\/\/oenobrands.com\/es\/wp-json\/wp\/v2\/pages"}],"about":[{"href":"https:\/\/oenobrands.com\/es\/wp-json\/wp\/v2\/types\/page"}],"author":[{"embeddable":true,"href":"https:\/\/oenobrands.com\/es\/wp-json\/wp\/v2\/users\/3"}],"replies":[{"embeddable":true,"href":"https:\/\/oenobrands.com\/es\/wp-json\/wp\/v2\/comments?post=19383"}],"version-history":[{"count":0,"href":"https:\/\/oenobrands.com\/es\/wp-json\/wp\/v2\/pages\/19383\/revisions"}],"up":[{"embeddable":true,"href":"https:\/\/oenobrands.com\/es\/wp-json\/wp\/v2\/pages\/18329"}],"wp:attachment":[{"href":"https:\/\/oenobrands.com\/es\/wp-json\/wp\/v2\/media?parent=19383"}],"curies":[{"name":"wp","href":"https:\/\/api.w.org\/{rel}","templated":true}]}}