{"id":19324,"date":"2023-02-26T23:37:11","date_gmt":"2023-02-26T22:37:11","guid":{"rendered":"https:\/\/oenobrands.com\/producto\/levadura\/anchor-yeast\/legacy-nt-116\/"},"modified":"2025-10-29T16:04:17","modified_gmt":"2025-10-29T15:04:17","slug":"legacy-nt-116","status":"publish","type":"page","link":"https:\/\/oenobrands.com\/es\/producto\/levadura\/anchor-yeast\/legacy-nt-116\/","title":{"rendered":"Legacy NT 116"},"content":{"rendered":"\n<h1 class=\"wp-block-heading has-text-color\" style=\"color:#425cc7\">Legacy NT 116<\/h1>\n\n\n\n<div style=\"height:30px\" aria-hidden=\"true\" class=\"wp-block-spacer\"><\/div>\n\n\n\n<h2 class=\"wp-block-heading has-medium-font-size\"><strong>Levadura h\u00edbrida de<em> Saccharomyces cerevisiae <\/em>para la elaboraci\u00f3n de vinos blancos arom\u00e1ticos y tropicales, as\u00ed como vinos tintos con cuerpo.<\/strong><\/h2>\n\n\n\n<div style=\"height:30px\" aria-hidden=\"true\" class=\"wp-block-spacer\"><\/div>\n\n\n\n<h3 class=\"wp-block-heading\"><strong>APPLICATION<\/strong><\/h3>\n\n\n\n<p><strong>NT 116 <\/strong>es ideal para la producci\u00f3n de vinos blancos destinados a una pronta comercializaci\u00f3n. Potencia los aromas de tioles vol\u00e1tiles (maracuy\u00e1, pomelo y guayaba) y genera \u00e9steres de acetato (ensalada de frutas tropicales). Resalta especialmente los aromas c\u00edtricos frescos en los vinos. <strong>NT 116 <\/strong>se recomienda para la vinificaci\u00f3n de Chardonnay, Chenin Blanc, Sauvignon Blanc, Verdelho y Pinot Gris.  <\/p>\n\n\n\n<p>La tolerancia de <strong>NT 116<\/strong> a mostos con alto contenido de az\u00facar y a elevadas concentraciones de alcohol la hace especialmente adecuada para la producci\u00f3n de vinos tintos con cuerpo destinados a la crianza en madera. <strong>NT 116<\/strong> desarrolla aromas de mora y grosella negra en Shiraz y Cabernet Sauvignon, as\u00ed como notas de frutos rojos en Merlot.<\/p>\n\n\n\n<div style=\"height:50px\" aria-hidden=\"true\" class=\"wp-block-spacer\"><\/div>\n\n\n\n<div class=\"wp-block-columns is-layout-flex wp-container-core-columns-is-layout-9d6595d7 wp-block-columns-is-layout-flex\">\n<div class=\"wp-block-column is-layout-flow wp-block-column-is-layout-flow\" style=\"flex-basis:45%\">\n<h3 class=\"wp-block-heading has-text-color\" style=\"color:#425cc7\"><strong>Cin\u00e9tica de fermentaci\u00f3n<\/strong><\/h3>\n\n\n\n<ul class=\"wp-block-list\">\n<li>Fermentaci\u00f3n vigorosa \u2013 se recomienda controlar la temperatura.<\/li>\n\n\n\n<li>Factor de conversi\u00f3n: 0,57 \u2013 0,63<\/li>\n<\/ul>\n\n\n\n<h3 class=\"wp-block-heading has-text-color\" style=\"color:#425cc7\"><strong>Caracter\u00edsticas t\u00e9cnicas<\/strong><\/h3>\n\n\n\n<ul class=\"wp-block-list\">\n<li>Tolerancia al fr\u00edo: 11 \u00b0C \u2013 adecuada para maceraci\u00f3n en fr\u00edo previa a la fermentaci\u00f3n.<\/li>\n\n\n\n<li>Rango de temperatura \u00f3ptimo: 12 \u2013 16 \u00b0C (vinos blancos) y 13 \u2013 28 \u00b0C (vinos tintos); no debe superar los 30 \u00b0C.<\/li>\n\n\n\n<li>Osmotolerancia: 26 \u00b0Brix<\/li>\n\n\n\n<li>Tolerancia al alcohol a 15 \u00b0C: 16 %<\/li>\n\n\n\n<li>Producci\u00f3n de espuma: baja<\/li>\n<\/ul>\n\n\n\n<h3 class=\"wp-block-heading has-text-color\" style=\"color:#425cc7\"><strong>Caracter\u00edsticas metab\u00f3licas<\/strong><\/h3>\n\n\n\n<ul class=\"wp-block-list\">\n<li>Producci\u00f3n de glicerol: 5 &#8211; 12 g\/L<\/li>\n\n\n\n<li>Producci\u00f3n de acidez vol\u00e1til: generalmente inferior a 0,3 g\/L<\/li>\n\n\n\n<li>Producci\u00f3n de SO\u2082: nula o muy baja<\/li>\n\n\n\n<li>Requerimiento de nitr\u00f3geno: bajo<\/li>\n<\/ul>\n\n\n\n<h3 class=\"wp-block-heading has-text-color\" style=\"color:#425cc7\"><strong>Fenotipo<\/strong><\/h3>\n\n\n\n<ul class=\"wp-block-list\">\n<li>Killer: positivo<\/li>\n\n\n\n<li>Actividad cinamil descarboxilasa: negativa (POF-)<\/li>\n<\/ul>\n\n\n\n<h3 class=\"wp-block-heading has-text-color\" style=\"color:#425cc7\"><strong>Ciencia y Tecnolog\u00eda<\/strong><\/h3>\n\n\n<div class=\"wp-block-image is-style-zoooom\">\n<figure class=\"aligncenter size-large\"><img loading=\"lazy\" decoding=\"async\" width=\"1024\" height=\"452\" src=\"http:\/\/oenobrands.com\/wp-content\/uploads\/2023\/02\/Product-_-Anchor-NT116-image-1-1024x452.png\" alt=\"Producto Anchor-NT116-imagen-1\" class=\"wp-image-1650\" srcset=\"https:\/\/oenobrands.com\/wp-content\/uploads\/2023\/02\/Product-_-Anchor-NT116-image-1-1024x452.png 1024w, https:\/\/oenobrands.com\/wp-content\/uploads\/2023\/02\/Product-_-Anchor-NT116-image-1-300x132.png 300w, https:\/\/oenobrands.com\/wp-content\/uploads\/2023\/02\/Product-_-Anchor-NT116-image-1-768x339.png 768w, https:\/\/oenobrands.com\/wp-content\/uploads\/2023\/02\/Product-_-Anchor-NT116-image-1.png 1267w\" sizes=\"auto, (max-width: 1024px) 100vw, 1024px\" \/><figcaption class=\"wp-element-caption\">Liberaci\u00f3n de manoprote\u00ednas por Legacy NT 116.<\/figcaption><\/figure>\n<\/div>\n\n\n<h3 class=\"wp-block-heading has-text-color\" style=\"color:#425cc7\"><strong>Origen<\/strong><\/h3>\n\n\n\n<p>NT 116 es un producto del programa de hibridaci\u00f3n de levaduras del ARC Infruitec-Nietvoorbij, el instituto de investigaci\u00f3n vitivin\u00edcola del Consejo de Investigaci\u00f3n Agr\u00edcola (ARC) de Stellenbosch, Sud\u00e1frica.<\/p>\n\n\n\n<p><\/p>\n\n\n\n<p><\/p>\n<\/div>\n\n\n\n<div class=\"wp-block-column is-layout-flow wp-block-column-is-layout-flow\" style=\"flex-basis:6%\"><\/div>\n\n\n\n<div class=\"wp-block-column has-background is-layout-flow wp-block-column-is-layout-flow\" style=\"background-color:#f7f7f7;flex-basis:45%\">\n<div class=\"wp-block-columns is-layout-flex wp-container-core-columns-is-layout-9d6595d7 wp-block-columns-is-layout-flex\">\n<div class=\"wp-block-column is-layout-flow wp-block-column-is-layout-flow\"><div class=\"wp-block-image\">\n<figure class=\"aligncenter size-full\"><img loading=\"lazy\" decoding=\"async\" width=\"250\" height=\"150\" src=\"http:\/\/oenobrands.com\/wp-content\/uploads\/2024\/05\/ANCHOR-yeast-legacy-NT116-white-wine-logo-1.png\" alt=\"LEVADURA ANCHOR LEGACY NT116 VINO BLANCO\" class=\"wp-image-6843\"\/><\/figure>\n<\/div><\/div>\n<\/div>\n\n\n\n<div style=\"height:40px\" aria-hidden=\"true\" class=\"wp-block-spacer\"><\/div>\n\n\n\n<div class=\"wp-block-group\"><div class=\"wp-block-group__inner-container is-layout-constrained wp-block-group-is-layout-constrained\">\n<p class=\"has-text-align-center\"><strong>DESCARGAR LA FICHA T\u00c9CNICA DE APLICACI\u00d3N<\/strong><\/p>\n\n\n\n<p class=\"has-text-align-center\">Disponemos de fichas t\u00e9cnicas espec\u00edficas, tanto para el uso de <strong>Legacy NT 116 <\/strong>en vinos blancos como tintos.<\/p>\n\n\n\n<div style=\"height:20px\" aria-hidden=\"true\" class=\"wp-block-spacer\"><\/div>\n\n\n\n<div class=\"wp-block-columns is-not-stacked-on-mobile is-layout-flex wp-container-core-columns-is-layout-9d6595d7 wp-block-columns-is-layout-flex\">\n<div class=\"wp-block-column is-layout-flow wp-block-column-is-layout-flow\"><div class=\"wp-block-image\">\n<figure class=\"aligncenter size-full\"><a href=\"https:\/\/oenobrands.com\/wp-content\/uploads\/2024\/07\/Technical-data-sheet-Anchor-yeast-Legacy-NT116-White_Eng_NEUTRAL_202109_Web.pdf\" target=\"_blank\" rel=\"noreferrer noopener\"><img loading=\"lazy\" decoding=\"async\" width=\"180\" height=\"94\" src=\"http:\/\/oenobrands.com\/wp-content\/uploads\/2023\/04\/flag-united-states-english-american.png\" alt=\"bandera-estados-unidos-ingl\u00e9s-americano\" class=\"wp-image-2510\"\/><\/a><figcaption class=\"wp-element-caption\">Blanco<\/figcaption><\/figure>\n<\/div><\/div>\n\n\n\n<div class=\"wp-block-column is-layout-flow wp-block-column-is-layout-flow\"><div class=\"wp-block-image\">\n<figure class=\"aligncenter size-full\"><a href=\"https:\/\/oenobrands.com\/wp-content\/uploads\/2024\/07\/Technical-data-sheet-Anchor-yeast-Legacy-NT116-Red_Eng_NEUTRAL_202109_Web.pdf\" target=\"_blank\" rel=\"noreferrer noopener\"><img loading=\"lazy\" decoding=\"async\" width=\"180\" height=\"94\" src=\"http:\/\/oenobrands.com\/wp-content\/uploads\/2023\/04\/flag-united-states-english-american.png\" alt=\"bandera-estados-unidos-ingl\u00e9s-americano\" class=\"wp-image-2510\"\/><\/a><figcaption class=\"wp-element-caption\">Tinto<\/figcaption><\/figure>\n<\/div><\/div>\n\n\n\n<div class=\"wp-block-column is-layout-flow wp-block-column-is-layout-flow\"><div class=\"wp-block-image\">\n<figure class=\"aligncenter size-full\"><a href=\"https:\/\/oenobrands.com\/wp-content\/uploads\/2024\/07\/Fiche-technique-Anchor-levure-Legacy-NT116-White-Fr_202109_Web.pdf\" target=\"_blank\" rel=\"noreferrer noopener\"><img loading=\"lazy\" decoding=\"async\" width=\"180\" height=\"94\" src=\"http:\/\/oenobrands.com\/wp-content\/uploads\/2023\/04\/drapeau-francais-france.png\" alt=\"drapeau flag francais france\" class=\"wp-image-2508\"\/><\/a><figcaption class=\"wp-element-caption\">Tinto<\/figcaption><\/figure>\n<\/div><\/div>\n\n\n\n<div class=\"wp-block-column is-layout-flow wp-block-column-is-layout-flow\"><div class=\"wp-block-image\">\n<figure class=\"aligncenter size-full\"><a href=\"https:\/\/oenobrands.com\/wp-content\/uploads\/2024\/07\/Fiche-technique-Anchor-levure-Legacy-NT116-Rouge-Fr_202109_Web.pdf\" target=\"_blank\" rel=\"noreferrer noopener\"><img loading=\"lazy\" decoding=\"async\" width=\"180\" height=\"94\" src=\"http:\/\/oenobrands.com\/wp-content\/uploads\/2023\/04\/drapeau-francais-france.png\" alt=\"drapeau flag francais france\" class=\"wp-image-2508\"\/><\/a><figcaption class=\"wp-element-caption\">Tinto<\/figcaption><\/figure>\n<\/div><\/div>\n\n\n\n<div class=\"wp-block-column is-layout-flow wp-block-column-is-layout-flow\"><div class=\"wp-block-image\">\n<figure class=\"aligncenter size-full\"><a href=\"https:\/\/oenobrands.com\/wp-content\/uploads\/2024\/07\/Ficha-tecnica-Anchor-levadura-Legacy-NT116-blanco-Sp_202109_Web.pdf\" target=\"_blank\" rel=\"noreferrer noopener\"><img loading=\"lazy\" decoding=\"async\" width=\"180\" height=\"94\" src=\"http:\/\/oenobrands.com\/wp-content\/uploads\/2023\/04\/bandiera-spagnola-spagna.png\" alt=\"drapeau flag bandiera spagnola spagna\" class=\"wp-image-2506\"\/><\/a><figcaption class=\"wp-element-caption\">blanco<\/figcaption><\/figure>\n<\/div><\/div>\n\n\n\n<div class=\"wp-block-column is-layout-flow wp-block-column-is-layout-flow\"><div class=\"wp-block-image\">\n<figure class=\"aligncenter size-full\"><a href=\"https:\/\/oenobrands.com\/wp-content\/uploads\/2024\/07\/Ficha-tecnica-Anchor-levadura-Legacy-NT116-Tinto-Sp_202109_Web.pdf\" target=\"_blank\" rel=\"noreferrer noopener\"><img loading=\"lazy\" decoding=\"async\" width=\"180\" height=\"94\" src=\"http:\/\/oenobrands.com\/wp-content\/uploads\/2023\/04\/bandiera-spagnola-spagna.png\" alt=\"drapeau flag bandiera spagnola spagna\" class=\"wp-image-2506\"\/><\/a><figcaption class=\"wp-element-caption\">Tinto<\/figcaption><\/figure>\n<\/div><\/div>\n<\/div>\n\n\n\n<div class=\"wp-block-columns is-not-stacked-on-mobile is-layout-flex wp-container-core-columns-is-layout-9d6595d7 wp-block-columns-is-layout-flex\">\n<div class=\"wp-block-column is-layout-flow wp-block-column-is-layout-flow\"><div class=\"wp-block-image\">\n<figure class=\"aligncenter size-full\"><a href=\"https:\/\/oenobrands.com\/wp-content\/uploads\/2024\/07\/Scheda-tecnica-Anchor-lievito-Legacy-NT116-White_It_VASON_202109_Web.pdf\" target=\"_blank\" rel=\"noreferrer noopener\"><img loading=\"lazy\" decoding=\"async\" width=\"180\" height=\"94\" src=\"http:\/\/oenobrands.com\/wp-content\/uploads\/2023\/04\/bandiera-italiana-italy.png\" alt=\"drapeau flag bandiera italiana italy\" class=\"wp-image-2512\"\/><\/a><figcaption class=\"wp-element-caption\">bianchi<\/figcaption><\/figure>\n<\/div><\/div>\n\n\n\n<div class=\"wp-block-column is-layout-flow wp-block-column-is-layout-flow\"><div class=\"wp-block-image\">\n<figure class=\"aligncenter size-full\"><a href=\"https:\/\/oenobrands.com\/wp-content\/uploads\/2024\/07\/Scheda-tecnica-Anchor-lievito-Legacy-NT116-Red_It_VASON_202109_Web.pdf\" target=\"_blank\" rel=\"noreferrer noopener\"><img loading=\"lazy\" decoding=\"async\" width=\"180\" height=\"94\" src=\"http:\/\/oenobrands.com\/wp-content\/uploads\/2023\/04\/bandiera-italiana-italy.png\" alt=\"drapeau flag bandiera italiana italy\" class=\"wp-image-2512\"\/><\/a><figcaption class=\"wp-element-caption\">Tinto<\/figcaption><\/figure>\n<\/div><\/div>\n\n\n\n<div class=\"wp-block-column is-layout-flow wp-block-column-is-layout-flow\"><div class=\"wp-block-image\">\n<figure class=\"aligncenter size-full\"><img loading=\"lazy\" decoding=\"async\" width=\"180\" height=\"94\" src=\"http:\/\/oenobrands.com\/wp-content\/uploads\/2023\/05\/Flagge-Deutschland.png\" alt=\"Flagge-Deutschland-flag-drapeau\" class=\"wp-image-3550\"\/><figcaption class=\"wp-element-caption\">Blanco<\/figcaption><\/figure>\n<\/div><\/div>\n\n\n\n<div class=\"wp-block-column is-layout-flow wp-block-column-is-layout-flow\"><div class=\"wp-block-image\">\n<figure class=\"aligncenter size-full\"><a href=\"https:\/\/oenobrands.com\/wp-content\/uploads\/2024\/07\/Technisches-Datenblatt-Anchor-Hefe-Legacy-NT116-Rot_Ger_202109_Web.pdf\" target=\"_blank\" rel=\"noreferrer noopener\"><img loading=\"lazy\" decoding=\"async\" width=\"180\" height=\"94\" src=\"http:\/\/oenobrands.com\/wp-content\/uploads\/2023\/05\/Flagge-Deutschland.png\" alt=\"Flagge-Deutschland-flag-drapeau\" class=\"wp-image-3550\"\/><\/a><figcaption class=\"wp-element-caption\">Tinto<\/figcaption><\/figure>\n<\/div><\/div>\n\n\n\n<div class=\"wp-block-column is-layout-flow wp-block-column-is-layout-flow\"><\/div>\n\n\n\n<div class=\"wp-block-column is-layout-flow wp-block-column-is-layout-flow\"><\/div>\n<\/div>\n\n\n\n<div class=\"wp-block-columns is-not-stacked-on-mobile is-layout-flex wp-container-core-columns-is-layout-9d6595d7 wp-block-columns-is-layout-flex\">\n<div class=\"wp-block-column is-layout-flow wp-block-column-is-layout-flow\"><div class=\"wp-block-image\">\n<figure class=\"aligncenter size-full\"><img loading=\"lazy\" decoding=\"async\" width=\"180\" height=\"94\" src=\"http:\/\/oenobrands.com\/wp-content\/uploads\/2024\/05\/Flag-drapeau-Portugal.png\" alt=\"Flag-drapeau-Portugal\" class=\"wp-image-7139\"\/><figcaption class=\"wp-element-caption\">Blanco<\/figcaption><\/figure>\n<\/div><\/div>\n\n\n\n<div class=\"wp-block-column is-layout-flow wp-block-column-is-layout-flow\"><div class=\"wp-block-image\">\n<figure class=\"aligncenter size-full\"><img loading=\"lazy\" decoding=\"async\" width=\"180\" height=\"94\" src=\"http:\/\/oenobrands.com\/wp-content\/uploads\/2024\/05\/Flag-drapeau-Portugal.png\" alt=\"Flag-drapeau-Portugal\" class=\"wp-image-7139\"\/><figcaption class=\"wp-element-caption\">Tinto<\/figcaption><\/figure>\n<\/div><\/div>\n\n\n\n<div class=\"wp-block-column is-layout-flow wp-block-column-is-layout-flow\"><\/div>\n\n\n\n<div class=\"wp-block-column is-layout-flow wp-block-column-is-layout-flow\"><\/div>\n\n\n\n<div class=\"wp-block-column is-layout-flow wp-block-column-is-layout-flow\"><\/div>\n\n\n\n<div class=\"wp-block-column is-layout-flow wp-block-column-is-layout-flow\"><\/div>\n<\/div>\n<\/div><\/div>\n\n\n\n<hr class=\"wp-block-separator has-text-color has-alpha-channel-opacity has-background\" style=\"background-color:#00205c;color:#00205c\"\/>\n\n\n\n<div class=\"wp-block-buttons is-content-justification-center is-layout-flex wp-container-core-buttons-is-layout-16018d1d wp-block-buttons-is-layout-flex\">\n<div class=\"wp-block-button\"><a class=\"wp-block-button__link has-white-color has-text-color has-background has-text-align-center wp-element-button\" href=\"https:\/\/oenobrands.com\/distributor\/\" style=\"background-color:#162638\" target=\"_blank\" rel=\"noreferrer noopener\">Su distribuidor<\/a><\/div>\n<\/div>\n\n\n\n<hr class=\"wp-block-separator has-text-color has-alpha-channel-opacity has-background\" style=\"background-color:#00205c;color:#00205c\"\/>\n\n\n\n<h3 class=\"wp-block-heading\"><strong>DOSIS<\/strong><\/h3>\n\n\n\n<p>20 &#8211; 30 g\/hL<\/p>\n\n\n\n<h3 class=\"wp-block-heading\"><strong><strong>Envase<\/strong><\/strong><\/h3>\n\n\n\n<p>NT 116 se presenta en sobres de 1 kg sellados al vac\u00edo.<\/p>\n\n\n\n<h3 class=\"wp-block-heading\"><strong>Conservaci\u00f3n<\/strong><\/h3>\n\n\n\n<p>Debe almacenarse en un lugar fresco (5 &#8211; 15 \u00b0C, 41 &#8211; 59 \u00b0F), seco, y en su envase original sellado.<\/p>\n<\/div>\n<\/div>\n\n\n\n<div class=\"wp-block-group\"><div class=\"wp-block-group__inner-container is-layout-constrained wp-block-group-is-layout-constrained\">\n<div style=\"height:30px\" aria-hidden=\"true\" class=\"wp-block-spacer\"><\/div>\n\n\n\n<hr class=\"wp-block-separator has-text-color has-black-color has-alpha-channel-opacity has-black-background-color has-background\"\/>\n<\/div><\/div>\n\n\n\n<div class=\"wp-block-columns is-layout-flex wp-container-core-columns-is-layout-9d6595d7 wp-block-columns-is-layout-flex\">\n<div class=\"wp-block-column is-layout-flow wp-block-column-is-layout-flow\">\n<div class=\"wp-block-group\"><div class=\"wp-block-group__inner-container is-layout-constrained wp-block-group-is-layout-constrained\">\n<h2 class=\"wp-block-heading\"><strong><strong>Explora soluciones relacionadas<\/strong>:<\/strong><\/h2>\n\n\n\n<div style=\"height:30px\" aria-hidden=\"true\" class=\"wp-block-spacer\"><\/div>\n\n\n\n<p><strong>\u00bfBusca un enfoque m\u00e1s hol\u00edstico de la vinificaci\u00f3n?<\/strong> Descubra nuestras soluciones enol\u00f3gicas avanzadas relacionadas con Legacy NT 116.<\/p>\n\n\n\n<div style=\"height:30px\" aria-hidden=\"true\" class=\"wp-block-spacer\"><\/div>\n\n\n\n<div class=\"wp-block-columns are-vertically-aligned-center is-layout-flex wp-container-core-columns-is-layout-9d6595d7 wp-block-columns-is-layout-flex\">\n<div class=\"wp-block-column is-vertically-aligned-center is-layout-flow wp-block-column-is-layout-flow\" style=\"flex-basis:100%\">\n<div class=\"wp-block-buttons is-content-justification-center is-layout-flex wp-container-core-buttons-is-layout-16018d1d wp-block-buttons-is-layout-flex\">\n<div class=\"wp-block-button is-style-fill\"><a class=\"wp-block-button__link wp-element-button\" href=\"https:\/\/oenobrands.com\/solution\/alcoholic-fermentation\/yeast-inoculation\/\" target=\"_blank\" rel=\"noreferrer noopener\">Inoculaci\u00f3n de levaduras<\/a><\/div>\n\n\n\n<div class=\"wp-block-button is-style-fill\"><a class=\"wp-block-button__link wp-element-button\" href=\"https:\/\/oenobrands.com\/solution\/alcoholic-fermentation\/yeast-choice\/\" target=\"_blank\" rel=\"noreferrer noopener\">Elecci\u00f3n de la levadura<\/a><\/div>\n\n\n\n<div class=\"wp-block-button is-style-fill\"><a class=\"wp-block-button__link wp-element-button\" href=\"https:\/\/oenobrands.com\/key-positive-aroma-compounds\/\" target=\"_blank\" rel=\"noreferrer noopener\">Compuestos arom\u00e1ticos<\/a><\/div>\n<\/div>\n<\/div>\n<\/div>\n<\/div><\/div>\n\n\n\n<div style=\"height:30px\" aria-hidden=\"true\" class=\"wp-block-spacer\"><\/div>\n<\/div>\n\n\n\n<div class=\"wp-block-column is-layout-flow wp-block-column-is-layout-flow\">\n<h2 class=\"wp-block-heading\"><strong>\u00bfBusca otra cosa?<\/strong><\/h2>\n\n\n\n<div style=\"height:30px\" aria-hidden=\"true\" class=\"wp-block-spacer\"><\/div>\n\n\n\n<p>Visite nuestra secci\u00f3n de Soluciones, donde ofrecemos orientaci\u00f3n experta, conocimientos reconocidos y enfoques innovadores organizados seg\u00fan las etapas del proceso de vinificaci\u00f3n. <strong>Desde la fermentaci\u00f3n hasta la filtraci\u00f3n y el embotellado, le ofrecemos soluciones para mejorar cada etapa de su proceso de vinificaci\u00f3n.<\/strong><\/p>\n\n\n\n<div style=\"height:30px\" aria-hidden=\"true\" class=\"wp-block-spacer\"><\/div>\n\n\n\n<div class=\"wp-block-columns are-vertically-aligned-center is-layout-flex wp-container-core-columns-is-layout-9d6595d7 wp-block-columns-is-layout-flex\">\n<div class=\"wp-block-column is-vertically-aligned-center is-layout-flow wp-block-column-is-layout-flow\" style=\"flex-basis:100%\">\n<div class=\"wp-block-buttons is-content-justification-center is-layout-flex wp-container-core-buttons-is-layout-16018d1d wp-block-buttons-is-layout-flex\">\n<div class=\"wp-block-button is-style-fill\"><a class=\"wp-block-button__link wp-element-button\" href=\"https:\/\/oenobrands.com\/solution\/\" target=\"_blank\" rel=\"noreferrer noopener\">Advanced winemaking solutions<\/a><\/div>\n<\/div>\n<\/div>\n<\/div>\n<\/div>\n<\/div>\n\n\n\n<hr class=\"wp-block-separator has-text-color has-black-color has-alpha-channel-opacity has-black-background-color has-background\"\/>\n\n\n\n<div style=\"height:30px\" aria-hidden=\"true\" class=\"wp-block-spacer\"><\/div>\n\n\n\n<div class=\"wp-block-columns is-layout-flex wp-container-core-columns-is-layout-9d6595d7 wp-block-columns-is-layout-flex\">\n<div class=\"wp-block-column is-vertically-aligned-center is-layout-flow wp-block-column-is-layout-flow\" style=\"flex-basis:30%\">\n<h1 class=\"wp-block-heading has-text-color\" style=\"color:#00205c\">Descubre la gama ANCHOR<\/h1>\n\n\n\n<div style=\"height:20px\" aria-hidden=\"true\" class=\"wp-block-spacer\"><\/div>\n\n\n\n<div class=\"wp-block-buttons is-content-justification-center is-layout-flex wp-container-core-buttons-is-layout-16018d1d wp-block-buttons-is-layout-flex\">\n<div class=\"wp-block-button\"><a class=\"wp-block-button__link has-background wp-element-button\" href=\"https:\/\/oenobrands.com\/product\/yeast\/anchor-yeast\/\" style=\"background-color:#545859\" target=\"_blank\" rel=\"noreferrer noopener\">ANCHOR yeast<\/a><\/div>\n<\/div>\n<\/div>\n\n\n\n<div class=\"wp-block-column is-layout-flow wp-block-column-is-layout-flow\" style=\"flex-basis:10%\"><\/div>\n\n\n\n<div class=\"wp-block-column is-layout-flow wp-block-column-is-layout-flow\"><div class=\"wp-block-image\">\n<figure class=\"aligncenter size-full is-resized\"><img loading=\"lazy\" decoding=\"async\" width=\"776\" height=\"240\" src=\"http:\/\/oenobrands.com\/wp-content\/uploads\/2023\/04\/Oenobrands-Anchor-logo-1.png\" alt=\"Anchor-logo\" class=\"wp-image-2447\" style=\"width:350px\" srcset=\"https:\/\/oenobrands.com\/wp-content\/uploads\/2023\/04\/Oenobrands-Anchor-logo-1.png 776w, https:\/\/oenobrands.com\/wp-content\/uploads\/2023\/04\/Oenobrands-Anchor-logo-1-300x93.png 300w, https:\/\/oenobrands.com\/wp-content\/uploads\/2023\/04\/Oenobrands-Anchor-logo-1-768x238.png 768w\" sizes=\"auto, (max-width: 776px) 100vw, 776px\" \/><\/figure>\n<\/div><\/div>\n<\/div>\n\n\n\n<div style=\"height:50px\" aria-hidden=\"true\" class=\"wp-block-spacer\"><\/div>\n","protected":false},"excerpt":{"rendered":"<p>Legacy NT 116 Levadura h\u00edbrida de Saccharomyces cerevisiae para la elaboraci\u00f3n de vinos blancos [&hellip;]<\/p>\n","protected":false},"author":3,"featured_media":0,"parent":17968,"menu_order":9,"comment_status":"closed","ping_status":"closed","template":"page-product.php","meta":{"_acf_changed":false,"_seopress_robots_primary_cat":"0","_seopress_titles_title":"","_seopress_titles_desc":"","_seopress_robots_index":"","footnotes":""},"class_list":["post-19324","page","type-page","status-publish"],"acf":[],"_links":{"self":[{"href":"https:\/\/oenobrands.com\/es\/wp-json\/wp\/v2\/pages\/19324","targetHints":{"allow":["GET"]}}],"collection":[{"href":"https:\/\/oenobrands.com\/es\/wp-json\/wp\/v2\/pages"}],"about":[{"href":"https:\/\/oenobrands.com\/es\/wp-json\/wp\/v2\/types\/page"}],"author":[{"embeddable":true,"href":"https:\/\/oenobrands.com\/es\/wp-json\/wp\/v2\/users\/3"}],"replies":[{"embeddable":true,"href":"https:\/\/oenobrands.com\/es\/wp-json\/wp\/v2\/comments?post=19324"}],"version-history":[{"count":0,"href":"https:\/\/oenobrands.com\/es\/wp-json\/wp\/v2\/pages\/19324\/revisions"}],"up":[{"embeddable":true,"href":"https:\/\/oenobrands.com\/es\/wp-json\/wp\/v2\/pages\/17968"}],"wp:attachment":[{"href":"https:\/\/oenobrands.com\/es\/wp-json\/wp\/v2\/media?parent=19324"}],"curies":[{"name":"wp","href":"https:\/\/api.w.org\/{rel}","templated":true}]}}