{"id":19052,"date":"2024-05-20T22:08:24","date_gmt":"2024-05-20T20:08:24","guid":{"rendered":"https:\/\/oenobrands.com\/produccion-de-derivados-de-levadura\/"},"modified":"2025-10-20T10:44:45","modified_gmt":"2025-10-20T08:44:45","slug":"produccion-de-derivados-de-levadura","status":"publish","type":"page","link":"https:\/\/oenobrands.com\/es\/produccion-de-derivados-de-levadura\/","title":{"rendered":"Producci\u00f3n de derivados de levadura"},"content":{"rendered":"\n<div style=\"height:70px\" aria-hidden=\"true\" class=\"wp-block-spacer\"><\/div>\n\n<p>En Oenobrands, la fabricaci\u00f3n de nuestros derivados de levadura requiere un trabajo meticuloso y una gran experiencia t\u00e9cnica. <strong>A continuaci\u00f3n, se presenta una breve descripci\u00f3n del proceso:<\/strong><\/p>\n\n<div style=\"height:50px\" aria-hidden=\"true\" class=\"wp-block-spacer\"><\/div>\n\n<h2 class=\"wp-block-heading\">Etapa com\u00fan: preparaci\u00f3n de crema de levadura<\/h2>\n\n<p>Cultivamos <strong>cepas de levadura seleccionadas <\/strong>bajo condiciones controladas para garantizar un crecimiento y una vitalidad \u00f3ptimos. Tras la fermentaci\u00f3n en un medio rico en nutrientes, las levaduras alcanzan su m\u00e1xima densidad y vitalidad. Al finalizar la fermentaci\u00f3n, el personal recoge las c\u00e9lulas activas para producir nuestra <strong>crema de levadura concentrada.<\/strong>  <\/p>\n\n<div style=\"height:30px\" aria-hidden=\"true\" class=\"wp-block-spacer\"><\/div>\n\n<div class=\"wp-block-columns is-layout-flex wp-container-core-columns-is-layout-9d6595d7 wp-block-columns-is-layout-flex\">\n<div class=\"wp-block-column is-layout-flow wp-block-column-is-layout-flow\">\n<h2 class=\"wp-block-heading\">Levaduras inactivadas<\/h2>\n\n\n\n<p>La levadura activa se inactiva mediante calor antes del secado. Aporta nitr\u00f3geno, minerales, vitaminas y oligoelementos al mosto, favoreciendo la fermentaci\u00f3n alcoh\u00f3lica y el desarrollo de la levadura. Adem\u00e1s, <strong>ayuda a la supervivencia<\/strong> de la levadura al final de la fermentaci\u00f3n, libera <strong>polisac\u00e1ridos <\/strong>y mejora el volumen y la sensaci\u00f3n en boca.  <\/p>\n<\/div>\n\n\n\n<div class=\"wp-block-column is-layout-flow wp-block-column-is-layout-flow\">\n<h2 class=\"wp-block-heading\">Paredes celulares de levadura<\/h2>\n\n\n\n<p>Tambi\u00e9n conocidas como cascarillas de levadura, son los componentes insolubles de las paredes celulares que no contienen citoplasma. Est\u00e1n compuestas por <strong>polisac\u00e1ridos,<\/strong> <strong>prote\u00ednas, l\u00edpidos y una peque\u00f1a cantidad de quitina<\/strong>. Las paredes celulares de la levadura absorben compuestos indeseables y aportan factores de crecimiento y supervivencia (esteroles, \u00e1cidos grasos insaturados), optimizando la eficiencia fermentativa y evitando fermentaciones lentas o bloqueadas.  <\/p>\n<\/div>\n\n\n\n<div class=\"wp-block-column is-layout-flow wp-block-column-is-layout-flow\">\n<h2 class=\"wp-block-heading\">Autolisados de levadura <\/h2>\n\n\n\n<p>La biomasa de levadura <em>Saccharomyces cerevisiae<\/em> se somete a aut\u00f3lisis o calentamiento bajo condiciones controladas para producir levadura autolisada. Este proceso libera componentes intracelulares valiosos como prote\u00ednas, amino\u00e1cidos y nucle\u00f3tidos. Contienen una mayor cantidad de <strong>amino\u00e1cidos libres <\/strong>que la levadura inactivada.   <\/p>\n<\/div>\n<\/div>\n\n<div style=\"height:50px\" aria-hidden=\"true\" class=\"wp-block-spacer\"><\/div>\n\n<h2 class=\"wp-block-heading has-text-align-left\"><strong>\u00bfQu\u00e9 hacemos con estas materias primas derivadas de la levadura?<\/strong><\/h2>\n\n<div style=\"height:30px\" aria-hidden=\"true\" class=\"wp-block-spacer\"><\/div>\n\n<div style=\"height:30px\" aria-hidden=\"true\" class=\"wp-block-spacer\"><\/div>\n\n<div class=\"wp-block-columns is-layout-flex wp-container-core-columns-is-layout-9d6595d7 wp-block-columns-is-layout-flex\">\n<div class=\"wp-block-column is-layout-flow wp-block-column-is-layout-flow\">\n<div class=\"wp-block-buttons is-content-justification-center is-layout-flex wp-container-core-buttons-is-layout-16018d1d wp-block-buttons-is-layout-flex\">\n<div class=\"wp-block-button\"><a class=\"wp-block-button__link wp-element-button\" href=\"https:\/\/oenobrands.com\/product\/yeast-derivate\/feel-safe\/\" target=\"_blank\" rel=\"noreferrer noopener\">derivados de levadura Feel safe<\/a><\/div>\n<\/div>\n<\/div>\n\n\n\n<div class=\"wp-block-column is-layout-flow wp-block-column-is-layout-flow\" style=\"flex-basis:10px\"><\/div>\n\n\n\n<div class=\"wp-block-column is-layout-flow wp-block-column-is-layout-flow\">\n<div class=\"wp-block-buttons is-content-justification-center is-layout-flex wp-container-core-buttons-is-layout-16018d1d wp-block-buttons-is-layout-flex\">\n<div class=\"wp-block-button\"><a class=\"wp-block-button__link wp-element-button\" href=\"https:\/\/oenobrands.com\/product\/yeast-derivate\/anchor-nutrients\/\" target=\"_blank\" rel=\"noreferrer noopener\">Nutrientes Anchor<\/a><\/div>\n<\/div>\n<\/div>\n<\/div>\n\n<div style=\"height:30px\" aria-hidden=\"true\" class=\"wp-block-spacer\"><\/div>\n\n<h2 class=\"wp-block-heading\">Manoprote\u00ednas de levadura<\/h2>\n\n<p>Las manoprote\u00ednas est\u00e1n presentes de forma natural, <strong>ya que son la fracci\u00f3n m\u00e1s peque\u00f1a de las paredes celulares de la levadura<\/strong>. Est\u00e1n compuestas por fracciones proteicas y carbohidratos (manosa y cadenas pept\u00eddicas). Constituyen un amplio grupo de mol\u00e9culas con gran diversidad en tama\u00f1o, carga (grado de fosforilaci\u00f3n) y composici\u00f3n proteica o gluc\u00eddica. Esta diversidad estructural les confiere distintas propiedades funcionales.   <\/p>\n\n<p>Gracias a nuestro conocimiento en bioqu\u00edmica de levaduras y manoprote\u00ednas, nuestra experiencia en producci\u00f3n, extracci\u00f3n y purificaci\u00f3n, as\u00ed como nuestro saber hacer en aplicaciones enol\u00f3gicas, ofrecemos soluciones especializadas basadas en manoprote\u00ednas seleccionadas.<\/p>\n<div class=\"wp-block-image\">\n<figure class=\"aligncenter size-large\"><img alt=\"Yeast mannoprotein production_wine_oenobrands\" loading=\"lazy\" decoding=\"async\" width=\"1024\" height=\"255\" src=\"http:\/\/oenobrands.com\/wp-content\/uploads\/2024\/05\/Yeast-mannoprotein-production-1024x255.png\" alt=\"\" class=\"wp-image-7940\" srcset=\"https:\/\/oenobrands.com\/wp-content\/uploads\/2024\/05\/Yeast-mannoprotein-production-1024x255.png 1024w, https:\/\/oenobrands.com\/wp-content\/uploads\/2024\/05\/Yeast-mannoprotein-production-300x75.png 300w, https:\/\/oenobrands.com\/wp-content\/uploads\/2024\/05\/Yeast-mannoprotein-production-768x191.png 768w, https:\/\/oenobrands.com\/wp-content\/uploads\/2024\/05\/Yeast-mannoprotein-production-1536x382.png 1536w, https:\/\/oenobrands.com\/wp-content\/uploads\/2024\/05\/Yeast-mannoprotein-production.png 1597w\" sizes=\"auto, (max-width: 1024px) 100vw, 1024px\" \/><\/figure>\n<\/div>\n<div style=\"height:30px\" aria-hidden=\"true\" class=\"wp-block-spacer\"><\/div>\n\n<h2 class=\"wp-block-heading has-text-align-left\"><strong>\u00bfQu\u00e9 se puede esperar de las manoprote\u00ednas de levadura?<\/strong><\/h2>\n\n<div style=\"height:30px\" aria-hidden=\"true\" class=\"wp-block-spacer\"><\/div>\n\n<p>En Oenobrands ofrecemos soluciones basadas en manoprote\u00ednas de alta calidad y seleccionadas, como Claristar\u00ae, Final Touch POP, Final Touch TONIC y Final Touch GUSTO.<\/p>\n\n<div class=\"wp-block-columns is-layout-flex wp-container-core-columns-is-layout-9d6595d7 wp-block-columns-is-layout-flex\">\n<div class=\"wp-block-column is-layout-flow wp-block-column-is-layout-flow\">\n<div class=\"wp-block-buttons is-content-justification-center is-layout-flex wp-container-core-buttons-is-layout-16018d1d wp-block-buttons-is-layout-flex\">\n<div class=\"wp-block-button\"><a class=\"wp-block-button__link wp-element-button\" href=\"https:\/\/oenobrands.com\/fr\/produit\/mannoproteine\/claristar\/\" target=\"_blank\" rel=\"noreferrer noopener\">Manoprote\u00ednas de levadura Claristar<\/a><\/div>\n<\/div>\n<\/div>\n\n\n\n<div class=\"wp-block-column is-layout-flow wp-block-column-is-layout-flow\" style=\"flex-basis:10px\"><\/div>\n\n\n\n<div class=\"wp-block-column is-layout-flow wp-block-column-is-layout-flow\">\n<div class=\"wp-block-buttons is-content-justification-center is-layout-flex wp-container-core-buttons-is-layout-16018d1d wp-block-buttons-is-layout-flex\">\n<div class=\"wp-block-button\"><a class=\"wp-block-button__link wp-element-button\" href=\"https:\/\/oenobrands.com\/fr\/produit\/mannoproteine\/final-touch\/\" target=\"_blank\" rel=\"noreferrer noopener\">Manoprote\u00ednas de levadura Final touch<\/a><\/div>\n<\/div>\n<\/div>\n<\/div>\n\n<div style=\"height:50px\" aria-hidden=\"true\" class=\"wp-block-spacer\"><\/div>\n<div class=\"wp-block-image is-style-zoooom\">\n<figure class=\"aligncenter size-large is-resized\"><img alt=\"Yeast mannoprotein positioning_oenobrands\" loading=\"lazy\" decoding=\"async\" width=\"1024\" height=\"631\" src=\"http:\/\/oenobrands.com\/wp-content\/uploads\/2024\/05\/yeast-mannoproteins-positioning-1-1024x631.png\" alt=\"\" class=\"wp-image-7958\" style=\"width:604px;height:auto\" srcset=\"https:\/\/oenobrands.com\/wp-content\/uploads\/2024\/05\/yeast-mannoproteins-positioning-1-1024x631.png 1024w, https:\/\/oenobrands.com\/wp-content\/uploads\/2024\/05\/yeast-mannoproteins-positioning-1-300x185.png 300w, https:\/\/oenobrands.com\/wp-content\/uploads\/2024\/05\/yeast-mannoproteins-positioning-1-768x473.png 768w, https:\/\/oenobrands.com\/wp-content\/uploads\/2024\/05\/yeast-mannoproteins-positioning-1.png 1335w\" sizes=\"auto, (max-width: 1024px) 100vw, 1024px\" \/><figcaption class=\"wp-element-caption\">Nota: El nuevo reglamento de etiquetado del vino de la UE entr\u00f3 en vigor el 8 de diciembre de 2023. El uso de aditivos, incluidas nuestras soluciones a base de manoprote\u00ednas de levadura, debe figurar en la etiqueta (mediante c\u00f3digo QR) con la siguiente menci\u00f3n: estabilizante (manoprote\u00edna de levadura). Esta normativa se aplica a todos los vinos comercializados en Europa.  <\/figcaption><\/figure>\n<\/div>\n<div style=\"height:50px\" aria-hidden=\"true\" class=\"wp-block-spacer\"><\/div>\n","protected":false},"excerpt":{"rendered":"<p>En Oenobrands, la fabricaci\u00f3n de nuestros derivados de levadura requiere un trabajo meticuloso y [&hellip;]<\/p>\n","protected":false},"author":3,"featured_media":19054,"parent":0,"menu_order":0,"comment_status":"closed","ping_status":"closed","template":"","meta":{"_acf_changed":false,"_seopress_robots_primary_cat":"0","_seopress_titles_title":"","_seopress_titles_desc":"","_seopress_robots_index":"","footnotes":""},"class_list":["post-19052","page","type-page","status-publish","has-post-thumbnail"],"acf":[],"_links":{"self":[{"href":"https:\/\/oenobrands.com\/es\/wp-json\/wp\/v2\/pages\/19052","targetHints":{"allow":["GET"]}}],"collection":[{"href":"https:\/\/oenobrands.com\/es\/wp-json\/wp\/v2\/pages"}],"about":[{"href":"https:\/\/oenobrands.com\/es\/wp-json\/wp\/v2\/types\/page"}],"author":[{"embeddable":true,"href":"https:\/\/oenobrands.com\/es\/wp-json\/wp\/v2\/users\/3"}],"replies":[{"embeddable":true,"href":"https:\/\/oenobrands.com\/es\/wp-json\/wp\/v2\/comments?post=19052"}],"version-history":[{"count":0,"href":"https:\/\/oenobrands.com\/es\/wp-json\/wp\/v2\/pages\/19052\/revisions"}],"wp:featuredmedia":[{"embeddable":true,"href":"https:\/\/oenobrands.com\/es\/wp-json\/wp\/v2\/media\/19054"}],"wp:attachment":[{"href":"https:\/\/oenobrands.com\/es\/wp-json\/wp\/v2\/media?parent=19052"}],"curies":[{"name":"wp","href":"https:\/\/api.w.org\/{rel}","templated":true}]}}