{"id":18404,"date":"2022-10-19T23:04:15","date_gmt":"2022-10-19T21:04:15","guid":{"rendered":"https:\/\/oenobrands.com\/solucion\/etapas-pre-fermentativas\/"},"modified":"2025-10-14T09:54:25","modified_gmt":"2025-10-14T07:54:25","slug":"etapas-pre-fermentativas","status":"publish","type":"page","link":"https:\/\/oenobrands.com\/es\/solucion\/etapas-pre-fermentativas\/","title":{"rendered":"ETAPAS PRE-FERMENTATIVAS"},"content":{"rendered":"\n<div style=\"height:50px\" aria-hidden=\"true\" class=\"wp-block-spacer\"><\/div>\n\n<h2 class=\"wp-block-heading\">\u00bfCu\u00e1les son sus etapas de pre-fermentaci\u00f3n en la elaboraci\u00f3n del vino? Eche un vistazo a las soluciones que ofrecemos para las siguientes opciones: <\/h2>\n\n<div style=\"height:30px\" aria-hidden=\"true\" class=\"wp-block-spacer\"><\/div>\n\n<div class=\"wp-block-buttons is-content-justification-center is-layout-flex wp-container-core-buttons-is-layout-16018d1d wp-block-buttons-is-layout-flex\">\n<div class=\"wp-block-button\"><a class=\"wp-block-button__link wp-element-button\" href=\"https:\/\/oenobrands.com\/solution\/pre-fermentation-steps\/heat-treatment\/\">Tratamientos t\u00e9rmicos de las uvas<\/a><\/div>\n\n\n\n<div class=\"wp-block-button\"><a class=\"wp-block-button__link wp-element-button\" href=\"https:\/\/oenobrands.com\/solution\/pre-fermentation-steps\/clarification-settling-flotation-centrifugation\/\">Clarificaci\u00f3n del mosto<\/a><\/div>\n\n\n\n<div class=\"wp-block-button\"><a class=\"wp-block-button__link wp-element-button\" href=\"https:\/\/oenobrands.com\/solution\/pre-fermentation-steps\/skin-contact\/\">Maceraci\u00f3n con pieles<\/a><\/div>\n\n\n\n<div class=\"wp-block-button\"><a class=\"wp-block-button__link wp-element-button\" href=\"https:\/\/oenobrands.com\/solution\/pre-fermentation-steps\/pressing\/\">Prensado de las uvas<\/a><\/div>\n<\/div>\n\n<div style=\"height:70px\" aria-hidden=\"true\" class=\"wp-block-spacer\"><\/div>\n","protected":false},"excerpt":{"rendered":"<p>\u00bfCu\u00e1les son sus etapas de pre-fermentaci\u00f3n en la elaboraci\u00f3n del vino? Eche un vistazo [&hellip;]<\/p>\n","protected":false},"author":3,"featured_media":0,"parent":16215,"menu_order":1,"comment_status":"closed","ping_status":"closed","template":"","meta":{"_acf_changed":false,"_seopress_robots_primary_cat":"0","_seopress_titles_title":"","_seopress_titles_desc":"","_seopress_robots_index":"","footnotes":""},"class_list":["post-18404","page","type-page","status-publish"],"acf":[],"_links":{"self":[{"href":"https:\/\/oenobrands.com\/es\/wp-json\/wp\/v2\/pages\/18404","targetHints":{"allow":["GET"]}}],"collection":[{"href":"https:\/\/oenobrands.com\/es\/wp-json\/wp\/v2\/pages"}],"about":[{"href":"https:\/\/oenobrands.com\/es\/wp-json\/wp\/v2\/types\/page"}],"author":[{"embeddable":true,"href":"https:\/\/oenobrands.com\/es\/wp-json\/wp\/v2\/users\/3"}],"replies":[{"embeddable":true,"href":"https:\/\/oenobrands.com\/es\/wp-json\/wp\/v2\/comments?post=18404"}],"version-history":[{"count":0,"href":"https:\/\/oenobrands.com\/es\/wp-json\/wp\/v2\/pages\/18404\/revisions"}],"up":[{"embeddable":true,"href":"https:\/\/oenobrands.com\/es\/wp-json\/wp\/v2\/pages\/16215"}],"wp:attachment":[{"href":"https:\/\/oenobrands.com\/es\/wp-json\/wp\/v2\/media?parent=18404"}],"curies":[{"name":"wp","href":"https:\/\/api.w.org\/{rel}","templated":true}]}}