{"id":18401,"date":"2024-05-20T13:26:14","date_gmt":"2024-05-20T11:26:14","guid":{"rendered":"https:\/\/oenobrands.com\/produccion-de-enzimas-rapidase\/"},"modified":"2026-04-10T11:55:17","modified_gmt":"2026-04-10T09:55:17","slug":"produccion-de-enzimas-rapidase","status":"publish","type":"page","link":"https:\/\/oenobrands.com\/es\/produccion-de-enzimas-rapidase\/","title":{"rendered":"Producci\u00f3n de enzimas Rapidase"},"content":{"rendered":"\n<div style=\"height:70px\" aria-hidden=\"true\" class=\"wp-block-spacer\"><\/div>\n\n\n\n<p>En Oenobrands desarrollamos enzimas de alta calidad para ayudar a los en\u00f3logos en su b\u00fasqueda de mejora de procesos y calidad.<\/p>\n\n\n\n<div style=\"height:30px\" aria-hidden=\"true\" class=\"wp-block-spacer\"><\/div>\n\n\n\n<p class=\"has-drop-cap\">Las enzimas Rapidase se producen con altos est\u00e1ndares de calidad. <strong>A continuaci\u00f3n, un vistazo al proceso de producci\u00f3n de Rapidase:<\/strong> <\/p>\n\n\n<div class=\"wp-block-image is-style-zoooom\">\n<figure class=\"aligncenter size-large\"><img alt=\"Rapidase_enzyme_production oenobrands_wine\" loading=\"lazy\" decoding=\"async\" width=\"949\" height=\"775\" src=\"https:\/\/oenobrands.com\/wp-content\/uploads\/2024\/05\/Rapidase-production.png\" alt=\"\" class=\"wp-image-7836\" srcset=\"https:\/\/oenobrands.com\/wp-content\/uploads\/2024\/05\/Rapidase-production.png 949w, https:\/\/oenobrands.com\/wp-content\/uploads\/2024\/05\/Rapidase-production-300x245.png 300w, https:\/\/oenobrands.com\/wp-content\/uploads\/2024\/05\/Rapidase-production-768x627.png 768w\" sizes=\"auto, (max-width: 949px) 100vw, 949px\" \/><\/figure>\n<\/div>\n\n\n<div style=\"height:50px\" aria-hidden=\"true\" class=\"wp-block-spacer\"><\/div>\n\n\n\n<div class=\"wp-block-columns is-layout-flex wp-container-core-columns-is-layout-9d6595d7 wp-block-columns-is-layout-flex\">\n<div class=\"wp-block-column is-layout-flow wp-block-column-is-layout-flow\">\n<ol class=\"wp-block-list\">\n<li>Nuestro proceso comienza seleccionando microorganismos naturales reconocidos por su capacidad de producir enzimas. Cultivados en entornos controlados, estos microorganismos garantizan un crecimiento y una producci\u00f3n enzim\u00e1tica \u00f3ptimos. <\/li>\n\n\n\n<li>En los tanques de fermentaci\u00f3n, nuestros microorganismos transforman los nutrientes y producen enzimas. Tras la fermentaci\u00f3n, recogemos el caldo rico en enzimas, lleno de potencia enzim\u00e1tica. <\/li>\n\n\n\n<li>Mediante filtraci\u00f3n y separaci\u00f3n de las enzimas, purificamos el caldo y conservamos sus propiedades beneficiosas.<\/li>\n<\/ol>\n<\/div>\n\n\n\n<div class=\"wp-block-column is-layout-flow wp-block-column-is-layout-flow\" style=\"flex-basis:10px\"><\/div>\n\n\n\n<div class=\"wp-block-column is-layout-flow wp-block-column-is-layout-flow\">\n<ol start=\"4\" class=\"wp-block-list\">\n<li>Nuestras enzimas purificadas se formulan cuidadosamente en forma l\u00edquida o en polvo, garantizando una estabilidad \u00f3ptima y facilidad de uso para los en\u00f3logos.<\/li>\n\n\n\n<li>La calidad es nuestra prioridad. Pruebas rigurosas garantizan que nuestras enzimas cumplan altos est\u00e1ndares de pureza, potencia y consistencia. <\/li>\n\n\n\n<li>Una vez aprobadas, nuestras enzimas est\u00e1n listas para ser utilizadas por en\u00f3logos de todo el mundo, acompa\u00f1\u00e1ndolos en cada etapa del proceso de vinificaci\u00f3n.<\/li>\n<\/ol>\n<\/div>\n<\/div>\n\n\n\n<div style=\"height:10px\" aria-hidden=\"true\" class=\"wp-block-spacer\"><\/div>\n\n\n\n<div class=\"wp-block-columns are-vertically-aligned-center has-background is-layout-flex wp-container-core-columns-is-layout-9d6595d7 wp-block-columns-is-layout-flex\" style=\"background-color:#f7f7f7\">\n<div class=\"wp-block-column is-vertically-aligned-center is-layout-flow wp-block-column-is-layout-flow\">\n<div style=\"height:40px\" aria-hidden=\"true\" class=\"wp-block-spacer\"><\/div>\n\n\n\n<h2 class=\"wp-block-heading has-text-color\" id=\"block-296216b5-5972-4554-b537-68cfc5829aae\" style=\"color:#3f3e3a;text-transform:uppercase\"><strong>enzimas r\u00e1pidas y eficaces<\/strong><\/h2>\n\n\n\n<div style=\"height:40px\" aria-hidden=\"true\" class=\"wp-block-spacer\"><\/div>\n<\/div>\n\n\n\n<div class=\"wp-block-column is-vertically-aligned-center is-layout-flow wp-block-column-is-layout-flow\" style=\"flex-basis:20%\"><div class=\"wp-block-image\">\n<figure class=\"aligncenter size-full is-resized\"><img loading=\"lazy\" decoding=\"async\" width=\"198\" height=\"196\" src=\"http:\/\/oenobrands.com\/wp-content\/uploads\/2023\/04\/RAPIDASE-tested-validated-by-oenobrands.png\" alt=\"Rapidase, probado y validado por Oenobrands\" class=\"wp-image-2394\" style=\"object-fit:cover;width:165px;height:165px\"\/><\/figure>\n<\/div><\/div>\n\n\n\n<div class=\"wp-block-column is-vertically-aligned-center has-white-color has-text-color is-layout-flow wp-block-column-is-layout-flow\">\n<p class=\"has-text-color\" style=\"color:#3f3e3a;font-style:normal;font-weight:600\">Para ofrecer la m\u00e1xima eficacia en su aplicaci\u00f3n, cada formulaci\u00f3n de Rapidase se desarrolla y prueba en colaboraci\u00f3n con los institutos de investigaci\u00f3n enol\u00f3gica m\u00e1s prestigiosos del mundo y se valida en bodegas a escala de producci\u00f3n. Nuestro equipo t\u00e9cnico y comercial est\u00e1 disponible para proporcionarle resultados de pruebas y asesorarlo en la evaluaci\u00f3n del rendimiento \u00f3ptimo del producto bajo sus condiciones espec\u00edficas.<\/p>\n<\/div>\n<\/div>\n\n\n\n<div style=\"height:50px\" aria-hidden=\"true\" class=\"wp-block-spacer\"><\/div>\n\n\n\n<h2 class=\"wp-block-heading has-text-align-left\"><strong>\u00bfC\u00f3mo elegir la enzima Rapidase adecuada para su proceso?<\/strong><\/h2>\n\n\n\n<div style=\"height:30px\" aria-hidden=\"true\" class=\"wp-block-spacer\"><\/div>\n\n\n\n<div class=\"wp-block-buttons is-content-justification-center is-layout-flex wp-container-core-buttons-is-layout-16018d1d wp-block-buttons-is-layout-flex\">\n<div class=\"wp-block-button\"><a class=\"wp-block-button__link wp-element-button\" href=\"https:\/\/oenobrands.com\/es\/producto\/enzyma\/eleccion-de-rapidase\/\" target=\"_blank\" rel=\"noreferrer noopener\">Elecci\u00f3n de enzimas Rapidase<\/a><\/div>\n<\/div>\n\n\n\n<div style=\"height:50px\" aria-hidden=\"true\" class=\"wp-block-spacer\"><\/div>\n","protected":false},"excerpt":{"rendered":"<p>En Oenobrands desarrollamos enzimas de alta calidad para ayudar a los en\u00f3logos en su [&hellip;]<\/p>\n","protected":false},"author":3,"featured_media":0,"parent":0,"menu_order":0,"comment_status":"closed","ping_status":"closed","template":"","meta":{"_acf_changed":false,"_seopress_robots_primary_cat":"","_seopress_titles_title":"","_seopress_titles_desc":"","_seopress_robots_index":"","footnotes":""},"class_list":["post-18401","page","type-page","status-publish"],"acf":[],"_links":{"self":[{"href":"https:\/\/oenobrands.com\/es\/wp-json\/wp\/v2\/pages\/18401","targetHints":{"allow":["GET"]}}],"collection":[{"href":"https:\/\/oenobrands.com\/es\/wp-json\/wp\/v2\/pages"}],"about":[{"href":"https:\/\/oenobrands.com\/es\/wp-json\/wp\/v2\/types\/page"}],"author":[{"embeddable":true,"href":"https:\/\/oenobrands.com\/es\/wp-json\/wp\/v2\/users\/3"}],"replies":[{"embeddable":true,"href":"https:\/\/oenobrands.com\/es\/wp-json\/wp\/v2\/comments?post=18401"}],"version-history":[{"count":6,"href":"https:\/\/oenobrands.com\/es\/wp-json\/wp\/v2\/pages\/18401\/revisions"}],"predecessor-version":[{"id":28691,"href":"https:\/\/oenobrands.com\/es\/wp-json\/wp\/v2\/pages\/18401\/revisions\/28691"}],"wp:attachment":[{"href":"https:\/\/oenobrands.com\/es\/wp-json\/wp\/v2\/media?parent=18401"}],"curies":[{"name":"wp","href":"https:\/\/api.w.org\/{rel}","templated":true}]}}