{"id":18387,"date":"2024-06-16T21:54:44","date_gmt":"2024-06-16T19:54:44","guid":{"rendered":"https:\/\/oenobrands.com\/producto\/mannoprotein\/claristar\/claristar-mannoproteins\/"},"modified":"2025-10-29T16:53:44","modified_gmt":"2025-10-29T15:53:44","slug":"claristar-mannoproteins","status":"publish","type":"page","link":"https:\/\/oenobrands.com\/es\/producto\/mannoprotein\/claristar\/claristar-mannoproteins\/","title":{"rendered":"Claristar mannoproteins"},"content":{"rendered":"\n<h1 class=\"wp-block-heading has-text-color\" style=\"color:#64a70b\">Claristar mannoproteins<\/h1>\n\n<div style=\"height:30px\" aria-hidden=\"true\" class=\"wp-block-spacer\"><\/div>\n\n<h2 class=\"wp-block-heading has-medium-font-size\"><strong>Soluci\u00f3n de manoprote\u00ednas para la estabilizaci\u00f3n tart\u00e1rica y la mejora organol\u00e9ptica de los vinos<\/strong><\/h2>\n\n<div style=\"height:30px\" aria-hidden=\"true\" class=\"wp-block-spacer\"><\/div>\n\n<h3 class=\"wp-block-heading has-medium-font-size\"><strong>FINALIDAD<\/strong><\/h3>\n\n<p>Oenobrands, experto en aplicaciones enol\u00f3gicas de manoprote\u00ednas, ha desarrollado <strong>Claristar<\/strong>\u00ae, una soluci\u00f3n purificada de manoprote\u00ednas espec\u00edficas extra\u00eddas de <em>Saccharomyces cerevisiae.<\/em> La t\u00e9cnica patentada de extracci\u00f3n y separaci\u00f3n a\u00edsla las manoprote\u00ednas presentes de forma natural en las levaduras y en los vinos, que contienen la fracci\u00f3n con el <strong>\u00edndice de estabilidad tart\u00e1rica (TSI)<\/strong> m\u00e1s alto, lo que garantiza la mayor eficacia en la estabilizaci\u00f3n tart\u00e1rica. <\/p>\n\n<div style=\"height:50px\" aria-hidden=\"true\" class=\"wp-block-spacer\"><\/div>\n\n<div class=\"wp-block-columns is-layout-flex wp-container-core-columns-is-layout-9d6595d7 wp-block-columns-is-layout-flex\">\n<div class=\"wp-block-column is-layout-flow wp-block-column-is-layout-flow\" style=\"flex-basis:45%\">\n<h3 class=\"wp-block-heading has-text-color\" style=\"color:#64a70b\"><strong>Aplicaci\u00f3n<\/strong><\/h3>\n\n\n\n<p class=\"has-text-color has-link-color wp-elements-e2a5302b06883b02d267a525dd37fecf\" style=\"color:#01426a\"><strong>ESTABILIZACI\u00d3N TART\u00c1RICA<\/strong><\/p>\n\n\n\n<p><strong>Claristar <\/strong>estabiliza vinos tranquilos tintos, blancos y rosados, inhibiendo la formaci\u00f3n de cristales de tartrato de hidr\u00f3geno de potasio.<br\/>La dosis precisa se determina en laboratorios asociados seg\u00fan el <strong>\u201cm\u00e9todo ISS para Claristar\u201d <\/strong>\u2014 ISS significa \u00cdndice de Sobresaturaci\u00f3n Estable, un par\u00e1metro determinado mediante an\u00e1lisis de estabilidad tart\u00e1rica con los instrumentos Checkstab.<br\/>Las manoprote\u00ednas se adsorben en la superficie de los cristales de bitartrato pot\u00e1sico, provocando una modificaci\u00f3n en la morfolog\u00eda de los cristales. El crecimiento de los cristales se detiene cuando las manoprote\u00ednas adsorbidas cubren completamente la superficie. La observaci\u00f3n microsc\u00f3pica de los cristales de bitartrato de potasio con y sin <strong>Claristar <\/strong>demuestra este efecto. Los cristales en presencia de <strong>Claristar <\/strong>son notablemente diferentes y la desorganizaci\u00f3n creada por la adici\u00f3n de <strong>Claristar <\/strong>evita la aglomeraci\u00f3n y la precipitaci\u00f3n.<br\/><strong>Claristar <\/strong>no estabiliza los vinos frente a la precipitaci\u00f3n de tartrato de calcio.<\/p>\n\n\n\n<div style=\"height:30px\" aria-hidden=\"true\" class=\"wp-block-spacer\"><\/div>\n\n\n\n<p class=\"has-text-color has-link-color wp-elements-1758731b9cc8ba6c2d5cf7470c7de31f\" style=\"color:#01426a\"><strong>SENSACIONES ORGANOLEPTICAS<\/strong><\/p>\n\n\n\n<p><strong>Claristar <\/strong>ofrece adem\u00e1s la ventaja de conservar y mejorar la calidad sensorial del vino gracias a la acci\u00f3n positiva de las manoprote\u00ednas sobre el equilibrio coloidal.<br\/><strong>Claristar <\/strong>mejora la calidad sensorial del vino al aumentar su sensaci\u00f3n de sedosidad y reducir la astringencia tanto en el ataque como en el final de boca. Adem\u00e1s, el color y la acidez natural del vino se mantienen intactos.<br\/>Desde 2007, los usuarios de <strong>Claristar <\/strong>han confirmado que los vinos tratados con Claristar mantienen un aroma fresco, conservan mejor su potencial arom\u00e1tico y presentan una mayor resistencia al envejecimiento qu\u00edmico en comparaci\u00f3n con otros m\u00e9todos de estabilizaci\u00f3n.<\/p>\n\n\n\n<div style=\"height:30px\" aria-hidden=\"true\" class=\"wp-block-spacer\"><\/div>\n\n\n\n<h3 class=\"wp-block-heading has-text-color\" style=\"color:#64a70b\"><strong>Ciencia y Tecnolog\u00eda<\/strong><\/h3>\n\n\n\n<div style=\"height:30px\" aria-hidden=\"true\" class=\"wp-block-spacer\"><\/div>\n\n\n<div class=\"wp-block-image is-style-zoooom\">\n<figure class=\"aligncenter size-full\"><img alt=\"\" loading=\"lazy\" decoding=\"async\" width=\"571\" height=\"666\" src=\"http:\/\/oenobrands.com\/wp-content\/uploads\/2024\/07\/Product-Claristar-KHT-crystals-with-without.jpg\" alt=\"\" class=\"wp-image-9313\" srcset=\"https:\/\/oenobrands.com\/wp-content\/uploads\/2024\/07\/Product-Claristar-KHT-crystals-with-without.jpg 571w, https:\/\/oenobrands.com\/wp-content\/uploads\/2024\/07\/Product-Claristar-KHT-crystals-with-without-257x300.jpg 257w\" sizes=\"auto, (max-width: 571px) 100vw, 571px\" \/><\/figure>\n<\/div>\n\n\n<div style=\"height:30px\" aria-hidden=\"true\" class=\"wp-block-spacer\"><\/div>\n\n\n<div class=\"wp-block-image is-style-zoooom\">\n<figure class=\"aligncenter size-full\"><img alt=\"\" loading=\"lazy\" decoding=\"async\" width=\"610\" height=\"406\" src=\"http:\/\/oenobrands.com\/wp-content\/uploads\/2024\/07\/Product-Claristar-organoleptic-impact-figure-1.jpg\" alt=\"\" class=\"wp-image-9315\" srcset=\"https:\/\/oenobrands.com\/wp-content\/uploads\/2024\/07\/Product-Claristar-organoleptic-impact-figure-1.jpg 610w, https:\/\/oenobrands.com\/wp-content\/uploads\/2024\/07\/Product-Claristar-organoleptic-impact-figure-1-300x200.jpg 300w\" sizes=\"auto, (max-width: 610px) 100vw, 610px\" \/><figcaption class=\"wp-element-caption\">Comparaci\u00f3n de norisoprenoides glicosilados: vino 1 (un mes) y vino 2 (seis meses) tras tres t\u00e9cnicas de estabilizaci\u00f3n \u2013 Datos Enosis Meraviglia<sup>\u00a9<\/sup>\u2013 <strong>Menor p\u00e9rdida con Claristar.<\/strong><\/figcaption><\/figure>\n<\/div><\/div>\n\n\n\n<div class=\"wp-block-column is-layout-flow wp-block-column-is-layout-flow\" style=\"flex-basis:6%\"><\/div>\n\n\n\n<div class=\"wp-block-column has-background is-layout-flow wp-block-column-is-layout-flow\" style=\"background-color:#f7f7f7;flex-basis:45%\">\n<div class=\"wp-block-columns is-layout-flex wp-container-core-columns-is-layout-9d6595d7 wp-block-columns-is-layout-flex\">\n<div class=\"wp-block-column is-vertically-aligned-top is-layout-flow wp-block-column-is-layout-flow\"><div class=\"wp-block-image\">\n<figure class=\"aligncenter size-medium\"><img loading=\"lazy\" decoding=\"async\" width=\"300\" height=\"154\" src=\"http:\/\/oenobrands.com\/wp-content\/uploads\/2023\/04\/Oenobrands-Claristar-logo-1-e1683712728273-300x154.png\" alt=\"Oenobrands Claristar mannoproteins logo\" class=\"wp-image-2449\"\/><\/figure>\n<\/div><\/div>\n<\/div>\n\n\n\n<div style=\"height:40px\" aria-hidden=\"true\" class=\"wp-block-spacer\"><\/div>\n\n\n\n<div class=\"wp-block-group\"><div class=\"wp-block-group__inner-container is-layout-constrained wp-block-group-is-layout-constrained\">\n<p class=\"has-text-align-center\"><strong>DESCARGAR LA FICHA T\u00c9CNICA DE APLICACI\u00d3N<\/strong><\/p>\n\n\n\n<div class=\"wp-block-columns is-not-stacked-on-mobile is-layout-flex wp-container-core-columns-is-layout-9d6595d7 wp-block-columns-is-layout-flex\">\n<div class=\"wp-block-column is-layout-flow wp-block-column-is-layout-flow\">\n<figure class=\"wp-block-image size-full\"><a href=\"https:\/\/oenobrands.com\/wp-content\/uploads\/2024\/07\/CLARISTAR-ADS-A4_2023_EN.pdf\" target=\"_blank\" rel=\"noreferrer noopener\"><img loading=\"lazy\" decoding=\"async\" width=\"180\" height=\"94\" src=\"http:\/\/oenobrands.com\/wp-content\/uploads\/2023\/04\/flag-united-states-english-american.png\" alt=\"bandera-estados-unidos-ingl&#xE9;s-americano\" class=\"wp-image-2510\"\/><\/a><\/figure>\n<\/div>\n\n\n\n<div class=\"wp-block-column is-layout-flow wp-block-column-is-layout-flow\">\n<figure class=\"wp-block-image size-full\"><a href=\"https:\/\/oenobrands.com\/wp-content\/uploads\/2024\/07\/Claristar-ADS-A4-2023-Francais_G_01.pdf\" target=\"_blank\" rel=\"noreferrer noopener\"><img loading=\"lazy\" decoding=\"async\" width=\"180\" height=\"94\" src=\"http:\/\/oenobrands.com\/wp-content\/uploads\/2023\/04\/drapeau-francais-france.png\" alt=\"drapeau flag francais france\" class=\"wp-image-2508\"\/><\/a><\/figure>\n<\/div>\n\n\n\n<div class=\"wp-block-column is-layout-flow wp-block-column-is-layout-flow\">\n<figure class=\"wp-block-image size-full\"><a href=\"https:\/\/oenobrands.com\/wp-content\/uploads\/2024\/07\/Claristar-ADS-A4-2023-ES-G_02.pdf\" target=\"_blank\" rel=\"noreferrer noopener\"><img loading=\"lazy\" decoding=\"async\" width=\"180\" height=\"94\" src=\"http:\/\/oenobrands.com\/wp-content\/uploads\/2023\/04\/bandiera-spagnola-spagna.png\" alt=\"drapeau flag bandiera spagnola spagna\" class=\"wp-image-2506\"\/><\/a><\/figure>\n<\/div>\n\n\n\n<div class=\"wp-block-column is-layout-flow wp-block-column-is-layout-flow\">\n<figure class=\"wp-block-image size-full\"><a href=\"https:\/\/oenobrands.com\/wp-content\/uploads\/2024\/07\/CLARISTAR-ADS-A4-2023-IT-Corimpex.pdf\" target=\"_blank\" rel=\"noreferrer noopener\"><img loading=\"lazy\" decoding=\"async\" width=\"180\" height=\"94\" src=\"http:\/\/oenobrands.com\/wp-content\/uploads\/2023\/04\/bandiera-italiana-italy.png\" alt=\"drapeau flag bandiera italiana italy\" class=\"wp-image-2512\"\/><\/a><\/figure>\n<\/div>\n\n\n\n<div class=\"wp-block-column is-layout-flow wp-block-column-is-layout-flow\">\n<figure class=\"wp-block-image size-full\"><a href=\"https:\/\/oenobrands.com\/wp-content\/uploads\/2024\/07\/CLARISTAR-ADS-A4-2023-PT-Freitas.pdf\" target=\"_blank\" rel=\"noreferrer noopener\"><img loading=\"lazy\" decoding=\"async\" width=\"180\" height=\"94\" src=\"http:\/\/oenobrands.com\/wp-content\/uploads\/2024\/05\/Flag-drapeau-Portugal.png\" alt=\"Flag-drapeau-Portugal\" class=\"wp-image-7139\"\/><\/a><\/figure>\n<\/div>\n\n\n\n<div class=\"wp-block-column is-layout-flow wp-block-column-is-layout-flow\">\n<figure class=\"wp-block-image size-full\"><a href=\"https:\/\/oenobrands.com\/wp-content\/uploads\/2024\/07\/CLARISTAR-ADS-A4-2023-RO-Elton.pdf\" target=\"_blank\" rel=\"noreferrer noopener\"><img loading=\"lazy\" decoding=\"async\" width=\"180\" height=\"94\" src=\"http:\/\/oenobrands.com\/wp-content\/uploads\/2024\/05\/Flag-drapeau-Roumanie.png\" alt=\"Flag-drapeau-Roumanie\" class=\"wp-image-7145\"\/><\/a><\/figure>\n<\/div>\n<\/div>\n\n\n\n<div class=\"wp-block-columns is-not-stacked-on-mobile is-layout-flex wp-container-core-columns-is-layout-9d6595d7 wp-block-columns-is-layout-flex\">\n<div class=\"wp-block-column is-layout-flow wp-block-column-is-layout-flow\">\n<figure class=\"wp-block-image size-full\"><a href=\"https:\/\/oenobrands.com\/wp-content\/uploads\/2024\/07\/CLARISTAR-ADS-A4-2023-BUL.pdf\" target=\"_blank\" rel=\"noreferrer noopener\"><img alt=\"\" loading=\"lazy\" decoding=\"async\" width=\"180\" height=\"94\" src=\"http:\/\/oenobrands.com\/wp-content\/uploads\/2024\/05\/flag-drapeau-bulgarie.png\" alt=\"\" class=\"wp-image-7141\"\/><\/a><\/figure>\n<\/div>\n\n\n\n<div class=\"wp-block-column is-layout-flow wp-block-column-is-layout-flow\">\n<figure class=\"wp-block-image size-full\"><a href=\"https:\/\/oenobrands.com\/wp-content\/uploads\/2024\/07\/CLARISTAR-ADS-A4-2023_GR_Elton.pdf\" target=\"_blank\" rel=\"noreferrer noopener\"><img loading=\"lazy\" decoding=\"async\" width=\"180\" height=\"94\" src=\"http:\/\/oenobrands.com\/wp-content\/uploads\/2024\/07\/flag-greece-drapeaux.png\" alt=\"flag-greece-drapeaux\" class=\"wp-image-11801\"\/><\/a><\/figure>\n<\/div>\n\n\n\n<div class=\"wp-block-column is-layout-flow wp-block-column-is-layout-flow\"><\/div>\n\n\n\n<div class=\"wp-block-column is-layout-flow wp-block-column-is-layout-flow\"><\/div>\n\n\n\n<div class=\"wp-block-column is-layout-flow wp-block-column-is-layout-flow\"><\/div>\n\n\n\n<div class=\"wp-block-column is-layout-flow wp-block-column-is-layout-flow\"><\/div>\n<\/div>\n<\/div><\/div>\n\n\n\n<hr class=\"wp-block-separator has-text-color has-alpha-channel-opacity has-background\" style=\"background-color:#162638;color:#162638\"\/>\n\n\n\n<div class=\"wp-block-buttons is-content-justification-center is-layout-flex wp-container-core-buttons-is-layout-16018d1d wp-block-buttons-is-layout-flex\">\n<div class=\"wp-block-button\"><a class=\"wp-block-button__link has-white-color has-text-color has-background has-text-align-center wp-element-button\" href=\"https:\/\/oenobrands.com\/distributor\/\" style=\"background-color:#162638\" target=\"_blank\" rel=\"noreferrer noopener\">Su distribuidor<\/a><\/div>\n<\/div>\n\n\n\n<hr class=\"wp-block-separator has-text-color has-alpha-channel-opacity has-background\" style=\"background-color:#162638;color:#162638\"\/>\n\n\n\n<h3 class=\"wp-block-heading\"><strong>DOSIS<\/strong><\/h3>\n\n\n\n<p><strong>Claristar estabiliza vinos con niveles de inestabilidad previamente evaluados.<\/strong> La muestra se toma despu\u00e9s de la preparaci\u00f3n de los vinos y lo m\u00e1s cerca posible del embotellado.<\/p>\n\n\n\n<p>Los laboratorios asociados realizan el m\u00e9todo de referencia \u00fanico y estandarizado desarrollado por Oenobrands, con el apoyo de Dario Montagnani \/ Enolab Service srl y los instrumentos Checkstab de Delta Acque.<\/p>\n\n\n\n<p>El objetivo de este an\u00e1lisis es informarle sobre la inestabilidad del vino y proporcionarle la dosis precisa, entre 50 y 120 mL\/hL de <strong>Claristar,<\/strong> necesaria para estabilizar su vino \u2014 sin lugar a conjeturas.<\/p>\n\n\n\n<div style=\"height:30px\" aria-hidden=\"true\" class=\"wp-block-spacer\"><\/div>\n\n\n\n<h3 class=\"wp-block-heading\"><strong>USO<\/strong><\/h3>\n\n\n\n<p><strong>Claristar <\/strong>es el \u00faltimo tratamiento antes del embotellado (despu\u00e9s del ensamblaje final, estabilizaci\u00f3n proteica, clarificaci\u00f3n, prefiltraci\u00f3n, etc.). Los vinos, tras 6 meses en bodega, est\u00e1n destinados principalmente a la estabilizaci\u00f3n tart\u00e1rica. <\/p>\n\n\n\n<p>100% miscible y soluble, <strong>Claristar <\/strong>se a\u00f1ade directamente al vino antes del embotellado, garantizando una homogeneidad perfecta.<br\/><strong>Claristar <\/strong>debe a\u00f1adirse justo antes de la microfiltraci\u00f3n y al menos 24 horas antes del embotellado.<\/p>\n\n\n\n<h3 class=\"wp-block-heading\"><strong><strong>Envase<\/strong><\/strong><\/h3>\n\n\n\n<p>Envasado en recipientes de 2,5 y 20 litros.<\/p>\n\n\n\n<h3 class=\"wp-block-heading\"><strong>Composici\u00f3n<\/strong><\/h3>\n\n\n\n<p><strong>Claristar <\/strong>es una fracci\u00f3n espec\u00edfica en forma l\u00edquida de manoprote\u00ednas extra\u00eddas de la levadura <em>Saccharomyces cerevisiae.<\/em><\/p>\n\n\n\n<p><strong>Claristar <\/strong>contiene sulfitos (100 mL\/hL de Claristar aportan 1,5 mg\/L de SO\u2082 al vino).<\/p>\n\n\n\n<h3 class=\"wp-block-heading\"><strong>Conservaci\u00f3n<\/strong><\/h3>\n\n\n\n<ul class=\"wp-block-list\">\n<li>Conservar en un entorno seco, entre 10 y 15 \u00b0C (50\u201359 \u00b0F).<\/li>\n\n\n\n<li>Una vez abierto, conservar entre 5 y 10 \u00b0C (41\u201350 \u00b0F) y utilizar en un plazo m\u00e1ximo de 4 semanas.<\/li>\n<\/ul>\n<\/div>\n<\/div>\n\n<div class=\"wp-block-group\"><div class=\"wp-block-group__inner-container is-layout-constrained wp-block-group-is-layout-constrained\">\n<div style=\"height:30px\" aria-hidden=\"true\" class=\"wp-block-spacer\"><\/div>\n\n\n\n<hr class=\"wp-block-separator has-text-color has-black-color has-alpha-channel-opacity has-black-background-color has-background\"\/>\n<\/div><\/div>\n\n<div class=\"wp-block-columns is-layout-flex wp-container-core-columns-is-layout-9d6595d7 wp-block-columns-is-layout-flex\">\n<div class=\"wp-block-column is-layout-flow wp-block-column-is-layout-flow\">\n<div class=\"wp-block-group\"><div class=\"wp-block-group__inner-container is-layout-constrained wp-block-group-is-layout-constrained\">\n<h2 class=\"wp-block-heading\"><strong><strong>Explora soluciones relacionadas<\/strong>:<\/strong><\/h2>\n\n\n\n<div style=\"height:30px\" aria-hidden=\"true\" class=\"wp-block-spacer\"><\/div>\n\n\n\n<p><strong>\u00bfBusca un enfoque m\u00e1s integral de la elaboraci\u00f3n del vino? <\/strong>Descubra nuestras soluciones enol\u00f3gicas avanzadas relacionadas con <strong>Claristar.<\/strong><\/p>\n\n\n\n<div style=\"height:30px\" aria-hidden=\"true\" class=\"wp-block-spacer\"><\/div>\n\n\n\n<div class=\"wp-block-columns are-vertically-aligned-center is-layout-flex wp-container-core-columns-is-layout-9d6595d7 wp-block-columns-is-layout-flex\">\n<div class=\"wp-block-column is-vertically-aligned-center is-layout-flow wp-block-column-is-layout-flow\" style=\"flex-basis:100%\">\n<div class=\"wp-block-buttons is-content-justification-center is-layout-flex wp-container-core-buttons-is-layout-16018d1d wp-block-buttons-is-layout-flex\">\n<div class=\"wp-block-button is-style-fill\"><a class=\"wp-block-button__link wp-element-button\" href=\"https:\/\/oenobrands.com\/solution\/wine-stabilisation\/tartrate-stabilisation\/\">Estabilidad del tartrato<\/a><\/div>\n<\/div>\n<\/div>\n<\/div>\n<\/div><\/div>\n\n\n\n<div style=\"height:30px\" aria-hidden=\"true\" class=\"wp-block-spacer\"><\/div>\n<\/div>\n\n\n\n<div class=\"wp-block-column is-layout-flow wp-block-column-is-layout-flow\">\n<h2 class=\"wp-block-heading\"><strong>\u00bfBusca otra cosa?<\/strong><\/h2>\n\n\n\n<div style=\"height:30px\" aria-hidden=\"true\" class=\"wp-block-spacer\"><\/div>\n\n\n\n<p>Visite nuestra secci\u00f3n de Soluciones, donde ofrecemos orientaci\u00f3n experta, conocimientos reconocidos y enfoques innovadores organizados seg\u00fan las etapas del proceso de vinificaci\u00f3n. <strong>Desde la fermentaci\u00f3n hasta la filtraci\u00f3n y el embotellado, le ofrecemos soluciones para mejorar cada etapa de su proceso de vinificaci\u00f3n.<\/strong><\/p>\n\n\n\n<div style=\"height:30px\" aria-hidden=\"true\" class=\"wp-block-spacer\"><\/div>\n\n\n\n<div class=\"wp-block-columns are-vertically-aligned-center is-layout-flex wp-container-core-columns-is-layout-9d6595d7 wp-block-columns-is-layout-flex\">\n<div class=\"wp-block-column is-vertically-aligned-center is-layout-flow wp-block-column-is-layout-flow\" style=\"flex-basis:100%\">\n<div class=\"wp-block-buttons is-content-justification-center is-layout-flex wp-container-core-buttons-is-layout-16018d1d wp-block-buttons-is-layout-flex\">\n<div class=\"wp-block-button is-style-fill\"><a class=\"wp-block-button__link wp-element-button\" href=\"https:\/\/oenobrands.com\/solution\/\">Advanced winemaking solutions<\/a><\/div>\n<\/div>\n<\/div>\n<\/div>\n<\/div>\n<\/div>\n\n<hr class=\"wp-block-separator has-text-color has-black-color has-alpha-channel-opacity has-black-background-color has-background\"\/>\n\n<div style=\"height:30px\" aria-hidden=\"true\" class=\"wp-block-spacer\"><\/div>\n\n<div class=\"wp-block-columns is-layout-flex wp-container-core-columns-is-layout-9d6595d7 wp-block-columns-is-layout-flex\">\n<div class=\"wp-block-column is-vertically-aligned-center is-layout-flow wp-block-column-is-layout-flow\" style=\"flex-basis:30%\">\n<h1 class=\"wp-block-heading has-text-color\" style=\"color:#50555a\">Descubra nuestras manoprote\u00ednas de levadura<\/h1>\n\n\n\n<div style=\"height:20px\" aria-hidden=\"true\" class=\"wp-block-spacer\"><\/div>\n\n\n\n<div class=\"wp-block-buttons is-content-justification-center is-layout-flex wp-container-core-buttons-is-layout-16018d1d wp-block-buttons-is-layout-flex\">\n<div class=\"wp-block-button\"><a class=\"wp-block-button__link has-background wp-element-button\" href=\"https:\/\/oenobrands.com\/product\/mannoprotein\/\" style=\"background-color:#545859\">Mannoproteins<\/a><\/div>\n<\/div>\n<\/div>\n\n\n\n<div class=\"wp-block-column is-layout-flow wp-block-column-is-layout-flow\" style=\"flex-basis:10%\"><\/div>\n\n\n\n<div class=\"wp-block-column is-layout-flow wp-block-column-is-layout-flow\"><div class=\"wp-block-image\">\n<figure class=\"aligncenter size-full is-resized\"><img loading=\"lazy\" decoding=\"async\" width=\"250\" height=\"188\" src=\"http:\/\/oenobrands.com\/wp-content\/uploads\/2024\/03\/Oenobrands-Final-Touch-logo-250.png\" alt=\"Gama gen&#xE9;rica de vinos con manoprote&#xED;nas FINAL TOUCH\" class=\"wp-image-6478\" style=\"width:150px\"\/><\/figure>\n<\/div>\n\n<div class=\"wp-block-image\">\n<figure class=\"aligncenter size-full is-resized\"><img decoding=\"async\" src=\"http:\/\/oenobrands.com\/wp-content\/uploads\/2023\/04\/Oenobrands-Claristar-logo-1-e1683712728273.png\" alt=\"Oenobrands Claristar mannoproteins logo\" class=\"wp-image-2449\" style=\"width:150px\"\/><\/figure>\n<\/div><\/div>\n<\/div>\n\n<div style=\"height:50px\" aria-hidden=\"true\" class=\"wp-block-spacer\"><\/div>\n","protected":false},"excerpt":{"rendered":"<p>Claristar mannoproteins Soluci\u00f3n de manoprote\u00ednas para la estabilizaci\u00f3n tart\u00e1rica y la mejora organol\u00e9ptica de [&hellip;]<\/p>\n","protected":false},"author":3,"featured_media":0,"parent":18385,"menu_order":1,"comment_status":"closed","ping_status":"closed","template":"page-product.php","meta":{"_acf_changed":false,"_seopress_robots_primary_cat":"0","_seopress_titles_title":"","_seopress_titles_desc":"","_seopress_robots_index":"","footnotes":""},"class_list":["post-18387","page","type-page","status-publish"],"acf":[],"_links":{"self":[{"href":"https:\/\/oenobrands.com\/es\/wp-json\/wp\/v2\/pages\/18387","targetHints":{"allow":["GET"]}}],"collection":[{"href":"https:\/\/oenobrands.com\/es\/wp-json\/wp\/v2\/pages"}],"about":[{"href":"https:\/\/oenobrands.com\/es\/wp-json\/wp\/v2\/types\/page"}],"author":[{"embeddable":true,"href":"https:\/\/oenobrands.com\/es\/wp-json\/wp\/v2\/users\/3"}],"replies":[{"embeddable":true,"href":"https:\/\/oenobrands.com\/es\/wp-json\/wp\/v2\/comments?post=18387"}],"version-history":[{"count":0,"href":"https:\/\/oenobrands.com\/es\/wp-json\/wp\/v2\/pages\/18387\/revisions"}],"up":[{"embeddable":true,"href":"https:\/\/oenobrands.com\/es\/wp-json\/wp\/v2\/pages\/18385"}],"wp:attachment":[{"href":"https:\/\/oenobrands.com\/es\/wp-json\/wp\/v2\/media?parent=18387"}],"curies":[{"name":"wp","href":"https:\/\/api.w.org\/{rel}","templated":true}]}}