{"id":18310,"date":"2022-10-19T21:58:34","date_gmt":"2022-10-19T19:58:34","guid":{"rendered":"https:\/\/oenobrands.com\/producto\/bacterias\/bacterias-anchor\/"},"modified":"2025-10-06T16:40:10","modified_gmt":"2025-10-06T14:40:10","slug":"bacterias-anchor","status":"publish","type":"page","link":"https:\/\/oenobrands.com\/es\/producto\/bacterias\/bacterias-anchor\/","title":{"rendered":"Bacterias ANCHOR"},"content":{"rendered":"\n<div style=\"height:50px\" aria-hidden=\"true\" class=\"wp-block-spacer\"><\/div>\n<div class=\"wp-block-image\">\n<figure class=\"aligncenter size-full is-resized\"><img alt=\"\" loading=\"lazy\" decoding=\"async\" width=\"1137\" height=\"201\" src=\"https:\/\/oenobrands.com\/wp-content\/uploads\/2024\/03\/bandeau-anchor-bacteria-1.png\" alt=\"\" class=\"wp-image-6164\" style=\"width:678px;height:auto\" srcset=\"https:\/\/oenobrands.com\/wp-content\/uploads\/2024\/03\/bandeau-anchor-bacteria-1.png 1137w, https:\/\/oenobrands.com\/wp-content\/uploads\/2024\/03\/bandeau-anchor-bacteria-1-300x53.png 300w, https:\/\/oenobrands.com\/wp-content\/uploads\/2024\/03\/bandeau-anchor-bacteria-1-1024x181.png 1024w, https:\/\/oenobrands.com\/wp-content\/uploads\/2024\/03\/bandeau-anchor-bacteria-1-768x136.png 768w\" sizes=\"auto, (max-width: 1137px) 100vw, 1137px\" \/><\/figure>\n<\/div>\n<div style=\"height:50px\" aria-hidden=\"true\" class=\"wp-block-spacer\"><\/div>\n\n<p>El uso de bacterias l\u00e1cticas del vino (BAL) para la fermentaci\u00f3n malol\u00e1ctica (FML) ha evolucionado con los a\u00f1os, pasando de ser una pr\u00e1ctica poco considerada en bodega a convertirse en una etapa esencial en la elaboraci\u00f3n de vinos de calidad.<\/p>\n\n<div style=\"height:38px\" aria-hidden=\"true\" class=\"wp-block-spacer\"><\/div>\n\n<div class=\"wp-block-columns is-layout-flex wp-container-core-columns-is-layout-9d6595d7 wp-block-columns-is-layout-flex\">\n<div class=\"wp-block-column is-layout-flow wp-block-column-is-layout-flow\" style=\"flex-basis:200px\">\n<p class=\"has-white-color has-text-color has-background has-link-color wp-elements-f624b40a2ffe975e4ac53525efd188e6\" style=\"background-color:#00205c\">TRES CONCEPTOS PRINCIPALES<br\/><\/p>\n<\/div>\n\n\n\n<div class=\"wp-block-column is-layout-flow wp-block-column-is-layout-flow\" style=\"flex-basis:5px\"><\/div>\n\n\n\n<div class=\"wp-block-column is-layout-flow wp-block-column-is-layout-flow\">\n<p>La gama de bacterias Anchor se desarroll\u00f3 en base a tres conceptos fundamentales: <\/p>\n\n\n\n<ul class=\"wp-block-list\">\n<li>Las diferencias entre la<br\/><strong>co-inoculaci\u00f3n y la inoculaci\u00f3n secuencial<\/strong>, y su impacto en el vino; <\/li>\n\n\n\n<li>Las diferencias entre las capacidades de fermentaci\u00f3n de <em>Oenococcus oeni<\/em> y <em>Lactobacillus plantarum<\/em> y<\/li>\n\n\n\n<li>las diferencias en el impacto sensorial que aporta cada cultivo bacteriano. <\/li>\n<\/ul>\n<\/div>\n<\/div>\n\n<div style=\"height:50px\" aria-hidden=\"true\" class=\"wp-block-spacer\"><\/div>\n\n<p class=\"has-black-color has-text-color has-link-color wp-elements-6a831eb863f87da06837f2cf2573e679\"><strong>COINOCULACI\u00d3N vs. INOCULACI\u00d3N SECUENCIAL<\/strong><\/p>\n\n<div class=\"wp-block-columns is-layout-flex wp-container-core-columns-is-layout-9d6595d7 wp-block-columns-is-layout-flex\">\n<div class=\"wp-block-column is-layout-flow wp-block-column-is-layout-flow\">\n<p>Independientemente del cultivo bacteriano utilizado para la FML, existen diferencias fundamentales entre los vinos obtenidos por co-inoculaci\u00f3n y los obtenidos por inoculaci\u00f3n secuencial. Durante la co-inoculaci\u00f3n, el metabolismo del \u00e1cido c\u00edtrico de las bacterias se ve suprimido, lo que reduce la producci\u00f3n de diacetilo.  <\/p>\n<\/div>\n\n\n\n<div class=\"wp-block-column is-layout-flow wp-block-column-is-layout-flow\" style=\"flex-basis:5px\"><\/div>\n\n\n\n<div class=\"wp-block-column is-layout-flow wp-block-column-is-layout-flow\">\n<p>La co-inoculaci\u00f3n tambi\u00e9n permite condiciones de fermentaci\u00f3n menos estresantes para las bacterias, con suficientes nutrientes y concentraciones bajas de alcohol. Por ello, cuando se elige un cultivo para la FML secuencial, se requieren cepas m\u00e1s resistentes. <br\/><\/p>\n<\/div>\n<\/div>\n\n<p class=\"has-white-color has-text-color has-background has-link-color wp-elements-445a92aadeac89bf0e8c9c4c352dc2a1\" style=\"background-color:#00205c\">Por esta raz\u00f3n, Anchor ha creado dos gamas de bacterias: la <strong>Duet range <\/strong>est\u00e1 destinada a la coinoculaci\u00f3n junto con la levadura, mientras que la <strong>Solo range <\/strong>ofrece una soluci\u00f3n robusta para la inoculaci\u00f3n secuencial.<\/p>\n\n<div style=\"height:38px\" aria-hidden=\"true\" class=\"wp-block-spacer\"><\/div>\n\n<p class=\"has-black-color has-text-color has-link-color wp-elements-d9bf4d9c49b8d411c6d7e116ee33b6b4\"><strong>UNA MEZCLA DE O. OENI Y L. PLANTARUM<\/strong><\/p>\n\n<div class=\"wp-block-columns is-layout-flex wp-container-core-columns-is-layout-9d6595d7 wp-block-columns-is-layout-flex\">\n<div class=\"wp-block-column is-layout-flow wp-block-column-is-layout-flow\">\n<p>Hasta hace poco, O. oeni era considerada la bacteria preferida para la fermentaci\u00f3n malol\u00e1ctica (FML) debido a su gran resistencia en condiciones de vino. Sin embargo, se ha demostrado que <em>L. plantarum<\/em> resulta m\u00e1s interesante por su contribuci\u00f3n sensorial.  <\/p>\n<\/div>\n\n\n\n<div class=\"wp-block-column is-layout-flow wp-block-column-is-layout-flow\" style=\"flex-basis:5px\"><\/div>\n\n\n\n<div class=\"wp-block-column is-layout-flow wp-block-column-is-layout-flow\">\n<p>Por esta raz\u00f3n exacta, la <strong>gama Duet<\/strong> consiste en una mezcla de <em>O. oeni <\/em>y <em>L. plantarum,<\/em> para garantizar una cultura robusta capaz de completar la FML y, al mismo tiempo, mejorar la calidad sensorial del vino.<\/p>\n<\/div>\n<\/div>\n\n<div style=\"height:50px\" aria-hidden=\"true\" class=\"wp-block-spacer\"><\/div>\n\n<figure class=\"wp-block-table align-top-table\" style=\"text-transform:none\"><table><thead><tr><th class=\"has-text-align-left\" data-align=\"left\">Producto<\/th><th>Descripci\u00f3n<\/th><th>Atributos sensoriales<\/th><\/tr><\/thead><tbody><tr><td class=\"has-text-align-left\" data-align=\"left\"><mark style=\"background-color:rgba(0, 0, 0, 0);color:#00bed6\" class=\"has-inline-color\"><strong>DUET <\/strong><\/mark><br\/><mark style=\"background-color:rgba(0, 0, 0, 0);color:#00bed6\" class=\"has-inline-color\"><strong>AROM<\/strong><\/mark><\/td><td><em>O. oeni y L. plantarum<\/em><br\/>Perfil arom\u00e1tico mejorado en vinos tintos con pH elevado<br\/>durante la fermentaci\u00f3n malol\u00e1ctica.<\/td><td>Mayor intensidad frutal<br\/>M\u00e1s caracter\u00edsticas arom\u00e1ticas de frutos rojos<br\/>Notas especiadas m\u00e1s marcadas<br\/>Intensidad arom\u00e1tica mejorada<\/td><\/tr><tr><td class=\"has-text-align-left\" data-align=\"left\"><mark style=\"background-color:rgba(0, 0, 0, 0);color:#00945e\" class=\"has-inline-color\"><strong>DUET <\/strong><\/mark><br\/><mark style=\"background-color:rgba(0, 0, 0, 0);color:#00945e\" class=\"has-inline-color\"><strong>SOFT<\/strong><\/mark><\/td><td><em>O. oeni y L. plantarum<\/em><br\/>Mayor volumen, textura en boca y perfil sensorial<br\/>mejorado en vinos blancos y tintos durante la fermentaci\u00f3n malol\u00e1ctica.<\/td><td>Sensaci\u00f3n en boca mejorada<br\/>Disminuci\u00f3n de los caracteres herb\u00e1ceos<br\/>Astringencia reducida<br\/>Aromas de frutas negras intensificados<\/td><\/tr><tr><td class=\"has-text-align-left\" data-align=\"left\"><mark style=\"background-color:rgba(0, 0, 0, 0);color:#6b1e33\" class=\"has-inline-color\"><strong>DUET <\/strong><\/mark><br\/><mark style=\"background-color:rgba(0, 0, 0, 0);color:#6b1e33\" class=\"has-inline-color\"><strong>MATURE<\/strong><\/mark><\/td><td><em>O. oeni y L. plantarum<\/em><br\/>Mejora de los caracteres de frutas negras en vinos tintos<br\/>durante la fermentaci\u00f3n malol\u00e1ctica y la crianza (producci\u00f3n de PDMS).<\/td><td>Aromas intensificados de ciruela y bayas oscuras<br\/>Notas de especias, pimienta negra y matices florales<br\/>Incremento de notas de mora y grosella negra: liberaci\u00f3n de DMS durante la crianza<\/td><\/tr><tr><td class=\"has-text-align-left\" data-align=\"left\"><mark style=\"background-color:rgba(0, 0, 0, 0);color:#e64b38\" class=\"has-inline-color\"><strong>SOLO <\/strong><\/mark><br\/><mark style=\"background-color:rgba(0, 0, 0, 0);color:#e64b38\" class=\"has-inline-color\"><strong>SELECT<\/strong><\/mark><\/td><td>Cepa: AWRI YV Select <br\/><em>O. oeni<\/em><br\/>Mayor complejidad en vinos tintos durante la fermentaci\u00f3n malol\u00e1ctica.<\/td><td>Estructura mejorada<br\/>Aumento de los caracteres especiados<br\/>Mayor complejidad<br\/>Aromas de frutas oscuras m\u00e1s intensos<\/td><\/tr><tr><td class=\"has-text-align-left\" data-align=\"left\"><strong><mark style=\"background-color:rgba(0, 0, 0, 0);color:#672e6c\" class=\"has-inline-color\">SOLO <\/mark><\/strong><br\/><strong><mark style=\"background-color:rgba(0, 0, 0, 0);color:#672e6c\" class=\"has-inline-color\">AURORA<\/mark><\/strong>                                   <\/td><td><em>O. oeni<\/em><br\/>Fruta fresca m\u00e1s intensa, mayor volumen y suavidad <br\/>durante la fermentaci\u00f3n malol\u00e1ctica en vinos tintos y blancos.<\/td><td>Aromas frutales y sensaci\u00f3n en boca mejorados<br\/>Disminuci\u00f3n de la astringencia y de las notas reductoras<br\/>Mayor calidad e intensidad arom\u00e1tica<\/td><\/tr><\/tbody><\/table><\/figure>\n\n<div style=\"height:50px\" aria-hidden=\"true\" class=\"wp-block-spacer\"><\/div>\n\n<h3 class=\"wp-block-heading\"><strong>Consulta el resumen de productos del PORTAFOLIO DE BACTERIAS ANCHOR:<\/strong><\/h3>\n\n<figure class=\"wp-block-table is-style-stripes\"><table class=\"has-fixed-layout\"><tbody><tr><td>Bacterias<\/td><td class=\"has-text-align-center\" data-align=\"center\"><strong><mark style=\"background-color:rgba(0, 0, 0, 0);color:#00bed6\" class=\"has-inline-color\">ANCHOR DUET<br\/>AROM<\/mark><\/strong><\/td><td class=\"has-text-align-center\" data-align=\"center\"><strong><mark style=\"background-color:rgba(0, 0, 0, 0);color:#00945e\" class=\"has-inline-color\">ANCHOR DUET<br\/>SOFT<\/mark><\/strong><\/td><td class=\"has-text-align-center\" data-align=\"center\"><strong><mark style=\"background-color:rgba(0, 0, 0, 0);color:#6b1e33\" class=\"has-inline-color\">ANCHOR DUET<br\/>MATURE<\/mark><\/strong><\/td><td class=\"has-text-align-center\" data-align=\"center\"><strong><mark style=\"background-color:rgba(0, 0, 0, 0);color:#e64b38\" class=\"has-inline-color\">ANCHOR SOLO<br\/>SELECT<\/mark><\/strong><\/td><td class=\"has-text-align-center\" data-align=\"center\"><strong><mark style=\"background-color:rgba(0, 0, 0, 0);color:#672e6c\" class=\"has-inline-color\">ANCHOR SOLO AURORA<\/mark><\/strong><\/td><\/tr><tr><td>APPLICATION<\/td><td class=\"has-text-align-center\" data-align=\"center\">Coinoculaci\u00f3n<\/td><td class=\"has-text-align-center\" data-align=\"center\">Coinoculaci\u00f3n<\/td><td class=\"has-text-align-center\" data-align=\"center\">Coinoculaci\u00f3n<\/td><td class=\"has-text-align-center\" data-align=\"center\">Secuencial<\/td><td class=\"has-text-align-center\" data-align=\"center\">Secuencial<\/td><\/tr><tr><td>Vino blanco<\/td><td class=\"has-text-align-center\" data-align=\"center\"><\/td><td class=\"has-text-align-center\" data-align=\"center\">\u2713<\/td><td class=\"has-text-align-center\" data-align=\"center\"><\/td><td class=\"has-text-align-center\" data-align=\"center\"><\/td><td class=\"has-text-align-center\" data-align=\"center\">\u2713<\/td><\/tr><tr><td>Vino tinto<\/td><td class=\"has-text-align-center\" data-align=\"center\">\u2713<\/td><td class=\"has-text-align-center\" data-align=\"center\">\u2713<\/td><td class=\"has-text-align-center\" data-align=\"center\">\u2713<\/td><td class=\"has-text-align-center\" data-align=\"center\">\u2713<\/td><td class=\"has-text-align-center\" data-align=\"center\">\u2713<\/td><\/tr><tr><td><em>Oenococcus oeni<\/em><\/td><td class=\"has-text-align-center\" data-align=\"center\">\u2713<\/td><td class=\"has-text-align-center\" data-align=\"center\">\u2713<\/td><td class=\"has-text-align-center\" data-align=\"center\">\u2713<\/td><td class=\"has-text-align-center\" data-align=\"center\">\u2713<\/td><td class=\"has-text-align-center\" data-align=\"center\">\u2713<\/td><\/tr><tr><td><em>Lactobacillus plantarum<\/em><\/td><td class=\"has-text-align-center\" data-align=\"center\">\u2713<\/td><td class=\"has-text-align-center\" data-align=\"center\">\u2713<\/td><td class=\"has-text-align-center\" data-align=\"center\">\u2713<\/td><td class=\"has-text-align-center\" data-align=\"center\"><\/td><td class=\"has-text-align-center\" data-align=\"center\"><\/td><\/tr><tr><td>Temperatura \u00f3ptima (\u00b0C)<\/td><td class=\"has-text-align-center\" data-align=\"center\">18 to 28<\/td><td class=\"has-text-align-center\" data-align=\"center\">15 to 28<\/td><td class=\"has-text-align-center\" data-align=\"center\">18 to 28<\/td><td class=\"has-text-align-center\" data-align=\"center\">14 to 28<\/td><td class=\"has-text-align-center\" data-align=\"center\">18 to 28<\/td><\/tr><tr><td>Tolerancia al alcohol (%)<\/td><td class=\"has-text-align-center\" data-align=\"center\">16<\/td><td class=\"has-text-align-center\" data-align=\"center\">15<\/td><td class=\"has-text-align-center\" data-align=\"center\">16<\/td><td class=\"has-text-align-center\" data-align=\"center\">16<\/td><td class=\"has-text-align-center\" data-align=\"center\">14<\/td><\/tr><tr><td>Tolerancia al pH<\/td><td class=\"has-text-align-center\" data-align=\"center\">\u2265 3.5<\/td><td class=\"has-text-align-center\" data-align=\"center\">\u2265 3.2<\/td><td class=\"has-text-align-center\" data-align=\"center\">\u2265 3.3<\/td><td class=\"has-text-align-center\" data-align=\"center\">\u2265 3.2<\/td><td class=\"has-text-align-center\" data-align=\"center\">\u2265 3.2<\/td><\/tr><tr><td>Tolerancia al TSO2<br\/>(mg\/L)<\/td><td class=\"has-text-align-center\" data-align=\"center\">50<\/td><td class=\"has-text-align-center\" data-align=\"center\">50<\/td><td class=\"has-text-align-center\" data-align=\"center\">50<\/td><td class=\"has-text-align-center\" data-align=\"center\">50<\/td><td class=\"has-text-align-center\" data-align=\"center\">40<\/td><\/tr><\/tbody><\/table><\/figure>\n\n<div style=\"height:52px\" aria-hidden=\"true\" class=\"wp-block-spacer\"><\/div>\n\n<h2 class=\"wp-block-heading\"><strong>Descubre nuestra gama de bacterias Anchor:<\/strong><\/h2>\n\n<div style=\"height:50px\" aria-hidden=\"true\" class=\"wp-block-spacer\"><\/div>\n","protected":false},"excerpt":{"rendered":"<p>El uso de bacterias l\u00e1cticas del vino (BAL) para la fermentaci\u00f3n malol\u00e1ctica (FML) ha [&hellip;]<\/p>\n","protected":false},"author":3,"featured_media":0,"parent":18308,"menu_order":1,"comment_status":"closed","ping_status":"closed","template":"page-premier-products-list.php","meta":{"_acf_changed":false,"_seopress_robots_primary_cat":"0","_seopress_titles_title":"","_seopress_titles_desc":"","_seopress_robots_index":"","footnotes":""},"class_list":["post-18310","page","type-page","status-publish"],"acf":[],"_links":{"self":[{"href":"https:\/\/oenobrands.com\/es\/wp-json\/wp\/v2\/pages\/18310","targetHints":{"allow":["GET"]}}],"collection":[{"href":"https:\/\/oenobrands.com\/es\/wp-json\/wp\/v2\/pages"}],"about":[{"href":"https:\/\/oenobrands.com\/es\/wp-json\/wp\/v2\/types\/page"}],"author":[{"embeddable":true,"href":"https:\/\/oenobrands.com\/es\/wp-json\/wp\/v2\/users\/3"}],"replies":[{"embeddable":true,"href":"https:\/\/oenobrands.com\/es\/wp-json\/wp\/v2\/comments?post=18310"}],"version-history":[{"count":0,"href":"https:\/\/oenobrands.com\/es\/wp-json\/wp\/v2\/pages\/18310\/revisions"}],"up":[{"embeddable":true,"href":"https:\/\/oenobrands.com\/es\/wp-json\/wp\/v2\/pages\/18308"}],"wp:attachment":[{"href":"https:\/\/oenobrands.com\/es\/wp-json\/wp\/v2\/media?parent=18310"}],"curies":[{"name":"wp","href":"https:\/\/api.w.org\/{rel}","templated":true}]}}