{"id":17968,"date":"2022-10-19T21:47:24","date_gmt":"2022-10-19T19:47:24","guid":{"rendered":"https:\/\/oenobrands.com\/producto\/levadura\/anchor-yeast\/"},"modified":"2025-10-29T13:26:31","modified_gmt":"2025-10-29T12:26:31","slug":"anchor-yeast","status":"publish","type":"page","link":"https:\/\/oenobrands.com\/es\/producto\/levadura\/anchor-yeast\/","title":{"rendered":"ANCHOR levadura"},"content":{"rendered":"\n<div style=\"height:50px\" aria-hidden=\"true\" class=\"wp-block-spacer\"><\/div>\n\n\n<div class=\"wp-block-image\">\n<figure class=\"aligncenter size-full\"><img alt=\"\" loading=\"lazy\" decoding=\"async\" width=\"486\" height=\"85\" src=\"https:\/\/oenobrands.com\/wp-content\/uploads\/2024\/03\/bandeau-Anchor-yeast.png\" alt=\"\" class=\"wp-image-6154\" srcset=\"https:\/\/oenobrands.com\/wp-content\/uploads\/2024\/03\/bandeau-Anchor-yeast.png 486w, https:\/\/oenobrands.com\/wp-content\/uploads\/2024\/03\/bandeau-Anchor-yeast-300x52.png 300w\" sizes=\"auto, (max-width: 486px) 100vw, 486px\" \/><\/figure>\n<\/div>\n\n\n<div style=\"height:50px\" aria-hidden=\"true\" class=\"wp-block-spacer\"><\/div>\n\n\n\n<h2 class=\"wp-block-heading\"><strong>Dedicados a la excelencia en fermentaci\u00f3n<\/strong><\/h2>\n\n\n\n<p>Durante muchos a\u00f1os, Anchor ha estado a la vanguardia de la evoluci\u00f3n, adapt\u00e1ndose y transform\u00e1ndose para satisfacer las necesidades y expectativas de los en\u00f3logos de todo el mundo.<\/p>\n\n\n\n<p>Desde la creaci\u00f3n de la <strong>primera levadura h\u00edbrida para vino<\/strong> del mundo, <strong>VIN 13<\/strong>, hasta la ampliaci\u00f3n de nuestro portafolio para incluir mucho m\u00e1s que levaduras, lo que nos llev\u00f3 a evolucionar de <strong>Anchor Yeast <\/strong>a <strong>Anchor Oenology<\/strong>, nuestra misi\u00f3n siempre ha sido la misma: ofrecer soluciones completas para la fermentaci\u00f3n, que abarcan <strong>levaduras, nutrientes y bacterias<\/strong>.<\/p>\n\n\n\n<p>Dentro de nuestra gama de levaduras, buscamos mantener un portafolio selectivo, enfocado en productos que no solo aporten <strong>robustez<\/strong>, sino tambi\u00e9n cepas capaces de ayudar al en\u00f3logo a crear un <strong>perfil sensorial espec\u00edfico<\/strong> en el vino final.<br>Desde cepas cl\u00e1sicas e h\u00edbridas, hasta <strong>mezclas de levaduras<\/strong> y el <strong>primer h\u00edbrido interespec\u00edfico comercial del mundo<\/strong>, ofrecemos soluciones para cada tipo de vino y vinificador.<\/p>\n\n\n\n<div style=\"height:50px\" aria-hidden=\"true\" class=\"wp-block-spacer\"><\/div>\n\n\n\n<h2 class=\"wp-block-heading\"><strong>2023: 100 a\u00f1os de existencia de Anchor Levadura<\/strong><\/h2>\n\n\n\n<p>Como colaborador y usuario de Anchor y nuestros productos, has sido parte de un viaje durante el cual, juntos, hemos alcanzado hitos importantes:<\/p>\n\n\n\n<ul class=\"wp-block-list\">\n<li><strong>Primera empresa del hemisferio sur<\/strong> en producir levaduras enol\u00f3gicas.<\/li>\n\n\n\n<li><strong>47 a\u00f1os<\/strong> desde que la industria vitivin\u00edcola sudafricana utiliz\u00f3 por primera vez una levadura comercial Anchor para vino.<\/li>\n\n\n\n<li><strong>18 a\u00f1os<\/strong> desde que las levaduras Anchor estuvieron disponibles a nivel internacional. <\/li>\n\n\n\n<li><strong>Legacy VIN 13<\/strong>, la primera levadura h\u00edbrida para vino, cumple <strong>31 a\u00f1os<\/strong> este a\u00f1o.<\/li>\n\n\n\n<li><strong>Exotics Mosaic<\/strong>, el primer h\u00edbrido interespec\u00edfico del mundo, celebra <strong>12 a\u00f1os<\/strong> de producci\u00f3n de vinos ic\u00f3nicos.<\/li>\n\n\n\n<li><strong>Primera empresa del mundo<\/strong> en introducir mezclas de levaduras y bacterias..<\/li>\n<\/ul>\n\n\n<div class=\"wp-block-image is-style-default\">\n<figure class=\"aligncenter size-full is-resized\"><img alt=\"\" loading=\"lazy\" decoding=\"async\" width=\"2560\" height=\"1876\" src=\"http:\/\/oenobrands.com\/wp-content\/uploads\/2025\/10\/SP-producto-anchor-levadura-fermentacion-esp-scaled.png\" alt=\"\" class=\"wp-image-20026\" style=\"width:auto;height:300px\" srcset=\"https:\/\/oenobrands.com\/wp-content\/uploads\/2025\/10\/SP-producto-anchor-levadura-fermentacion-esp-scaled.png 2560w, https:\/\/oenobrands.com\/wp-content\/uploads\/2025\/10\/SP-producto-anchor-levadura-fermentacion-esp-300x220.png 300w, https:\/\/oenobrands.com\/wp-content\/uploads\/2025\/10\/SP-producto-anchor-levadura-fermentacion-esp-1024x750.png 1024w, https:\/\/oenobrands.com\/wp-content\/uploads\/2025\/10\/SP-producto-anchor-levadura-fermentacion-esp-768x563.png 768w, https:\/\/oenobrands.com\/wp-content\/uploads\/2025\/10\/SP-producto-anchor-levadura-fermentacion-esp-1536x1126.png 1536w, https:\/\/oenobrands.com\/wp-content\/uploads\/2025\/10\/SP-producto-anchor-levadura-fermentacion-esp-2048x1501.png 2048w\" sizes=\"auto, (max-width: 2560px) 100vw, 2560px\" \/><\/figure>\n<\/div>\n\n\n<hr class=\"wp-block-separator has-alpha-channel-opacity\"\/>\n\n\n\n<div style=\"height:50px\" aria-hidden=\"true\" class=\"wp-block-spacer\"><\/div>\n\n\n\n<h2 class=\"wp-block-heading has-text-color\" style=\"color:#00205c\">EXOTICS &#8211; Primera cepa de levadura interespec\u00edfica para vino.<\/h2>\n\n\n\n<div class=\"wp-block-media-text alignwide is-stacked-on-mobile\" style=\"grid-template-columns:35% auto\"><figure class=\"wp-block-media-text__media\"><img loading=\"lazy\" decoding=\"async\" width=\"450\" height=\"250\" src=\"http:\/\/oenobrands.com\/wp-content\/uploads\/2023\/04\/Anchor-yeast-exotics.png\" alt=\"Anchor-levadura-exotics\" class=\"wp-image-2208 size-full\" srcset=\"https:\/\/oenobrands.com\/wp-content\/uploads\/2023\/04\/Anchor-yeast-exotics.png 450w, https:\/\/oenobrands.com\/wp-content\/uploads\/2023\/04\/Anchor-yeast-exotics-300x167.png 300w\" sizes=\"auto, (max-width: 450px) 100vw, 450px\" \/><\/figure><div class=\"wp-block-media-text__content\">\n<p>El nombre <strong>Exotics<\/strong> se refiere hoy a una gama de productos que representa h\u00edbridos interespec\u00edficos \u00fanicos, dise\u00f1ados para la creaci\u00f3n de <strong>vinos ic\u00f3nicos<\/strong>.<br>La gama Exotics es responsable de vinos <strong>complejos, elegantes y equilibrados<\/strong>, de la m\u00e1s alta calidad.<br>Estos h\u00edbridos fueron creados para <strong>aumentar la complejidad sensorial<\/strong>, con un impacto similar al de las <strong>no-<em>Saccharomyces<\/em><\/strong>, pero con la <strong>robustez necesaria para completar la fermentaci\u00f3n<\/strong>.<\/p>\n<\/div><\/div>\n\n\n\n<h2 class=\"wp-block-heading has-text-color\" style=\"color:#00205c\">ALCHEMY &#8211; Primera mezcla de levaduras formulada cient\u00edficamente.<\/h2>\n\n\n\n<div class=\"wp-block-media-text alignwide is-stacked-on-mobile\" style=\"grid-template-columns:35% auto\"><figure class=\"wp-block-media-text__media\"><img loading=\"lazy\" decoding=\"async\" width=\"450\" height=\"250\" src=\"http:\/\/oenobrands.com\/wp-content\/uploads\/2023\/04\/Anchor-yeast-alchemy.png\" alt=\"Anchor-levadura-alchemy\" class=\"wp-image-2206 size-full\" srcset=\"https:\/\/oenobrands.com\/wp-content\/uploads\/2023\/04\/Anchor-yeast-alchemy.png 450w, https:\/\/oenobrands.com\/wp-content\/uploads\/2023\/04\/Anchor-yeast-alchemy-300x167.png 300w\" sizes=\"auto, (max-width: 450px) 100vw, 450px\" \/><\/figure><div class=\"wp-block-media-text__content\">\n<p>Con el fin de aumentar la complejidad del vino, la gama <strong>Alchemy<\/strong> fue desarrollada bas\u00e1ndose en la <strong>interacci\u00f3n sin\u00e9rgica<\/strong> entre distintas cepas de levadura.<br>Esta l\u00ednea est\u00e1 pensada para la elaboraci\u00f3n de <strong>vinos blancos, rosados y tintos<\/strong>, aportando <strong>sofisticaci\u00f3n, complejidad, volumen y peso en boca<\/strong>, adem\u00e1s de una <strong>mayor intensidad arom\u00e1tica<\/strong>..<\/p>\n<\/div><\/div>\n\n\n\n<h2 class=\"wp-block-heading has-text-color\" style=\"color:#00205c\">LEGACY &#8211; Primera cepa h\u00edbrida de levadura para vino.<\/h2>\n\n\n\n<div class=\"wp-block-media-text alignwide is-stacked-on-mobile\" style=\"grid-template-columns:35% auto\"><figure class=\"wp-block-media-text__media\"><img loading=\"lazy\" decoding=\"async\" width=\"450\" height=\"250\" src=\"http:\/\/oenobrands.com\/wp-content\/uploads\/2023\/04\/Anchor-yeast-legacy.png\" alt=\"Anchor-levadura-legacy\" class=\"wp-image-2204 size-full\" srcset=\"https:\/\/oenobrands.com\/wp-content\/uploads\/2023\/04\/Anchor-yeast-legacy.png 450w, https:\/\/oenobrands.com\/wp-content\/uploads\/2023\/04\/Anchor-yeast-legacy-300x167.png 300w\" sizes=\"auto, (max-width: 450px) 100vw, 450px\" \/><\/figure><div class=\"wp-block-media-text__content\">\n<p>Las cepas de levadura incluidas en la gama <strong>Legacy<\/strong> re\u00fanen los aislados e h\u00edbridos m\u00e1s reconocidos.<br>Son cepas <strong>robustas<\/strong>, capaces de tolerar amplios rangos de temperatura y graduaci\u00f3n alcoh\u00f3lica, garantizando <strong>fermentaciones completas y fiables<\/strong>.<br>Adem\u00e1s, producen vinos blancos, rosados y tintos <strong>altamente arom\u00e1ticos<\/strong>.<\/p>\n<\/div><\/div>\n\n\n\n<div style=\"height:50px\" aria-hidden=\"true\" class=\"wp-block-spacer\"><\/div>\n\n\n\n<div class=\"wp-block-columns is-layout-flex wp-container-core-columns-is-layout-9d6595d7 wp-block-columns-is-layout-flex\">\n<div class=\"wp-block-column is-layout-flow wp-block-column-is-layout-flow\">\n<h2 class=\"wp-block-heading has-text-align-center\"><strong>Encuentra tu levadura Anchor <\/strong><\/h2>\n\n\n\n<div class=\"wp-block-buttons is-content-justification-center is-layout-flex wp-container-core-buttons-is-layout-16018d1d wp-block-buttons-is-layout-flex\">\n<div class=\"wp-block-button\"><a class=\"wp-block-button__link wp-element-button\" href=\"https:\/\/oenobrands.com\/es\/producto\/levadura\/eleccion-de-levaduras-anchor\/\" target=\"_blank\" rel=\"noreferrer noopener\">elecci\u00f3n de levaduras Anchor<\/a><\/div>\n<\/div>\n\n\n\n<div style=\"height:50px\" aria-hidden=\"true\" class=\"wp-block-spacer\"><\/div>\n<\/div>\n\n\n\n<div class=\"wp-block-column is-layout-flow wp-block-column-is-layout-flow\" style=\"flex-basis:5px\"><\/div>\n\n\n\n<div class=\"wp-block-column is-layout-flow wp-block-column-is-layout-flow\">\n<h2 class=\"wp-block-heading has-text-align-center\"><strong>M\u00e1s informaci\u00f3n sobre la producci\u00f3n de levaduras<\/strong><\/h2>\n\n\n\n<div class=\"wp-block-buttons is-content-justification-center is-layout-flex wp-container-core-buttons-is-layout-16018d1d wp-block-buttons-is-layout-flex\">\n<div class=\"wp-block-button\"><a class=\"wp-block-button__link wp-element-button\" href=\"https:\/\/oenobrands.com\/es\/produccion-de-levaduras\/\">producci\u00f3n DE levadura <\/a><\/div>\n<\/div>\n\n\n\n<div style=\"height:30px\" aria-hidden=\"true\" class=\"wp-block-spacer\"><\/div>\n<\/div>\n<\/div>\n\n\n\n<h2 class=\"wp-block-heading\"><strong>Descubre nuestra gama de <strong>levaduras Anchor<\/strong>:<\/strong><\/h2>\n\n\n\n<div style=\"height:50px\" aria-hidden=\"true\" class=\"wp-block-spacer\"><\/div>\n","protected":false},"excerpt":{"rendered":"<p>Dedicados a la excelencia en fermentaci\u00f3n Durante muchos a\u00f1os, Anchor ha estado a la [&hellip;]<\/p>\n","protected":false},"author":3,"featured_media":17971,"parent":16319,"menu_order":2,"comment_status":"closed","ping_status":"closed","template":"page-premier-products-list.php","meta":{"_acf_changed":false,"_seopress_robots_primary_cat":"0","_seopress_titles_title":"","_seopress_titles_desc":"","_seopress_robots_index":"","footnotes":""},"class_list":["post-17968","page","type-page","status-publish","has-post-thumbnail"],"acf":[],"_links":{"self":[{"href":"https:\/\/oenobrands.com\/es\/wp-json\/wp\/v2\/pages\/17968","targetHints":{"allow":["GET"]}}],"collection":[{"href":"https:\/\/oenobrands.com\/es\/wp-json\/wp\/v2\/pages"}],"about":[{"href":"https:\/\/oenobrands.com\/es\/wp-json\/wp\/v2\/types\/page"}],"author":[{"embeddable":true,"href":"https:\/\/oenobrands.com\/es\/wp-json\/wp\/v2\/users\/3"}],"replies":[{"embeddable":true,"href":"https:\/\/oenobrands.com\/es\/wp-json\/wp\/v2\/comments?post=17968"}],"version-history":[{"count":0,"href":"https:\/\/oenobrands.com\/es\/wp-json\/wp\/v2\/pages\/17968\/revisions"}],"up":[{"embeddable":true,"href":"https:\/\/oenobrands.com\/es\/wp-json\/wp\/v2\/pages\/16319"}],"wp:featuredmedia":[{"embeddable":true,"href":"https:\/\/oenobrands.com\/es\/wp-json\/wp\/v2\/media\/17971"}],"wp:attachment":[{"href":"https:\/\/oenobrands.com\/es\/wp-json\/wp\/v2\/media?parent=17968"}],"curies":[{"name":"wp","href":"https:\/\/api.w.org\/{rel}","templated":true}]}}