{"id":17941,"date":"2022-10-19T21:46:12","date_gmt":"2022-10-19T19:46:12","guid":{"rendered":"https:\/\/oenobrands.com\/producto\/levadura\/fermivin\/"},"modified":"2025-10-29T14:14:51","modified_gmt":"2025-10-29T13:14:51","slug":"fermivin","status":"publish","type":"page","link":"https:\/\/oenobrands.com\/es\/producto\/levadura\/fermivin\/","title":{"rendered":"FERMIVIN"},"content":{"rendered":"\n<div style=\"height:50px\" aria-hidden=\"true\" class=\"wp-block-spacer\"><\/div>\n<div class=\"wp-block-image\">\n<figure class=\"aligncenter size-full is-resized\"><img alt=\"\" loading=\"lazy\" decoding=\"async\" width=\"1678\" height=\"451\" src=\"https:\/\/oenobrands.com\/wp-content\/uploads\/2024\/05\/header-fermivin-page.png\" alt=\"\" class=\"wp-image-7182\" style=\"width:822px;height:auto\" srcset=\"https:\/\/oenobrands.com\/wp-content\/uploads\/2024\/05\/header-fermivin-page.png 1678w, https:\/\/oenobrands.com\/wp-content\/uploads\/2024\/05\/header-fermivin-page-300x81.png 300w, https:\/\/oenobrands.com\/wp-content\/uploads\/2024\/05\/header-fermivin-page-1024x275.png 1024w, https:\/\/oenobrands.com\/wp-content\/uploads\/2024\/05\/header-fermivin-page-768x206.png 768w, https:\/\/oenobrands.com\/wp-content\/uploads\/2024\/05\/header-fermivin-page-1536x413.png 1536w\" sizes=\"auto, (max-width: 1678px) 100vw, 1678px\" \/><\/figure>\n<\/div>\n<div style=\"height:50px\" aria-hidden=\"true\" class=\"wp-block-spacer\"><\/div>\n\n<div class=\"wp-block-group has-background\" style=\"background-color:#f7f7f7\"><div class=\"wp-block-group__inner-container is-layout-constrained wp-block-group-is-layout-constrained\">\n<div class=\"wp-block-group\"><div class=\"wp-block-group__inner-container is-layout-constrained wp-block-group-is-layout-constrained\">\n<div style=\"height:30px\" aria-hidden=\"true\" class=\"wp-block-spacer\"><\/div>\n\n\n\n<h2 class=\"wp-block-heading\"><strong><strong>Portafolio Fermivin en pocas palabras<\/strong><\/strong><\/h2>\n\n\n\n<div style=\"height:30px\" aria-hidden=\"true\" class=\"wp-block-spacer\"><\/div>\n\n\n\n<div class=\"wp-block-columns has-background is-layout-flex wp-container-core-columns-is-layout-9d6595d7 wp-block-columns-is-layout-flex\" style=\"background-color:#f7f7f7\">\n<div class=\"wp-block-column is-layout-flow wp-block-column-is-layout-flow\">\n<p><strong>Con m\u00e1s de 50 a\u00f1os <\/strong>de experiencia en la selecci\u00f3n, producci\u00f3n y comercializaci\u00f3n de levaduras, <strong>Oenobrands sigue introduciendo nuevas soluciones<\/strong> de fermentaci\u00f3n con este portafolio de levaduras enol\u00f3gicas Fermivin, que incluye tanto cepas de <em>Saccharomyces <\/em>como de no-<em>Saccharomyces,<\/em> incluyendo la primera <em>Hanseniaspora<\/em> <em>vineae<\/em> en el mercado (tambi\u00e9n conocida como Fermivin VINAE).<br\/><\/p>\n<\/div>\n\n\n\n<div class=\"wp-block-column is-layout-flow wp-block-column-is-layout-flow\" style=\"flex-basis:5%\">\n<p><\/p>\n<\/div>\n\n\n\n<div class=\"wp-block-column is-layout-flow wp-block-column-is-layout-flow\">\n<p>\u201c<strong><em>Para cada cepa, un rendimiento\u201d<\/em><\/strong>: Cada cepa fue seleccionada para responder a las necesidades de la industria vin\u00edcola. <strong>Nuestros institutos colaboradores probaron y validaron <\/strong>cada levadura para resaltar sus caracter\u00edsticas distintivas y proporcionar a los en\u00f3logos soluciones bien definidas. As\u00ed, cada cepa de Fermivin promueve una caracter\u00edstica particular (cri\u00f3fila, liberando aromas tioles, produciendo altos \u00e9steres, liberando polisac\u00e1ridos, etc.). <\/p>\n<\/div>\n<\/div>\n<\/div><\/div>\n<\/div><\/div>\n\n<p><strong>Las cepas Fermivin ofrecen los mismos beneficios:<\/strong> fermentaci\u00f3n completa, conversi\u00f3n eficiente de aromas, baja formaci\u00f3n de espuma, baja acidez vol\u00e1til y ausencia de sabores indeseables. Nuestras f\u00e1bricas de levaduras las cultivan, secan y prueban para garantizar autenticidad, rendimiento y calidad. <\/p>\n\n<div style=\"height:50px\" aria-hidden=\"true\" class=\"wp-block-spacer\"><\/div>\n\n<div class=\"wp-block-columns are-vertically-aligned-top is-layout-flex wp-container-core-columns-is-layout-9d6595d7 wp-block-columns-is-layout-flex\">\n<div class=\"wp-block-column is-vertically-aligned-top has-black-color has-text-color is-layout-flow wp-block-column-is-layout-flow\">\n<h2 class=\"wp-block-heading has-black-color has-text-color\" style=\"text-transform:uppercase\"><strong>HISTORIA ORGULLOSA Y FUTURO BRILLANTE DE UNA GAMA COMPLETA DE LEVADURAS POTENTES<\/strong><\/h2>\n\n\n\n<div style=\"height:100px\" aria-hidden=\"true\" class=\"wp-block-spacer\"><\/div>\n<\/div>\n\n\n\n<div class=\"wp-block-column is-vertically-aligned-top is-layout-flow wp-block-column-is-layout-flow\" style=\"flex-basis:20%\"><div class=\"wp-block-image\">\n<figure class=\"aligncenter size-medium is-resized\"><img loading=\"lazy\" decoding=\"async\" width=\"128\" height=\"300\" src=\"https:\/\/oenobrands.com\/wp-content\/uploads\/2023\/05\/FERMIVIN-Proud-history-bright-future-v-128x300.png\" alt=\"FERMIVIN-Historia-orgullosa-futuro-brillante-v\" class=\"wp-image-4175\" style=\"width:96px;height:225px\" srcset=\"https:\/\/oenobrands.com\/wp-content\/uploads\/2023\/05\/FERMIVIN-Proud-history-bright-future-v-128x300.png 128w, https:\/\/oenobrands.com\/wp-content\/uploads\/2023\/05\/FERMIVIN-Proud-history-bright-future-v.png 203w\" sizes=\"auto, (max-width: 128px) 100vw, 128px\" \/><\/figure>\n<\/div><\/div>\n\n\n\n<div class=\"wp-block-column is-vertically-aligned-top has-black-color has-text-color is-layout-flow wp-block-column-is-layout-flow\">\n<p class=\"has-black-color has-text-color\">Todo comenz\u00f3 en los a\u00f1os 70 con tres cepas fundadoras seleccionadas en cooperaci\u00f3n entre Gist-Brocades e INRAE y producidas como levadura seca instant\u00e1nea (<strong>el t\u00e9rmino original de la levadura seca activa <\/strong>que se vende hoy). Luego, poco a poco, la l\u00ednea <strong>Fermivin creci\u00f3, se expandi\u00f3, se comercializ\u00f3 y se enriqueci\u00f3 con nuevas cepas seleccionadas para crear una \u201cfamilia\u201d completa de levaduras<\/strong> adaptadas a diversas condiciones e itinerarios de vinificaci\u00f3n. <\/p>\n<\/div>\n<\/div>\n\n<div style=\"height:30px\" aria-hidden=\"true\" class=\"wp-block-spacer\"><\/div>\n\n<div class=\"wp-block-group has-background\" style=\"background-color:#f7f7f7\"><div class=\"wp-block-group__inner-container is-layout-constrained wp-block-group-is-layout-constrained\">\n<div style=\"height:30px\" aria-hidden=\"true\" class=\"wp-block-spacer\"><\/div>\n\n\n\n<h2 class=\"wp-block-heading\"><strong>Diferenciaci\u00f3n de especies de levaduras<\/strong><\/h2>\n\n\n\n<p class=\"has-background\" style=\"background-color:#f7f7f7\">IEn 2022, cuando introdujimos una cepa no-<em>Saccharomyces<\/em>, tuvimos que <strong>crear una marca distintiva para diferenciar las cepas Sacc. de las no-Sacc.<\/strong>, y as\u00ed nacieron los emblemas <strong>Unity<\/strong> y <strong>Synergy.<\/strong><\/p>\n\n\n\n<div style=\"height:20px\" aria-hidden=\"true\" class=\"wp-block-spacer\"><\/div>\n<\/div><\/div>\n\n<div class=\"wp-block-columns has-background is-layout-flex wp-container-core-columns-is-layout-9d6595d7 wp-block-columns-is-layout-flex\" style=\"background-color:#f7f7f7\">\n<div class=\"wp-block-column is-layout-flow wp-block-column-is-layout-flow\">\n<h4 class=\"wp-block-heading\"><strong>\u201cUNITY\u201d significa el estado de estar unidos o integrados como un todo.<\/strong><\/h4>\n\n\n\n<div style=\"height:60px\" aria-hidden=\"true\" class=\"wp-block-spacer\"><\/div>\n\n\n<div class=\"wp-block-image\">\n<figure class=\"aligncenter size-full is-resized\"><img loading=\"lazy\" decoding=\"async\" width=\"520\" height=\"172\" src=\"http:\/\/oenobrands.com\/wp-content\/uploads\/2023\/05\/FERMIVIN-unity-4f9-1.png\" alt=\"FERMIVIN-unity-4f9\" class=\"wp-image-5006\" style=\"width:390px;height:129px\" srcset=\"https:\/\/oenobrands.com\/wp-content\/uploads\/2023\/05\/FERMIVIN-unity-4f9-1.png 520w, https:\/\/oenobrands.com\/wp-content\/uploads\/2023\/05\/FERMIVIN-unity-4f9-1-300x99.png 300w\" sizes=\"auto, (max-width: 520px) 100vw, 520px\" \/><\/figure>\n<\/div>\n\n\n<div style=\"height:25px\" aria-hidden=\"true\" class=\"wp-block-spacer\"><\/div>\n\n\n\n<p>Esta gama incluye cepas de <strong><em>Fermivin Saccharomyces cerevisiae<\/em><\/strong> que son potentes fermentadoras, ofreciendo seguridad y fiabilidad. Los nombres de los productos son acr\u00f3nimos que corresponden al rasgo clave de la cepa o al n\u00famero de selecci\u00f3n. <\/p>\n<\/div>\n\n\n\n<div class=\"wp-block-column is-layout-flow wp-block-column-is-layout-flow\" style=\"flex-basis:150px\"><\/div>\n\n\n\n<div class=\"wp-block-column is-layout-flow wp-block-column-is-layout-flow\">\n<h4 class=\"wp-block-heading\"><strong>\u201cSYNERGY\u201d se refiere a la interacci\u00f3n o cooperaci\u00f3n de dos o m\u00e1s agentes que tiene una influencia mayor que la suma de sus impactos individuales.<\/strong><\/h4>\n\n\n\n<div style=\"height:10px\" aria-hidden=\"true\" class=\"wp-block-spacer\"><\/div>\n\n\n<div class=\"wp-block-image\">\n<figure class=\"aligncenter size-full is-resized\"><img loading=\"lazy\" decoding=\"async\" width=\"520\" height=\"172\" src=\"http:\/\/oenobrands.com\/wp-content\/uploads\/2023\/05\/FERMIVIN-sinergy-vineae-1.png\" alt=\"FERMIVIN-sinergy-vineae\" class=\"wp-image-5008\" style=\"width:390px;height:129px\" srcset=\"https:\/\/oenobrands.com\/wp-content\/uploads\/2023\/05\/FERMIVIN-sinergy-vineae-1.png 520w, https:\/\/oenobrands.com\/wp-content\/uploads\/2023\/05\/FERMIVIN-sinergy-vineae-1-300x99.png 300w\" sizes=\"auto, (max-width: 520px) 100vw, 520px\" \/><\/figure>\n<\/div>\n\n\n<div style=\"height:20px\" aria-hidden=\"true\" class=\"wp-block-spacer\"><\/div>\n\n\n\n<p>Esta gama incluye nuestra <em>Hanseniaspora vineae<\/em> y la pr\u00f3xima cepa no-<em>Saccharomyces <\/em>que ser\u00e1 lanzada, representando la novedad, el futuro y ese algo especial que har\u00e1 que los vinos sean diferentes.<\/p>\n<\/div>\n<\/div>\n\n<div style=\"height:50px\" aria-hidden=\"true\" class=\"wp-block-spacer\"><\/div>\n\n<div class=\"wp-block-group\"><div class=\"wp-block-group__inner-container is-layout-constrained wp-block-group-is-layout-constrained\">\n<div class=\"wp-block-columns are-vertically-aligned-center has-background is-layout-flex wp-container-core-columns-is-layout-9d6595d7 wp-block-columns-is-layout-flex\" style=\"background-color:#accc51\">\n<div class=\"wp-block-column is-vertically-aligned-center has-background is-layout-flow wp-block-column-is-layout-flow\" style=\"background-color:#accc51\">\n<div style=\"height:40px\" aria-hidden=\"true\" class=\"wp-block-spacer\"><\/div>\n\n\n\n<h2 class=\"wp-block-heading has-text-color\" id=\"block-296216b5-5972-4554-b537-68cfc5829aae\" style=\"color:#3f3e3a;text-transform:uppercase\"><strong>Diferenciaci\u00f3n de la producci\u00f3n de levaduras<\/strong><\/h2>\n\n\n\n<div style=\"height:40px\" aria-hidden=\"true\" class=\"wp-block-spacer\"><\/div>\n<\/div>\n\n\n\n<div class=\"wp-block-column is-vertically-aligned-center is-layout-flow wp-block-column-is-layout-flow\" style=\"flex-basis:20%\"><div class=\"wp-block-image\">\n<figure class=\"aligncenter size-full is-resized\"><img loading=\"lazy\" decoding=\"async\" width=\"166\" height=\"166\" src=\"http:\/\/oenobrands.com\/wp-content\/uploads\/2024\/05\/ILR-In-Line-Ready-Fermivin-1.png\" alt=\"ILR-In-Line-Ready-fermivin\" class=\"wp-image-6797\" style=\"object-fit:cover;width:165px;height:165px\" srcset=\"https:\/\/oenobrands.com\/wp-content\/uploads\/2024\/05\/ILR-In-Line-Ready-Fermivin-1.png 166w, https:\/\/oenobrands.com\/wp-content\/uploads\/2024\/05\/ILR-In-Line-Ready-Fermivin-1-150x150.png 150w\" sizes=\"auto, (max-width: 166px) 100vw, 166px\" \/><\/figure>\n<\/div><\/div>\n\n\n\n<div class=\"wp-block-column is-vertically-aligned-center has-white-color has-text-color has-background is-layout-flow wp-block-column-is-layout-flow\" style=\"background-color:#accc51\">\n<p class=\"has-text-color\" style=\"color:#3f3e3a;font-style:normal;font-weight:600\">Desde 2013, hemos ofrecido diversas cepas en formas cl\u00e1sicas y en formato In-Line Ready.<\/p>\n\n\n\n<p class=\"has-text-color\" style=\"color:#3f3e3a;font-style:normal;font-weight:600\">Los documentos y envases relacionados con In-Line Ready muestran el logotipo.<\/p>\n<\/div>\n<\/div>\n\n\n\n<div class=\"wp-block-columns has-background is-layout-flex wp-container-core-columns-is-layout-9d6595d7 wp-block-columns-is-layout-flex\" style=\"background-color:#accc51\">\n<div class=\"wp-block-column is-layout-flow wp-block-column-is-layout-flow\">\n<h2 class=\"wp-block-heading\" style=\"text-transform:uppercase\">La clave de la popularidad de In-Line Ready es su proceso distintivo de multiplicaci\u00f3n y producci\u00f3n.<\/h2>\n\n\n\n<div style=\"height:30px\" aria-hidden=\"true\" class=\"wp-block-spacer\"><\/div>\n\n\n\n<p>Este enfoque adaptado fortalece la levadura, haci\u00e9ndola <strong>m\u00e1s resistente a los factores de estr\u00e9s<\/strong> durante la adici\u00f3n directa, como bajas temperaturas y acidez. <\/p>\n<\/div>\n\n\n\n<div class=\"wp-block-column is-layout-flow wp-block-column-is-layout-flow\" style=\"flex-basis:6px\"><\/div>\n\n\n\n<div class=\"wp-block-column is-layout-flow wp-block-column-is-layout-flow\">\n<p>El resultado es una levadura m\u00e1s viable y adaptable que la levadura correspondiente producida de forma cl\u00e1sica que se a\u00f1ade directamente.<\/p>\n\n\n\n<div style=\"height:30px\" aria-hidden=\"true\" class=\"wp-block-spacer\"><\/div>\n\n\n\n<p>Adem\u00e1s, este proceso permite que la levadura <strong>afronte los desaf\u00edos de la fermentaci\u00f3n <\/strong>con una velocidad similar a la de las levaduras Fermivin correspondientes, producidas de forma cl\u00e1sica y a\u00f1adidas tras un protocolo de rehidrataci\u00f3n.<\/p>\n<\/div>\n<\/div>\n\n\n\n<div style=\"height:50px\" aria-hidden=\"true\" class=\"wp-block-spacer\"><\/div>\n<\/div><\/div>\n\n<div class=\"wp-block-columns is-layout-flex wp-container-core-columns-is-layout-9d6595d7 wp-block-columns-is-layout-flex\">\n<div class=\"wp-block-column is-layout-flow wp-block-column-is-layout-flow\">\n<h2 class=\"wp-block-heading has-text-align-center\"><strong>\u00bfC\u00f3mo puedes encontrar tu levadura dentro del portafolio Fermivin?<\/strong><\/h2>\n\n\n\n<div class=\"wp-block-buttons is-content-justification-center is-layout-flex wp-container-core-buttons-is-layout-16018d1d wp-block-buttons-is-layout-flex\">\n<div class=\"wp-block-button\"><a class=\"wp-block-button__link wp-element-button\" href=\"https:\/\/oenobrands.com\/product\/yeast\/yeast-choice-2\/\" target=\"_blank\" rel=\"noreferrer noopener\">Elecci\u00f3n de levaduras Fermivin<\/a><\/div>\n<\/div>\n\n\n\n<div style=\"height:50px\" aria-hidden=\"true\" class=\"wp-block-spacer\"><\/div>\n<\/div>\n\n\n\n<div class=\"wp-block-column is-layout-flow wp-block-column-is-layout-flow\" style=\"flex-basis:5px\"><\/div>\n\n\n\n<div class=\"wp-block-column is-layout-flow wp-block-column-is-layout-flow\">\n<h2 class=\"wp-block-heading has-text-align-center\"><strong>M\u00e1s informaci\u00f3n sobre la producci\u00f3n de levaduras<\/strong><\/h2>\n\n\n\n<div class=\"wp-block-buttons is-content-justification-center is-layout-flex wp-container-core-buttons-is-layout-16018d1d wp-block-buttons-is-layout-flex\">\n<div class=\"wp-block-button\"><a class=\"wp-block-button__link wp-element-button\" href=\"https:\/\/oenobrands.com\/yeast-production\/\">Producci\u00f3n de levaduras<\/a><\/div>\n<\/div>\n\n\n\n<div style=\"height:30px\" aria-hidden=\"true\" class=\"wp-block-spacer\"><\/div>\n<\/div>\n<\/div>\n\n<div style=\"height:50px\" aria-hidden=\"true\" class=\"wp-block-spacer\"><\/div>\n\n<h2 class=\"wp-block-heading\"><strong>Descubre nuestra gama de levaduras Fermivin:<\/strong><\/h2>\n\n<div style=\"height:50px\" aria-hidden=\"true\" class=\"wp-block-spacer\"><\/div>\n","protected":false},"excerpt":{"rendered":"<p>Portafolio Fermivin en pocas palabras Con m\u00e1s de 50 a\u00f1os de experiencia en la [&hellip;]<\/p>\n","protected":false},"author":3,"featured_media":16121,"parent":16319,"menu_order":1,"comment_status":"closed","ping_status":"closed","template":"page-premier-products-list.php","meta":{"_acf_changed":false,"_seopress_robots_primary_cat":"0","_seopress_titles_title":"","_seopress_titles_desc":"","_seopress_robots_index":"","footnotes":""},"class_list":["post-17941","page","type-page","status-publish","has-post-thumbnail"],"acf":[],"_links":{"self":[{"href":"https:\/\/oenobrands.com\/es\/wp-json\/wp\/v2\/pages\/17941","targetHints":{"allow":["GET"]}}],"collection":[{"href":"https:\/\/oenobrands.com\/es\/wp-json\/wp\/v2\/pages"}],"about":[{"href":"https:\/\/oenobrands.com\/es\/wp-json\/wp\/v2\/types\/page"}],"author":[{"embeddable":true,"href":"https:\/\/oenobrands.com\/es\/wp-json\/wp\/v2\/users\/3"}],"replies":[{"embeddable":true,"href":"https:\/\/oenobrands.com\/es\/wp-json\/wp\/v2\/comments?post=17941"}],"version-history":[{"count":0,"href":"https:\/\/oenobrands.com\/es\/wp-json\/wp\/v2\/pages\/17941\/revisions"}],"up":[{"embeddable":true,"href":"https:\/\/oenobrands.com\/es\/wp-json\/wp\/v2\/pages\/16319"}],"wp:featuredmedia":[{"embeddable":true,"href":"https:\/\/oenobrands.com\/es\/wp-json\/wp\/v2\/media\/16121"}],"wp:attachment":[{"href":"https:\/\/oenobrands.com\/es\/wp-json\/wp\/v2\/media?parent=17941"}],"curies":[{"name":"wp","href":"https:\/\/api.w.org\/{rel}","templated":true}]}}