{"id":16473,"date":"2022-10-19T22:08:07","date_gmt":"2022-10-19T20:08:07","guid":{"rendered":"https:\/\/oenobrands.com\/producto\/enzyma\/rapidase\/rapidase-extra-fruit\/"},"modified":"2025-12-11T10:41:21","modified_gmt":"2025-12-11T09:41:21","slug":"rapidase-extra-fruit","status":"publish","type":"page","link":"https:\/\/oenobrands.com\/es\/producto\/enzyma\/rapidase\/rapidase-extra-fruit\/","title":{"rendered":"Rapidase Extra Fruit"},"content":{"rendered":"\n<h1 class=\"wp-block-heading has-text-color\" style=\"color:#ce0058\">Rapidase Extra Fruit<\/h1>\n\n\n\n<div style=\"height:30px\" aria-hidden=\"true\" class=\"wp-block-spacer\"><\/div>\n\n\n\n<h2 class=\"wp-block-heading\"><strong>Enzima para la extracci\u00f3n r\u00e1pida y temprana de precursores de aromas durante la maceraci\u00f3n de uvas tintas<\/strong><\/h2>\n\n\n\n<div style=\"height:30px\" aria-hidden=\"true\" class=\"wp-block-spacer\"><\/div>\n\n\n\n<h3 class=\"wp-block-heading\"><strong>FINALIDAD<\/strong><\/h3>\n\n\n\n<p><strong>Rapidase<sup>\u00ae<\/sup> Extra Fruit <\/strong>permite la extracci\u00f3n selectiva de los precursores del aroma afrutado contenidos en los hollejos de las uvas tintas. <\/p>\n\n\n\n<p>Su uso permite reducir el tiempo y la temperatura de maceraci\u00f3n, as\u00ed como hacer un menor uso de m\u00e9todos mec\u00e1nicos potencialmente oxidativos como los bazuqueos o largas maceraciones prefermentativas en fr\u00edo.<\/p>\n\n\n\n<div style=\"height:50px\" aria-hidden=\"true\" class=\"wp-block-spacer\"><\/div>\n\n\n\n<div class=\"wp-block-columns is-layout-flex wp-container-core-columns-is-layout-9d6595d7 wp-block-columns-is-layout-flex\">\n<div class=\"wp-block-column is-layout-flow wp-block-column-is-layout-flow\" style=\"flex-basis:45%\">\n<h3 class=\"wp-block-heading has-text-color\" style=\"color:#ce0058\"><strong>Composici\u00f3n<\/strong><\/h3>\n\n\n\n<p><strong>Rapidase Extra Fruit<\/strong> es una preparaci\u00f3n de enzimas pectol\u00edticas, microgranulada, con actividades secundarias esenciales para preservar el color.<\/p>\n\n\n\n<p><strong>Rapidase Extra Fruit<\/strong> contiene niveles naturalmente bajos de antocianasa.<\/p>\n\n\n\n<div style=\"height:50px\" aria-hidden=\"true\" class=\"wp-block-spacer\"><\/div>\n\n\n\n<h3 class=\"wp-block-heading has-text-color\" style=\"color:#ce0058\"><strong>Probado y Validado<\/strong><\/h3>\n\n\n\n<p>Con el fin de ofrecer la mayor eficacia durante su aplicaci\u00f3n, todas las formulaciones Rapidase<sup>\u00ae<\/sup> son desarrolladas y probadas en colaboraci\u00f3n con los institutos de investigaci\u00f3n enol\u00f3gica de mayor renombre y prestigio a nivel mundial, y validadas a escala industrial en bodega.<\/p>\n\n\n<div class=\"wp-block-image is-style-zoooom\">\n<figure class=\"aligncenter size-full\"><img alt=\"\" loading=\"lazy\" decoding=\"async\" width=\"685\" height=\"591\" src=\"http:\/\/oenobrands.com\/wp-content\/uploads\/2024\/05\/Product_Rapidase-Extra-fruit-1.png\" alt=\"\" class=\"wp-image-7636\" srcset=\"https:\/\/oenobrands.com\/wp-content\/uploads\/2024\/05\/Product_Rapidase-Extra-fruit-1.png 685w, https:\/\/oenobrands.com\/wp-content\/uploads\/2024\/05\/Product_Rapidase-Extra-fruit-1-300x259.png 300w\" sizes=\"auto, (max-width: 685px) 100vw, 685px\" \/><figcaption class=\"wp-element-caption\">Comparaci\u00f3n de enzimas de maceraci\u00f3n en atributos organol\u00e9pticos de Pinot Noir, Bayern, Germany.<\/figcaption><\/figure>\n<\/div>\n\n\n<div style=\"height:50px\" aria-hidden=\"true\" class=\"wp-block-spacer\"><\/div>\n\n\n\n<p>Nuestro personal t\u00e9cnico y de ventas est\u00e1 disponible para proporcionarle los resultados de las pruebas, as\u00ed como para ayudarle a conseguir los mejores resultados con nuestros productos en las condiciones espec\u00edficas de su bodega.<\/p>\n<\/div>\n\n\n\n<div class=\"wp-block-column is-layout-flow wp-block-column-is-layout-flow\" style=\"flex-basis:6%\"><\/div>\n\n\n\n<div class=\"wp-block-column has-background is-layout-flow wp-block-column-is-layout-flow\" style=\"background-color:#f7f7f7;flex-basis:45%\">\n<div class=\"wp-block-columns is-layout-flex wp-container-core-columns-is-layout-9d6595d7 wp-block-columns-is-layout-flex\">\n<div class=\"wp-block-column is-layout-flow wp-block-column-is-layout-flow\"><div class=\"wp-block-image\">\n<figure class=\"aligncenter size-full\"><img loading=\"lazy\" decoding=\"async\" width=\"793\" height=\"151\" src=\"http:\/\/oenobrands.com\/wp-content\/uploads\/2024\/05\/Rapidase_Extra_fruit_title-no-font.png\" alt=\"Rapidase_Extra_fruit_wine-enzyme-vin\" class=\"wp-image-7430\" srcset=\"https:\/\/oenobrands.com\/wp-content\/uploads\/2024\/05\/Rapidase_Extra_fruit_title-no-font.png 793w, https:\/\/oenobrands.com\/wp-content\/uploads\/2024\/05\/Rapidase_Extra_fruit_title-no-font-300x57.png 300w, https:\/\/oenobrands.com\/wp-content\/uploads\/2024\/05\/Rapidase_Extra_fruit_title-no-font-768x146.png 768w\" sizes=\"auto, (max-width: 793px) 100vw, 793px\" \/><\/figure>\n<\/div><\/div>\n<\/div>\n\n\n\n<div style=\"height:40px\" aria-hidden=\"true\" class=\"wp-block-spacer\"><\/div>\n\n\n\n<p class=\"has-text-align-center\"><strong>DESCARGAR LA FICHA T\u00c9CNICA DE APLICACI\u00d3N<\/strong><\/p>\n\n\n\n<div class=\"wp-block-group\"><div class=\"wp-block-group__inner-container is-layout-constrained wp-block-group-is-layout-constrained\">\n<div class=\"wp-block-columns is-not-stacked-on-mobile is-layout-flex wp-container-core-columns-is-layout-9d6595d7 wp-block-columns-is-layout-flex\">\n<div class=\"wp-block-column is-layout-flow wp-block-column-is-layout-flow\">\n<figure class=\"wp-block-image size-full\"><a href=\"https:\/\/oenobrands.com\/wp-content\/uploads\/2025\/12\/RAPIDASE-ADS-EN-Extrafruit-2025-A4_G-01.pdf\" target=\"_blank\" rel=\"noreferrer noopener\"><img loading=\"lazy\" decoding=\"async\" width=\"180\" height=\"94\" src=\"http:\/\/oenobrands.com\/wp-content\/uploads\/2023\/04\/flag-united-states-english-american.png\" alt=\"drapeau flag usa english american\" class=\"wp-image-2510\"\/><\/a><\/figure>\n<\/div>\n\n\n\n<div class=\"wp-block-column is-layout-flow wp-block-column-is-layout-flow\">\n<figure class=\"wp-block-image size-full\"><a href=\"https:\/\/oenobrands.com\/wp-content\/uploads\/2025\/12\/RAPIDASE-ADS-FR-Extrafruit-2025-A4-G-01.pdf\" target=\"_blank\" rel=\"noreferrer noopener\"><img loading=\"lazy\" decoding=\"async\" width=\"180\" height=\"94\" src=\"http:\/\/oenobrands.com\/wp-content\/uploads\/2023\/04\/drapeau-francais-france.png\" alt=\"drapeau flag francais france\" class=\"wp-image-2508\"\/><\/a><\/figure>\n<\/div>\n\n\n\n<div class=\"wp-block-column is-layout-flow wp-block-column-is-layout-flow\">\n<figure class=\"wp-block-image size-full is-resized\"><a href=\"https:\/\/oenobrands.com\/wp-content\/uploads\/2025\/12\/RAPIDASE-ADS-ES-Extrafruit-2025-A4-G-01.pdf\" target=\"_blank\" rel=\"noreferrer noopener\"><img loading=\"lazy\" decoding=\"async\" width=\"180\" height=\"94\" src=\"http:\/\/oenobrands.com\/wp-content\/uploads\/2023\/04\/bandiera-spagnola-spagna.png\" alt=\"drapeau flag bandiera spagnola spagna\" class=\"wp-image-2506\" style=\"width:41px;height:auto\"\/><\/a><\/figure>\n<\/div>\n\n\n\n<div class=\"wp-block-column is-layout-flow wp-block-column-is-layout-flow\">\n<figure class=\"wp-block-image size-full\"><a href=\"https:\/\/oenobrands.com\/wp-content\/uploads\/2025\/12\/RAPIDASE-ADS-IT-Extrafruit-2025-A4-G-01.pdf\" target=\"_blank\" rel=\"noreferrer noopener\"><img loading=\"lazy\" decoding=\"async\" width=\"180\" height=\"94\" src=\"http:\/\/oenobrands.com\/wp-content\/uploads\/2023\/04\/bandiera-italiana-italy.png\" alt=\"drapeau flag bandiera italiana italy\" class=\"wp-image-2512\"\/><\/a><\/figure>\n<\/div>\n\n\n\n<div class=\"wp-block-column is-layout-flow wp-block-column-is-layout-flow\">\n<figure class=\"wp-block-image size-full\"><a href=\"https:\/\/oenobrands.com\/wp-content\/uploads\/2025\/12\/RAPIDASE-ADS-PT-Extrafruit-2025-A4-G-01.pdf\" target=\"_blank\" rel=\"noreferrer noopener\"><img loading=\"lazy\" decoding=\"async\" width=\"180\" height=\"94\" src=\"http:\/\/oenobrands.com\/wp-content\/uploads\/2024\/05\/Flag-drapeau-Portugal.png\" alt=\"Flag-drapeau-Portugal\" class=\"wp-image-7139\"\/><\/a><\/figure>\n<\/div>\n\n\n\n<div class=\"wp-block-column is-layout-flow wp-block-column-is-layout-flow\">\n<figure class=\"wp-block-image size-full\"><a href=\"https:\/\/oenobrands.com\/wp-content\/uploads\/2025\/12\/RAPIDASE-ADS-ALL-Extrafruit-2025-A4-G-01.pdf\" target=\"_blank\" rel=\"noreferrer noopener\"><img loading=\"lazy\" decoding=\"async\" width=\"180\" height=\"94\" src=\"http:\/\/oenobrands.com\/wp-content\/uploads\/2023\/05\/Flagge-Deutschland.png\" alt=\"Flagge-Deutschland\" class=\"wp-image-3550\"\/><\/a><\/figure>\n<\/div>\n<\/div>\n\n\n\n<div class=\"wp-block-columns is-not-stacked-on-mobile is-layout-flex wp-container-core-columns-is-layout-9d6595d7 wp-block-columns-is-layout-flex\">\n<div class=\"wp-block-column is-layout-flow wp-block-column-is-layout-flow\">\n<figure class=\"wp-block-image size-full\"><a href=\"https:\/\/oenobrands.com\/wp-content\/uploads\/2025\/12\/RAPIDASE-ADS-RO-Extrafruit-2025-A4-G-01.pdf\" target=\"_blank\" rel=\"noreferrer noopener\"><img loading=\"lazy\" decoding=\"async\" width=\"180\" height=\"94\" src=\"http:\/\/oenobrands.com\/wp-content\/uploads\/2024\/05\/Flag-drapeau-Roumanie.png\" alt=\"Flag-drapeau-Roumanie\" class=\"wp-image-7145\"\/><\/a><\/figure>\n<\/div>\n\n\n\n<div class=\"wp-block-column is-layout-flow wp-block-column-is-layout-flow\">\n<figure class=\"wp-block-image size-full\"><a href=\"https:\/\/oenobrands.com\/wp-content\/uploads\/2025\/12\/RAPIDASE-ADS-CROATE-Extrafruit-2025-A4-G-01.pdf\" target=\"_blank\" rel=\"noreferrer noopener\"><img loading=\"lazy\" decoding=\"async\" width=\"180\" height=\"94\" src=\"http:\/\/oenobrands.com\/wp-content\/uploads\/2024\/05\/flag-drapeau-croatie.png\" alt=\"flag-drapeau-croatie\" class=\"wp-image-7143\"\/><\/a><\/figure>\n<\/div>\n\n\n\n<div class=\"wp-block-column is-layout-flow wp-block-column-is-layout-flow\">\n<figure class=\"wp-block-image size-full\"><a href=\"https:\/\/oenobrands.com\/wp-content\/uploads\/2025\/12\/RAPIDASE-ADS-CZ-Extrafruit-2025-A4-Biopro-G-01.pdf\" target=\"_blank\" rel=\"noreferrer noopener\"><img loading=\"lazy\" decoding=\"async\" width=\"180\" height=\"94\" src=\"http:\/\/oenobrands.com\/wp-content\/uploads\/2023\/05\/Flag-vlajka-Czech-Republic.png\" alt=\"Flag-vlajka-Czech-Republic-drapeau\" class=\"wp-image-3548\"\/><\/a><\/figure>\n<\/div>\n\n\n\n<div class=\"wp-block-column is-layout-flow wp-block-column-is-layout-flow\">\n<figure class=\"wp-block-image size-full\"><a href=\"https:\/\/oenobrands.com\/wp-content\/uploads\/2025\/12\/RAPIDASE-ADS-BUL-Extrafruit-2025-A4-G-01.pdf\" target=\"_blank\" rel=\"noreferrer noopener\"><img alt=\"\" loading=\"lazy\" decoding=\"async\" width=\"180\" height=\"94\" src=\"http:\/\/oenobrands.com\/wp-content\/uploads\/2024\/05\/flag-drapeau-bulgarie.png\" alt=\"\" class=\"wp-image-7141\"\/><\/a><\/figure>\n<\/div>\n\n\n\n<div class=\"wp-block-column is-layout-flow wp-block-column-is-layout-flow\"><\/div>\n\n\n\n<div class=\"wp-block-column is-layout-flow wp-block-column-is-layout-flow\"><\/div>\n<\/div>\n<\/div><\/div>\n\n\n\n<hr class=\"wp-block-separator has-text-color has-black-color has-alpha-channel-opacity has-black-background-color has-background\"\/>\n\n\n\n<div class=\"wp-block-buttons is-content-justification-center is-layout-flex wp-container-core-buttons-is-layout-16018d1d wp-block-buttons-is-layout-flex\">\n<div class=\"wp-block-button\"><a class=\"wp-block-button__link wp-element-button\" href=\"https:\/\/oenobrands.com\/es\/nuestra-red-de-distribuidores\/<br\/&gt;<br\/&gt;<div style=&quot;all: initial !important;&quot;&gt; <\/div&gt;\">SU DISTRIBUIDOR<\/a><\/div>\n<\/div>\n\n\n\n<hr class=\"wp-block-separator has-text-color has-black-color has-alpha-channel-opacity has-black-background-color has-background\"\/>\n\n\n\n<h3 class=\"wp-block-heading\"><strong>Instrucciones de uso y dosificaci\u00f3n<\/strong><\/h3>\n\n\n\n<ul class=\"wp-block-list\">\n<li>A\u00f1adir lo antes posible en la estrujadora o durante la maceraci\u00f3n.<\/li>\n\n\n\n<li>Diluir 10 veces antes de la adici\u00f3n.<\/li>\n<\/ul>\n\n\n\n<p class=\"has-text-align-left\"><strong>UVAS TINTAS<\/strong><\/p>\n\n\n\n<figure class=\"wp-block-table aligncenter\"><table><thead><tr><th class=\"has-text-align-center\" data-align=\"center\">T\u00aa<\/th><th class=\"has-text-align-center\" data-align=\"center\">Dosis<\/th><\/tr><\/thead><tbody><tr><td class=\"has-text-align-center\" data-align=\"center\">8-12 \u00b0C<br>(con maceraci\u00f3n prefermentativa en fr\u00edo)<\/td><td class=\"has-text-align-center\" data-align=\"center\">3 g\/100 Kg<\/td><\/tr><tr><td class=\"has-text-align-center\" data-align=\"center\">&gt; 20 \u00b0C<br>(En maceraci\u00f3n\/fermentaci\u00f3n tradicional)<\/td><td class=\"has-text-align-center\" data-align=\"center\">2 g\/100 Kg<\/td><\/tr><\/tbody><\/table><figcaption class=\"wp-element-caption\"><strong>Nota: Para uvas con hollejos gruesos o cosecha temprana: 3 g\/100 Kg.<\/strong><\/figcaption><\/figure>\n\n\n\n<div style=\"height:30px\" aria-hidden=\"true\" class=\"wp-block-spacer\"><\/div>\n\n\n\n<ul class=\"wp-block-list\">\n<li>Activa de 10 a 50 \u00b0C. La actividad aumenta con la temperatura; las temperaturas superiores a 50 \u00b0C inactivan <strong>Rapidase Extra Fruit.<\/strong> <\/li>\n\n\n\n<li>Activa dentro del intervalo de pH del vino y en presencia de concentraciones normales de SO2.<\/li>\n\n\n\n<li>Eliminado por bentonita.<\/li>\n<\/ul>\n\n\n\n<h3 class=\"wp-block-heading\"><strong>Envase<\/strong><\/h3>\n\n\n\n<p><strong>Rapidase Extra Fruit<\/strong> est\u00e1 disponible en frascos de 100 g y 1 Kg.<\/p>\n\n\n\n<h3 class=\"wp-block-heading\"><strong>Conservaci\u00f3n<\/strong><\/h3>\n\n\n\n<p>Cons\u00e9rvese en un lugar seco y fresco entre 5 y 15 \u00b0C.<\/p>\n\n\n\n<p>Una vez abierto, este producto se puede utilizar hasta su fecha de caducidad.<\/p>\n<\/div>\n<\/div>\n\n\n\n<div class=\"wp-block-group\"><div class=\"wp-block-group__inner-container is-layout-constrained wp-block-group-is-layout-constrained\">\n<div style=\"height:30px\" aria-hidden=\"true\" class=\"wp-block-spacer\"><\/div>\n\n\n\n<hr class=\"wp-block-separator has-text-color has-black-color has-alpha-channel-opacity has-black-background-color has-background\"\/>\n<\/div><\/div>\n\n\n\n<div class=\"wp-block-columns is-layout-flex wp-container-core-columns-is-layout-9d6595d7 wp-block-columns-is-layout-flex\">\n<div class=\"wp-block-column is-layout-flow wp-block-column-is-layout-flow\">\n<div class=\"wp-block-group\"><div class=\"wp-block-group__inner-container is-layout-constrained wp-block-group-is-layout-constrained\">\n<h2 class=\"wp-block-heading\"><strong><strong>Descubra soluciones relacionadas:<\/strong> <\/strong><\/h2>\n\n\n\n<div style=\"height:30px\" aria-hidden=\"true\" class=\"wp-block-spacer\"><\/div>\n\n\n\n<p><strong>\u00bfBusca un enfoque m\u00e1s hol\u00edstico de la vinificaci\u00f3n?<\/strong> Descubra nuestras soluciones enol\u00f3gicas avanzadas relacionadas con <strong>Rapidase Extra Fruit<\/strong>.<\/p>\n\n\n\n<div style=\"height:30px\" aria-hidden=\"true\" class=\"wp-block-spacer\"><\/div>\n\n\n\n<div class=\"wp-block-columns are-vertically-aligned-center is-layout-flex wp-container-core-columns-is-layout-9d6595d7 wp-block-columns-is-layout-flex\">\n<div class=\"wp-block-column is-vertically-aligned-center is-layout-flow wp-block-column-is-layout-flow\" style=\"flex-basis:100%\">\n<div class=\"wp-block-buttons is-content-justification-center is-layout-flex wp-container-core-buttons-is-layout-16018d1d wp-block-buttons-is-layout-flex\">\n<div class=\"wp-block-button is-style-fill\"><a class=\"wp-block-button__link wp-element-button\" href=\"https:\/\/oenobrands.com\/aroma-extraction-from-grapes\/\" target=\"_blank\" rel=\"noreferrer noopener\">Extracci\u00f3n de aromas<\/a><\/div>\n\n\n\n<div class=\"wp-block-button is-style-fill\"><a class=\"wp-block-button__link wp-element-button\" href=\"https:\/\/oenobrands.com\/solution\/colour\/colour-extraction\/\" target=\"_blank\" rel=\"noreferrer noopener\">Extracci\u00f3n del color<\/a><\/div>\n\n\n\n<div class=\"wp-block-button is-style-fill\"><a class=\"wp-block-button__link wp-element-button\" href=\"https:\/\/oenobrands.com\/es\/solucion\/color\/estabilizacion-del-color-del-vino\/\" target=\"_blank\" rel=\"noreferrer noopener\">Estabilizaci\u00f3n del color<\/a><\/div>\n\n\n\n<div class=\"wp-block-button is-style-fill\"><a class=\"wp-block-button__link wp-element-button\" href=\"https:\/\/oenobrands.com\/es\/solucion\/aroma-del-vino\/compuestos-aromaticos-positivos-clave\/\" target=\"_blank\" rel=\"noreferrer noopener\">Compuestos arom\u00e1ticos<\/a><\/div>\n<\/div>\n<\/div>\n<\/div>\n<\/div><\/div>\n\n\n\n<div style=\"height:30px\" aria-hidden=\"true\" class=\"wp-block-spacer\"><\/div>\n<\/div>\n\n\n\n<div class=\"wp-block-column is-layout-flow wp-block-column-is-layout-flow\">\n<h2 class=\"wp-block-heading\"><strong>\u00bfBusca otra cosa?<\/strong><\/h2>\n\n\n\n<div style=\"height:30px\" aria-hidden=\"true\" class=\"wp-block-spacer\"><\/div>\n\n\n\n<p>Visite nuestra secci\u00f3n de Soluciones, donde ofrecemos orientaci\u00f3n experta, conocimientos reconocidos y enfoques innovadores organizados seg\u00fan las etapas del proceso de vinificaci\u00f3n. <strong>Desde la fermentaci\u00f3n hasta la filtraci\u00f3n y el embotellado, le ofrecemos soluciones para mejorar cada etapa de su proceso de vinificaci\u00f3n.<\/strong><\/p>\n\n\n\n<div style=\"height:30px\" aria-hidden=\"true\" class=\"wp-block-spacer\"><\/div>\n\n\n\n<div class=\"wp-block-columns are-vertically-aligned-center is-layout-flex wp-container-core-columns-is-layout-9d6595d7 wp-block-columns-is-layout-flex\">\n<div class=\"wp-block-column is-vertically-aligned-center is-layout-flow wp-block-column-is-layout-flow\" style=\"flex-basis:100%\">\n<div class=\"wp-block-buttons is-content-justification-center is-layout-flex wp-container-core-buttons-is-layout-16018d1d wp-block-buttons-is-layout-flex\">\n<div class=\"wp-block-button is-style-fill\"><a class=\"wp-block-button__link wp-element-button\" href=\"https:\/\/oenobrands.com\/es\/solucion\/\" target=\"_blank\" rel=\"noreferrer noopener\">Advanced winemaking solutions<\/a><\/div>\n<\/div>\n<\/div>\n<\/div>\n<\/div>\n<\/div>\n\n\n\n<hr class=\"wp-block-separator has-alpha-channel-opacity\"\/>\n\n\n\n<div style=\"height:30px\" aria-hidden=\"true\" class=\"wp-block-spacer\"><\/div>\n\n\n\n<div class=\"wp-block-columns is-layout-flex wp-container-core-columns-is-layout-9d6595d7 wp-block-columns-is-layout-flex\">\n<div class=\"wp-block-column is-vertically-aligned-center is-layout-flow wp-block-column-is-layout-flow\" style=\"flex-basis:30%\">\n<h1 class=\"wp-block-heading has-text-color\" style=\"color:#545859\">Descubre la gama RAPIDASE<\/h1>\n\n\n\n<div style=\"height:30px\" aria-hidden=\"true\" class=\"wp-block-spacer\"><\/div>\n\n\n\n<div class=\"wp-block-buttons is-content-justification-center is-layout-flex wp-container-core-buttons-is-layout-16018d1d wp-block-buttons-is-layout-flex\">\n<div class=\"wp-block-button\"><a class=\"wp-block-button__link has-background wp-element-button\" href=\"https:\/\/oenobrands.com\/product\/enzyme\/rapidase\/\" style=\"background-color:#545859\" target=\"_blank\" rel=\"noreferrer noopener\">RAPIDASE<\/a><\/div>\n<\/div>\n<\/div>\n\n\n\n<div class=\"wp-block-column is-layout-flow wp-block-column-is-layout-flow\"><div class=\"wp-block-image\">\n<figure class=\"aligncenter size-full\"><img decoding=\"async\" src=\"http:\/\/oenobrands.com\/wp-content\/uploads\/2023\/05\/OENOBRANDS-Rapidase-bandeau.png\" alt=\"OENOBRANDS-Rapidase-bandeau\" class=\"wp-image-4529\"\/><\/figure>\n<\/div><\/div>\n<\/div>\n\n\n\n<div style=\"height:50px\" aria-hidden=\"true\" class=\"wp-block-spacer\"><\/div>\n","protected":false},"excerpt":{"rendered":"<p>Rapidase Extra Fruit Enzima para la extracci\u00f3n r\u00e1pida y temprana de precursores de aromas [&hellip;]<\/p>\n","protected":false},"author":3,"featured_media":0,"parent":16310,"menu_order":9,"comment_status":"closed","ping_status":"closed","template":"page-product.php","meta":{"_acf_changed":false,"_seopress_robots_primary_cat":"0","_seopress_titles_title":"","_seopress_titles_desc":"","_seopress_robots_index":"","footnotes":""},"class_list":["post-16473","page","type-page","status-publish"],"acf":[],"_links":{"self":[{"href":"https:\/\/oenobrands.com\/es\/wp-json\/wp\/v2\/pages\/16473","targetHints":{"allow":["GET"]}}],"collection":[{"href":"https:\/\/oenobrands.com\/es\/wp-json\/wp\/v2\/pages"}],"about":[{"href":"https:\/\/oenobrands.com\/es\/wp-json\/wp\/v2\/types\/page"}],"author":[{"embeddable":true,"href":"https:\/\/oenobrands.com\/es\/wp-json\/wp\/v2\/users\/3"}],"replies":[{"embeddable":true,"href":"https:\/\/oenobrands.com\/es\/wp-json\/wp\/v2\/comments?post=16473"}],"version-history":[{"count":0,"href":"https:\/\/oenobrands.com\/es\/wp-json\/wp\/v2\/pages\/16473\/revisions"}],"up":[{"embeddable":true,"href":"https:\/\/oenobrands.com\/es\/wp-json\/wp\/v2\/pages\/16310"}],"wp:attachment":[{"href":"https:\/\/oenobrands.com\/es\/wp-json\/wp\/v2\/media?parent=16473"}],"curies":[{"name":"wp","href":"https:\/\/api.w.org\/{rel}","templated":true}]}}