{"id":16324,"date":"2023-06-13T16:33:36","date_gmt":"2023-06-13T14:33:36","guid":{"rendered":"https:\/\/oenobrands.com\/producto\/levadura\/eleccion-fermivin\/"},"modified":"2025-10-29T14:10:13","modified_gmt":"2025-10-29T13:10:13","slug":"eleccion-fermivin","status":"publish","type":"page","link":"https:\/\/oenobrands.com\/es\/producto\/levadura\/eleccion-fermivin\/","title":{"rendered":"Elecci\u00f3n Fermivin"},"content":{"rendered":"\n<div style=\"height:50px\" aria-hidden=\"true\" class=\"wp-block-spacer\"><\/div>\n\n\n\n<h2 class=\"wp-block-heading\"><strong>\u00bfC\u00f3mo elegir dentro de nuestro portafolio Fermivin?<\/strong><\/h2>\n\n\n\n<div style=\"height:30px\" aria-hidden=\"true\" class=\"wp-block-spacer\"><\/div>\n\n\n\n<p>Elegir la levadura adecuada no siempre es una tarea sencilla. Aqu\u00ed hay algunos consejos y reglas b\u00e1sicas a seguir:<\/p>\n\n\n\n<ul class=\"wp-block-list\">\n<li><strong>Calidad y potencial de la uva,<\/strong> considerando la presencia o ausencia de precursores arom\u00e1ticos.<\/li>\n\n\n\n<li><strong>Proceso de vinificaci\u00f3n y equipamiento disponible.<\/strong><\/li>\n\n\n\n<li><strong>Par\u00e1metros enol\u00f3gicos<\/strong>, como los niveles de nitr\u00f3geno, la temperatura de fermentaci\u00f3n, el potencial alcoh\u00f3lico, entre otros.<\/li>\n\n\n\n<li><strong>Objetivos enol\u00f3gicos<\/strong> y tipo de vino deseado, como revelaci\u00f3n arom\u00e1tica, envejecimiento o acceso r\u00e1pido al mercado.<\/li>\n\n\n\n<li><strong>Caracter\u00edsticas de la levadura<\/strong>, asegurando que se alineen con los elementos definidos anteriormente.<\/li>\n<\/ul>\n\n\n\n<p><strong>Conozca c\u00f3mo las levaduras Fermivin contribuyen a la elaboraci\u00f3n del vino, tanto en la fermentaci\u00f3n de vinos blancos como tintos. Tambi\u00e9n destacamos una lista de cepas recomendadas para manejar ciertos desaf\u00edos o aplicaciones espec\u00edficas. <\/strong><\/p>\n\n\n\n<div style=\"height:50px\" aria-hidden=\"true\" class=\"wp-block-spacer\"><\/div>\n\n\n\n<div class=\"wp-block-columns is-layout-flex wp-container-core-columns-is-layout-9d6595d7 wp-block-columns-is-layout-flex\">\n<div class=\"wp-block-column is-layout-flow wp-block-column-is-layout-flow\">\n<h2 class=\"wp-block-heading\"><strong>Posicionamiento para vinos blancos<\/strong><\/h2>\n\n\n\n<div style=\"height:30px\" aria-hidden=\"true\" class=\"wp-block-spacer\"><\/div>\n\n\n<div class=\"wp-block-image is-style-zoooom\">\n<figure class=\"aligncenter size-full is-resized\"><img alt=\"\" loading=\"lazy\" decoding=\"async\" width=\"1050\" height=\"660\" src=\"http:\/\/oenobrands.com\/wp-content\/uploads\/2025\/10\/SP-producto-FERMIVIN-levaduras-blancos-positioning.png\" alt=\"\" class=\"wp-image-20039\" style=\"width:488px;height:auto\" srcset=\"https:\/\/oenobrands.com\/wp-content\/uploads\/2025\/10\/SP-producto-FERMIVIN-levaduras-blancos-positioning.png 1050w, https:\/\/oenobrands.com\/wp-content\/uploads\/2025\/10\/SP-producto-FERMIVIN-levaduras-blancos-positioning-300x189.png 300w, https:\/\/oenobrands.com\/wp-content\/uploads\/2025\/10\/SP-producto-FERMIVIN-levaduras-blancos-positioning-1024x644.png 1024w, https:\/\/oenobrands.com\/wp-content\/uploads\/2025\/10\/SP-producto-FERMIVIN-levaduras-blancos-positioning-768x483.png 768w\" sizes=\"auto, (max-width: 1050px) 100vw, 1050px\" \/><\/figure>\n<\/div><\/div>\n\n\n\n<div class=\"wp-block-column is-layout-flow wp-block-column-is-layout-flow\" style=\"flex-basis:10px\"><\/div>\n\n\n\n<div class=\"wp-block-column is-layout-flow wp-block-column-is-layout-flow\">\n<h2 class=\"wp-block-heading\"><strong>Posicionamiento para vinos tintos<\/strong><\/h2>\n\n\n\n<div style=\"height:30px\" aria-hidden=\"true\" class=\"wp-block-spacer\"><\/div>\n\n\n<div class=\"wp-block-image is-style-zoooom\">\n<figure class=\"aligncenter size-full is-resized\"><img alt=\"\" loading=\"lazy\" decoding=\"async\" width=\"1032\" height=\"597\" src=\"http:\/\/oenobrands.com\/wp-content\/uploads\/2025\/10\/SP-producto-FERMIVIN-levadura-tintos-positioning.png\" alt=\"\" class=\"wp-image-20035\" style=\"width:554px;height:auto\" srcset=\"https:\/\/oenobrands.com\/wp-content\/uploads\/2025\/10\/SP-producto-FERMIVIN-levadura-tintos-positioning.png 1032w, https:\/\/oenobrands.com\/wp-content\/uploads\/2025\/10\/SP-producto-FERMIVIN-levadura-tintos-positioning-300x174.png 300w, https:\/\/oenobrands.com\/wp-content\/uploads\/2025\/10\/SP-producto-FERMIVIN-levadura-tintos-positioning-1024x592.png 1024w, https:\/\/oenobrands.com\/wp-content\/uploads\/2025\/10\/SP-producto-FERMIVIN-levadura-tintos-positioning-768x444.png 768w\" sizes=\"auto, (max-width: 1032px) 100vw, 1032px\" \/><\/figure>\n<\/div><\/div>\n<\/div>\n\n\n\n<div style=\"height:50px\" aria-hidden=\"true\" class=\"wp-block-spacer\"><\/div>\n\n\n\n<h2 class=\"wp-block-heading\"><strong>Detalles de las cepas Fermivin <\/strong><\/h2>\n\n\n\n<div style=\"height:30px\" aria-hidden=\"true\" class=\"wp-block-spacer\"><\/div>\n\n\n\n<div class=\"wp-block-columns is-layout-flex wp-container-core-columns-is-layout-9d6595d7 wp-block-columns-is-layout-flex\">\n<div class=\"wp-block-column is-layout-flow wp-block-column-is-layout-flow\">\n<figure class=\"wp-block-table aligncenter is-style-stripes\"><table><thead><tr><th class=\"has-text-align-center\" data-align=\"center\">Nombre del producto<\/th><th class=\"has-text-align-center\" data-align=\"center\">Tipo de vino<\/th><th class=\"has-text-align-center\" data-align=\"center\">Vino<\/th><th class=\"has-text-align-center\" data-align=\"center\">In-Line Ready<\/th><\/tr><\/thead><tbody><tr><td class=\"has-text-align-center\" data-align=\"center\"><a href=\"https:\/\/oenobrands.com\/es\/producto\/levadura\/fermivin\/fermivin-vineae\/\"><img loading=\"lazy\" decoding=\"async\" width=\"110\" height=\"41\" class=\"wp-image-8723\" style=\"width: 110px;\" src=\"http:\/\/oenobrands.com\/wp-content\/uploads\/2024\/06\/Fermivin_VINEAE_mini_sticker-removebg-preview.png\" alt=\"Fermivin-VINEAE-wine-yeast\"><\/a><\/td><td class=\"has-text-align-center\" data-align=\"center\">Vinos arom\u00e1ticos muy florales con volumen<\/td><td class=\"has-text-align-center\" data-align=\"center\">B, Ro, R, C<\/td><td class=\"has-text-align-center\" data-align=\"center\"><\/td><\/tr><tr><td class=\"has-text-align-center\" data-align=\"center\"><a href=\"https:\/\/oenobrands.com\/es\/producto\/levadura\/fermivin\/fermivin-3c\/\" target=\"_blank\" rel=\"noreferrer noopener\"><img loading=\"lazy\" decoding=\"async\" width=\"100\" height=\"37\" class=\"wp-image-8710\" style=\"width: 100px;\" src=\"http:\/\/oenobrands.com\/wp-content\/uploads\/2024\/06\/Fermivin_3C-mini_sticker-removebg-preview-1.png\" alt=\"Fermivin-3C-wine-yeast\"><\/a><\/td><td class=\"has-text-align-center\" data-align=\"center\">Vinos elegantes, redondos, afrutados y complejos<\/td><td class=\"has-text-align-center\" data-align=\"center\">B<\/td><td class=\"has-text-align-center\" data-align=\"center\"><strong>\u2713<\/strong><\/td><\/tr><tr><td class=\"has-text-align-center\" data-align=\"center\"><a href=\"https:\/\/oenobrands.com\/es\/producto\/levadura\/fermivin\/fermivin-it61\/\" target=\"_blank\" rel=\"noreferrer noopener\"><img loading=\"lazy\" decoding=\"async\" width=\"100\" height=\"37\" class=\"wp-image-8735\" style=\"width: 100px;\" src=\"http:\/\/oenobrands.com\/wp-content\/uploads\/2024\/06\/Fermivin_IT61_-_mini_sticker-removebg-preview.png\" alt=\"Fermivin-IT61-wine-yeast\"><\/a><\/td><td class=\"has-text-align-center\" data-align=\"center\">Vinos tropicales intensos con volumen<\/td><td class=\"has-text-align-center\" data-align=\"center\">B, Ro, T<\/td><td class=\"has-text-align-center\" data-align=\"center\"><strong>\u2713<\/strong><\/td><\/tr><tr><td class=\"has-text-align-center\" data-align=\"center\"><a href=\"https:\/\/oenobrands.com\/es\/producto\/levadura\/fermivin\/fermivin-ts28\/\" target=\"_blank\" rel=\"noreferrer noopener\"><img loading=\"lazy\" decoding=\"async\" width=\"100\" height=\"37\" class=\"wp-image-8753\" style=\"width: 100px;\" src=\"http:\/\/oenobrands.com\/wp-content\/uploads\/2024\/06\/Fermivin_ts28-_mini_sticker-removebg-preview.png\" alt=\"Fermivin-TS28-wine-yeast\"><\/a><\/td><td class=\"has-text-align-center\" data-align=\"center\">Vinos ti\u00f3licos frescos y herb\u00e1ceos<\/td><td class=\"has-text-align-center\" data-align=\"center\">B<\/td><td class=\"has-text-align-center\" data-align=\"center\"><strong>\u2713<\/strong><\/td><\/tr><tr><td class=\"has-text-align-center\" data-align=\"center\"><a href=\"https:\/\/oenobrands.com\/es\/producto\/levadura\/fermivin\/fermivin-4f9\/\" target=\"_blank\" rel=\"noreferrer noopener\"><img loading=\"lazy\" decoding=\"async\" width=\"100\" height=\"37\" class=\"wp-image-8713\" style=\"width: 100px;\" src=\"http:\/\/oenobrands.com\/wp-content\/uploads\/2024\/06\/Fermivin_4F9-_mini_sticker-removebg-preview.png\" alt=\"Fermivin-4F9-wine-yeast\"><\/a><\/td><td class=\"has-text-align-center\" data-align=\"center\">Vinos blancos y rosados redondos y afrutados<\/td><td class=\"has-text-align-center\" data-align=\"center\">B, Ro, Es, S, F<\/td><td class=\"has-text-align-center\" data-align=\"center\"><strong>\u2713<\/strong><\/td><\/tr><tr><td class=\"has-text-align-center\" data-align=\"center\"><a href=\"https:\/\/oenobrands.com\/es\/producto\/levadura\/fermivin\/fermivin-ar2\/\" target=\"_blank\" rel=\"noreferrer noopener\"><img loading=\"lazy\" decoding=\"async\" width=\"100\" height=\"37\" class=\"wp-image-8719\" style=\"width: 100px;\" src=\"http:\/\/oenobrands.com\/wp-content\/uploads\/2024\/06\/Fermivin_AR2_-_mini_sticker-removebg-preview.png\" alt=\"Fermivin-AR2-wine-yeast\"><\/a><\/td><td class=\"has-text-align-center\" data-align=\"center\">Vinos blancos y rosados intensamente arom\u00e1ticos<\/td><td class=\"has-text-align-center\" data-align=\"center\">B, Ro, S, F<\/td><td class=\"has-text-align-center\" data-align=\"center\"><strong>\u2713<\/strong><\/td><\/tr><tr><td class=\"has-text-align-center\" data-align=\"center\"><a href=\"https:\/\/oenobrands.com\/es\/producto\/levadura\/fermivin\/fermivin-lvcb\/\" target=\"_blank\" rel=\"noreferrer noopener\"><img loading=\"lazy\" decoding=\"async\" width=\"100\" height=\"38\" class=\"wp-image-8741\" style=\"width: 100px;\" src=\"http:\/\/oenobrands.com\/wp-content\/uploads\/2024\/06\/Fermivin_LVCB_-_mini_sticker-removebg-preview.png\" alt=\"Fermivin-LVCB-wine-yeast\"><\/a><\/td><td class=\"has-text-align-center\" data-align=\"center\">Vinos minerales, frescos y arom\u00e1ticos<\/td><td class=\"has-text-align-center\" data-align=\"center\">B, Es<\/td><td class=\"has-text-align-center\" data-align=\"center\"><strong>\u2713<\/strong><\/td><\/tr><tr><td class=\"has-text-align-center\" data-align=\"center\"><a href=\"https:\/\/oenobrands.com\/es\/producto\/levadura\/fermivin\/fermivin-vb1\/\" target=\"_blank\" rel=\"noreferrer noopener\"><img loading=\"lazy\" decoding=\"async\" width=\"100\" height=\"38\" class=\"wp-image-8721\" style=\"width: 100px;\" src=\"http:\/\/oenobrands.com\/wp-content\/uploads\/2024\/06\/Fermivin_VB1-_mini_sticker-removebg-preview.png\" alt=\"Fermivin-VB1-wine-yeast\"><\/a><\/td><td class=\"has-text-align-center\" data-align=\"center\">Vinos blancos secos premium<\/td><td class=\"has-text-align-center\" data-align=\"center\">B<\/td><td class=\"has-text-align-center\" data-align=\"center\"><strong>\u2713<\/strong><\/td><\/tr><tr><td class=\"has-text-align-center\" data-align=\"center\"><a href=\"https:\/\/oenobrands.com\/es\/producto\/levadura\/fermivin\/fermivin-sm102\/\" target=\"_blank\" rel=\"noreferrer noopener\"><img loading=\"lazy\" decoding=\"async\" width=\"100\" height=\"38\" class=\"wp-image-8749\" style=\"width: 100px;\" src=\"http:\/\/oenobrands.com\/wp-content\/uploads\/2024\/06\/Fermivin_SM102_-_mini_sticker-removebg-preview.png\" alt=\"Fermivin-SM102-wine-yeast\"><\/a><\/td><td class=\"has-text-align-center\" data-align=\"center\">Vinos florales elegantes<\/td><td class=\"has-text-align-center\" data-align=\"center\">B (semi-seco), Br, S<\/td><td class=\"has-text-align-center\" data-align=\"center\"><\/td><\/tr><tr><td class=\"has-text-align-center\" data-align=\"center\"><a href=\"https:\/\/oenobrands.com\/es\/producto\/levadura\/fermivin\/fermivin-jb3\/\" target=\"_blank\" rel=\"noreferrer noopener\"><img loading=\"lazy\" decoding=\"async\" width=\"100\" height=\"38\" class=\"wp-image-8737\" style=\"width: 100px;\" src=\"http:\/\/oenobrands.com\/wp-content\/uploads\/2024\/06\/Fermivin_JB3_-_mini_sticker-removebg-preview.png\" alt=\"Fermivin-JB3-wine-yeast\"><\/a><\/td><td class=\"has-text-align-center\" data-align=\"center\">Vinos blancos y rosados arom\u00e1ticos, florales y ligeros<\/td><td class=\"has-text-align-center\" data-align=\"center\">B, Ro, Es, S, F, Br<\/td><td class=\"has-text-align-center\" data-align=\"center\"><\/td><\/tr><tr><td class=\"has-text-align-center\" data-align=\"center\"><a href=\"https:\/\/oenobrands.com\/es\/producto\/levadura\/fermivin\/fermivin-ls2\/\" target=\"_blank\" rel=\"noreferrer noopener\"><img loading=\"lazy\" decoding=\"async\" width=\"100\" height=\"38\" class=\"wp-image-8739\" style=\"width: 100px;\" src=\"http:\/\/oenobrands.com\/wp-content\/uploads\/2024\/06\/Fermivin_LS2_-_mini_sticker-removebg-preview.png\" alt=\"Fermivin-LS2-wine-yeast\"><\/a><\/td><td class=\"has-text-align-center\" data-align=\"center\">Vinos espumosos tradicionales<\/td><td class=\"has-text-align-center\" data-align=\"center\">B, Es<\/td><td class=\"has-text-align-center\" data-align=\"center\"><\/td><\/tr><\/tbody><\/table><figcaption class=\"wp-element-caption\"><br>B: blanco, Ro: rosado, T: tinto, Es: espumoso, S: sidra, Br: brandy, F: vino de frutas<\/figcaption><\/figure>\n<\/div>\n\n\n\n<div class=\"wp-block-column is-layout-flow wp-block-column-is-layout-flow\" style=\"flex-basis:3px\"><\/div>\n\n\n\n<div class=\"wp-block-column is-layout-flow wp-block-column-is-layout-flow\">\n<figure class=\"wp-block-table aligncenter is-style-stripes\"><table><thead><tr><th class=\"has-text-align-center\" data-align=\"center\">Nombre del producto<\/th><th class=\"has-text-align-center\" data-align=\"center\">Tipo de vino<\/th><th class=\"has-text-align-center\" data-align=\"center\">Vino<\/th><th class=\"has-text-align-center\" data-align=\"center\">In-Line Ready<\/th><\/tr><\/thead><tbody><tr><td class=\"has-text-align-center\" data-align=\"center\"><a href=\"https:\/\/oenobrands.com\/es\/producto\/levadura\/fermivin\/fermivin-a33\/\" target=\"_blank\" rel=\"noreferrer noopener\"><img loading=\"lazy\" decoding=\"async\" width=\"100\" height=\"37\" class=\"wp-image-8717\" style=\"width: 100px;\" src=\"http:\/\/oenobrands.com\/wp-content\/uploads\/2024\/06\/Fermivin_A33-_mini_sticker-removebg-preview.png\" alt=\"Fermivin-A33-wine-yeast\"><\/a><\/td><td class=\"has-text-align-center\" data-align=\"center\">Vinos tintos estructurados y complejos<\/td><td class=\"has-text-align-center\" data-align=\"center\">T<\/td><td class=\"has-text-align-center\" data-align=\"center\"><\/td><\/tr><tr><td class=\"has-text-align-center\" data-align=\"center\"><a href=\"https:\/\/oenobrands.com\/es\/producto\/levadura\/fermivin\/fermivin-p21\/\" target=\"_blank\" rel=\"noreferrer noopener\"><img loading=\"lazy\" decoding=\"async\" width=\"100\" height=\"37\" class=\"wp-image-8745\" style=\"width: 100px;\" src=\"http:\/\/oenobrands.com\/wp-content\/uploads\/2024\/06\/Fermivin_P21_-_mini_sticker-removebg-preview.png\" alt=\"Fermivin-P21-wine-yeast\"><\/a><\/td><td class=\"has-text-align-center\" data-align=\"center\">Vinos tintos afrutados con color concentrado<\/td><td class=\"has-text-align-center\" data-align=\"center\">T<\/td><td class=\"has-text-align-center\" data-align=\"center\"><strong>\u2713<\/strong><\/td><\/tr><tr><td class=\"has-text-align-center\" data-align=\"center\"><a href=\"https:\/\/oenobrands.com\/es\/producto\/levadura\/fermivin\/fermivin-mt48\/\" target=\"_blank\" rel=\"noreferrer noopener\"><img loading=\"lazy\" decoding=\"async\" width=\"100\" height=\"37\" class=\"wp-image-8743\" style=\"width: 100px;\" src=\"http:\/\/oenobrands.com\/wp-content\/uploads\/2024\/06\/Fermivin_MT48_-_mini_sticker-removebg-preview.png\" alt=\"Fermivin-MT48-wine-yeast\"><\/a><\/td><td class=\"has-text-align-center\" data-align=\"center\">Vinos tintos afrutados y especiados<\/td><td class=\"has-text-align-center\" data-align=\"center\">T<\/td><td class=\"has-text-align-center\" data-align=\"center\"><\/td><\/tr><tr><td class=\"has-text-align-center\" data-align=\"center\"><a href=\"https:\/\/oenobrands.com\/es\/producto\/levadura\/fermivin\/fermivin-vr5\/\" target=\"_blank\" rel=\"noreferrer noopener\"><img loading=\"lazy\" decoding=\"async\" width=\"100\" height=\"37\" class=\"wp-image-8725\" style=\"width: 100px;\" src=\"http:\/\/oenobrands.com\/wp-content\/uploads\/2024\/06\/Fermivin_VR5_-_mini_sticker-removebg-preview.png\" alt=\"Fermivin-VR5-wine-yeast\"><\/a><\/td><td class=\"has-text-align-center\" data-align=\"center\">Vinos tintos estructurados con fruta en boca<\/td><td class=\"has-text-align-center\" data-align=\"center\">T<\/td><td class=\"has-text-align-center\" data-align=\"center\"><strong>\u2713<\/strong><\/td><\/tr><tr><td class=\"has-text-align-center\" data-align=\"center\"><a href=\"https:\/\/oenobrands.com\/es\/producto\/levadura\/fermivin\/fermivin-pf6\/\" target=\"_blank\" rel=\"noreferrer noopener\"><img loading=\"lazy\" decoding=\"async\" width=\"100\" height=\"38\" class=\"wp-image-8751\" style=\"width: 100px;\" src=\"http:\/\/oenobrands.com\/wp-content\/uploads\/2024\/06\/Fermivin_PF6_-_mini_sticker-removebg-preview.png\" alt=\"Fermivin-PF6-wine-yeast\"><\/a><\/td><td class=\"has-text-align-center\" data-align=\"center\">Vinos tintos afrutados y elegantes para consumo temprano<\/td><td class=\"has-text-align-center\" data-align=\"center\">T<\/td><td class=\"has-text-align-center\" data-align=\"center\"><\/td><\/tr><tr><td class=\"has-text-align-center\" data-align=\"center\"><a href=\"https:\/\/oenobrands.com\/es\/producto\/levadura\/fermivin\/fermivin-xl\/\" target=\"_blank\" rel=\"noreferrer noopener\"><img loading=\"lazy\" decoding=\"async\" width=\"100\" height=\"38\" class=\"wp-image-8727\" style=\"width: 100px;\" src=\"http:\/\/oenobrands.com\/wp-content\/uploads\/2024\/06\/Fermivin_XL-_mini_sticker-removebg-preview.png\" alt=\"Fermivin-XL-wine-yeast\"><\/a><\/td><td class=\"has-text-align-center\" data-align=\"center\">Vinos tintos y rosados afrutados y suaves<\/td><td class=\"has-text-align-center\" data-align=\"center\">T, Ro<\/td><td class=\"has-text-align-center\" data-align=\"center\"><\/td><\/tr><tr><td class=\"has-text-align-center\" data-align=\"center\"><a href=\"https:\/\/oenobrands.com\/es\/producto\/levadura\/fermivin\/fermivin-e73\/\" target=\"_blank\" rel=\"noreferrer noopener\"><img loading=\"lazy\" decoding=\"async\" width=\"100\" height=\"38\" class=\"wp-image-8733\" style=\"width: 100px;\" src=\"http:\/\/oenobrands.com\/wp-content\/uploads\/2024\/06\/Fermivin_E73-mini_sticker-removebg-preview.png\" alt=\"Fermivin-E73-wine-yeast\"><\/a><\/td><td class=\"has-text-align-center\" data-align=\"center\">Vinos tintos afrutados de liberaci\u00f3n temprana<\/td><td class=\"has-text-align-center\" data-align=\"center\">T<\/td><td class=\"has-text-align-center\" data-align=\"center\"><strong>\u2713<\/strong><\/td><\/tr><tr><td class=\"has-text-align-center\" data-align=\"center\"><a href=\"https:\/\/oenobrands.com\/es\/producto\/levadura\/fermivin\/fermivin-pdm\/\" target=\"_blank\" rel=\"noreferrer noopener\"><img loading=\"lazy\" decoding=\"async\" width=\"100\" height=\"38\" class=\"wp-image-8747\" style=\"width: 100px;\" src=\"http:\/\/oenobrands.com\/wp-content\/uploads\/2024\/06\/Fermivin_PDM-mini_sticker-removebg-preview.png\" alt=\"Fermivin-PDM-wine-yeast\"><\/a><\/td><td class=\"has-text-align-center\" data-align=\"center\">Levadura multiuso<\/td><td class=\"has-text-align-center\" data-align=\"center\">B, Ro, T, Es, S, F<\/td><td class=\"has-text-align-center\" data-align=\"center\"><strong>\u2713<\/strong><\/td><\/tr><tr><td class=\"has-text-align-center\" data-align=\"center\"><a href=\"http:\/\/7013 es\" target=\"_blank\" rel=\"noreferrer noopener\"><img loading=\"lazy\" decoding=\"async\" width=\"100\" height=\"37\" class=\"wp-image-8715\" style=\"width: 100px;\" src=\"http:\/\/oenobrands.com\/wp-content\/uploads\/2024\/06\/Fermivin_7013-mini_sticker-removebg-preview.png\" alt=\"Fermivin-7013-wine-yeast\"><\/a><\/td><td class=\"has-text-align-center\" data-align=\"center\">Vinos de frutas y destilaci\u00f3n<\/td><td class=\"has-text-align-center\" data-align=\"center\">B, Ro, T, Br, F<\/td><td class=\"has-text-align-center\" data-align=\"center\"><strong>\u2713<\/strong><\/td><\/tr><tr><td class=\"has-text-align-center\" data-align=\"center\"><a href=\"https:\/\/oenobrands.com\/es\/producto\/levadura\/fermivin\/fermivin-champion-booster\/\" target=\"_blank\" rel=\"noreferrer noopener\"><img loading=\"lazy\" decoding=\"async\" width=\"100\" height=\"38\" class=\"wp-image-8729\" style=\"width: 100px;\" src=\"http:\/\/oenobrands.com\/wp-content\/uploads\/2024\/06\/Fermivin_CHAMPION_BOOSTER-mini_sticker-removebg-preview.png\" alt=\"Fermivin-CHAMPION BOOSTER-wine-yeast\"><\/a><\/td><td class=\"has-text-align-center\" data-align=\"center\">Reinicio r\u00e1pido de fermentaciones<\/td><td class=\"has-text-align-center\" data-align=\"center\">B, Ro, T, Es, S<\/td><td class=\"has-text-align-center\" data-align=\"center\"><\/td><\/tr><tr><td class=\"has-text-align-center\" data-align=\"center\"><a href=\"https:\/\/oenobrands.com\/es\/producto\/levadura\/fermivin\/fermivin-champion\/\" target=\"_blank\" rel=\"noreferrer noopener\"><img loading=\"lazy\" decoding=\"async\" width=\"100\" height=\"37\" class=\"wp-image-8731\" style=\"width: 100px;\" src=\"http:\/\/oenobrands.com\/wp-content\/uploads\/2024\/06\/Fermivin_CHAMPION-_mini_sticker-removebg-preview.png\" alt=\"Fermivin-CHAMPION-wine-yeast\"><\/a><\/td><td class=\"has-text-align-center\" data-align=\"center\">Fermentaciones en condiciones dif\u00edciles<\/td><td class=\"has-text-align-center\" data-align=\"center\">B, Ro, T, Es, S<\/td><td class=\"has-text-align-center\" data-align=\"center\"><\/td><\/tr><\/tbody><\/table><figcaption class=\"wp-element-caption\"><br>B: blanco, Ro: rosado, T: tinto, Es: espumoso, S: sidra, Br: brandy, F: vino de frutas<\/figcaption><\/figure>\n<\/div>\n<\/div>\n\n\n\n<div style=\"height:30px\" aria-hidden=\"true\" class=\"wp-block-spacer\"><\/div>\n\n\n\n<div class=\"wp-block-buttons is-content-justification-center is-layout-flex wp-container-core-buttons-is-layout-16018d1d wp-block-buttons-is-layout-flex\">\n<div class=\"wp-block-button is-style-fill\"><a class=\"wp-block-button__link wp-element-button\" href=\"https:\/\/oenobrands.com\/es\/producto\/levadura\/eleccion-fermivin\/\" target=\"_blank\" rel=\"noreferrer noopener\">Elecci\u00f3n de la levadura<\/a><\/div>\n\n\n\n<div class=\"wp-block-button is-style-fill\"><a class=\"wp-block-button__link wp-element-button\" href=\"https:\/\/oenobrands.com\/es\/solucion\/fermentacion-alcoholica\/inoculacion-de-levaduras\/\" target=\"_blank\" rel=\"noreferrer noopener\">Inoculaci\u00f3n de levaduras<\/a><\/div>\n\n\n\n<div class=\"wp-block-button is-style-fill\"><a class=\"wp-block-button__link wp-element-button\" href=\"https:\/\/oenobrands.com\/es\/solucion\/fermentacion-alcoholica\/inoculacion-directa-de-levaduras\/\" target=\"_blank\" rel=\"noreferrer noopener\">Inoculaci\u00f3n directa de levaduras (In-Line Ready)<\/a><\/div>\n<\/div>\n\n\n\n<hr class=\"wp-block-separator has-text-color has-black-color has-alpha-channel-opacity has-black-background-color has-background\"\/>\n\n\n\n<div class=\"wp-block-group\"><div class=\"wp-block-group__inner-container is-layout-constrained wp-block-group-is-layout-constrained\">\n<div style=\"height:50px\" aria-hidden=\"true\" class=\"wp-block-spacer\"><\/div>\n<\/div><\/div>\n\n\n\n<div class=\"wp-block-columns is-layout-flex wp-container-core-columns-is-layout-9d6595d7 wp-block-columns-is-layout-flex\">\n<div class=\"wp-block-column is-vertically-aligned-center is-layout-flow wp-block-column-is-layout-flow\" style=\"flex-basis:30%\">\n<h1 class=\"wp-block-heading has-text-color\" style=\"color:#545859\">Descubre la gama de Fermivin <\/h1>\n\n\n\n<div style=\"height:20px\" aria-hidden=\"true\" class=\"wp-block-spacer\"><\/div>\n\n\n\n<div class=\"wp-block-buttons is-content-justification-left is-layout-flex wp-container-core-buttons-is-layout-fdcfc74e wp-block-buttons-is-layout-flex\">\n<div class=\"wp-block-button\"><a class=\"wp-block-button__link has-background wp-element-button\" href=\"https:\/\/oenobrands.com\/es\/producto\/levadura\/fermivin\/\" style=\"background-color:#545859\">FERMIVIN<\/a><\/div>\n<\/div>\n<\/div>\n\n\n\n<div class=\"wp-block-column is-layout-flow wp-block-column-is-layout-flow\" style=\"flex-basis:10%\"><\/div>\n\n\n\n<div class=\"wp-block-column is-layout-flow wp-block-column-is-layout-flow\"><div class=\"wp-block-image\">\n<figure class=\"aligncenter size-full\"><img loading=\"lazy\" decoding=\"async\" width=\"350\" height=\"67\" src=\"http:\/\/oenobrands.com\/wp-content\/uploads\/2023\/04\/Oenobrands-Fermivin-logo400-e1683143710792.png\" alt=\"Oenobrands-Fermivin-logo-350\" class=\"wp-image-2709\" srcset=\"https:\/\/oenobrands.com\/wp-content\/uploads\/2023\/04\/Oenobrands-Fermivin-logo400-e1683143710792.png 350w, https:\/\/oenobrands.com\/wp-content\/uploads\/2023\/04\/Oenobrands-Fermivin-logo400-e1683143710792-300x57.png 300w\" sizes=\"auto, (max-width: 350px) 100vw, 350px\" \/><\/figure>\n<\/div><\/div>\n<\/div>\n\n\n\n<div style=\"height:50px\" aria-hidden=\"true\" class=\"wp-block-spacer\"><\/div>\n","protected":false},"excerpt":{"rendered":"<p>\u00bfC\u00f3mo elegir dentro de nuestro portafolio Fermivin? Elegir la levadura adecuada no siempre es [&hellip;]<\/p>\n","protected":false},"author":3,"featured_media":0,"parent":16319,"menu_order":0,"comment_status":"closed","ping_status":"closed","template":"page-premier-products-list.php","meta":{"_acf_changed":false,"_seopress_robots_primary_cat":"0","_seopress_titles_title":"","_seopress_titles_desc":"","_seopress_robots_index":"","footnotes":""},"class_list":["post-16324","page","type-page","status-publish"],"acf":[],"_links":{"self":[{"href":"https:\/\/oenobrands.com\/es\/wp-json\/wp\/v2\/pages\/16324","targetHints":{"allow":["GET"]}}],"collection":[{"href":"https:\/\/oenobrands.com\/es\/wp-json\/wp\/v2\/pages"}],"about":[{"href":"https:\/\/oenobrands.com\/es\/wp-json\/wp\/v2\/types\/page"}],"author":[{"embeddable":true,"href":"https:\/\/oenobrands.com\/es\/wp-json\/wp\/v2\/users\/3"}],"replies":[{"embeddable":true,"href":"https:\/\/oenobrands.com\/es\/wp-json\/wp\/v2\/comments?post=16324"}],"version-history":[{"count":0,"href":"https:\/\/oenobrands.com\/es\/wp-json\/wp\/v2\/pages\/16324\/revisions"}],"up":[{"embeddable":true,"href":"https:\/\/oenobrands.com\/es\/wp-json\/wp\/v2\/pages\/16319"}],"wp:attachment":[{"href":"https:\/\/oenobrands.com\/es\/wp-json\/wp\/v2\/media?parent=16324"}],"curies":[{"name":"wp","href":"https:\/\/api.w.org\/{rel}","templated":true}]}}