{"id":16322,"date":"2023-06-13T16:39:31","date_gmt":"2023-06-13T14:39:31","guid":{"rendered":"https:\/\/oenobrands.com\/producto\/levadura\/eleccion-de-levaduras-anchor\/"},"modified":"2025-10-29T13:10:53","modified_gmt":"2025-10-29T12:10:53","slug":"eleccion-de-levaduras-anchor","status":"publish","type":"page","link":"https:\/\/oenobrands.com\/es\/producto\/levadura\/eleccion-de-levaduras-anchor\/","title":{"rendered":"Elecci\u00f3n de levaduras ANCHOR"},"content":{"rendered":"\n<div style=\"height:50px\" aria-hidden=\"true\" class=\"wp-block-spacer\"><\/div>\n\n\n\n<h2 class=\"wp-block-heading\"><strong>\u00bfC\u00f3mo elegir entre la gama de levaduras Anchor?<\/strong><\/h2>\n\n\n\n<div style=\"height:30px\" aria-hidden=\"true\" class=\"wp-block-spacer\"><\/div>\n\n\n\n<p><strong>Elegir la levadura adecuada no siempre es una tarea sencilla. Aqu\u00ed hay algunos consejos y reglas b\u00e1sicas a seguir:<\/strong><\/p>\n\n\n\n<ul class=\"wp-block-list\">\n<li><strong>Calidad y potencial de la uva,<\/strong> considerando la presencia o ausencia de precursores arom\u00e1ticos.<\/li>\n\n\n\n<li><strong>Proceso de vinificaci\u00f3n y equipamiento disponible.<\/strong><\/li>\n\n\n\n<li><strong>Par\u00e1metros enol\u00f3gicos<\/strong>, como los niveles de nitr\u00f3geno, la temperatura de fermentaci\u00f3n, el potencial alcoh\u00f3lico, entre otros.<\/li>\n\n\n\n<li><strong>Objetivos enol\u00f3gicos<\/strong> y tipo de vino deseado, como revelaci\u00f3n arom\u00e1tica, envejecimiento o acceso r\u00e1pido al mercado.<\/li>\n\n\n\n<li><strong>Caracter\u00edsticas de la levadura<\/strong>, asegurando que se alineen con los elementos definidos anteriormente.<\/li>\n<\/ul>\n\n\n\n<p><strong>Para facilitar la selecci\u00f3n, hemos desarrollado fichas t\u00e9cnicas visuales que clasifican las levaduras por marca y color del vino. <\/strong><\/p>\n\n\n\n<div style=\"height:50px\" aria-hidden=\"true\" class=\"wp-block-spacer\"><\/div>\n\n\n<div class=\"wp-block-image is-style-zoooom\">\n<figure class=\"aligncenter size-large is-resized\"><img alt=\"\" loading=\"lazy\" decoding=\"async\" width=\"1024\" height=\"726\" src=\"https:\/\/oenobrands.com\/wp-content\/uploads\/2025\/10\/SP-producto-levadura-anchor-yeast-positioning-1024x726.png\" alt=\"\" class=\"wp-image-20021\" style=\"width:597px;height:auto\" srcset=\"https:\/\/oenobrands.com\/wp-content\/uploads\/2025\/10\/SP-producto-levadura-anchor-yeast-positioning-1024x726.png 1024w, https:\/\/oenobrands.com\/wp-content\/uploads\/2025\/10\/SP-producto-levadura-anchor-yeast-positioning-300x213.png 300w, https:\/\/oenobrands.com\/wp-content\/uploads\/2025\/10\/SP-producto-levadura-anchor-yeast-positioning-768x544.png 768w, https:\/\/oenobrands.com\/wp-content\/uploads\/2025\/10\/SP-producto-levadura-anchor-yeast-positioning.png 1098w\" sizes=\"auto, (max-width: 1024px) 100vw, 1024px\" \/><\/figure>\n<\/div>\n\n\n<div style=\"height:30px\" aria-hidden=\"true\" class=\"wp-block-spacer\"><\/div>\n\n\n\n<div class=\"wp-block-columns is-layout-flex wp-container-core-columns-is-layout-9d6595d7 wp-block-columns-is-layout-flex\">\n<div class=\"wp-block-column is-layout-flow wp-block-column-is-layout-flow\">\n<h4 class=\"wp-block-heading has-text-align-center\">Levaduras Legacy para vinos blancos y rosados<\/h4>\n\n\n\n<figure class=\"wp-block-embed aligncenter is-type-video is-provider-youtube wp-block-embed-youtube wp-embed-aspect-16-9 wp-has-aspect-ratio\"><div class=\"wp-block-embed__wrapper\">\n<iframe loading=\"lazy\" title=\"(EN) Anchor: The Legacy yeast range for WHITE and ROSE wines\" width=\"500\" height=\"281\" src=\"https:\/\/www.youtube.com\/embed\/KVsfcb8UVUo?feature=oembed\" frameborder=\"0\" allow=\"accelerometer; autoplay; clipboard-write; encrypted-media; gyroscope; picture-in-picture; web-share\" referrerpolicy=\"strict-origin-when-cross-origin\" allowfullscreen><\/iframe>\n<\/div><\/figure>\n<\/div>\n\n\n\n<div class=\"wp-block-column is-layout-flow wp-block-column-is-layout-flow\" style=\"flex-basis:2%\"><\/div>\n\n\n\n<div class=\"wp-block-column is-layout-flow wp-block-column-is-layout-flow\">\n<h4 class=\"wp-block-heading has-text-align-center\">Levaduras Legacy para vinos tintos<\/h4>\n\n\n\n<figure class=\"wp-block-embed aligncenter is-type-video is-provider-youtube wp-block-embed-youtube wp-embed-aspect-16-9 wp-has-aspect-ratio\"><div class=\"wp-block-embed__wrapper\">\n<iframe loading=\"lazy\" title=\"(EN) Anchor: The Legacy yeast range for red wines\" width=\"500\" height=\"281\" src=\"https:\/\/www.youtube.com\/embed\/qp6fp0B3HvA?feature=oembed\" frameborder=\"0\" allow=\"accelerometer; autoplay; clipboard-write; encrypted-media; gyroscope; picture-in-picture; web-share\" referrerpolicy=\"strict-origin-when-cross-origin\" allowfullscreen><\/iframe>\n<\/div><\/figure>\n<\/div>\n\n\n\n<div class=\"wp-block-column wp-embed-aspect-16-9 wp-has-aspect-ratio is-layout-flow wp-block-column-is-layout-flow\" style=\"flex-basis:2%\"><\/div>\n\n\n\n<div class=\"wp-block-column wp-embed-aspect-16-9 wp-has-aspect-ratio is-layout-flow wp-block-column-is-layout-flow\">\n<h4 class=\"wp-block-heading has-text-align-center\">Levaduras Alchemy<\/h4>\n\n\n\n<figure class=\"wp-block-embed aligncenter is-type-video is-provider-youtube wp-block-embed-youtube wp-embed-aspect-16-9 wp-has-aspect-ratio\"><div class=\"wp-block-embed__wrapper\">\n<iframe loading=\"lazy\" title=\"(EN) Anchor: The Alchemy yeast range\" width=\"500\" height=\"281\" src=\"https:\/\/www.youtube.com\/embed\/YO2FFnZrF18?feature=oembed\" frameborder=\"0\" allow=\"accelerometer; autoplay; clipboard-write; encrypted-media; gyroscope; picture-in-picture; web-share\" referrerpolicy=\"strict-origin-when-cross-origin\" allowfullscreen><\/iframe>\n<\/div><\/figure>\n<\/div>\n<\/div>\n\n\n\n<div style=\"height:100px\" aria-hidden=\"true\" class=\"wp-block-spacer\"><\/div>\n\n\n\n<h2 class=\"wp-block-heading has-white-color has-text-color has-background has-link-color wp-elements-6b1e52cefe6f15f4d6717eec7655cdb4\" style=\"background-color:#00205c\"><strong>Detalles de las levaduras Anchor <\/strong><\/h2>\n\n\n\n<figure class=\"wp-block-table aligncenter is-style-regular\"><table><thead><tr><th class=\"has-text-align-center\" data-align=\"center\">LEVADURA<br>PRODUCTO<\/th><th class=\"has-text-align-center\" data-align=\"center\">TIPO<\/th><th class=\"has-text-align-center\" data-align=\"center\">VINO<br>BLANCO<\/th><th class=\"has-text-align-center\" data-align=\"center\">VINO<br>BLANCO<\/th><th class=\"has-text-align-center\" data-align=\"center\">VINO<br>BLANCO<\/th><th>CARACTER\u00cdSTICAS<\/th><\/tr><\/thead><tbody><tr><td class=\"has-text-align-center\" data-align=\"center\"><a href=\"https:\/\/oenobrands.com\/es\/producto\/levadura\/anchor-yeast\/exotics-mosaic\/\" target=\"_blank\" rel=\"noreferrer noopener\"><mark style=\"background-color:rgba(0, 0, 0, 0);color:#d5ba8c\" class=\"has-inline-color\"><strong>EXOTICS MOSAIC<\/strong><\/mark><\/a><\/td><td class=\"has-text-align-center\" data-align=\"center\">H\u00edbrido interespec\u00edfico<\/td><td class=\"has-text-align-center\" data-align=\"center\">Complejidad y volumen en boca<\/td><td class=\"has-text-align-center\" data-align=\"center\">Sensaci\u00f3n en boca<\/td><td class=\"has-text-align-center\" data-align=\"center\"><\/td><td>&#8211; Aromas intensos para vinos complejos<br>&#8211; Consumo parcial de \u00e1cido m\u00e1lico<br>&#8211; Actividad pectinol\u00edtica que contribuye a la clarificaci\u00f3n del vino<\/td><\/tr><tr><td class=\"has-text-align-center\" data-align=\"center\"><a href=\"https:\/\/oenobrands.com\/es\/producto\/levadura\/anchor-yeast\/exotics-novello\/\" target=\"_blank\" rel=\"noreferrer noopener\"><mark style=\"background-color:rgba(0, 0, 0, 0);color:#d5ba8c\" class=\"has-inline-color\"><strong>EXOTICS NOVELLO<\/strong><\/mark><\/a><\/td><td class=\"has-text-align-center\" data-align=\"center\">H\u00edbrido interespec\u00edfico<\/td><td class=\"has-text-align-center\" data-align=\"center\">Complejidad y frescura<\/td><td class=\"has-text-align-center\" data-align=\"center\">Tioles<\/td><td class=\"has-text-align-center\" data-align=\"center\">Frescura y volumen en boca<\/td><td>&#8211; Vinos blancos ex\u00f3ticos, ic\u00f3nicos, frescos y afrutados<br>&#8211; Mayor suavidad<br>&#8211; Vinos tintos suaves, con cuerpo y arom\u00e1ticos<\/td><\/tr><tr><td class=\"has-text-align-center\" data-align=\"center\"><a href=\"https:\/\/oenobrands.com\/es\/producto\/levadura\/anchor-yeast\/alchemy-i\/\" target=\"_blank\" rel=\"noreferrer noopener\"><strong><mark style=\"background-color:rgba(0, 0, 0, 0);color:#8a918e\" class=\"has-inline-color\">ALCHEMY I<\/mark><\/strong><\/a><\/td><td class=\"has-text-align-center\" data-align=\"center\">Mezcla<\/td><td class=\"has-text-align-center\" data-align=\"center\">\u00c9steres frutales<\/td><td class=\"has-text-align-center\" data-align=\"center\"><\/td><td class=\"has-text-align-center\" data-align=\"center\"><\/td><td>&#8211; Mezcla cient\u00edficamente formulada para un perfil arom\u00e1tico \u00f3ptimo<br>&#8211; \u00c9steres frutales y florales, algunos tioles <br>&#8211; Aporta complejidad<\/td><\/tr><tr><td class=\"has-text-align-center\" data-align=\"center\"><a href=\"https:\/\/oenobrands.com\/es\/producto\/levadura\/anchor-yeast\/alchemy-ii\/\" target=\"_blank\" rel=\"noreferrer noopener\"><strong><mark style=\"background-color:rgba(0, 0, 0, 0);color:#8a918e\" class=\"has-inline-color\">ALCHEMY II<\/mark><\/strong><\/a><\/td><td class=\"has-text-align-center\" data-align=\"center\">Mezcla<\/td><td class=\"has-text-align-center\" data-align=\"center\">Tioles<\/td><td class=\"has-text-align-center\" data-align=\"center\"><\/td><td class=\"has-text-align-center\" data-align=\"center\"><\/td><td>&#8211; Mezcla cient\u00edficamente formulada para un perfil arom\u00e1tico \u00f3ptimo<br>&#8211; M\u00e1xima liberaci\u00f3n y conversi\u00f3n de tioles<\/td><\/tr><tr><td class=\"has-text-align-center\" data-align=\"center\"><a href=\"https:\/\/oenobrands.com\/es\/producto\/levadura\/anchor-yeast\/alchemy-iii\/\" target=\"_blank\" rel=\"noreferrer noopener\"><strong><mark style=\"background-color:rgba(0, 0, 0, 0);color:#8a918e\" class=\"has-inline-color\">ALCHEMY III<\/mark><\/strong><\/a><\/td><td class=\"has-text-align-center\" data-align=\"center\">Mezcla<\/td><td class=\"has-text-align-center\" data-align=\"center\"><\/td><td class=\"has-text-align-center\" data-align=\"center\"><\/td><td class=\"has-text-align-center\" data-align=\"center\">Complejidad<\/td><td>&#8211; Mezcla cient\u00edficamente formulada para un perfil arom\u00e1tico \u00f3ptimo<br>&#8211; Producci\u00f3n estable de \u00e9steres frutales con gran impacto arom\u00e1tico<br>&#8211; Alta producci\u00f3n de feniletanol, aportando aromas a rosas y complejidad<br>&#8211; Buena estructura y cuerpo<\/td><\/tr><tr><td class=\"has-text-align-center\" data-align=\"center\"><a href=\"https:\/\/oenobrands.com\/es\/producto\/levadura\/anchor-yeast\/alchemy-iv\/\"><strong><mark style=\"background-color:rgba(0, 0, 0, 0);color:#8a918e\" class=\"has-inline-color\">ALCHEMY IV<\/mark><\/strong><\/a><\/td><td class=\"has-text-align-center\" data-align=\"center\">Mezcla<\/td><td class=\"has-text-align-center\" data-align=\"center\"><\/td><td class=\"has-text-align-center\" data-align=\"center\">Frutas rojas<\/td><td class=\"has-text-align-center\" data-align=\"center\">Frutas rojas intensas<\/td><td>&#8211; Mezcla cient\u00edficamente formulada para un perfil arom\u00e1tico \u00f3ptimo<br>&#8211; Longevidad de los \u00e9steres (para vinos tintos de crianza)<br>&#8211; Gran intensidad arom\u00e1tica, especialmente en frutas rojas<br>&#8211; Aten\u00faa caracteres herb\u00e1ceos<\/td><\/tr><tr><td class=\"has-text-align-center\" data-align=\"center\"><a href=\"https:\/\/oenobrands.com\/es\/producto\/levadura\/anchor-yeast\/legacy-vin-2000\/\" target=\"_blank\" rel=\"noreferrer noopener\"><mark style=\"background-color:rgba(0, 0, 0, 0);color:#00205c\" class=\"has-inline-color\"><strong>LEGACY VIN 2000<\/strong><\/mark><\/a><\/td><td class=\"has-text-align-center\" data-align=\"center\">H\u00edbrido intraespec\u00edfico<\/td><td class=\"has-text-align-center\" data-align=\"center\">Complejidad y notas c\u00edtricas<\/td><td class=\"has-text-align-center\" data-align=\"center\"><\/td><td class=\"has-text-align-center\" data-align=\"center\"><\/td><td>&#8211; Especialmente indicada para fermentaciones en barrica<br>&#8211; Vinos complejos y arom\u00e1ticos<br>&#8211; Fermentaci\u00f3n fiable<\/td><\/tr><tr><td class=\"has-text-align-center\" data-align=\"center\"><a href=\"https:\/\/oenobrands.com\/es\/producto\/levadura\/anchor-yeast\/legacy-thiolbloom\/\" target=\"_blank\" rel=\"noreferrer noopener\"><mark style=\"background-color:rgba(0, 0, 0, 0);color:#00205c\" class=\"has-inline-color\"><strong>LEGACY THIOLBLOOM<\/strong><\/mark><\/a><\/td><td class=\"has-text-align-center\" data-align=\"center\">H\u00edbrido intraespec\u00edfico<\/td><td class=\"has-text-align-center\" data-align=\"center\">Frescura y compuestos azufrados (tioles)<\/td><td class=\"has-text-align-center\" data-align=\"center\">Frescura y compuestos azufrados (tioles)<\/td><td class=\"has-text-align-center\" data-align=\"center\"><\/td><td>Liberaci\u00f3n eficaz de tioles, creando vinos afrutados, frescos y suaves<\/td><\/tr><tr><td class=\"has-text-align-center\" data-align=\"center\"><a href=\"https:\/\/oenobrands.com\/es\/producto\/levadura\/anchor-yeast\/legacy-vin-13\/\" target=\"_blank\" rel=\"noreferrer noopener\"><strong><mark style=\"background-color:rgba(0, 0, 0, 0);color:#00205c\" class=\"has-inline-color\">LEGACY VIN 13<\/mark><\/strong><\/a><\/td><td class=\"has-text-align-center\" data-align=\"center\">H\u00edbrido intraespec\u00edfico<\/td><td class=\"has-text-align-center\" data-align=\"center\">\u00c9steres frutales<\/td><td class=\"has-text-align-center\" data-align=\"center\">Notas am\u00edlicas<\/td><td class=\"has-text-align-center\" data-align=\"center\"><\/td><td>&#8211; Alta producci\u00f3n de \u00e9steres<br>&#8211; Libera y convierte tioles<br>&#8211; Notas florales y a moscatel<br>&#8211; Fermentaci\u00f3n robusta<\/td><\/tr><tr><td class=\"has-text-align-center\" data-align=\"center\"><a href=\"https:\/\/oenobrands.com\/es\/producto\/levadura\/anchor-yeast\/legacy-nt-116\/\" target=\"_blank\" rel=\"noreferrer noopener\"><mark style=\"background-color:rgba(0, 0, 0, 0);color:#00205c\" class=\"has-inline-color\"><strong>LEGACY NT 116<\/strong><\/mark><\/a><\/td><td class=\"has-text-align-center\" data-align=\"center\">H\u00edbrido intraespec\u00edfico<\/td><td class=\"has-text-align-center\" data-align=\"center\">Fresco<br>y afrutado<\/td><td class=\"has-text-align-center\" data-align=\"center\">Fresco<br>y afrutado<\/td><td class=\"has-text-align-center\" data-align=\"center\">Cuerpo y fruta<\/td><td>&#8211; Producci\u00f3n de \u00e9steres de acetato (ensalada de frutas tropicales)<br>&#8211; Notas c\u00edtricas vibrantes y tioles vol\u00e1tiles en blancos y rosados<br>&#8211; Aromas a frutas rojas<\/td><\/tr><tr><td class=\"has-text-align-center\" data-align=\"center\"><a href=\"https:\/\/oenobrands.com\/es\/producto\/levadura\/anchor-yeast\/legacy-vin-7\/\"><mark style=\"background-color:rgba(0, 0, 0, 0);color:#00205c\" class=\"has-inline-color\"><strong>LEGACY VIN 7<\/strong><\/mark><\/a><\/td><td class=\"has-text-align-center\" data-align=\"center\">Aislamiento natural<\/td><td class=\"has-text-align-center\" data-align=\"center\">Tioles<\/td><td class=\"has-text-align-center\" data-align=\"center\"><\/td><td class=\"has-text-align-center\" data-align=\"center\"><\/td><td>&#8211; Levadura m\u00e1s eficaz para la liberaci\u00f3n de tioles<br>&#8211; Intensidad arom\u00e1tica destacada<\/td><\/tr><tr><td class=\"has-text-align-center\" data-align=\"center\"><a href=\"https:\/\/oenobrands.com\/es\/producto\/levadura\/anchor-yeast\/legacy-nt-50\/\" target=\"_blank\" rel=\"noreferrer noopener\"><strong><mark style=\"background-color:rgba(0, 0, 0, 0);color:#00205c\" class=\"has-inline-color\">LEGACY NT 50<\/mark><\/strong><\/a><\/td><td class=\"has-text-align-center\" data-align=\"center\">H\u00edbrido intraespec\u00edfico<\/td><td class=\"has-text-align-center\" data-align=\"center\"><\/td><td class=\"has-text-align-center\" data-align=\"center\"><\/td><td class=\"has-text-align-center\" data-align=\"center\">Frutas y suavidad<\/td><td>&#8211; Potencia aromas a fresa, frambuesa, cereza y mora<br>&#8211; Notas a grosella negra y especias<br>&#8211; Aten\u00faa caracteres herb\u00e1ceos<\/td><\/tr><tr><td class=\"has-text-align-center\" data-align=\"center\"><a href=\"https:\/\/oenobrands.com\/es\/producto\/levadura\/anchor-yeast\/legacy-nt-202\/\" target=\"_blank\" rel=\"noreferrer noopener\"><strong><mark style=\"background-color:rgba(0, 0, 0, 0);color:#00205c\" class=\"has-inline-color\">LEGACY NT 202<\/mark><\/strong><\/a><\/td><td class=\"has-text-align-center\" data-align=\"center\">H\u00edbrido intraespec\u00edfico<\/td><td class=\"has-text-align-center\" data-align=\"center\"><\/td><td class=\"has-text-align-center\" data-align=\"center\"><\/td><td class=\"has-text-align-center\" data-align=\"center\">Estructura y complejidad<\/td><td>&#8211; Estimula la fermentaci\u00f3n malol\u00e1ctica<br>&#8211; Alta tolerancia al alcohol<\/td><\/tr><tr><td class=\"has-text-align-center\" data-align=\"center\"><a href=\"https:\/\/oenobrands.com\/es\/producto\/levadura\/anchor-yeast\/legacy-nt-112\/\" target=\"_blank\" rel=\"noreferrer noopener\"><strong><mark style=\"background-color:rgba(0, 0, 0, 0);color:#00205c\" class=\"has-inline-color\">LEGACY NT 112<\/mark><\/strong><\/a><\/td><td class=\"has-text-align-center\" data-align=\"center\">H\u00edbrido intraespec\u00edfico<\/td><td class=\"has-text-align-center\" data-align=\"center\"><\/td><td class=\"has-text-align-center\" data-align=\"center\"><\/td><td class=\"has-text-align-center\" data-align=\"center\">Estructurado y frutas oscuras<\/td><td>Estilo de vino tradicional<\/td><\/tr><tr><td class=\"has-text-align-center\" data-align=\"center\"><a href=\"https:\/\/oenobrands.com\/es\/producto\/levadura\/anchor-yeast\/legacy-we-372\/\" target=\"_blank\" rel=\"noreferrer noopener\"><strong><mark style=\"background-color:rgba(0, 0, 0, 0);color:#00205c\" class=\"has-inline-color\">LEGACY WE 372<\/mark><\/strong><\/a><\/td><td class=\"has-text-align-center\" data-align=\"center\">Aislamiento natural<\/td><td class=\"has-text-align-center\" data-align=\"center\"><\/td><td class=\"has-text-align-center\" data-align=\"center\"><\/td><td class=\"has-text-align-center\" data-align=\"center\">Ligero y afrutado<\/td><td>Potencia aromas a frutos rojos y flores<\/td><\/tr><\/tbody><\/table><\/figure>\n\n\n\n<div style=\"height:30px\" aria-hidden=\"true\" class=\"wp-block-spacer\"><\/div>\n\n\n\n<div class=\"wp-block-buttons is-content-justification-center is-layout-flex wp-container-core-buttons-is-layout-16018d1d wp-block-buttons-is-layout-flex\">\n<div class=\"wp-block-button is-style-fill\"><a class=\"wp-block-button__link wp-element-button\" href=\"https:\/\/oenobrands.com\/es\/solucion\/fermentacion-alcoholica\/eleccion-de-la-levadura\/\" target=\"_blank\" rel=\"noreferrer noopener\">Elecci\u00f3n de la levadura<\/a><\/div>\n\n\n\n<div class=\"wp-block-button is-style-fill\"><a class=\"wp-block-button__link wp-element-button\" href=\"https:\/\/oenobrands.com\/es\/solucion\/fermentacion-alcoholica\/inoculacion-de-levaduras\/\" target=\"_blank\" rel=\"noreferrer noopener\">Inoculaci\u00f3n de levaduras<\/a><\/div>\n<\/div>\n\n\n\n<div style=\"height:70px\" aria-hidden=\"true\" class=\"wp-block-spacer\"><\/div>\n\n\n\n<hr class=\"wp-block-separator has-alpha-channel-opacity\"\/>\n\n\n\n<div class=\"wp-block-columns is-layout-flex wp-container-core-columns-is-layout-9d6595d7 wp-block-columns-is-layout-flex\">\n<div class=\"wp-block-column is-vertically-aligned-center is-layout-flow wp-block-column-is-layout-flow\" style=\"flex-basis:30%\">\n<h1 class=\"wp-block-heading has-text-color\" style=\"color:#00205c\">Descubre la gama ANCHOR<\/h1>\n\n\n\n<div style=\"height:20px\" aria-hidden=\"true\" class=\"wp-block-spacer\"><\/div>\n\n\n\n<div class=\"wp-block-buttons is-content-justification-left is-layout-flex wp-container-core-buttons-is-layout-fdcfc74e wp-block-buttons-is-layout-flex\">\n<div class=\"wp-block-button\"><a class=\"wp-block-button__link has-background wp-element-button\" href=\"https:\/\/oenobrands.com\/es\/producto\/levadura\/anchor-yeast\/\" style=\"background-color:#00205c\" target=\"_blank\" rel=\"noreferrer noopener\">ANCHOR<\/a><\/div>\n<\/div>\n<\/div>\n\n\n\n<div class=\"wp-block-column is-layout-flow wp-block-column-is-layout-flow\" style=\"flex-basis:10%\"><\/div>\n\n\n\n<div class=\"wp-block-column is-layout-flow wp-block-column-is-layout-flow\"><div class=\"wp-block-image\">\n<figure class=\"aligncenter size-full is-resized\"><img loading=\"lazy\" decoding=\"async\" width=\"776\" height=\"240\" src=\"http:\/\/oenobrands.com\/wp-content\/uploads\/2023\/04\/Oenobrands-Anchor-logo-1.png\" alt=\"Anchor-logo\" class=\"wp-image-2447\" style=\"width:378px;height:auto\" srcset=\"https:\/\/oenobrands.com\/wp-content\/uploads\/2023\/04\/Oenobrands-Anchor-logo-1.png 776w, https:\/\/oenobrands.com\/wp-content\/uploads\/2023\/04\/Oenobrands-Anchor-logo-1-300x93.png 300w, https:\/\/oenobrands.com\/wp-content\/uploads\/2023\/04\/Oenobrands-Anchor-logo-1-768x238.png 768w\" sizes=\"auto, (max-width: 776px) 100vw, 776px\" \/><\/figure>\n<\/div><\/div>\n<\/div>\n\n\n\n<div style=\"height:50px\" aria-hidden=\"true\" class=\"wp-block-spacer\"><\/div>\n\n\n\n<p><\/p>\n","protected":false},"excerpt":{"rendered":"<p>\u00bfC\u00f3mo elegir entre la gama de levaduras Anchor? Elegir la levadura adecuada no siempre [&hellip;]<\/p>\n","protected":false},"author":3,"featured_media":0,"parent":16319,"menu_order":0,"comment_status":"closed","ping_status":"closed","template":"","meta":{"_acf_changed":false,"_seopress_robots_primary_cat":"0","_seopress_titles_title":"","_seopress_titles_desc":"","_seopress_robots_index":"","footnotes":""},"class_list":["post-16322","page","type-page","status-publish"],"acf":[],"_links":{"self":[{"href":"https:\/\/oenobrands.com\/es\/wp-json\/wp\/v2\/pages\/16322","targetHints":{"allow":["GET"]}}],"collection":[{"href":"https:\/\/oenobrands.com\/es\/wp-json\/wp\/v2\/pages"}],"about":[{"href":"https:\/\/oenobrands.com\/es\/wp-json\/wp\/v2\/types\/page"}],"author":[{"embeddable":true,"href":"https:\/\/oenobrands.com\/es\/wp-json\/wp\/v2\/users\/3"}],"replies":[{"embeddable":true,"href":"https:\/\/oenobrands.com\/es\/wp-json\/wp\/v2\/comments?post=16322"}],"version-history":[{"count":0,"href":"https:\/\/oenobrands.com\/es\/wp-json\/wp\/v2\/pages\/16322\/revisions"}],"up":[{"embeddable":true,"href":"https:\/\/oenobrands.com\/es\/wp-json\/wp\/v2\/pages\/16319"}],"wp:attachment":[{"href":"https:\/\/oenobrands.com\/es\/wp-json\/wp\/v2\/media?parent=16322"}],"curies":[{"name":"wp","href":"https:\/\/api.w.org\/{rel}","templated":true}]}}