{"id":16308,"date":"2023-06-13T16:43:16","date_gmt":"2023-06-13T14:43:16","guid":{"rendered":"https:\/\/oenobrands.com\/producto\/enzyma\/eleccion-de-rapidase\/"},"modified":"2025-11-15T15:17:28","modified_gmt":"2025-11-15T14:17:28","slug":"eleccion-de-rapidase","status":"publish","type":"page","link":"https:\/\/oenobrands.com\/es\/producto\/enzyma\/eleccion-de-rapidase\/","title":{"rendered":"Elecci\u00f3n de Rapidase"},"content":{"rendered":"\n<div style=\"height:50px\" aria-hidden=\"true\" class=\"wp-block-spacer\"><\/div>\n\n<h2 class=\"wp-block-heading\"><strong>\u00bfC\u00f3mo elegir dentro de nuestro portafolio?<\/strong><\/h2>\n\n<div style=\"height:30px\" aria-hidden=\"true\" class=\"wp-block-spacer\"><\/div>\n\n<p><strong>Elegir la enzima Rapidase adecuada requiere considerar dos factores al mismo tiempo:<\/strong><\/p>\n\n<div style=\"height:30px\" aria-hidden=\"true\" class=\"wp-block-spacer\"><\/div>\n\n<ul class=\"wp-block-list\">\n<li>Defina sus objetivos enol\u00f3gicos, teniendo en cuenta: variedad de uva, estado sanitario de la uva, caracter\u00edsticas del mosto.<\/li>\n\n\n\n<li>Eval\u00fae el resultado deseado y la aplicaci\u00f3n pr\u00e1ctica de las enzimas Rapidase en la vinificaci\u00f3n. Tambi\u00e9n puede utilizar la tabla de actividades enzim\u00e1ticas de Rapidase si prefiere este enfoque. <\/li>\n<\/ul>\n\n<p>Para simplificar su elecci\u00f3n, cada preparaci\u00f3n enzim\u00e1tica Rapidase ha sido dise\u00f1ada bajo el principio de: <strong>Un Producto, Un Efecto<\/strong>. <\/p>\n\n<p>Para optimizar la selecci\u00f3n de enzimas, recomendamos <strong>realizar pruebas<\/strong>, monitorear los resultados cuidadosamente y documentarlos para referencia futura. <strong>Tanto nosotros como nuestros distribuidores estamos siempre disponibles para asesorarlo en la elecci\u00f3n de las enzimas Rapidase adecuadas para su vinificaci\u00f3n.<\/strong> <\/p>\n\n<div style=\"height:30px\" aria-hidden=\"true\" class=\"wp-block-spacer\"><\/div>\n\n<h2 class=\"wp-block-heading\"><\/h2>\n\n<figure class=\"wp-block-table aligncenter is-style-stripes\"><table class=\"has-fixed-layout\"><thead><tr><th><strong>RAPIDASE \u00ae<\/strong><\/th><th class=\"has-text-align-center\" data-align=\"center\"><strong>APPLICATION<\/strong><\/th><th class=\"has-text-align-center\" data-align=\"center\"><strong>EFECTO<\/strong><\/th><th class=\"has-text-align-center\" data-align=\"center\"><strong>FORMATO<\/strong><\/th><\/tr><\/thead><tbody><tr><td><strong><a href=\"https:\/\/oenobrands.com\/product\/enzyme\/rapidase\/proteostab\/\"><mark style=\"background-color:rgba(0, 0, 0, 0);color:#f1c400\" class=\"has-inline-color\">PROTEOSTAB<\/mark><\/a><\/strong><\/td><td class=\"has-text-align-center\" data-align=\"center\">Para lograr estabilidad proteica en el vino<\/td><td class=\"has-text-align-center\" data-align=\"center\">Degradaci\u00f3n de prote\u00ednas inestables al calor<\/td><td class=\"has-text-align-center\" data-align=\"center\">L\u00edquido<\/td><\/tr><tr><td><strong><a href=\"https:\/\/oenobrands.com\/product\/enzyme\/rapidase\/expression-aroma\/\"><mark style=\"background-color:rgba(0, 0, 0, 0);color:#b1d600\" class=\"has-inline-color\">EXPRESSION AROMA<\/mark><\/a><\/strong><\/td><td class=\"has-text-align-center\" data-align=\"center\">Extracci\u00f3n de precursores arom\u00e1ticos en maceraciones de blancos y rosados<\/td><td class=\"has-text-align-center\" data-align=\"center\">Degradaci\u00f3n de la pared celular de piel y pulpa<\/td><td class=\"has-text-align-center\" data-align=\"center\">Granulado<\/td><\/tr><tr><td><strong><a href=\"https:\/\/oenobrands.com\/product\/enzyme\/rapidase\/extra-press\/\"><mark style=\"background-color:rgba(0, 0, 0, 0);color:#00a9e0\" class=\"has-inline-color\">EXTRA PRESS<\/mark><\/a><\/strong><\/td><td class=\"has-text-align-center\" data-align=\"center\">Prensado r\u00e1pido y eficiente de uvas<\/td><td class=\"has-text-align-center\" data-align=\"center\">Degradaci\u00f3n de piel y<br\/>pectina de uva<\/td><td class=\"has-text-align-center\" data-align=\"center\">L\u00edquido<\/td><\/tr><tr><td><strong><a href=\"https:\/\/oenobrands.com\/product\/enzyme\/rapidase\/clear\/\"><mark style=\"background-color:rgba(0, 0, 0, 0);color:#001489\" class=\"has-inline-color\">CLEAR<\/mark><\/a><\/strong><\/td><td class=\"has-text-align-center\" data-align=\"center\">Clarificaci\u00f3n r\u00e1pida y eficiente<br\/>del mosto<\/td><td class=\"has-text-align-center\" data-align=\"center\">Degradaci\u00f3n de pectina en cadenas principales y laterales<\/td><td class=\"has-text-align-center\" data-align=\"center\">Granulado<br\/>L\u00edquido<\/td><\/tr><tr><td><strong><a href=\"https:\/\/oenobrands.com\/product\/enzyme\/rapidase\/clear-extreme\/\"><mark style=\"background-color:rgba(0, 0, 0, 0);color:#008c95\" class=\"has-inline-color\">CLEAR EXTREME<\/mark><\/a><\/strong><\/td><td class=\"has-text-align-center\" data-align=\"center\">Clarificaci\u00f3n completa en condiciones dif\u00edciles<br\/>dif\u00edciles<\/td><td class=\"has-text-align-center\" data-align=\"center\">Degradaci\u00f3n de pectina hasta 6 \u00b0C<\/td><td class=\"has-text-align-center\" data-align=\"center\">Granulado<br\/>L\u00edquido<\/td><\/tr><tr><td><strong><a href=\"https:\/\/oenobrands.com\/product\/enzyme\/rapidase\/flotation\/\"><mark style=\"background-color:rgba(0, 0, 0, 0);color:#b1b3b3\" class=\"has-inline-color\">FLOTATION<\/mark><\/a><\/strong><\/td><td class=\"has-text-align-center\" data-align=\"center\">Flotaci\u00f3n r\u00e1pida y eficiente del mosto<\/td><td class=\"has-text-align-center\" data-align=\"center\">Degradaci\u00f3n avanzada de la pectina<\/td><td class=\"has-text-align-center\" data-align=\"center\">L\u00edquido<\/td><\/tr><tr><td><strong><a href=\"https:\/\/oenobrands.com\/product\/enzyme\/rapidase\/thermoflash\/\"><mark style=\"background-color:rgba(0, 0, 0, 0);color:#a51890\" class=\"has-inline-color\">THERMOFLASH<\/mark><\/a><\/strong><\/td><td class=\"has-text-align-center\" data-align=\"center\">Clarificaci\u00f3n r\u00e1pida y eficiente de mosto termo-tratado<\/td><td class=\"has-text-align-center\" data-align=\"center\">Degradaci\u00f3n avanzada de la pectina hasta 70 \u00b0C<\/td><td class=\"has-text-align-center\" data-align=\"center\">L\u00edquido<\/td><\/tr><tr><td><strong><a href=\"https:\/\/oenobrands.com\/product\/enzyme\/rapidase\/flash-color\/\"><mark style=\"background-color:rgba(0, 0, 0, 0);color:#672e45\" class=\"has-inline-color\">FAST COLOR<\/mark><\/a><\/strong><\/td><td class=\"has-text-align-center\" data-align=\"center\">Extracci\u00f3n r\u00e1pida de color y polifenoles en maceraciones cortas<\/td><td class=\"has-text-align-center\" data-align=\"center\">Degradaci\u00f3n r\u00e1pida de la pared celular de uvas tintas <\/td><td class=\"has-text-align-center\" data-align=\"center\">L\u00edquido<\/td><\/tr><tr><td><a href=\"https:\/\/oenobrands.com\/product\/enzyme\/rapidase\/rapidase-fresh-berry\/\"><strong><mark style=\"background-color:rgba(0, 0, 0, 0);color:#701f7f\" class=\"has-inline-color\">FRESH BERRY<\/mark><\/strong><\/a><\/td><td class=\"has-text-align-center\" data-align=\"center\">Mayor intensidad y calidad del aroma en vinos tintos frescos y modernos<\/td><td class=\"has-text-align-center\" data-align=\"center\">Degradaci\u00f3n selectiva de la pared celular de la piel y pulpa de las uvas rojas<\/td><td class=\"has-text-align-center\" data-align=\"center\">L\u00edquido<\/td><\/tr><tr><td><strong><a href=\"https:\/\/oenobrands.com\/es\/producto\/enzyma\/rapidase\/rapidase-extra-fruit\/\"><mark style=\"background-color:rgba(0, 0, 0, 0);color:#ce0058\" class=\"has-inline-color\">EXTRA FRUIT<\/mark><\/a><\/strong><\/td><td class=\"has-text-align-center\" data-align=\"center\">Extracci\u00f3n de precursores arom\u00e1ticos<br\/>en maceraciones de tintos<\/td><td class=\"has-text-align-center\" data-align=\"center\">Degradaci\u00f3n de la pared celular de piel y pulpa de uvas tintas<\/td><td class=\"has-text-align-center\" data-align=\"center\">Granulado<\/td><\/tr><tr><td><strong><a href=\"https:\/\/oenobrands.com\/product\/enzyme\/rapidase\/extra-color\/\"><mark style=\"background-color:rgba(0, 0, 0, 0);color:#a6192e\" class=\"has-inline-color\">EXTRA COLOR<\/mark><\/a><\/strong><\/td><td class=\"has-text-align-center\" data-align=\"center\">Mejora de la extracci\u00f3n de color<br\/>y polifenoles en vinos tintos<\/td><td class=\"has-text-align-center\" data-align=\"center\">Degradaci\u00f3n avanzada de la pared celular de uvas tintas<\/td><td class=\"has-text-align-center\" data-align=\"center\">Granulado<\/td><\/tr><tr><td><strong><a href=\"https:\/\/oenobrands.com\/product\/enzyme\/rapidase\/rapidase-vinofast\/\"><mark style=\"background-color:rgba(0, 0, 0, 0);color:#8181a5\" class=\"has-inline-color\">VINOFAST<\/mark><\/a><\/strong><\/td><td class=\"has-text-align-center\" data-align=\"center\">Optimizaci\u00f3n de operaciones previas al embotellado<\/td><td class=\"has-text-align-center\" data-align=\"center\">Degradaci\u00f3n avanzada de<br\/>polisac\u00e1ridos en el vino<\/td><td class=\"has-text-align-center\" data-align=\"center\">L\u00edquido<\/td><\/tr><tr><td><strong><a href=\"https:\/\/oenobrands.com\/product\/enzyme\/rapidase\/rapidase-glucan-free\/\"><mark style=\"background-color:rgba(0, 0, 0, 0);color:#69dbc8\" class=\"has-inline-color\">GLUCANFREE<\/mark><\/a><\/strong><\/td><td class=\"has-text-align-center\" data-align=\"center\">Para mostos y vinos afectados<br\/>por<em> Botrytis cinerea<\/em><\/td><td class=\"has-text-align-center\" data-align=\"center\">Degradaci\u00f3n de los \u03b2-glucanos de <em>Botrytis <\/em>en el mosto y en el vino<\/td><td class=\"has-text-align-center\" data-align=\"center\">L\u00edquido<\/td><\/tr><tr><td><strong><a href=\"https:\/\/oenobrands.com\/product\/enzyme\/rapidase\/rapidase-batonnage\/\"><mark style=\"background-color:rgba(0, 0, 0, 0);color:#ff9e1b\" class=\"has-inline-color\">BATONNAGE<\/mark><\/a><\/strong><\/td><td class=\"has-text-align-center\" data-align=\"center\"><br\/>Liberaci\u00f3n de mol\u00e9culas que contribuyen<br\/>al volumen y aroma<\/td><td class=\"has-text-align-center\" data-align=\"center\">Degradaci\u00f3n de la pared celular de levaduras<\/td><td class=\"has-text-align-center\" data-align=\"center\">Granulado<br\/>L\u00edquido<\/td><\/tr><tr><td><strong><a href=\"https:\/\/oenobrands.com\/product\/enzyme\/rapidase\/revelation-aroma\/\"><mark style=\"background-color:rgba(0, 0, 0, 0)\" class=\"has-inline-color has-luminous-vivid-orange-color\">REVELATION AROMA<\/mark><\/a><\/strong><\/td><td class=\"has-text-align-center\" data-align=\"center\">Revelaci\u00f3n r\u00e1pida y completa de aromas varietales, incluyendo liberaci\u00f3n de compuestos de humo antes de su eliminaci\u00f3n<\/td><td class=\"has-text-align-center\" data-align=\"center\">Hidr\u00f3lisis de compuestos glucosilados<\/td><td class=\"has-text-align-center\" data-align=\"center\">Granulado<\/td><\/tr><\/tbody><tfoot><tr><td><strong>RAPIDASE \u00ae<\/strong><\/td><td class=\"has-text-align-center\" data-align=\"center\"><strong>APPLICATION<\/strong><\/td><td class=\"has-text-align-center\" data-align=\"center\"><strong>EFECTO<\/strong><\/td><td class=\"has-text-align-center\" data-align=\"center\"><strong>FORMATO<\/strong><\/td><\/tr><\/tfoot><\/table><\/figure>\n\n<div style=\"height:30px\" aria-hidden=\"true\" class=\"wp-block-spacer\"><\/div>\n\n<hr class=\"wp-block-separator has-text-color has-alpha-channel-opacity has-background is-style-wide\" style=\"background-color:#8a918e;color:#8a918e\"\/>\n\n<h3 class=\"wp-block-heading\"><strong>Explore, pruebe y transforme sus vinos:<\/strong><\/h3>\n\n<p>En Oenobrands, facilitamos la evaluaci\u00f3n del rendimiento de las enzimas Rapidase en sus vinos.<\/p>\n\n<div class=\"wp-block-buttons is-content-justification-center is-layout-flex wp-container-core-buttons-is-layout-16018d1d wp-block-buttons-is-layout-flex\">\n<div class=\"wp-block-button is-style-fill\"><a class=\"wp-block-button__link wp-element-button\" href=\"https:\/\/oenobrands.com\/rapidase-enzymes-kits\/\" target=\"_blank\" rel=\"noreferrer noopener\">Kits Rapidase<\/a><\/div>\n<\/div>\n\n<p><\/p>\n\n<div style=\"height:70px\" aria-hidden=\"true\" class=\"wp-block-spacer\"><\/div>\n\n<hr class=\"wp-block-separator has-text-color has-black-color has-alpha-channel-opacity has-black-background-color has-background\"\/>\n\n<div class=\"wp-block-columns is-layout-flex wp-container-core-columns-is-layout-9d6595d7 wp-block-columns-is-layout-flex\">\n<div class=\"wp-block-column is-vertically-aligned-center is-layout-flow wp-block-column-is-layout-flow\" style=\"flex-basis:30%\">\n<h1 class=\"wp-block-heading has-text-color\" style=\"color:#545859\">Descubre la gama RAPIDASE<\/h1>\n\n\n\n<div style=\"height:20px\" aria-hidden=\"true\" class=\"wp-block-spacer\"><\/div>\n\n\n\n<div class=\"wp-block-buttons is-content-justification-left is-layout-flex wp-container-core-buttons-is-layout-fdcfc74e wp-block-buttons-is-layout-flex\">\n<div class=\"wp-block-button\"><a class=\"wp-block-button__link has-background wp-element-button\" href=\"https:\/\/oenobrands.com\/product\/enzyme\/rapidase\/\" style=\"background-color:#545859\">RAPIDASE<\/a><\/div>\n<\/div>\n<\/div>\n\n\n\n<div class=\"wp-block-column is-layout-flow wp-block-column-is-layout-flow\" style=\"flex-basis:10%\"><\/div>\n\n\n\n<div class=\"wp-block-column is-layout-flow wp-block-column-is-layout-flow\"><div class=\"wp-block-image\">\n<figure class=\"aligncenter size-full\"><img decoding=\"async\" src=\"http:\/\/oenobrands.com\/wp-content\/uploads\/2023\/05\/OENOBRANDS-Rapidase-bandeau.png\" alt=\"OENOBRANDS-Rapidase-bandeau\" class=\"wp-image-4529\"\/><\/figure>\n<\/div><\/div>\n<\/div>\n\n<div style=\"height:50px\" aria-hidden=\"true\" class=\"wp-block-spacer\"><\/div>\n","protected":false},"excerpt":{"rendered":"<p>\u00bfC\u00f3mo elegir dentro de nuestro portafolio? Elegir la enzima Rapidase adecuada requiere considerar dos [&hellip;]<\/p>\n","protected":false},"author":3,"featured_media":0,"parent":16304,"menu_order":0,"comment_status":"closed","ping_status":"closed","template":"","meta":{"_acf_changed":false,"_seopress_robots_primary_cat":"0","_seopress_titles_title":"","_seopress_titles_desc":"","_seopress_robots_index":"","footnotes":""},"class_list":["post-16308","page","type-page","status-publish"],"acf":[],"_links":{"self":[{"href":"https:\/\/oenobrands.com\/es\/wp-json\/wp\/v2\/pages\/16308","targetHints":{"allow":["GET"]}}],"collection":[{"href":"https:\/\/oenobrands.com\/es\/wp-json\/wp\/v2\/pages"}],"about":[{"href":"https:\/\/oenobrands.com\/es\/wp-json\/wp\/v2\/types\/page"}],"author":[{"embeddable":true,"href":"https:\/\/oenobrands.com\/es\/wp-json\/wp\/v2\/users\/3"}],"replies":[{"embeddable":true,"href":"https:\/\/oenobrands.com\/es\/wp-json\/wp\/v2\/comments?post=16308"}],"version-history":[{"count":0,"href":"https:\/\/oenobrands.com\/es\/wp-json\/wp\/v2\/pages\/16308\/revisions"}],"up":[{"embeddable":true,"href":"https:\/\/oenobrands.com\/es\/wp-json\/wp\/v2\/pages\/16304"}],"wp:attachment":[{"href":"https:\/\/oenobrands.com\/es\/wp-json\/wp\/v2\/media?parent=16308"}],"curies":[{"name":"wp","href":"https:\/\/api.w.org\/{rel}","templated":true}]}}