{"id":16296,"date":"2022-10-20T10:40:05","date_gmt":"2022-10-20T08:40:05","guid":{"rendered":"https:\/\/oenobrands.com\/investigacion-cientifica\/socios-cientificos\/"},"modified":"2025-10-20T16:24:48","modified_gmt":"2025-10-20T14:24:48","slug":"socios-cientificos","status":"publish","type":"page","link":"https:\/\/oenobrands.com\/es\/investigacion-cientifica\/socios-cientificos\/","title":{"rendered":"Socios cient\u00edficos"},"content":{"rendered":"\n<div style=\"height:70px\" aria-hidden=\"true\" class=\"wp-block-spacer\"><\/div>\n\n<p>En Oenobrands, creemos firmemente que la colaboraci\u00f3n es clave para el \u00e9xito. Por ello, trabajamos en alianza con los principales institutos de investigaci\u00f3n, universidades y socios t\u00e9cnicos del mundo. <br\/>Desde Europa hasta Australia y Nueva Zelanda, Norte y Sudam\u00e9rica, y Sud\u00e1frica, <strong>colaboramos con los mejores expertos para ofrecer soluciones enol\u00f3gicas efectivas, innovadoras y pr\u00e1cticas.<\/strong> <\/p>\n\n<div style=\"height:80px\" aria-hidden=\"true\" class=\"wp-block-spacer\"><\/div>\n\n<h1 class=\"wp-block-heading\"><strong>Francia ________________________________________________<\/strong><\/h1>\n\n<div style=\"height:30px\" aria-hidden=\"true\" class=\"wp-block-spacer\"><\/div>\n\n<div class=\"wp-block-columns is-layout-flex wp-container-core-columns-is-layout-9d6595d7 wp-block-columns-is-layout-flex\">\n<div class=\"wp-block-column is-vertically-aligned-center is-layout-flow wp-block-column-is-layout-flow\"><div class=\"wp-block-image\">\n<figure class=\"aligncenter size-full\"><img alt=\"\" loading=\"lazy\" decoding=\"async\" width=\"300\" height=\"79\" src=\"http:\/\/oenobrands.com\/wp-content\/uploads\/2023\/01\/Scientific-partners-france-logo-INRAE.jpg\" alt=\"\" class=\"wp-image-552\"\/><\/figure>\n<\/div><\/div>\n\n\n\n<div class=\"wp-block-column is-vertically-aligned-center is-layout-flow wp-block-column-is-layout-flow\"><div class=\"wp-block-image\">\n<figure class=\"aligncenter size-full is-resized\"><img alt=\"\" loading=\"lazy\" decoding=\"async\" width=\"1024\" height=\"453\" src=\"http:\/\/oenobrands.com\/wp-content\/uploads\/2025\/06\/scientific-partner_france_LOGO-IFV.png\" alt=\"\" class=\"wp-image-17346\" style=\"width:121px;height:auto\" srcset=\"https:\/\/oenobrands.com\/wp-content\/uploads\/2025\/06\/scientific-partner_france_LOGO-IFV.png 1024w, https:\/\/oenobrands.com\/wp-content\/uploads\/2025\/06\/scientific-partner_france_LOGO-IFV-300x133.png 300w, https:\/\/oenobrands.com\/wp-content\/uploads\/2025\/06\/scientific-partner_france_LOGO-IFV-768x340.png 768w\" sizes=\"auto, (max-width: 1024px) 100vw, 1024px\" \/><\/figure>\n<\/div><\/div>\n\n\n\n<div class=\"wp-block-column is-vertically-aligned-center is-layout-flow wp-block-column-is-layout-flow\"><div class=\"wp-block-image\">\n<figure class=\"aligncenter size-full\"><img alt=\"\" loading=\"lazy\" decoding=\"async\" width=\"300\" height=\"300\" src=\"http:\/\/oenobrands.com\/wp-content\/uploads\/2023\/01\/scientific-partner-france-LOGO-BNIC.jpg\" alt=\"\" class=\"wp-image-506\" srcset=\"https:\/\/oenobrands.com\/wp-content\/uploads\/2023\/01\/scientific-partner-france-LOGO-BNIC.jpg 300w, https:\/\/oenobrands.com\/wp-content\/uploads\/2023\/01\/scientific-partner-france-LOGO-BNIC-150x150.jpg 150w\" sizes=\"auto, (max-width: 300px) 100vw, 300px\" \/><\/figure>\n<\/div><\/div>\n\n\n\n<div class=\"wp-block-column is-vertically-aligned-center is-layout-flow wp-block-column-is-layout-flow\"><div class=\"wp-block-image\">\n<figure class=\"aligncenter size-full\"><img alt=\"\" loading=\"lazy\" decoding=\"async\" width=\"300\" height=\"225\" src=\"http:\/\/oenobrands.com\/wp-content\/uploads\/2023\/01\/scientific-partner-france-logo-IUVV-RVB.jpg\" alt=\"\" class=\"wp-image-498\"\/><\/figure>\n<\/div><\/div>\n\n\n\n<div class=\"wp-block-column is-vertically-aligned-center is-layout-flow wp-block-column-is-layout-flow\"><div class=\"wp-block-image\">\n<figure class=\"aligncenter size-full\"><img alt=\"\" loading=\"lazy\" decoding=\"async\" width=\"300\" height=\"182\" src=\"http:\/\/oenobrands.com\/wp-content\/uploads\/2023\/01\/scientific-partner-france-logo-IUVV.png\" alt=\"\" class=\"wp-image-510\"\/><\/figure>\n<\/div><\/div>\n\n\n\n<div class=\"wp-block-column is-vertically-aligned-center is-layout-flow wp-block-column-is-layout-flow\"><div class=\"wp-block-image\">\n<figure class=\"aligncenter size-full\"><img alt=\"\" loading=\"lazy\" decoding=\"async\" width=\"224\" height=\"101\" src=\"http:\/\/oenobrands.com\/wp-content\/uploads\/2023\/01\/scientific-partner-france-PAM.jpg\" alt=\"\" class=\"wp-image-500\"\/><\/figure>\n<\/div><\/div>\n<\/div>\n\n<div class=\"wp-block-columns is-layout-flex wp-container-core-columns-is-layout-9d6595d7 wp-block-columns-is-layout-flex\">\n<div class=\"wp-block-column is-vertically-aligned-center is-layout-flow wp-block-column-is-layout-flow\"><div class=\"wp-block-image\">\n<figure class=\"aligncenter size-full is-resized\"><img alt=\"\" loading=\"lazy\" decoding=\"async\" width=\"300\" height=\"304\" src=\"http:\/\/oenobrands.com\/wp-content\/uploads\/2023\/01\/scientific-partner-france-LOGO-CNRS.png\" alt=\"\" class=\"wp-image-494\" style=\"width:94px;height:auto\" srcset=\"https:\/\/oenobrands.com\/wp-content\/uploads\/2023\/01\/scientific-partner-france-LOGO-CNRS.png 300w, https:\/\/oenobrands.com\/wp-content\/uploads\/2023\/01\/scientific-partner-france-LOGO-CNRS-296x300.png 296w\" sizes=\"auto, (max-width: 300px) 100vw, 300px\" \/><\/figure>\n<\/div><\/div>\n\n\n\n<div class=\"wp-block-column is-vertically-aligned-center is-layout-flow wp-block-column-is-layout-flow\"><div class=\"wp-block-image\">\n<figure class=\"aligncenter size-full is-resized\"><img alt=\"\" loading=\"lazy\" decoding=\"async\" width=\"200\" height=\"200\" src=\"http:\/\/oenobrands.com\/wp-content\/uploads\/2023\/01\/scientific-partner-france-LOGO-UM-CNRS.png\" alt=\"\" class=\"wp-image-512\" style=\"width:99px;height:auto\" srcset=\"https:\/\/oenobrands.com\/wp-content\/uploads\/2023\/01\/scientific-partner-france-LOGO-UM-CNRS.png 200w, https:\/\/oenobrands.com\/wp-content\/uploads\/2023\/01\/scientific-partner-france-LOGO-UM-CNRS-150x150.png 150w\" sizes=\"auto, (max-width: 200px) 100vw, 200px\" \/><\/figure>\n<\/div><\/div>\n\n\n\n<div class=\"wp-block-column is-vertically-aligned-center is-layout-flow wp-block-column-is-layout-flow\"><div class=\"wp-block-image\">\n<figure class=\"aligncenter size-full\"><img alt=\"\" loading=\"lazy\" decoding=\"async\" width=\"300\" height=\"179\" src=\"http:\/\/oenobrands.com\/wp-content\/uploads\/2023\/01\/scientific-partner-france-LOGO-UM-INRA.png\" alt=\"\" class=\"wp-image-528\"\/><\/figure>\n<\/div><\/div>\n\n\n\n<div class=\"wp-block-column is-vertically-aligned-center is-layout-flow wp-block-column-is-layout-flow\"><div class=\"wp-block-image\">\n<figure class=\"aligncenter size-full\"><img alt=\"\" loading=\"lazy\" decoding=\"async\" width=\"300\" height=\"133\" src=\"http:\/\/oenobrands.com\/wp-content\/uploads\/2023\/01\/scientific-partner-France-logo-INRA-CSGA.png\" alt=\"\" class=\"wp-image-508\"\/><\/figure>\n<\/div><\/div>\n\n\n\n<div class=\"wp-block-column is-vertically-aligned-center is-layout-flow wp-block-column-is-layout-flow\"><div class=\"wp-block-image\">\n<figure class=\"aligncenter size-full is-resized\"><img alt=\"\" loading=\"lazy\" decoding=\"async\" width=\"300\" height=\"225\" src=\"http:\/\/oenobrands.com\/wp-content\/uploads\/2023\/01\/Scientific-partners-france-CRVI-CORSE.jpg\" alt=\"\" class=\"wp-image-536\" style=\"width:113px;height:auto\"\/><\/figure>\n<\/div><\/div>\n\n\n\n<div class=\"wp-block-column is-vertically-aligned-center is-layout-flow wp-block-column-is-layout-flow\"><div class=\"wp-block-image\">\n<figure class=\"aligncenter size-full is-resized\"><img alt=\"\" loading=\"lazy\" decoding=\"async\" width=\"300\" height=\"472\" src=\"http:\/\/oenobrands.com\/wp-content\/uploads\/2023\/01\/Scientific-partners-france-logo-IBMM-CNRS.jpg\" alt=\"\" class=\"wp-image-538\" style=\"width:89px;height:auto\" srcset=\"https:\/\/oenobrands.com\/wp-content\/uploads\/2023\/01\/Scientific-partners-france-logo-IBMM-CNRS.jpg 300w, https:\/\/oenobrands.com\/wp-content\/uploads\/2023\/01\/Scientific-partners-france-logo-IBMM-CNRS-191x300.jpg 191w\" sizes=\"auto, (max-width: 300px) 100vw, 300px\" \/><\/figure>\n<\/div><\/div>\n<\/div>\n\n<div style=\"height:80px\" aria-hidden=\"true\" class=\"wp-block-spacer\"><\/div>\n\n<h1 class=\"wp-block-heading\"><strong>Sud\u00e1frica _________________________________________<\/strong><\/h1>\n\n<div style=\"height:30px\" aria-hidden=\"true\" class=\"wp-block-spacer\"><\/div>\n\n<div class=\"wp-block-columns is-layout-flex wp-container-core-columns-is-layout-9d6595d7 wp-block-columns-is-layout-flex\">\n<div class=\"wp-block-column is-vertically-aligned-center is-layout-flow wp-block-column-is-layout-flow\"><div class=\"wp-block-image\">\n<figure class=\"aligncenter size-full\"><a href=\"http:\/\/www.sun.ac.za\/english\"><img alt=\"\" loading=\"lazy\" decoding=\"async\" width=\"300\" height=\"99\" src=\"http:\/\/oenobrands.com\/wp-content\/uploads\/2023\/01\/scientific-partner-south-africa-Uni-Stellebosch-logo.jpg\" alt=\"\" class=\"wp-image-522\"\/><\/a><\/figure>\n<\/div><\/div>\n\n\n\n<div class=\"wp-block-column is-vertically-aligned-center is-layout-flow wp-block-column-is-layout-flow\"><div class=\"wp-block-image\">\n<figure class=\"aligncenter size-full\"><a href=\"https:\/\/www.sun.ac.za\/english\/faculty\/agri\/wine-biotech\"><img alt=\"\" loading=\"lazy\" decoding=\"async\" width=\"300\" height=\"99\" src=\"http:\/\/oenobrands.com\/wp-content\/uploads\/2023\/01\/Scientific-partners-south-africa-IWBT-logo-Eng-teks.jpg\" alt=\"\" class=\"wp-image-558\"\/><\/a><\/figure>\n<\/div><\/div>\n\n\n\n<div class=\"wp-block-column is-vertically-aligned-center is-layout-flow wp-block-column-is-layout-flow\"><div class=\"wp-block-image\">\n<figure class=\"aligncenter size-full is-resized\"><a href=\"https:\/\/www.arc.agric.za\/Pages\/Home.aspx\"><img alt=\"\" loading=\"lazy\" decoding=\"async\" width=\"300\" height=\"195\" src=\"http:\/\/oenobrands.com\/wp-content\/uploads\/2023\/01\/Scientific-partners-south-africa-ARC.jpg\" alt=\"\" class=\"wp-image-556\" style=\"width:112px;height:auto\"\/><\/a><\/figure>\n<\/div><\/div>\n\n\n\n<div class=\"wp-block-column is-layout-flow wp-block-column-is-layout-flow\"><\/div>\n<\/div>\n\n<div style=\"height:80px\" aria-hidden=\"true\" class=\"wp-block-spacer\"><\/div>\n\n<h1 class=\"wp-block-heading\"><strong>Italia <\/strong>__________________________________________________<\/h1>\n\n<div style=\"height:30px\" aria-hidden=\"true\" class=\"wp-block-spacer\"><\/div>\n\n<div class=\"wp-block-columns is-layout-flex wp-container-core-columns-is-layout-9d6595d7 wp-block-columns-is-layout-flex\">\n<div class=\"wp-block-column is-vertically-aligned-center is-layout-flow wp-block-column-is-layout-flow\"><div class=\"wp-block-image\">\n<figure class=\"aligncenter size-full\"><a href=\"https:\/\/fmach.it\/\"><img alt=\"\" loading=\"lazy\" decoding=\"async\" width=\"243\" height=\"85\" src=\"http:\/\/oenobrands.com\/wp-content\/uploads\/2023\/01\/scientific-partner-italy-san-michele-all-adige-edmund-machlogo.png\" alt=\"\" class=\"wp-image-518\"\/><\/a><\/figure>\n<\/div><\/div>\n\n\n\n<div class=\"wp-block-column is-vertically-aligned-center is-layout-flow wp-block-column-is-layout-flow\"><div class=\"wp-block-image\">\n<figure class=\"aligncenter size-full\"><a href=\"https:\/\/www.crea.gov.it\/\"><img alt=\"\" loading=\"lazy\" decoding=\"async\" width=\"300\" height=\"162\" src=\"http:\/\/oenobrands.com\/wp-content\/uploads\/2023\/01\/scientific-partner-italy-logo-cREA.jpg\" alt=\"\" class=\"wp-image-514\"\/><\/a><\/figure>\n<\/div><\/div>\n\n\n\n<div class=\"wp-block-column is-vertically-aligned-center is-layout-flow wp-block-column-is-layout-flow\"><div class=\"wp-block-image\">\n<figure class=\"aligncenter size-full\"><a href=\"https:\/\/www.unitn.it\/\"><img alt=\"\" loading=\"lazy\" decoding=\"async\" width=\"240\" height=\"70\" src=\"http:\/\/oenobrands.com\/wp-content\/uploads\/2023\/01\/scientific-partner-italy-logo-unitrento-en.png\" alt=\"\" class=\"wp-image-516\"\/><\/a><\/figure>\n<\/div><\/div>\n\n\n\n<div class=\"wp-block-column is-vertically-aligned-center is-layout-flow wp-block-column-is-layout-flow\"><div class=\"wp-block-image is-style-default\">\n<figure class=\"aligncenter size-full is-resized\"><a href=\"https:\/\/www.centro3a.unitn.it\/en\"><img alt=\"\" loading=\"lazy\" decoding=\"async\" width=\"300\" height=\"116\" src=\"http:\/\/oenobrands.com\/wp-content\/uploads\/2023\/01\/scientific-partner-italy-c3a-tratto-grafico.png\" alt=\"\" class=\"wp-image-532\" style=\"aspect-ratio:1.3333333333333333;object-fit:cover;width:144px;height:auto\"\/><\/a><\/figure>\n<\/div><\/div>\n<\/div>\n\n<div style=\"height:80px\" aria-hidden=\"true\" class=\"wp-block-spacer\"><\/div>\n\n<h1 class=\"wp-block-heading\"><strong>Espa\u00f1a <\/strong>_________________________________________________<\/h1>\n\n<div style=\"height:30px\" aria-hidden=\"true\" class=\"wp-block-spacer\"><\/div>\n\n<div class=\"wp-block-columns is-layout-flex wp-container-core-columns-is-layout-9d6595d7 wp-block-columns-is-layout-flex\">\n<div class=\"wp-block-column is-vertically-aligned-center is-layout-flow wp-block-column-is-layout-flow\"><div class=\"wp-block-image\">\n<figure class=\"aligncenter size-full is-resized\"><a href=\"https:\/\/vitec.wine\/\"><img alt=\"\" loading=\"lazy\" decoding=\"async\" width=\"300\" height=\"219\" src=\"http:\/\/oenobrands.com\/wp-content\/uploads\/2023\/01\/scientific-partner-spain-logo-VITEC.jpg\" alt=\"\" class=\"wp-image-526\" style=\"width:142px;height:auto\"\/><\/a><\/figure>\n<\/div><\/div>\n\n\n\n<div class=\"wp-block-column is-vertically-aligned-center is-layout-flow wp-block-column-is-layout-flow\"><div class=\"wp-block-image\">\n<figure class=\"aligncenter size-full is-resized\"><img alt=\"\" loading=\"lazy\" decoding=\"async\" width=\"9823\" height=\"6149\" src=\"http:\/\/oenobrands.com\/wp-content\/uploads\/2024\/11\/scientific-partner_spain_logo-excell-iberica.png\" alt=\"\" class=\"wp-image-15942\" style=\"width:142px;height:auto\" srcset=\"https:\/\/oenobrands.com\/wp-content\/uploads\/2024\/11\/scientific-partner_spain_logo-excell-iberica.png 9823w, https:\/\/oenobrands.com\/wp-content\/uploads\/2024\/11\/scientific-partner_spain_logo-excell-iberica-300x188.png 300w, https:\/\/oenobrands.com\/wp-content\/uploads\/2024\/11\/scientific-partner_spain_logo-excell-iberica-1024x641.png 1024w, https:\/\/oenobrands.com\/wp-content\/uploads\/2024\/11\/scientific-partner_spain_logo-excell-iberica-768x481.png 768w, https:\/\/oenobrands.com\/wp-content\/uploads\/2024\/11\/scientific-partner_spain_logo-excell-iberica-1536x962.png 1536w, https:\/\/oenobrands.com\/wp-content\/uploads\/2024\/11\/scientific-partner_spain_logo-excell-iberica-2048x1282.png 2048w\" sizes=\"auto, (max-width: 9823px) 100vw, 9823px\" \/><\/figure>\n<\/div><\/div>\n\n\n\n<div class=\"wp-block-column is-vertically-aligned-center is-layout-flow wp-block-column-is-layout-flow\"><div class=\"wp-block-image\">\n<figure class=\"aligncenter size-full\"><a href=\"https:\/\/www.upm.es\/internacional\"><img alt=\"\" loading=\"lazy\" decoding=\"async\" width=\"300\" height=\"139\" src=\"http:\/\/oenobrands.com\/wp-content\/uploads\/2023\/01\/Scientific-partners-spain-logo-universite-de-Madrid.png\" alt=\"\" class=\"wp-image-548\"\/><\/a><\/figure>\n<\/div><\/div>\n\n\n\n<div class=\"wp-block-column is-vertically-aligned-center is-layout-flow wp-block-column-is-layout-flow\"><div class=\"wp-block-image\">\n<figure class=\"aligncenter size-full\"><a href=\"https:\/\/laae.unizar.es\/en\/\"><img alt=\"\" loading=\"lazy\" decoding=\"async\" width=\"300\" height=\"144\" src=\"http:\/\/oenobrands.com\/wp-content\/uploads\/2023\/01\/scientific-partner-spain-logo-LAAE-uni-zaragoza.jpg\" alt=\"\" class=\"wp-image-524\"\/><\/a><\/figure>\n<\/div><\/div>\n\n\n\n<div class=\"wp-block-column is-layout-flow wp-block-column-is-layout-flow\"><div class=\"wp-block-image is-style-default\">\n<figure class=\"aligncenter size-full is-resized\"><a href=\"https:\/\/www.fe.urv.cat\/en\/wines\/\"><img alt=\"\" loading=\"lazy\" decoding=\"async\" width=\"146\" height=\"131\" src=\"http:\/\/oenobrands.com\/wp-content\/uploads\/2023\/01\/scientific-partner-spain-logo-urv-nav.png\" alt=\"\" class=\"wp-image-540\" style=\"aspect-ratio:1.3333333333333333;object-fit:cover;width:118px;height:auto\"\/><\/a><\/figure>\n<\/div><\/div>\n<\/div>\n\n<div style=\"height:80px\" aria-hidden=\"true\" class=\"wp-block-spacer\"><\/div>\n\n<h1 class=\"wp-block-heading\"><strong>Australia y Nueva Zelanda <\/strong>_________________________<\/h1>\n\n<div style=\"height:30px\" aria-hidden=\"true\" class=\"wp-block-spacer\"><\/div>\n\n<div class=\"wp-block-columns is-layout-flex wp-container-core-columns-is-layout-9d6595d7 wp-block-columns-is-layout-flex\">\n<div class=\"wp-block-column is-vertically-aligned-center is-layout-flow wp-block-column-is-layout-flow\"><div class=\"wp-block-image\">\n<figure class=\"aligncenter size-full\"><a href=\"https:\/\/www.awri.com.au\/\"><img alt=\"\" loading=\"lazy\" decoding=\"async\" width=\"300\" height=\"61\" src=\"http:\/\/oenobrands.com\/wp-content\/uploads\/2023\/01\/Scientific-partners-australia-AWRI-LOCKUP-LOGO-BLUE-PRINT.jpg\" alt=\"\" class=\"wp-image-492\"\/><\/a><\/figure>\n<\/div><\/div>\n\n\n\n<div class=\"wp-block-column is-vertically-aligned-center is-layout-flow wp-block-column-is-layout-flow\"><div class=\"wp-block-image\">\n<figure class=\"aligncenter size-full\"><a href=\"https:\/\/www.csu.edu.au\/\"><img alt=\"\" loading=\"lazy\" decoding=\"async\" width=\"300\" height=\"117\" src=\"http:\/\/oenobrands.com\/wp-content\/uploads\/2023\/01\/Scientific-partners-australia-logo-charles-sturt-uni.png\" alt=\"\" class=\"wp-image-542\"\/><\/a><\/figure>\n<\/div><\/div>\n\n\n\n<div class=\"wp-block-column is-vertically-aligned-center is-layout-flow wp-block-column-is-layout-flow\"><div class=\"wp-block-image\">\n<figure class=\"aligncenter size-full is-resized\"><a href=\"https:\/\/affinitylabs.com.au\/\"><img loading=\"lazy\" decoding=\"async\" width=\"300\" height=\"42\" src=\"http:\/\/oenobrands.com\/wp-content\/uploads\/2023\/01\/Scientific-partners-south-africa-australa-AFFINITY-LABS-LOGO-BLACK.jpg\" alt=\"Scientific-partners-south-africa-australia-AFFINITY-LABS\" class=\"wp-image-562\" style=\"width:143px;height:auto\"\/><\/a><\/figure>\n<\/div><\/div>\n\n\n\n<div class=\"wp-block-column is-vertically-aligned-center is-layout-flow wp-block-column-is-layout-flow\"><div class=\"wp-block-image is-style-default\">\n<figure class=\"aligncenter size-full\"><a href=\"https:\/\/bri.co.nz\/\"><img alt=\"\" loading=\"lazy\" decoding=\"async\" width=\"300\" height=\"57\" src=\"http:\/\/oenobrands.com\/wp-content\/uploads\/2023\/01\/scientific-partner-new-zealand-BRI.jpg\" alt=\"\" class=\"wp-image-520\"\/><\/a><\/figure>\n<\/div><\/div>\n<\/div>\n\n<div style=\"height:80px\" aria-hidden=\"true\" class=\"wp-block-spacer\"><\/div>\n\n<h1 class=\"wp-block-heading\"><strong>Sudam\u00e9rica <\/strong>_______________________________________<\/h1>\n\n<div style=\"height:30px\" aria-hidden=\"true\" class=\"wp-block-spacer\"><\/div>\n\n<div class=\"wp-block-columns is-layout-flex wp-container-core-columns-is-layout-9d6595d7 wp-block-columns-is-layout-flex\">\n<div class=\"wp-block-column is-vertically-aligned-center is-layout-flow wp-block-column-is-layout-flow\"><div class=\"wp-block-image\">\n<figure class=\"aligncenter size-full is-resized\"><a href=\"https:\/\/www.argentina.gob.ar\/inta\"><img alt=\"\" loading=\"lazy\" decoding=\"async\" width=\"181\" height=\"153\" src=\"http:\/\/oenobrands.com\/wp-content\/uploads\/2023\/12\/scientific-partner-argentina-logo-inta-argentina.png\" alt=\"\" class=\"wp-image-5681\" style=\"width:134px;height:auto\"\/><\/a><\/figure>\n<\/div><\/div>\n\n\n\n<div class=\"wp-block-column is-vertically-aligned-center is-layout-flow wp-block-column-is-layout-flow\"><div class=\"wp-block-image\">\n<figure class=\"aligncenter size-full is-resized\"><a href=\"https:\/\/agronomia.uchile.cl\/postgrados\/166980\/enologia-y-vitivinicultura\"><img alt=\"\" loading=\"lazy\" decoding=\"async\" width=\"300\" height=\"292\" src=\"http:\/\/oenobrands.com\/wp-content\/uploads\/2023\/01\/Scientific-partners-chile-escudo-universidad-de-chile-color-22.png\" alt=\"\" class=\"wp-image-534\" style=\"width:145px;height:auto\"\/><\/a><\/figure>\n<\/div><\/div>\n\n\n\n<div class=\"wp-block-column is-vertically-aligned-center is-layout-flow wp-block-column-is-layout-flow\"><div class=\"wp-block-image\">\n<figure class=\"aligncenter size-full\"><a href=\"https:\/\/udelar.edu.uy\/portal\/\"><img alt=\"\" loading=\"lazy\" decoding=\"async\" width=\"246\" height=\"101\" src=\"http:\/\/oenobrands.com\/wp-content\/uploads\/2023\/01\/scientific-partner-uruguay-Universidad-de-la-Republica.png\" alt=\"\" class=\"wp-image-490\"\/><\/a><\/figure>\n<\/div><\/div>\n\n\n\n<div class=\"wp-block-column is-vertically-aligned-center is-layout-flow wp-block-column-is-layout-flow\"><div class=\"wp-block-image\">\n<figure class=\"aligncenter size-full\"><a href=\"https:\/\/enologia.fq.edu.uy\/\"><img alt=\"\" loading=\"lazy\" decoding=\"async\" width=\"300\" height=\"101\" src=\"http:\/\/oenobrands.com\/wp-content\/uploads\/2023\/01\/scientific-partner-uruguay-uni-montevideo-uruguay.png\" alt=\"\" class=\"wp-image-488\"\/><\/a><\/figure>\n<\/div><\/div>\n<\/div>\n\n<div style=\"height:80px\" aria-hidden=\"true\" class=\"wp-block-spacer\"><\/div>\n\n<h1 class=\"wp-block-heading\"><strong>Alemania <\/strong>_____________________________________________<\/h1>\n\n<div style=\"height:30px\" aria-hidden=\"true\" class=\"wp-block-spacer\"><\/div>\n\n<div class=\"wp-block-columns is-layout-flex wp-container-core-columns-is-layout-9d6595d7 wp-block-columns-is-layout-flex\">\n<div class=\"wp-block-column is-vertically-aligned-center is-layout-flow wp-block-column-is-layout-flow\"><div class=\"wp-block-image\">\n<figure class=\"aligncenter size-full\"><a href=\"https:\/\/wbi.landwirtschaft-bw.de\/,Lde\/Startseite\"><img alt=\"\" loading=\"lazy\" decoding=\"async\" width=\"300\" height=\"100\" src=\"http:\/\/oenobrands.com\/wp-content\/uploads\/2023\/01\/scientific-partner-germany-wbi-logo-web.png\" alt=\"\" class=\"wp-image-530\"\/><\/a><\/figure>\n<\/div><\/div>\n\n\n\n<div class=\"wp-block-column is-layout-flow wp-block-column-is-layout-flow\"><\/div>\n\n\n\n<div class=\"wp-block-column is-layout-flow wp-block-column-is-layout-flow\"><\/div>\n<\/div>\n\n<div style=\"height:80px\" aria-hidden=\"true\" class=\"wp-block-spacer\"><\/div>\n\n<h1 class=\"wp-block-heading\"><strong>Estados Unidos __________________________________________________<\/strong><\/h1>\n\n<div style=\"height:30px\" aria-hidden=\"true\" class=\"wp-block-spacer\"><\/div>\n\n<div class=\"wp-block-columns is-layout-flex wp-container-core-columns-is-layout-9d6595d7 wp-block-columns-is-layout-flex\">\n<div class=\"wp-block-column is-vertically-aligned-center is-layout-flow wp-block-column-is-layout-flow\"><div class=\"wp-block-image\">\n<figure class=\"aligncenter size-full\"><a href=\"https:\/\/oregonstate.edu\/\"><img alt=\"\" loading=\"lazy\" decoding=\"async\" width=\"300\" height=\"96\" src=\"http:\/\/oenobrands.com\/wp-content\/uploads\/2023\/01\/scientific-partner-usa-LOGO-UNI-OREGON.png\" alt=\"\" class=\"wp-image-550\"\/><\/a><\/figure>\n<\/div><\/div>\n\n\n\n<div class=\"wp-block-column is-layout-flow wp-block-column-is-layout-flow\"><\/div>\n\n\n\n<div class=\"wp-block-column is-layout-flow wp-block-column-is-layout-flow\"><\/div>\n<\/div>\n\n<div style=\"height:80px\" aria-hidden=\"true\" class=\"wp-block-spacer\"><\/div>\n","protected":false},"excerpt":{"rendered":"<p>En Oenobrands, creemos firmemente que la colaboraci\u00f3n es clave para el \u00e9xito. Por ello, [&hellip;]<\/p>\n","protected":false},"author":3,"featured_media":0,"parent":16294,"menu_order":1,"comment_status":"closed","ping_status":"closed","template":"","meta":{"_acf_changed":false,"_seopress_robots_primary_cat":"0","_seopress_titles_title":"","_seopress_titles_desc":"","_seopress_robots_index":"","footnotes":""},"class_list":["post-16296","page","type-page","status-publish"],"acf":[],"_links":{"self":[{"href":"https:\/\/oenobrands.com\/es\/wp-json\/wp\/v2\/pages\/16296","targetHints":{"allow":["GET"]}}],"collection":[{"href":"https:\/\/oenobrands.com\/es\/wp-json\/wp\/v2\/pages"}],"about":[{"href":"https:\/\/oenobrands.com\/es\/wp-json\/wp\/v2\/types\/page"}],"author":[{"embeddable":true,"href":"https:\/\/oenobrands.com\/es\/wp-json\/wp\/v2\/users\/3"}],"replies":[{"embeddable":true,"href":"https:\/\/oenobrands.com\/es\/wp-json\/wp\/v2\/comments?post=16296"}],"version-history":[{"count":0,"href":"https:\/\/oenobrands.com\/es\/wp-json\/wp\/v2\/pages\/16296\/revisions"}],"up":[{"embeddable":true,"href":"https:\/\/oenobrands.com\/es\/wp-json\/wp\/v2\/pages\/16294"}],"wp:attachment":[{"href":"https:\/\/oenobrands.com\/es\/wp-json\/wp\/v2\/media?parent=16296"}],"curies":[{"name":"wp","href":"https:\/\/api.w.org\/{rel}","templated":true}]}}