{"id":16215,"date":"2022-10-04T16:23:50","date_gmt":"2022-10-04T14:23:50","guid":{"rendered":"https:\/\/oenobrands.com\/solucion\/"},"modified":"2025-10-20T15:35:09","modified_gmt":"2025-10-20T13:35:09","slug":"solucion","status":"publish","type":"page","link":"https:\/\/oenobrands.com\/es\/solucion\/","title":{"rendered":"Soluci\u00f3n"},"content":{"rendered":"\n<div style=\"height:50px\" aria-hidden=\"true\" class=\"wp-block-spacer\"><\/div>\n\n<h2 class=\"wp-block-heading\">Advanced Winemaking Solutions by Oenobrands<\/h2>\n\n<div style=\"height:30px\" aria-hidden=\"true\" class=\"wp-block-spacer\"><\/div>\n\n<p>Encuentre en estas p\u00e1ginas de \u201csoluciones\u201d diferentes respuestas de Oenobrands a las preguntas enol\u00f3gicas que cualquier especialista de bodega puede tener en su d\u00eda a d\u00eda. <\/p>\n\n<div style=\"height:30px\" aria-hidden=\"true\" class=\"wp-block-spacer\"><\/div>\n\n<div class=\"wp-block-columns is-layout-flex wp-container-core-columns-is-layout-9d6595d7 wp-block-columns-is-layout-flex\">\n<div class=\"wp-block-column is-layout-flow wp-block-column-is-layout-flow\">\n<h2 class=\"wp-block-heading\">ETAPAS PRE-FERMENTATIVAS<\/h2>\n\n\n\n<ul class=\"wp-block-list\">\n<li><a href=\"https:\/\/oenobrands.com\/solution\/pre-fermentation-steps\/heat-treatment\/\">Tratamiento t\u00e9rmico de la uva<\/a><\/li>\n\n\n\n<li><a href=\"https:\/\/oenobrands.com\/solution\/pre-fermentation-steps\/clarification-settling-flotation-centrifugation\/\">Clarificaci\u00f3n del mosto<\/a><\/li>\n\n\n\n<li><a href=\"https:\/\/oenobrands.com\/solution\/pre-fermentation-steps\/skin-contact\/\">Maceraci\u00f3n pelicular<\/a><\/li>\n\n\n\n<li><a href=\"https:\/\/oenobrands.com\/solution\/pre-fermentation-steps\/pressing\/\">Prensado<\/a><\/li>\n<\/ul>\n<\/div>\n\n\n\n<div class=\"wp-block-column is-layout-flow wp-block-column-is-layout-flow\">\n<h2 class=\"wp-block-heading\">COLOR<\/h2>\n\n\n\n<ul class=\"wp-block-list\">\n<li><a href=\"https:\/\/oenobrands.com\/solution\/colour\/colour-extraction\/\">Extracci\u00f3n de color de la uva<\/a><\/li>\n\n\n\n<li><a href=\"https:\/\/oenobrands.com\/solution\/colour\/colour-stabilisation\/\">Estabilizaci\u00f3n del color del vino<\/a><\/li>\n<\/ul>\n<\/div>\n\n\n\n<div class=\"wp-block-column is-layout-flow wp-block-column-is-layout-flow\">\n<h2 class=\"wp-block-heading\">AROMA DEL VINO<\/h2>\n\n\n\n<ul class=\"wp-block-list\">\n<li><a href=\"https:\/\/oenobrands.com\/aroma-extraction-from-grapes\/\">Extracci\u00f3n de aromas de la uva<\/a><\/li>\n\n\n\n<li><a href=\"https:\/\/oenobrands.com\/key-positive-aroma-compounds\/\">Compuestos arom\u00e1ticos positivos clave<\/a><\/li>\n\n\n\n<li><a href=\"https:\/\/oenobrands.com\/solution\/wine-aroma\/aroma-modulation\/\">Modulaci\u00f3n de aromas<\/a><\/li>\n\n\n\n<li><a href=\"https:\/\/oenobrands.com\/solution\/wine-aroma\/aroma-preservation\/\">Preservaci\u00f3n del aroma<\/a><\/li>\n\n\n\n<li><a href=\"https:\/\/oenobrands.com\/solution\/wine-aroma\/aroma-protection\/\">Protecci\u00f3n de aromas<\/a><\/li>\n<\/ul>\n<\/div>\n\n\n\n<div class=\"wp-block-column is-layout-flow wp-block-column-is-layout-flow\">\n<h2 class=\"wp-block-heading\">DEFECTOS ENOL\u00d3GICOS<\/h2>\n\n\n\n<ul class=\"wp-block-list\">\n<li><a href=\"https:\/\/oenobrands.com\/solution\/oenological-default\/reduction\/\">Reduction<\/a><\/li>\n\n\n\n<li><a href=\"https:\/\/oenobrands.com\/solution\/oenological-default\/cork-taint\/\">Sabor a corcho<\/a><\/li>\n\n\n\n<li><a href=\"https:\/\/oenobrands.com\/solution\/oenological-default\/smoke-taint\/\">Contaminaci\u00f3n por humo<\/a><\/li>\n\n\n\n<li><a href=\"https:\/\/oenobrands.com\/solution\/oenological-default\/wine-oxidation\/\">Oxidaci\u00f3n del vino<\/a><\/li>\n<\/ul>\n<\/div>\n<\/div>\n\n<div class=\"wp-block-columns is-layout-flex wp-container-core-columns-is-layout-9d6595d7 wp-block-columns-is-layout-flex\">\n<div class=\"wp-block-column is-layout-flow wp-block-column-is-layout-flow\">\n<h2 class=\"wp-block-heading\">FERMENTACI\u00d3N ALCOH\u00d3LICA<\/h2>\n\n\n\n<ul class=\"wp-block-list\">\n<li><a href=\"https:\/\/oenobrands.com\/solution\/alcoholic-fermentation\/yeast-choice\/\">Elecci\u00f3n de la levadura<\/a><\/li>\n\n\n\n<li><a href=\"https:\/\/oenobrands.com\/solution\/alcoholic-fermentation\/yeast-inoculation\/\">Inoculaci\u00f3n de levaduras<\/a><\/li>\n\n\n\n<li><a href=\"https:\/\/oenobrands.com\/solution\/alcoholic-fermentation\/yeast-nutrition\/\">Nutrici\u00f3n de la levadura<\/a><\/li>\n\n\n\n<li><a href=\"https:\/\/oenobrands.com\/solution\/alcoholic-fermentation\/direct-yeast-inoculation\/\">Inoculaci\u00f3n directa<\/a><\/li>\n\n\n\n<li><a href=\"https:\/\/oenobrands.com\/solution\/alcoholic-fermentation\/fermentation-management\/\">Gesti\u00f3n de la fermentaci\u00f3n<\/a><\/li>\n<\/ul>\n<\/div>\n\n\n\n<div class=\"wp-block-column is-layout-flow wp-block-column-is-layout-flow\">\n<h2 class=\"wp-block-heading\">FERMENTACI\u00d3N MALOL\u00c1CTICA<\/h2>\n\n\n\n<ul class=\"wp-block-list\">\n<li><a href=\"https:\/\/oenobrands.com\/solution\/malolactic-fermentation\/mlf-in-practice\/\">FML en la pr\u00e1ctica<\/a><\/li>\n\n\n\n<li><a href=\"https:\/\/oenobrands.com\/solution\/malolactic-fermentation\/co-inoculation\/\">Co-inoculaci\u00f3n FML<\/a><\/li>\n\n\n\n<li><a href=\"https:\/\/oenobrands.com\/solution\/malolactic-fermentation\/sequential\/\">FML secuencial<\/a><\/li>\n<\/ul>\n<\/div>\n\n\n\n<div class=\"wp-block-column is-layout-flow wp-block-column-is-layout-flow\">\n<h2 class=\"wp-block-heading\">SENSACIONES ORGANOLEPTICAS<\/h2>\n\n\n\n<ul class=\"wp-block-list\">\n<li><a href=\"https:\/\/oenobrands.com\/solution\/organoleptic-sensations\/mouthfeel\/\">Sensaci\u00f3n en boca del vino<\/a><\/li>\n\n\n\n<li><a href=\"https:\/\/oenobrands.com\/solution\/organoleptic-sensations\/tannic-power\/\">Potencia t\u00e1nica<\/a><\/li>\n\n\n\n<li><a href=\"https:\/\/oenobrands.com\/solution\/organoleptic-sensations\/freshness\/\">Frescura en el vino<\/a><\/li>\n<\/ul>\n<\/div>\n\n\n\n<div class=\"wp-block-column is-layout-flow wp-block-column-is-layout-flow\">\n<h2 class=\"wp-block-heading\">FILTRACI\u00d3N<\/h2>\n\n\n\n<ul class=\"wp-block-list\">\n<li><a href=\"https:\/\/oenobrands.com\/solution\/filtration-2\/filtration\/\">Filtraci\u00f3n del vino<\/a><\/li>\n<\/ul>\n<\/div>\n<\/div>\n\n<div class=\"wp-block-columns is-layout-flex wp-container-core-columns-is-layout-9d6595d7 wp-block-columns-is-layout-flex\">\n<div class=\"wp-block-column is-layout-flow wp-block-column-is-layout-flow\">\n<h2 class=\"wp-block-heading\">ESTABILIZACI\u00d3N DEL VINO<\/h2>\n\n\n\n<ul class=\"wp-block-list\">\n<li><a href=\"https:\/\/oenobrands.com\/solution\/wine-stabilisation\/tartrate-stabilisation\/\">Estabilizaci\u00f3n tart\u00e1rica<\/a><\/li>\n\n\n\n<li><a href=\"https:\/\/oenobrands.com\/solution\/wine-stabilisation\/protein-stabilisation\/\">Estabilizaci\u00f3n proteica<\/a><\/li>\n<\/ul>\n<\/div>\n\n\n\n<div class=\"wp-block-column is-layout-flow wp-block-column-is-layout-flow\">\n<h2 class=\"wp-block-heading\">SIDRA<\/h2>\n\n\n\n<ul class=\"wp-block-list\">\n<li><a href=\"https:\/\/oenobrands.com\/solution\/cider-2\/cider\/\">Sidra<\/a><\/li>\n<\/ul>\n<\/div>\n\n\n\n<div class=\"wp-block-column is-layout-flow wp-block-column-is-layout-flow\"><\/div>\n\n\n\n<div class=\"wp-block-column is-layout-flow wp-block-column-is-layout-flow\"><\/div>\n<\/div>\n\n<div style=\"height:30px\" aria-hidden=\"true\" class=\"wp-block-spacer\"><\/div>\n\n<div class=\"wp-block-group\"><div class=\"wp-block-group__inner-container is-layout-constrained wp-block-group-is-layout-constrained\">\n<div class=\"wp-block-group\"><div class=\"wp-block-group__inner-container is-layout-constrained wp-block-group-is-layout-constrained\">\n<div class=\"wp-block-group\"><div class=\"wp-block-group__inner-container is-layout-constrained wp-block-group-is-layout-constrained\">\n<div class=\"wp-block-group\"><div class=\"wp-block-group__inner-container is-layout-constrained wp-block-group-is-layout-constrained\">\n<hr class=\"wp-block-separator has-text-color has-alpha-channel-opacity has-background\" style=\"background-color:#8a918e;color:#8a918e\"\/>\n<\/div><\/div>\n<\/div><\/div>\n\n\n\n<div class=\"wp-block-group\"><div class=\"wp-block-group__inner-container is-layout-constrained wp-block-group-is-layout-constrained\">\n<div class=\"wp-block-group\"><div class=\"wp-block-group__inner-container is-layout-constrained wp-block-group-is-layout-constrained\">\n<h2 class=\"wp-block-heading\"><strong>\u00bfY usted?<\/strong><\/h2>\n<\/div><\/div>\n<\/div><\/div>\n\n\n\n<div class=\"wp-block-group\"><div class=\"wp-block-group__inner-container is-layout-constrained wp-block-group-is-layout-constrained\">\n<div class=\"wp-block-group\"><div class=\"wp-block-group__inner-container is-layout-constrained wp-block-group-is-layout-constrained\">\n<p>Si desea una aclaraci\u00f3n espec\u00edfica sobre el uso de nuestros productos\u2026<\/p>\n<\/div><\/div>\n\n\n\n<div class=\"wp-block-group\"><div class=\"wp-block-group__inner-container is-layout-constrained wp-block-group-is-layout-constrained\">\n<div class=\"wp-block-group\"><div class=\"wp-block-group__inner-container is-layout-constrained wp-block-group-is-layout-constrained\">\n<div class=\"wp-block-columns is-layout-flex wp-container-core-columns-is-layout-9d6595d7 wp-block-columns-is-layout-flex\">\n<div class=\"wp-block-column is-vertically-aligned-center is-layout-flow wp-block-column-is-layout-flow\">\n<div class=\"wp-block-group wp-container-content-9cfa9a5a is-content-justification-left\"><div class=\"wp-block-group__inner-container is-layout-constrained wp-container-core-group-is-layout-8c890d92 wp-block-group-is-layout-constrained\">\n<p class=\"has-text-align-left\" style=\"font-size:0.9rem;font-style:normal;font-weight:600;letter-spacing:1px;text-transform:uppercase\">Busque su soluci\u00f3n o producto.<\/p>\n\n\n<form role=\"search\" method=\"get\" action=\"https:\/\/oenobrands.com\/es\/\" class=\"wp-block-search__button-outside wp-block-search__icon-button wp-block-search\"    ><label class=\"wp-block-search__label screen-reader-text\" for=\"wp-block-search__input-1\" >Buscar<\/label><div class=\"wp-block-search__inside-wrapper\"  style=\"width: 100%\"><input class=\"wp-block-search__input\" id=\"wp-block-search__input-1\" placeholder=\"\" value=\"\" type=\"search\" name=\"s\" required  style=\"border-width: 1px\"\/><button aria-label=\"Buscar\" class=\"wp-block-search__button has-icon wp-element-button\" type=\"submit\"  style=\"border-width: 1px\"><svg class=\"search-icon\" viewBox=\"0 0 24 24\" width=\"24\" height=\"24\">\n\t\t\t\t\t<path d=\"M13 5c-3.3 0-6 2.7-6 6 0 1.4.5 2.7 1.3 3.7l-3.8 3.8 1.1 1.1 3.8-3.8c1 .8 2.3 1.3 3.7 1.3 3.3 0 6-2.7 6-6S16.3 5 13 5zm0 10.5c-2.5 0-4.5-2-4.5-4.5s2-4.5 4.5-4.5 4.5 2 4.5 4.5-2 4.5-4.5 4.5z\"><\/path>\n\t\t\t\t<\/svg><\/button><\/div><\/form><\/div><\/div>\n<\/div>\n\n\n\n<div class=\"wp-block-column is-layout-flow wp-block-column-is-layout-flow\" style=\"flex-basis:3px\"><\/div>\n\n\n\n<div class=\"wp-block-column is-layout-flow wp-block-column-is-layout-flow\">\n<p class=\"has-text-align-center\">Cu\u00e9ntenos sobre sus dificultades, y le responderemos.<\/p>\n\n\n\n<div class=\"wp-block-buttons is-content-justification-center is-layout-flex wp-container-core-buttons-is-layout-16018d1d wp-block-buttons-is-layout-flex\">\n<div class=\"wp-block-button is-style-fill\"><a class=\"wp-block-button__link wp-element-button\" href=\"https:\/\/oenobrands.com\/contact-us\/\" target=\"_blank\" rel=\"noreferrer noopener\">Cont\u00e1ctenos<\/a><\/div>\n<\/div>\n<\/div>\n<\/div>\n<\/div><\/div>\n<\/div><\/div>\n<\/div><\/div>\n<\/div><\/div>\n<\/div><\/div>\n","protected":false},"excerpt":{"rendered":"<p>Advanced Winemaking Solutions by Oenobrands Encuentre en estas p\u00e1ginas de \u201csoluciones\u201d diferentes respuestas de [&hellip;]<\/p>\n","protected":false},"author":1,"featured_media":0,"parent":0,"menu_order":0,"comment_status":"closed","ping_status":"closed","template":"","meta":{"_acf_changed":false,"_seopress_robots_primary_cat":"0","_seopress_titles_title":"","_seopress_titles_desc":"","_seopress_robots_index":"","footnotes":""},"class_list":["post-16215","page","type-page","status-publish"],"acf":[],"_links":{"self":[{"href":"https:\/\/oenobrands.com\/es\/wp-json\/wp\/v2\/pages\/16215","targetHints":{"allow":["GET"]}}],"collection":[{"href":"https:\/\/oenobrands.com\/es\/wp-json\/wp\/v2\/pages"}],"about":[{"href":"https:\/\/oenobrands.com\/es\/wp-json\/wp\/v2\/types\/page"}],"author":[{"embeddable":true,"href":"https:\/\/oenobrands.com\/es\/wp-json\/wp\/v2\/users\/1"}],"replies":[{"embeddable":true,"href":"https:\/\/oenobrands.com\/es\/wp-json\/wp\/v2\/comments?post=16215"}],"version-history":[{"count":0,"href":"https:\/\/oenobrands.com\/es\/wp-json\/wp\/v2\/pages\/16215\/revisions"}],"wp:attachment":[{"href":"https:\/\/oenobrands.com\/es\/wp-json\/wp\/v2\/media?parent=16215"}],"curies":[{"name":"wp","href":"https:\/\/api.w.org\/{rel}","templated":true}]}}