{"id":16137,"date":"2022-10-04T16:23:38","date_gmt":"2022-10-04T14:23:38","guid":{"rendered":"https:\/\/oenobrands.com\/producto\/"},"modified":"2025-10-24T11:41:08","modified_gmt":"2025-10-24T09:41:08","slug":"producto","status":"publish","type":"page","link":"https:\/\/oenobrands.com\/es\/producto\/","title":{"rendered":"Producto"},"content":{"rendered":"\n<div style=\"height:70px\" aria-hidden=\"true\" class=\"wp-block-spacer\"><\/div>\n\n<p>Estamos especializados en la producci\u00f3n de enzimas de alto rendimiento, levaduras, derivados de levadura, manoprote\u00ednas de levadura y bacterias bajo nuestras distintas marcas.<\/p>\n\n<p><strong>A continuaci\u00f3n encontrar\u00e1s la lista. Hemos organizado nuestros productos y\/o marcas a lo largo del proceso de vinificaci\u00f3n seg\u00fan el color del vino. Ponte en contacto con nosotros si tienes alguna petici\u00f3n  <\/strong>.<\/p>\n\n<div style=\"height:50px\" aria-hidden=\"true\" class=\"wp-block-spacer\"><\/div>\n\n<div class=\"wp-block-group\"><div class=\"wp-block-group__inner-container is-layout-constrained wp-block-group-is-layout-constrained\">\n<h2 class=\"wp-block-heading\">Elaboraci\u00f3n de vino blanco y rosado<\/h2>\n\n\n\n<div class=\"wp-block-columns is-layout-flex wp-container-core-columns-is-layout-9d6595d7 wp-block-columns-is-layout-flex\">\n<div class=\"wp-block-column is-layout-flow wp-block-column-is-layout-flow\">\n<details class=\"wp-block-details is-layout-flow wp-block-details-is-layout-flow\"><summary>Adici\u00f3n sobre las uvas<\/summary>\n<div style=\"height:30px\" aria-hidden=\"true\" class=\"wp-block-spacer\"><\/div>\n\n\n\n<ul class=\"wp-block-list\">\n<li><a href=\"https:\/\/oenobrands.com\/product\/enzyme\/rapidase\/extra-press\/\">Rapidase Extra Press<\/a><\/li>\n\n\n\n<li><a href=\"https:\/\/oenobrands.com\/product\/enzyme\/rapidase\/expression-aroma\/\">Rapidase Expression Aroma<\/a><\/li>\n<\/ul>\n<\/details>\n\n\n\n<details class=\"wp-block-details is-layout-flow wp-block-details-is-layout-flow\"><summary>Para la clarificaci\u00f3n de mosto<\/summary>\n<div style=\"height:30px\" aria-hidden=\"true\" class=\"wp-block-spacer\"><\/div>\n\n\n\n<ul class=\"wp-block-list\">\n<li><a href=\"https:\/\/oenobrands.com\/product\/enzyme\/rapidase\/flotation\/\">Rapidase Flotation<\/a><\/li>\n\n\n\n<li><a href=\"https:\/\/oenobrands.com\/product\/enzyme\/rapidase\/clear-extreme\/\">Rapidase Clear Extreme<\/a><\/li>\n\n\n\n<li><a href=\"https:\/\/oenobrands.com\/product\/enzyme\/rapidase\/clear\/\">Rapidase Clear<\/a><\/li>\n<\/ul>\n<\/details>\n\n\n\n<details class=\"wp-block-details is-layout-flow wp-block-details-is-layout-flow\"><summary>Para la fermentaci\u00f3n alcoh\u00f3lica<\/summary>\n<div style=\"height:30px\" aria-hidden=\"true\" class=\"wp-block-spacer\"><\/div>\n\n\n\n<ul class=\"wp-block-list\">\n<li><a href=\"https:\/\/oenobrands.com\/product\/yeast\/anchor-yeast\/\">Levadura Anchor<\/a><\/li>\n\n\n\n<li><a href=\"https:\/\/oenobrands.com\/product\/yeast\/fermivin-yeast\/\">Fermivin yeast<\/a><\/li>\n<\/ul>\n<\/details>\n\n\n\n<details class=\"wp-block-details is-layout-flow wp-block-details-is-layout-flow\"><summary>Para potenciar el aroma durante la fermentaci\u00f3n<\/summary>\n<div style=\"height:30px\" aria-hidden=\"true\" class=\"wp-block-spacer\"><\/div>\n\n\n\n<ul class=\"wp-block-list\">\n<li><a href=\"https:\/\/oenobrands.com\/product\/yeast-derivate\/feel-safe\/natuferm-bright\/\">Natuferm Bright<\/a><\/li>\n\n\n\n<li><a href=\"https:\/\/oenobrands.com\/product\/yeast-derivate\/feel-safe\/natuferm-intense\/\">Natuferm Intense<\/a><\/li>\n<\/ul>\n<\/details>\n\n\n\n<details class=\"wp-block-details is-layout-flow wp-block-details-is-layout-flow\"><summary>Para la nutrici\u00f3n de la levadura<\/summary>\n<div style=\"height:30px\" aria-hidden=\"true\" class=\"wp-block-spacer\"><\/div>\n\n\n\n<ul class=\"wp-block-list\">\n<li><a href=\"https:\/\/oenobrands.com\/product\/yeast-derivate\/feel-safe\/maxaferm\/\">Maxaferm<\/a><\/li>\n\n\n\n<li><a href=\"https:\/\/oenobrands.com\/product\/yeast-derivate\/feel-safe\/natuferm-pure\/\">Natuferm Pure<\/a><\/li>\n\n\n\n<li><a href=\"https:\/\/oenobrands.com\/product\/yeast-derivate\/anchor-nutrients\/\">Nutrientes Anchor<\/a><\/li>\n<\/ul>\n<\/details>\n<\/div>\n\n\n\n<div class=\"wp-block-column is-layout-flow wp-block-column-is-layout-flow\" style=\"flex-basis:6px\"><\/div>\n\n\n\n<div class=\"wp-block-column is-layout-flow wp-block-column-is-layout-flow\">\n<details class=\"wp-block-details is-layout-flow wp-block-details-is-layout-flow\"><summary>Para la fermentaci\u00f3n malol\u00e1ctica<\/summary>\n<div style=\"height:30px\" aria-hidden=\"true\" class=\"wp-block-spacer\"><\/div>\n\n\n\n<ul class=\"wp-block-list\">\n<li><a href=\"https:\/\/oenobrands.com\/product\/bacteria\/anchor-bacteria\/duet-soft\/\">Anchor DUET Soft<\/a><\/li>\n\n\n\n<li><a href=\"https:\/\/oenobrands.com\/product\/bacteria\/maloferm\/plus\/\">Maloferm Plus<\/a><\/li>\n<\/ul>\n<\/details>\n\n\n\n<details class=\"wp-block-details is-layout-flow wp-block-details-is-layout-flow\"><summary>Para estabilizaciones<\/summary>\n<div style=\"height:30px\" aria-hidden=\"true\" class=\"wp-block-spacer\"><\/div>\n\n\n\n<ul class=\"wp-block-list\">\n<li><a href=\"https:\/\/oenobrands.com\/product\/enzyme\/rapidase\/proteostab\/\">Rapidase Proteostab<\/a><\/li>\n\n\n\n<li><a href=\"https:\/\/oenobrands.com\/product\/mannoprotein\/claristar\/\">Manoprote\u00ednas de levadura Claristar<\/a><\/li>\n<\/ul>\n<\/details>\n\n\n\n<details class=\"wp-block-details is-layout-flow wp-block-details-is-layout-flow\"><summary>Adici\u00f3n para la maduraci\u00f3n<\/summary>\n<div style=\"height:30px\" aria-hidden=\"true\" class=\"wp-block-spacer\"><\/div>\n\n\n\n<ul class=\"wp-block-list\">\n<li><a href=\"https:\/\/oenobrands.com\/product\/yeast-derivate\/feel-safe\/extraferm-dfend\/\">Extraferm D&#8217;fend<\/a><\/li>\n\n\n\n<li><a href=\"https:\/\/oenobrands.com\/product\/enzyme\/rapidase\/rapidase-batonnage\/\">Rapidase Batonnage<\/a><\/li>\n\n\n\n<li><a href=\"https:\/\/oenobrands.com\/product\/enzyme\/rapidase\/revelation-aroma\/\">Rapidase Revelation Aroma<\/a><\/li>\n<\/ul>\n<\/details>\n\n\n\n<details class=\"wp-block-details is-layout-flow wp-block-details-is-layout-flow\"><summary>Resoluci\u00f3n de problemas<\/summary>\n<div style=\"height:30px\" aria-hidden=\"true\" class=\"wp-block-spacer\"><\/div>\n\n\n\n<ul class=\"wp-block-list\">\n<li><a href=\"https:\/\/oenobrands.com\/product\/bacteria\/maloferm\/plus\/\">Maloferm Plus<\/a><\/li>\n\n\n\n<li><a href=\"https:\/\/oenobrands.com\/product\/enzyme\/rapidase\/rapidase-glucan-free\/\">Rapidase GlucanFree<\/a><\/li>\n\n\n\n<li><a href=\"https:\/\/oenobrands.com\/product\/yeast-derivate\/feel-safe\/extraferm-dtox\/\">Extraferm D&#8217;tox<\/a><\/li>\n\n\n\n<li><a href=\"https:\/\/oenobrands.com\/product\/yeast\/fermivin-yeast\/fermivin-champion-booster\/\">Fermivin CHAMPION BOOSTER<\/a><\/li>\n<\/ul>\n<\/details>\n\n\n\n<details class=\"wp-block-details is-layout-flow wp-block-details-is-layout-flow\"><summary>Para la fiterabilidad del vino<\/summary>\n<div style=\"height:30px\" aria-hidden=\"true\" class=\"wp-block-spacer\"><\/div>\n\n\n\n<ul class=\"wp-block-list\">\n<li><a href=\"https:\/\/oenobrands.com\/product\/enzyme\/rapidase\/rapidase-vinofast\/\">Rapidase VinoFast<\/a><\/li>\n<\/ul>\n<\/details>\n\n\n\n<details class=\"wp-block-details is-layout-flow wp-block-details-is-layout-flow\"><summary>Para afinar el vino<\/summary>\n<div style=\"height:30px\" aria-hidden=\"true\" class=\"wp-block-spacer\"><\/div>\n\n\n\n<ul class=\"wp-block-list\">\n<li><a href=\"https:\/\/oenobrands.com\/product\/mannoprotein\/final-touch\/\">Manoprote\u00ednas de levadura Final touch<\/a><\/li>\n<\/ul>\n<\/details>\n<\/div>\n<\/div>\n<\/div><\/div>\n\n<hr class=\"wp-block-separator has-alpha-channel-opacity is-style-dots\"\/>\n\n<div class=\"wp-block-group\"><div class=\"wp-block-group__inner-container is-layout-constrained wp-block-group-is-layout-constrained\">\n<h2 class=\"wp-block-heading\">Elaboraci\u00f3n del vino tinto<\/h2>\n\n\n\n<div class=\"wp-block-columns is-layout-flex wp-container-core-columns-is-layout-9d6595d7 wp-block-columns-is-layout-flex\">\n<div class=\"wp-block-column is-layout-flow wp-block-column-is-layout-flow\">\n<details class=\"wp-block-details is-layout-flow wp-block-details-is-layout-flow\"><summary>Operaciones previas a la maceraci\u00f3n<\/summary>\n<div style=\"height:30px\" aria-hidden=\"true\" class=\"wp-block-spacer\"><\/div>\n\n\n\n<ul class=\"wp-block-list\">\n<li><a href=\"https:\/\/oenobrands.com\/product\/enzyme\/rapidase\/thermoflash\/\">Rapidase Thermoflash<\/a><\/li>\n<\/ul>\n<\/details>\n\n\n\n<details class=\"wp-block-details is-layout-flow wp-block-details-is-layout-flow\"><summary>Al tanquear<\/summary>\n<div style=\"height:30px\" aria-hidden=\"true\" class=\"wp-block-spacer\"><\/div>\n\n\n\n<ul class=\"wp-block-list\">\n<li><a href=\"https:\/\/oenobrands.com\/product\/enzyme\/rapidase\/extra-color\/\">Rapidase Extra Color<\/a><\/li>\n\n\n\n<li><a href=\"https:\/\/oenobrands.com\/product\/enzyme\/rapidase\/flash-color\/\">Rapidase Fast Color<\/a><\/li>\n\n\n\n<li><a href=\"https:\/\/oenobrands.com\/product\/enzyme\/rapidase\/extra-fruit\/\">Rapidase Extra Fruit<\/a><\/li>\n<\/ul>\n<\/details>\n\n\n\n<details class=\"wp-block-details is-layout-flow wp-block-details-is-layout-flow\"><summary>Para la fermentaci\u00f3n alcoh\u00f3lica<\/summary>\n<div style=\"height:30px\" aria-hidden=\"true\" class=\"wp-block-spacer\"><\/div>\n\n\n\n<ul class=\"wp-block-list\">\n<li><a href=\"https:\/\/oenobrands.com\/product\/yeast\/anchor-yeast\/\">Levadura Anchor<\/a><\/li>\n\n\n\n<li><a href=\"https:\/\/oenobrands.com\/product\/yeast\/fermivin-yeast\/\">Fermivin yeast<\/a><\/li>\n<\/ul>\n<\/details>\n\n\n\n<details class=\"wp-block-details is-layout-flow wp-block-details-is-layout-flow\"><summary>Para potenciar el aroma durante la fermentaci\u00f3n<\/summary>\n<div style=\"height:30px\" aria-hidden=\"true\" class=\"wp-block-spacer\"><\/div>\n\n\n\n<ul class=\"wp-block-list\">\n<li><a href=\"https:\/\/oenobrands.com\/product\/yeast-derivate\/feel-safe\/natuferm-fruity\/\">Natuferm Fruity<\/a><\/li>\n\n\n\n<li><a href=\"https:\/\/oenobrands.com\/product\/yeast-derivate\/feel-safe\/natuferm-intense\/\">Natuferm Intense<\/a><\/li>\n<\/ul>\n<\/details>\n\n\n\n<details class=\"wp-block-details is-layout-flow wp-block-details-is-layout-flow\"><summary>Para la nutrici\u00f3n de la levadura<\/summary>\n<div style=\"height:30px\" aria-hidden=\"true\" class=\"wp-block-spacer\"><\/div>\n\n\n\n<ul class=\"wp-block-list\">\n<li><a href=\"https:\/\/oenobrands.com\/product\/yeast-derivate\/feel-safe\/maxaferm\/\">Maxaferm<\/a><\/li>\n\n\n\n<li><a href=\"https:\/\/oenobrands.com\/product\/yeast-derivate\/feel-safe\/natuferm-pure\/\">Natuferm Pure<\/a><\/li>\n\n\n\n<li><a href=\"https:\/\/oenobrands.com\/product\/yeast-derivate\/anchor-nutrients\/\">Nutrientes Anchor<\/a><\/li>\n<\/ul>\n<\/details>\n<\/div>\n\n\n\n<div class=\"wp-block-column is-layout-flow wp-block-column-is-layout-flow\" style=\"flex-basis:6px\"><\/div>\n\n\n\n<div class=\"wp-block-column is-layout-flow wp-block-column-is-layout-flow\">\n<details class=\"wp-block-details is-layout-flow wp-block-details-is-layout-flow\"><summary>Para la fermentaci\u00f3n malol\u00e1ctica<\/summary>\n<div style=\"height:30px\" aria-hidden=\"true\" class=\"wp-block-spacer\"><\/div>\n\n\n\n<ul class=\"wp-block-list\">\n<li><a href=\"https:\/\/oenobrands.com\/product\/bacteria\/anchor-bacteria\/\">Bacterias Anchor<\/a><\/li>\n\n\n\n<li><a href=\"https:\/\/oenobrands.com\/product\/bacteria\/maloferm\/\">Bacterias Maloferm<\/a><\/li>\n<\/ul>\n<\/details>\n\n\n\n<details class=\"wp-block-details is-layout-flow wp-block-details-is-layout-flow\"><summary>Para estabilizaciones<\/summary>\n<div style=\"height:30px\" aria-hidden=\"true\" class=\"wp-block-spacer\"><\/div>\n\n\n\n<ul class=\"wp-block-list\">\n<li><a href=\"https:\/\/oenobrands.com\/product\/enzyme\/rapidase\/proteostab\/\">Rapidase Proteostab<\/a><\/li>\n\n\n\n<li><a href=\"https:\/\/oenobrands.com\/product\/mannoprotein\/claristar\/\">Manoprote\u00ednas de levadura Claristar<\/a><\/li>\n<\/ul>\n<\/details>\n\n\n\n<details class=\"wp-block-details is-layout-flow wp-block-details-is-layout-flow\"><summary>Adici\u00f3n para la maduraci\u00f3n<\/summary>\n<div style=\"height:30px\" aria-hidden=\"true\" class=\"wp-block-spacer\"><\/div>\n\n\n\n<ul class=\"wp-block-list\">\n<li><a href=\"https:\/\/oenobrands.com\/product\/enzyme\/rapidase\/rapidase-batonnage\/\">Rapidase Batonnage<\/a><\/li>\n\n\n\n<li><a href=\"https:\/\/oenobrands.com\/product\/enzyme\/rapidase\/revelation-aroma\/\">Rapidase Revelation Aroma<\/a><\/li>\n<\/ul>\n<\/details>\n\n\n\n<details class=\"wp-block-details is-layout-flow wp-block-details-is-layout-flow\"><summary>Resoluci\u00f3n de problemas<\/summary>\n<div style=\"height:30px\" aria-hidden=\"true\" class=\"wp-block-spacer\"><\/div>\n\n\n\n<ul class=\"wp-block-list\">\n<li><a href=\"https:\/\/oenobrands.com\/product\/enzyme\/rapidase\/rapidase-glucan-free\/\">Rapidase GlucanFree<\/a><\/li>\n\n\n\n<li><a href=\"https:\/\/oenobrands.com\/product\/yeast-derivate\/feel-safe\/extraferm-dtox\/\">Extraferm D&#8217;tox<\/a><\/li>\n\n\n\n<li><a href=\"https:\/\/oenobrands.com\/product\/yeast\/fermivin-yeast\/fermivin-champion-booster\/\">Fermivin CHAMPION BOOSTER<\/a><\/li>\n\n\n\n<li><a href=\"https:\/\/oenobrands.com\/product\/bacteria\/maloferm\/plus\/\">Maloferm Plus<\/a><\/li>\n<\/ul>\n<\/details>\n\n\n\n<details class=\"wp-block-details is-layout-flow wp-block-details-is-layout-flow\"><summary>Para la fiterabilidad del vino<\/summary>\n<div style=\"height:30px\" aria-hidden=\"true\" class=\"wp-block-spacer\"><\/div>\n\n\n\n<ul class=\"wp-block-list\">\n<li><a href=\"https:\/\/oenobrands.com\/product\/enzyme\/rapidase\/rapidase-vinofast\/\">Rapidase VinoFast<\/a><\/li>\n<\/ul>\n<\/details>\n\n\n\n<details class=\"wp-block-details is-layout-flow wp-block-details-is-layout-flow\"><summary>Para afinar el vino<\/summary>\n<div style=\"height:30px\" aria-hidden=\"true\" class=\"wp-block-spacer\"><\/div>\n\n\n\n<ul class=\"wp-block-list\">\n<li><a href=\"https:\/\/oenobrands.com\/product\/mannoprotein\/final-touch\/\">Manoprote\u00ednas de levadura Final touch<\/a><\/li>\n<\/ul>\n<\/details>\n<\/div>\n<\/div>\n<\/div><\/div>\n\n<hr class=\"wp-block-separator has-alpha-channel-opacity is-style-dots\"\/>\n\n<p><strong>La siguiente lista muestra nuestros productos y\/o marcas por categor\u00eda de biotecnolog\u00eda vitivin\u00edcola.<\/strong><\/p>\n\n<div style=\"height:50px\" aria-hidden=\"true\" class=\"wp-block-spacer\"><\/div>\n","protected":false},"excerpt":{"rendered":"<p>Estamos especializados en la producci\u00f3n de enzimas de alto rendimiento, levaduras, derivados de levadura, [&hellip;]<\/p>\n","protected":false},"author":1,"featured_media":0,"parent":0,"menu_order":0,"comment_status":"closed","ping_status":"closed","template":"page-premier-products.php","meta":{"_acf_changed":false,"_seopress_robots_primary_cat":"0","_seopress_titles_title":"","_seopress_titles_desc":"","_seopress_robots_index":"","footnotes":""},"class_list":["post-16137","page","type-page","status-publish"],"acf":[],"_links":{"self":[{"href":"https:\/\/oenobrands.com\/es\/wp-json\/wp\/v2\/pages\/16137","targetHints":{"allow":["GET"]}}],"collection":[{"href":"https:\/\/oenobrands.com\/es\/wp-json\/wp\/v2\/pages"}],"about":[{"href":"https:\/\/oenobrands.com\/es\/wp-json\/wp\/v2\/types\/page"}],"author":[{"embeddable":true,"href":"https:\/\/oenobrands.com\/es\/wp-json\/wp\/v2\/users\/1"}],"replies":[{"embeddable":true,"href":"https:\/\/oenobrands.com\/es\/wp-json\/wp\/v2\/comments?post=16137"}],"version-history":[{"count":0,"href":"https:\/\/oenobrands.com\/es\/wp-json\/wp\/v2\/pages\/16137\/revisions"}],"wp:attachment":[{"href":"https:\/\/oenobrands.com\/es\/wp-json\/wp\/v2\/media?parent=16137"}],"curies":[{"name":"wp","href":"https:\/\/api.w.org\/{rel}","templated":true}]}}