{"id":16133,"date":"2022-10-04T14:07:19","date_gmt":"2022-10-04T12:07:19","guid":{"rendered":"https:\/\/oenobrands.com\/oenobrands\/"},"modified":"2025-12-10T09:13:17","modified_gmt":"2025-12-10T08:13:17","slug":"oenobrands","status":"publish","type":"page","link":"https:\/\/oenobrands.com\/es\/","title":{"rendered":"Oenobrands"},"content":{"rendered":"\n<div style=\"height:40px\" aria-hidden=\"true\" class=\"wp-block-spacer\"><\/div>\n\n<h1 class=\"wp-block-heading\">Advanced winemaking solutions<\/h1>\n\n<p><\/p>\n\n<p>Nuestras soluciones <strong>enol\u00f3gicas de base biol\u00f3gica<\/strong> incluyen <strong>enzimas, levaduras, manoprote\u00ednas, derivados de levadura y bacterias<\/strong>. Aprovechamos la creatividad de nuestro equipo para ofrecer a <strong>los en\u00f3logos<\/strong> soluciones innovadoras y cient\u00edficamente s\u00f3lidas, y poner de relieve las sinergias positivas entre nuestros productos. <\/p>\n\n<p>Nos beneficiamos de equipos y culturas provenientes de los hemisferios norte y sur.<\/p>\n\n<div style=\"height:40px\" aria-hidden=\"true\" class=\"wp-block-spacer\"><\/div>\n","protected":false},"excerpt":{"rendered":"<p>Advanced winemaking solutions Nuestras soluciones enol\u00f3gicas de base biol\u00f3gica incluyen enzimas, levaduras, manoprote\u00ednas, derivados [&hellip;]<\/p>\n","protected":false},"author":1,"featured_media":0,"parent":0,"menu_order":0,"comment_status":"closed","ping_status":"closed","template":"page-accueil.php","meta":{"_acf_changed":false,"_seopress_robots_primary_cat":"0","_seopress_titles_title":"","_seopress_titles_desc":"","_seopress_robots_index":"","footnotes":""},"class_list":["post-16133","page","type-page","status-publish"],"acf":[],"_links":{"self":[{"href":"https:\/\/oenobrands.com\/es\/wp-json\/wp\/v2\/pages\/16133","targetHints":{"allow":["GET"]}}],"collection":[{"href":"https:\/\/oenobrands.com\/es\/wp-json\/wp\/v2\/pages"}],"about":[{"href":"https:\/\/oenobrands.com\/es\/wp-json\/wp\/v2\/types\/page"}],"author":[{"embeddable":true,"href":"https:\/\/oenobrands.com\/es\/wp-json\/wp\/v2\/users\/1"}],"replies":[{"embeddable":true,"href":"https:\/\/oenobrands.com\/es\/wp-json\/wp\/v2\/comments?post=16133"}],"version-history":[{"count":0,"href":"https:\/\/oenobrands.com\/es\/wp-json\/wp\/v2\/pages\/16133\/revisions"}],"wp:attachment":[{"href":"https:\/\/oenobrands.com\/es\/wp-json\/wp\/v2\/media?parent=16133"}],"curies":[{"name":"wp","href":"https:\/\/api.w.org\/{rel}","templated":true}]}}