{"id":16102,"date":"2022-10-19T21:37:02","date_gmt":"2022-10-19T19:37:02","guid":{"rendered":"https:\/\/oenobrands.com\/sobre-nosotros\/quienes-somos\/"},"modified":"2026-04-10T11:44:37","modified_gmt":"2026-04-10T09:44:37","slug":"quienes-somos","status":"publish","type":"page","link":"https:\/\/oenobrands.com\/es\/sobre-nosotros\/quienes-somos\/","title":{"rendered":"Qui\u00e9nes somos"},"content":{"rendered":"\n<p>En Oenobrands, reunimos a un grupo diverso de cient\u00edficos, t\u00e9cnicos y entusiastas del vino, todos unidos por la pasi\u00f3n por la innovaci\u00f3n y el compromiso con la excelencia. <\/p>\n\n<p>Nuestra gente procede de todo el mundo y aporta una gran experiencia y conocimientos que utilizamos para impulsar nuestro \u00e9xito.<\/p>\n","protected":false},"excerpt":{"rendered":"<p>En Oenobrands, reunimos a un grupo diverso de cient\u00edficos, t\u00e9cnicos y entusiastas del vino, [&hellip;]<\/p>\n","protected":false},"author":3,"featured_media":0,"parent":16090,"menu_order":2,"comment_status":"closed","ping_status":"closed","template":"page-conseil-membres.php","meta":{"_acf_changed":false,"_seopress_robots_primary_cat":"","_seopress_titles_title":"","_seopress_titles_desc":"","_seopress_robots_index":"","footnotes":""},"class_list":["post-16102","page","type-page","status-publish"],"acf":[],"_links":{"self":[{"href":"https:\/\/oenobrands.com\/es\/wp-json\/wp\/v2\/pages\/16102","targetHints":{"allow":["GET"]}}],"collection":[{"href":"https:\/\/oenobrands.com\/es\/wp-json\/wp\/v2\/pages"}],"about":[{"href":"https:\/\/oenobrands.com\/es\/wp-json\/wp\/v2\/types\/page"}],"author":[{"embeddable":true,"href":"https:\/\/oenobrands.com\/es\/wp-json\/wp\/v2\/users\/3"}],"replies":[{"embeddable":true,"href":"https:\/\/oenobrands.com\/es\/wp-json\/wp\/v2\/comments?post=16102"}],"version-history":[{"count":1,"href":"https:\/\/oenobrands.com\/es\/wp-json\/wp\/v2\/pages\/16102\/revisions"}],"predecessor-version":[{"id":28653,"href":"https:\/\/oenobrands.com\/es\/wp-json\/wp\/v2\/pages\/16102\/revisions\/28653"}],"up":[{"embeddable":true,"href":"https:\/\/oenobrands.com\/es\/wp-json\/wp\/v2\/pages\/16090"}],"wp:attachment":[{"href":"https:\/\/oenobrands.com\/es\/wp-json\/wp\/v2\/media?parent=16102"}],"curies":[{"name":"wp","href":"https:\/\/api.w.org\/{rel}","templated":true}]}}