{"id":16033,"date":"2023-03-21T17:26:38","date_gmt":"2023-03-21T16:26:38","guid":{"rendered":"https:\/\/oenobrands.com\/?page_id=16033"},"modified":"2025-10-31T14:32:58","modified_gmt":"2025-10-31T13:32:58","slug":"calidad","status":"publish","type":"page","link":"https:\/\/oenobrands.com\/es\/calidad\/","title":{"rendered":"Calidad"},"content":{"rendered":"\n<div style=\"height:70px\" aria-hidden=\"true\" class=\"wp-block-spacer\"><\/div>\n\n\n\n<h2 class=\"wp-block-heading has-black-color has-text-color has-link-color has-large-font-size wp-elements-24a00e2044781527d8e6e34fd2e2d1b4\">Oenobrands: Excelencia Global, Calidad Certificada<\/h2>\n\n\n\n<div style=\"height:50px\" aria-hidden=\"true\" class=\"wp-block-spacer\"><\/div>\n\n\n\n<p>Nuestra red global de instalaciones de producci\u00f3n y centros log\u00edsticos comparte nuestro compromiso con la calidad.<\/p>\n\n\n\n<p>En Oenobrands, valoramos <strong>los procedimientos de control de calidad rigurosos,<\/strong> y nuestras certificaciones reflejan nuestro compromiso de ofrecer productos y servicios de alta calidad.<\/p>\n\n\n\n<div style=\"height:30px\" aria-hidden=\"true\" class=\"wp-block-spacer\"><\/div>\n\n\n\n<h2 class=\"wp-block-heading has-large-font-size\">A continuaci\u00f3n, una visi\u00f3n general de nuestros sitios de producci\u00f3n y centros log\u00edsticos:<\/h2>\n\n\n\n<div style=\"height:30px\" aria-hidden=\"true\" class=\"wp-block-spacer\"><\/div>\n\n\n\n<div class=\"wp-block-columns is-layout-flex wp-container-core-columns-is-layout-9d6595d7 wp-block-columns-is-layout-flex\">\n<div class=\"wp-block-column is-layout-flow wp-block-column-is-layout-flow\" style=\"flex-basis:5px\"><\/div>\n\n\n\n<div class=\"wp-block-column is-layout-flow wp-block-column-is-layout-flow\">\n<h3 class=\"wp-block-heading\">\u2794<strong> Centro Log\u00edstico<\/strong><\/h3>\n\n\n\n<ul class=\"wp-block-list\">\n<li>Sitio en Francia<\/li>\n\n\n\n<li>Certificaciones: ISO 9001:2015 (STEF Log\u00edstica y Almac\u00e9n), ISO 9001:2015 (STEF Transporte), IFS (STEF Transporte)<\/li>\n<\/ul>\n\n\n\n<div style=\"height:19px\" aria-hidden=\"true\" class=\"wp-block-spacer\"><\/div>\n\n\n\n<h3 class=\"wp-block-heading\">\u2794 <strong>Marca<\/strong>: <strong>RAPIDASE<\/strong><\/h3>\n\n\n\n<ul class=\"wp-block-list\">\n<li>Sitio en Francia<\/li>\n\n\n\n<li>Certificaci\u00f3n: FSSC 22000<\/li>\n<\/ul>\n\n\n\n<div style=\"height:20px\" aria-hidden=\"true\" class=\"wp-block-spacer\"><\/div>\n\n\n\n<h3 class=\"wp-block-heading\">\u2794 <strong>Marcas : FERMIVIN, CLARISTAR, FINAL TOUCH, EXTRAFERM D\u2019TOX<\/strong><\/h3>\n\n\n\n<ul class=\"wp-block-list\">\n<li>Sitio en Dinamarca<\/li>\n\n\n\n<li>Certificaciones: ISO 9001:2015; BRC \/ IFS<\/li>\n<\/ul>\n<\/div>\n\n\n\n<div class=\"wp-block-column is-layout-flow wp-block-column-is-layout-flow\" style=\"flex-basis:5px\"><\/div>\n\n\n\n<div class=\"wp-block-column is-layout-flow wp-block-column-is-layout-flow\">\n<h3 class=\"wp-block-heading\">\u2794 <strong>Marca: Anchor Wine Yeast<\/strong><\/h3>\n\n\n\n<ul class=\"wp-block-list\">\n<li>Sitio en Polonia<\/li>\n\n\n\n<li>Certificaciones: IFS<\/li>\n<\/ul>\n\n\n\n<div style=\"height:15px\" aria-hidden=\"true\" class=\"wp-block-spacer\"><\/div>\n\n\n\n<div style=\"height:11px\" aria-hidden=\"true\" class=\"wp-block-spacer\"><\/div>\n\n\n\n<div style=\"height:1px\" aria-hidden=\"true\" class=\"wp-block-spacer\"><\/div>\n\n\n\n<h3 class=\"wp-block-heading\">\u2794 <strong>Marcas: Anchor Bacteria y MALOFERM<\/strong><\/h3>\n\n\n\n<ul class=\"wp-block-list\">\n<li>Sitio en Francia<\/li>\n\n\n\n<li>Certificaciones: ISO 9001:2015; FSSC 22000<\/li>\n<\/ul>\n\n\n\n<div style=\"height:9px\" aria-hidden=\"true\" class=\"wp-block-spacer\"><\/div>\n\n\n\n<h3 class=\"wp-block-heading\">\u2794 <strong>Marcas: MAXAFERM, NATUFERM RANGE, EXTRAFERM D\u2019FEND<\/strong><\/h3>\n\n\n\n<ul class=\"wp-block-list\">\n<li>Sitio en Estonia<\/li>\n\n\n\n<li>Certificaciones: ISO 9001:2015; BRC<\/li>\n<\/ul>\n<\/div>\n\n\n\n<div class=\"wp-block-column is-layout-flow wp-block-column-is-layout-flow\" style=\"flex-basis:5px\"><\/div>\n<\/div>\n\n\n\n<div class=\"wp-block-columns are-vertically-aligned-center is-layout-flex wp-container-core-columns-is-layout-9d6595d7 wp-block-columns-is-layout-flex\">\n<div class=\"wp-block-column is-vertically-aligned-center is-layout-flow wp-block-column-is-layout-flow\"><div class=\"wp-block-image\">\n<figure class=\"aligncenter size-thumbnail\"><img loading=\"lazy\" decoding=\"async\" width=\"150\" height=\"150\" src=\"https:\/\/oenobrands.com\/wp-content\/uploads\/2024\/07\/brc-food-certificated-logo-vector-150x150.png\" alt=\"quality-BRC-certification-logo\" class=\"wp-image-10079\" style=\"object-fit:cover\"\/><\/figure>\n<\/div><\/div>\n\n\n\n<div class=\"wp-block-column is-vertically-aligned-center is-layout-flow wp-block-column-is-layout-flow\"><div class=\"wp-block-image\">\n<figure class=\"aligncenter size-thumbnail\"><img loading=\"lazy\" decoding=\"async\" width=\"150\" height=\"150\" src=\"https:\/\/oenobrands.com\/wp-content\/uploads\/2024\/07\/quality-ISO-9001-certification-logo-150x150.png\" alt=\"quality-ISO9001-certification-logo\" class=\"wp-image-10085\" style=\"object-fit:cover\" srcset=\"https:\/\/oenobrands.com\/wp-content\/uploads\/2024\/07\/quality-ISO-9001-certification-logo-150x150.png 150w, https:\/\/oenobrands.com\/wp-content\/uploads\/2024\/07\/quality-ISO-9001-certification-logo.png 195w\" sizes=\"auto, (max-width: 150px) 100vw, 150px\" \/><\/figure>\n<\/div><\/div>\n\n\n\n<div class=\"wp-block-column is-vertically-aligned-center is-layout-flow wp-block-column-is-layout-flow\"><div class=\"wp-block-image\">\n<figure class=\"aligncenter size-full\"><img alt=\"\" loading=\"lazy\" decoding=\"async\" width=\"150\" height=\"86\" src=\"http:\/\/oenobrands.com\/wp-content\/uploads\/2024\/07\/quality-IFS-certification-logo-3.png\" alt=\"\" class=\"wp-image-10103\" style=\"object-fit:cover\"\/><\/figure>\n<\/div><\/div>\n\n\n\n<div class=\"wp-block-column is-vertically-aligned-center is-layout-flow wp-block-column-is-layout-flow\"><div class=\"wp-block-image\">\n<figure class=\"aligncenter size-thumbnail\"><img loading=\"lazy\" decoding=\"async\" width=\"150\" height=\"150\" src=\"https:\/\/oenobrands.com\/wp-content\/uploads\/2024\/07\/quality-FSSC22000-certification-logo-150x150.png\" alt=\"quality-FSSC22000-certification-logo\" class=\"wp-image-10081\" style=\"object-fit:cover\"\/><\/figure>\n<\/div><\/div>\n<\/div>\n\n\n\n<div style=\"height:50px\" aria-hidden=\"true\" class=\"wp-block-spacer\"><\/div>\n\n\n\n<h2 class=\"wp-block-heading has-large-font-size\" style=\"text-transform:uppercase\">Documentos de Calidad<\/h2>\n\n\n\n<div style=\"height:50px\" aria-hidden=\"true\" class=\"wp-block-spacer\"><\/div>\n\n\n\n<p>Acceda a nuestras declaraciones de calidad para comprender plenamente el compromiso de Oenobrands con la calidad de los productos.<\/p>\n\n\n\n<div style=\"height:30px\" aria-hidden=\"true\" class=\"wp-block-spacer\"><\/div>\n\n\n\n<h3 class=\"wp-block-heading\"><strong>Fichas de datos de seguridad &#8211; SDS<\/strong><\/h3>\n\n\n\n<div style=\"height:30px\" aria-hidden=\"true\" class=\"wp-block-spacer\"><\/div>\n\n\n\n<div class=\"wp-block-columns is-layout-flex wp-container-core-columns-is-layout-9d6595d7 wp-block-columns-is-layout-flex\">\n<div class=\"wp-block-column is-layout-flow wp-block-column-is-layout-flow\">\n<p><a href=\"https:\/\/oenobrands.com\/wp-content\/uploads\/2025\/06\/Anchor-Yeast_MSDS-EN-2025.pdf\" target=\"_blank\" rel=\"noreferrer noopener\"><u>Levaduras Anchor<\/u><\/a><\/p>\n\n\n\n<p><u><a href=\"https:\/\/oenobrands.com\/wp-content\/uploads\/2025\/06\/Anchor-Bacteria_MSDS-EN-2025.pdf\" target=\"_blank\" rel=\"noreferrer noopener\">Bacterias Anchor<\/a><\/u><\/p>\n\n\n\n<p><u><a href=\"https:\/\/oenobrands.com\/wp-content\/uploads\/2024\/05\/Anchor-Nutrients_MSDS_Jan-2024.pdf\" target=\"_blank\" rel=\"noreferrer noopener\">Nutrientes Anchor<\/a><\/u><\/p>\n<\/div>\n\n\n\n<div class=\"wp-block-column is-layout-flow wp-block-column-is-layout-flow\">\n<p><a href=\"https:\/\/oenobrands.com\/wp-content\/uploads\/2025\/06\/OB_YEAST_FERMIVIN_MSDS-EN-Jan-2025.pdf\" target=\"_blank\" rel=\"noreferrer noopener\"><u>Fermivin levaduras<\/u><\/a> (levadura seca activa)<\/p>\n\n\n\n<p><u><a href=\"https:\/\/oenobrands.com\/wp-content\/uploads\/2025\/06\/Maloferm-Bacteria_MSDS-EN-2025.pdf\" target=\"_blank\" rel=\"noreferrer noopener\">Bacterias Maloferm<\/a><\/u><\/p>\n\n\n\n<p><u><a href=\"https:\/\/oenobrands.com\/wp-content\/uploads\/2025\/06\/OB-Mannoproteins-Claristar-Final-touch-MSDS-EN-Jan-2025.pdf\" target=\"_blank\" rel=\"noreferrer noopener\">Manoprote\u00ednas <\/a><\/u>(Claristar y Final touch)<\/p>\n\n\n\n<p><u><a href=\"https:\/\/oenobrands.com\/wp-content\/uploads\/2025\/06\/OB-Nutrients-MSDS-EN-Feb-2025.pdf\" target=\"_blank\" rel=\"noreferrer noopener\">Feel safe <\/a><\/u>&#8211; Natuferm, Maxaferm, Extraferm (nutrientes y coadyuvantes de fermentaci\u00f3n)<\/p>\n<\/div>\n\n\n\n<div class=\"wp-block-column is-layout-flow wp-block-column-is-layout-flow\">\n<p>Enzimas Rapidase:<\/p>\n\n\n\n<ul class=\"wp-block-list\">\n<li>Rapidase Batonnage <a href=\"https:\/\/oenobrands.com\/wp-content\/uploads\/2025\/06\/DSM_OB_Rapidase-Batonnage-L_MSDS_IE_EN_Jan-2024.pdf\" target=\"_blank\" rel=\"noreferrer noopener\"><u>L\u00edquido<\/u> &#8211; <u>Granulado<\/u><\/a><\/li>\n\n\n\n<li>Rapidase Clear <a href=\"https:\/\/oenobrands.com\/wp-content\/uploads\/2024\/05\/DSM_Rapidase-Clear-L_MSDS_IE_E_Dec-2023.pdf\" target=\"_blank\" rel=\"noreferrer noopener\"><u>L\u00edquido<\/u><\/a>&#8211; <u><a href=\"https:\/\/oenobrands.com\/wp-content\/uploads\/2024\/05\/DSM_Rapidase-Clear_MSDS_IE_E_Dec-2023.pdf\">Granulado<\/a><\/u><\/li>\n\n\n\n<li>Rapidase Clear Extreme <a href=\"https:\/\/oenobrands.com\/wp-content\/uploads\/2024\/05\/DSM_Rapidase-Clear-Extreme-L_MSDS_IE_E_Dec-2023.pdf\"><u>L\u00edquido<\/u> <\/a>&#8211; <u><a href=\"https:\/\/oenobrands.com\/wp-content\/uploads\/2024\/05\/DSM_Rapidase-Clear-Extreme_MSDS_IE_E_Dec-2023.pdf\" target=\"_blank\" rel=\"noreferrer noopener\">Granulado<\/a><\/u><\/li>\n\n\n\n<li><a href=\"https:\/\/oenobrands.com\/wp-content\/uploads\/2024\/05\/DSM_Rapidase-Expression-Aroma_MSDS_IE_E_Dec-2023.pdf\" target=\"_blank\" rel=\"noreferrer noopener\"><u>Rapidase Expression Aroma<\/u><\/a><\/li>\n\n\n\n<li><a href=\"https:\/\/oenobrands.com\/wp-content\/uploads\/2024\/05\/DSM_Rapidase-Extra-Color_MSDS_IE_E_Dec-2023.pdf\" target=\"_blank\" rel=\"noreferrer noopener\"><u>Rapidase Extra Color<\/u> <\/a><\/li>\n\n\n\n<li><a href=\"https:\/\/oenobrands.com\/wp-content\/uploads\/2024\/05\/DSM_Rapidase-Extra-Fruit_MSDS_IE_E_Dec-2023.pdf\" target=\"_blank\" rel=\"noreferrer noopener\"><u>Rapidase Extra Fruit<\/u> <\/a><\/li>\n\n\n\n<li><a href=\"https:\/\/oenobrands.com\/wp-content\/uploads\/2024\/05\/DSM_Rapidase-Extra-Press_MSDS_IE_E_Dec-2023.pdf\" target=\"_blank\" rel=\"noreferrer noopener\">Rapidase<u> Extra Press<\/u><\/a><\/li>\n\n\n\n<li><a href=\"https:\/\/oenobrands.com\/wp-content\/uploads\/2025\/06\/DSM_OB_Rapidase-Fast-Color-L-L_MSDS_IE_EN_Dec-2024.pdf\" target=\"_blank\" rel=\"noreferrer noopener\">Rapidase <u>Fast Color<\/u> <\/a><\/li>\n\n\n\n<li><a href=\"https:\/\/oenobrands.com\/wp-content\/uploads\/2024\/05\/DSM_Rapidase-Flotation_MSDS_IE_E_Dec-2023.pdf\" target=\"_blank\" rel=\"noreferrer noopener\">Rapidase <u>Flotation<\/u> <\/a><\/li>\n\n\n\n<li><a href=\"https:\/\/oenobrands.com\/wp-content\/uploads\/2025\/06\/DSM_OB_Rapidase-Fresh-Berry-L_MSDS_IE_EN_Jan-2025.pdf\" target=\"_blank\" rel=\"noreferrer noopener\">Rapidase Fresh Berry<\/a><\/li>\n\n\n\n<li><a href=\"https:\/\/oenobrands.com\/wp-content\/uploads\/2024\/05\/DSM_Rapidase-GlucanFree-L_MSDS_IE_E_Dec-2023.pdf\" target=\"_blank\" rel=\"noreferrer noopener\">Rapidase <u>GlucanFree<\/u><\/a><\/li>\n\n\n\n<li><a href=\"https:\/\/oenobrands.com\/wp-content\/uploads\/2025\/06\/DSM_OB_Rapidase-Proteostab_MSDS_EN_E_Sep-2024.pdf\" target=\"_blank\" rel=\"noreferrer noopener\">Rapidase <u>Proteostab<\/u><\/a><\/li>\n\n\n\n<li><a href=\"https:\/\/oenobrands.com\/wp-content\/uploads\/2024\/05\/DSM_Rapidase-Revelation-Aroma_MSDS_IE_E_Dec-2023.pdf\" target=\"_blank\" rel=\"noreferrer noopener\">Rapidase <u>Revelation aroma<\/u><\/a><\/li>\n\n\n\n<li><a href=\"https:\/\/oenobrands.com\/wp-content\/uploads\/2024\/05\/DSM_Rapidase-Thermoflash_MSDS_IE_E_Dec-2023.pdf\" target=\"_blank\" rel=\"noreferrer noopener\">Rapidase <u>Thermoflash<\/u><\/a><\/li>\n\n\n\n<li><a href=\"https:\/\/oenobrands.com\/wp-content\/uploads\/2024\/05\/DSM_Rapidase-VinoFast-L_MSDS_IE_E_Dec-2023.pdf\" target=\"_blank\" rel=\"noreferrer noopener\">Rapidase <u>VinoFast<\/u><\/a><\/li>\n<\/ul>\n<\/div>\n<\/div>\n\n\n\n<hr class=\"wp-block-separator has-text-color has-alpha-channel-opacity has-background is-style-wide\" style=\"background-color:#8a918e;color:#8a918e\"\/>\n\n\n\n<div style=\"height:30px\" aria-hidden=\"true\" class=\"wp-block-spacer\"><\/div>\n\n\n\n<h3 class=\"wp-block-heading\"><strong><strong>Declaraci\u00f3n general de producto<\/strong> <\/strong><\/h3>\n\n\n\n<p>Alergenos, no OGM, apto para el consumo humano, conforme a las normas de seguridad y defensa alimentaria, de origen microbiol\u00f3gico, y cumpliendo con la reglamentaci\u00f3n vigente.<br>El envase es apto para el contacto con alimentos. Producto considerado aditivo alimentario, de origen no animal, vegano, respetuoso con el bienestar animal, y exento de: nanotecnolog\u00eda, ionizaci\u00f3n, lodos de depuradora, antibi\u00f3ticos, dioxinas y disolventes. Libre de productos petroqu\u00edmicos, MOSH\/MOAH, metales pesados y sustancias peligrosas. Garantiza la seguridad y una manipulaci\u00f3n adecuada.<\/p>\n\n\n\n<div style=\"height:30px\" aria-hidden=\"true\" class=\"wp-block-spacer\"><\/div>\n\n\n\n<div class=\"wp-block-columns is-layout-flex wp-container-core-columns-is-layout-9d6595d7 wp-block-columns-is-layout-flex\">\n<div class=\"wp-block-column is-layout-flow wp-block-column-is-layout-flow\">\n<p><a href=\"https:\/\/oenobrands.com\/wp-content\/uploads\/2025\/06\/General-Statement_Anchor-Yeast_-Mar-2025_Int.pdf\" target=\"_blank\" rel=\"noreferrer noopener\"><u>Levaduras Anchor<\/u><\/a><\/p>\n\n\n\n<p><u><a href=\"https:\/\/oenobrands.com\/wp-content\/uploads\/2025\/06\/General-Statement_Anchor-Bacteria_-2025.pdf\" target=\"_blank\" rel=\"noreferrer noopener\">Bacterias Anchor<\/a><\/u><\/p>\n\n\n\n<p><a href=\"https:\/\/oenobrands.com\/wp-content\/uploads\/2024\/05\/Anchor-Nutrients_Product-Statement-2024.pdf\" target=\"_blank\" rel=\"noreferrer noopener\"><u>Nutrientes Anchor<\/u><\/a><\/p>\n<\/div>\n\n\n\n<div class=\"wp-block-column is-layout-flow wp-block-column-is-layout-flow\">\n<p><u><a href=\"https:\/\/oenobrands.com\/wp-content\/uploads\/2025\/06\/General-Statement_Fermivin_Active-dry-yeasts_Jan-2025.pdf\" target=\"_blank\" rel=\"noreferrer noopener\">Levaduras Fermivin<\/a><\/u><\/p>\n\n\n\n<p><a href=\"https:\/\/oenobrands.com\/wp-content\/uploads\/2025\/06\/General-Statement_Maloferm-Bacteria_Jan-2025.pdf\" target=\"_blank\" rel=\"noreferrer noopener\"><u>Bacterias Maloferm<\/u><\/a><\/p>\n<\/div>\n\n\n\n<div class=\"wp-block-column is-layout-flow wp-block-column-is-layout-flow\">\n<p><a href=\"https:\/\/oenobrands.com\/wp-content\/uploads\/2025\/06\/General-Statement_Mannoproteins_Jan-2025.pdf\" target=\"_blank\" rel=\"noreferrer noopener\"><u>Manoprote\u00ednas <\/u><\/a>(Claristar y Final touch)<\/p>\n\n\n\n<p><a href=\"https:\/\/oenobrands.com\/wp-content\/uploads\/2025\/06\/General-Statement_Yeast-derivates_-Jan-2025.pdf\" target=\"_blank\" rel=\"noreferrer noopener\"><u>Feel safe<\/u> &#8211; Natuferm, Extraferm, Maxaferm (yeast derivates)<\/a><\/p>\n<\/div>\n<\/div>\n\n\n\n<hr class=\"wp-block-separator has-text-color has-alpha-channel-opacity has-background is-style-wide\" style=\"background-color:#8a918e;color:#8a918e\"\/>\n\n\n\n<div style=\"height:30px\" aria-hidden=\"true\" class=\"wp-block-spacer\"><\/div>\n\n\n\n<p>Vea a continuaci\u00f3n otros documentos que ofrecemos para los productos de la gama Rapidase.<\/p>\n\n\n\n<h3 class=\"wp-block-heading\">\u2192 <a href=\"https:\/\/oenobrands.com\/wp-content\/uploads\/2025\/06\/DSM_OB_Rapidase-group_Non-GMO-EN-Jan-2025.pdf\" target=\"_blank\" rel=\"noreferrer noopener\"><strong><u>Declaraciones no-GM<\/u><\/strong> de las enzimas Rapidase<\/a><\/h3>\n\n\n\n<h3 class=\"wp-block-heading\">\u2192 <strong>Declaraciones de al\u00e9rgenos<\/strong><\/h3>\n\n\n\n<div class=\"wp-block-columns is-layout-flex wp-container-core-columns-is-layout-9d6595d7 wp-block-columns-is-layout-flex\">\n<div class=\"wp-block-column is-layout-flow wp-block-column-is-layout-flow\">\n<ul class=\"wp-block-list\">\n<li>Rapidase Batonnage <a href=\"https:\/\/oenobrands.com\/wp-content\/uploads\/2025\/07\/DSM_OB_Rapidase-Batonnage-L_MSDS_IE_EN_Jul-2025.pdf\" target=\"_blank\" rel=\"noreferrer noopener\"><u>L\u00edquido<\/u><\/a> &#8211; <u><a href=\"https:\/\/oenobrands.com\/wp-content\/uploads\/2024\/05\/OB_Rapidase-Batonnage_Allergen-Statement-EN-Jan-2024.pdf\" target=\"_blank\" rel=\"noreferrer noopener\">Granulado<\/a><\/u><\/li>\n\n\n\n<li>Rapidase Clear <u><a href=\"https:\/\/oenobrands.com\/wp-content\/uploads\/2024\/05\/DSM_OB_Rapidase-Clear-L_Allergen-Statement-EN-Jan-2024.pdf\" target=\"_blank\" rel=\"noreferrer noopener\">L\u00edquido<\/a><\/u> &#8211; <u><a href=\"https:\/\/oenobrands.com\/wp-content\/uploads\/2024\/05\/DSM_OB_Rapidase-Clear_Allergen-Statement-EN-Jan-2024.pdf\" target=\"_blank\" rel=\"noreferrer noopener\">Granulado<\/a><\/u><\/li>\n\n\n\n<li>Rapidase Clear Extreme <a href=\"https:\/\/oenobrands.com\/wp-content\/uploads\/2025\/06\/DSM_OB_Rapidase-Clear-Extreme-L_Allergen-Statement-EN-Apr-2025.pdf\" target=\"_blank\" rel=\"noreferrer noopener\"><u>L\u00edquido<\/u> <\/a>&#8211; <a href=\"https:\/\/oenobrands.com\/wp-content\/uploads\/2024\/05\/DSM_OB_Rapidase-Clear-Extreme_Allergen-Statement-EN-Jan-2024.pdf\" target=\"_blank\" rel=\"noreferrer noopener\"><u>Granulado<\/u><\/a><\/li>\n\n\n\n<li><a href=\"https:\/\/oenobrands.com\/wp-content\/uploads\/2024\/05\/DSM_OB_Rapidase-Expression-Aroma_Allergen-Statement-EN-Jan-2024.pdf\" target=\"_blank\" rel=\"noreferrer noopener\"><u>Rapidase Expression Aroma<\/u><\/a><\/li>\n\n\n\n<li><a href=\"https:\/\/oenobrands.com\/wp-content\/uploads\/2024\/05\/DSM_OB_Rapidase-Extra-Color_Allergen-Statement-EN-Jan-2024.pdf\" target=\"_blank\" rel=\"noreferrer noopener\"><u>Rapidase Extra Color<\/u><\/a><\/li>\n<\/ul>\n<\/div>\n\n\n\n<div class=\"wp-block-column is-layout-flow wp-block-column-is-layout-flow\">\n<div style=\"height:30px\" aria-hidden=\"true\" class=\"wp-block-spacer\"><\/div>\n\n\n\n<ul class=\"wp-block-list\">\n<li><a href=\"https:\/\/oenobrands.com\/wp-content\/uploads\/2024\/05\/DSM_OB_Rapidase-Extra-Fruit_Allergen-Statement-EN-Jan-2024.pdf\" target=\"_blank\" rel=\"noreferrer noopener\"><u>Rapidase Extra Fruit<\/u><\/a><\/li>\n\n\n\n<li><a href=\"https:\/\/oenobrands.com\/wp-content\/uploads\/2025\/06\/DSM_OB_Rapidase-Extra-Press-L_Allergen-Statement-EN-Apr-2025.pdf\" target=\"_blank\" rel=\"noreferrer noopener\">Rapidase<u> Extra Press<\/u><\/a><\/li>\n\n\n\n<li><a href=\"https:\/\/oenobrands.com\/wp-content\/uploads\/2025\/06\/DSM_OB_Rapidase-Fast-Color-L_Allergen-Statement-EN-Jan-2025.pdf\" target=\"_blank\" rel=\"noreferrer noopener\"><u>Rapidase Fast Color<\/u><\/a><\/li>\n\n\n\n<li><a href=\"https:\/\/oenobrands.com\/wp-content\/uploads\/2024\/05\/DSM_OB_Rapidase-Flotation-L_Allergen-Statement-EN-Jan-2024.pdf\" target=\"_blank\" rel=\"noreferrer noopener\"><u>Rapidase Flotation<\/u><\/a><\/li>\n\n\n\n<li><a href=\"https:\/\/oenobrands.com\/wp-content\/uploads\/2025\/06\/DSM_OB_Rapidase-Fresh-Berry-L_Allergen-Statement-EN-Jan-2025.pdf\" target=\"_blank\" rel=\"noreferrer noopener\">Rapidase Fresh Berry<\/a><\/li>\n\n\n\n<li><a href=\"https:\/\/oenobrands.com\/wp-content\/uploads\/2024\/05\/DSM_OB_Rapidase-GlucanFree-L_Allergen-Statement-EN-Jan-2024.pdf\" target=\"_blank\" rel=\"noreferrer noopener\">Rapidase <u>GlucanFree<\/u><\/a><\/li>\n<\/ul>\n<\/div>\n\n\n\n<div class=\"wp-block-column is-layout-flow wp-block-column-is-layout-flow\">\n<div style=\"height:30px\" aria-hidden=\"true\" class=\"wp-block-spacer\"><\/div>\n\n\n\n<ul class=\"wp-block-list\">\n<li><a href=\"https:\/\/oenobrands.com\/wp-content\/uploads\/2024\/05\/DSM_OB_Rapidase-Proteostab-L_Allergen-Statement-EN-Jan-2024.pdf\" target=\"_blank\" rel=\"noreferrer noopener\">Rapidase <u>Proteostab<\/u><\/a><\/li>\n\n\n\n<li><a href=\"https:\/\/oenobrands.com\/wp-content\/uploads\/2024\/05\/DSM_OB_Raspidase-Revelation-Aroma_Allergen-Statement-EN-Jan-2024.pdf\" target=\"_blank\" rel=\"noreferrer noopener\">Rapidase <u>Revelation aroma<\/u><\/a><\/li>\n\n\n\n<li><a href=\"https:\/\/oenobrands.com\/wp-content\/uploads\/2024\/05\/DSM_OB_Rapidase-Thermoflash-L_Allergen-Statement-EN-Jan-2024.pdf\" target=\"_blank\" rel=\"noreferrer noopener\">Rapidase <u>Thermoflash<\/u><\/a><\/li>\n\n\n\n<li><a href=\"https:\/\/oenobrands.com\/wp-content\/uploads\/2024\/05\/DSM_OB_Rapidase-Vinofast-L_Allergen-Statement-EN-Jan-2024.pdf\" target=\"_blank\" rel=\"noreferrer noopener\">Rapidase <u>VinoFast<\/u><\/a><\/li>\n<\/ul>\n<\/div>\n<\/div>\n\n\n\n<hr class=\"wp-block-separator aligncenter has-text-color has-black-color has-alpha-channel-opacity has-black-background-color has-background is-style-wide\"\/>\n\n\n\n<div style=\"height:30px\" aria-hidden=\"true\" class=\"wp-block-spacer\"><\/div>\n\n\n\n<h3 class=\"wp-block-heading\"><strong><strong>Cumplimiento de la normativa sobre vinificaci\u00f3n org\u00e1nica<\/strong><\/strong><\/h3>\n\n\n\n<p>Varios productos de Oenobrands est\u00e1n autorizados para su uso en la vinificaci\u00f3n org\u00e1nica, de acuerdo con el Reglamento (UE) 2018\/848 de la Uni\u00f3n Europea y el Programa Nacional Org\u00e1nico (NOP) del USDA.<\/p>\n\n\n\n<div style=\"height:30px\" aria-hidden=\"true\" class=\"wp-block-spacer\"><\/div>\n\n\n\n<div class=\"wp-block-buttons is-content-justification-center is-layout-flex wp-container-core-buttons-is-layout-16018d1d wp-block-buttons-is-layout-flex\">\n<div class=\"wp-block-button\"><a class=\"wp-block-button__link wp-element-button\" href=\"https:\/\/oenobrands.com\/wp-content\/uploads\/2025\/09\/OB-Organic-NOP-statement-EN_all_-Update-09-07-25.pdf\" target=\"_blank\" rel=\"noreferrer noopener\">Declaraci\u00f3n de Oenobrands sobre el cumplimiento de las normativas org\u00e1nicas de la UE y del NOP.<\/a><\/div>\n<\/div>\n\n\n\n<div style=\"height:30px\" aria-hidden=\"true\" class=\"wp-block-spacer\"><\/div>\n\n\n\n<ul class=\"wp-block-list\">\n<li>Nuestras levaduras, enzimas, bacterias y derivados se seleccionan rigurosamente y cumplen con estrictas normas no OGM. Para la certificaci\u00f3n org\u00e1nica de la UE, solo pueden utilizarse los aditivos y coadyuvantes de elaboraci\u00f3n enumerados en el Anexo III del Reglamento (UE) 2018\/1584. Las cepas de levaduras de Oenobrands no est\u00e1n disponibles en forma org\u00e1nica y, por lo tanto, est\u00e1n permitidas en la vinificaci\u00f3n org\u00e1nica seg\u00fan la legislaci\u00f3n vigente de la UE.<\/li>\n<\/ul>\n\n\n\n<div style=\"height:30px\" aria-hidden=\"true\" class=\"wp-block-spacer\"><\/div>\n\n\n\n<div class=\"wp-block-columns is-layout-flex wp-container-core-columns-is-layout-9d6595d7 wp-block-columns-is-layout-flex\">\n<div class=\"wp-block-column is-layout-flow wp-block-column-is-layout-flow\">\n<ul class=\"wp-block-list\">\n<li>La mayor\u00eda de nuestros productos tambi\u00e9n cumplen con los requisitos del USDA NOP, lo que los hace aptos para su uso en vinos etiquetados como \u201corg\u00e1nicos\u201d o \u201celaborados con uvas org\u00e1nicas.\u201d<\/li>\n<\/ul>\n<\/div>\n\n\n\n<div class=\"wp-block-column is-layout-flow wp-block-column-is-layout-flow\">\n<p>M\u00e1s informaci\u00f3n sobre los requisitos del NOP est\u00e1 disponible en el siguiente enlace:<\/p>\n\n\n\n<div class=\"wp-block-buttons is-content-justification-center is-layout-flex wp-container-core-buttons-is-layout-16018d1d wp-block-buttons-is-layout-flex\">\n<div class=\"wp-block-button\"><a class=\"wp-block-button__link wp-element-button\" href=\"https:\/\/www.omri.org\/\" target=\"_blank\" rel=\"noreferrer noopener\">Sitio web de OMRI<\/a><\/div>\n<\/div>\n<\/div>\n<\/div>\n\n\n\n<div style=\"height:30px\" aria-hidden=\"true\" class=\"wp-block-spacer\"><\/div>\n\n\n\n<div class=\"wp-block-columns is-layout-flex wp-container-core-columns-is-layout-9d6595d7 wp-block-columns-is-layout-flex\">\n<div class=\"wp-block-column is-layout-flow wp-block-column-is-layout-flow\">\n<p>Puede consultar la lista oficial de ECOCERT aqu\u00ed:<\/p>\n<\/div>\n\n\n\n<div class=\"wp-block-column is-layout-flow wp-block-column-is-layout-flow\">\n<div class=\"wp-block-buttons is-content-justification-left is-layout-flex wp-container-core-buttons-is-layout-fdcfc74e wp-block-buttons-is-layout-flex\">\n<div class=\"wp-block-button\"><a class=\"wp-block-button__link wp-element-button\" href=\"https:\/\/ap.ecocert.com\/intrants\/index.php?recherche_produit=&amp;recherche_fournisseur=OENOBRANDS&amp;recherche_categorie=0&amp;recherche_pays=0&amp;recherche_statut_tous=1\">ECOCERT-approved products<\/a><\/div>\n<\/div>\n<\/div>\n\n\n\n<div class=\"wp-block-column is-layout-flow wp-block-column-is-layout-flow\" style=\"flex-basis:30%\"><\/div>\n<\/div>\n\n\n\n<div style=\"height:50px\" aria-hidden=\"true\" class=\"wp-block-spacer\"><\/div>\n","protected":false},"excerpt":{"rendered":"<p>Oenobrands: Excelencia Global, Calidad Certificada Nuestra red global de instalaciones de producci\u00f3n y centros [&hellip;]<\/p>\n","protected":false},"author":3,"featured_media":0,"parent":0,"menu_order":2,"comment_status":"closed","ping_status":"closed","template":"","meta":{"_acf_changed":false,"_seopress_robots_primary_cat":"0","_seopress_titles_title":"","_seopress_titles_desc":"","_seopress_robots_index":"","footnotes":""},"class_list":["post-16033","page","type-page","status-publish"],"acf":[],"_links":{"self":[{"href":"https:\/\/oenobrands.com\/es\/wp-json\/wp\/v2\/pages\/16033","targetHints":{"allow":["GET"]}}],"collection":[{"href":"https:\/\/oenobrands.com\/es\/wp-json\/wp\/v2\/pages"}],"about":[{"href":"https:\/\/oenobrands.com\/es\/wp-json\/wp\/v2\/types\/page"}],"author":[{"embeddable":true,"href":"https:\/\/oenobrands.com\/es\/wp-json\/wp\/v2\/users\/3"}],"replies":[{"embeddable":true,"href":"https:\/\/oenobrands.com\/es\/wp-json\/wp\/v2\/comments?post=16033"}],"version-history":[{"count":0,"href":"https:\/\/oenobrands.com\/es\/wp-json\/wp\/v2\/pages\/16033\/revisions"}],"wp:attachment":[{"href":"https:\/\/oenobrands.com\/es\/wp-json\/wp\/v2\/media?parent=16033"}],"curies":[{"name":"wp","href":"https:\/\/api.w.org\/{rel}","templated":true}]}}